{"id":6114,"date":"2019-12-22T21:19:03","date_gmt":"2019-12-22T21:19:03","guid":{"rendered":"http:\/\/www.kuldigastehnikums.lv\/jaunumi\/jaunumi-2018\/lekcija-lr-dibinasana-un-neatkaribas-atjaunosana\/"},"modified":"2019-12-22T21:19:03","modified_gmt":"2019-12-22T21:19:03","slug":"lekcija-lr-dibinasana-un-neatkaribas-atjaunosana","status":"publish","type":"page","link":"https:\/\/www.kuldigastehnikums.lv\/index.php\/jaunumi\/jaunumi-arhivs\/lekcija-lr-dibinasana-un-neatkaribas-atjaunosana\/","title":{"rendered":"Lekcija &#8220;LR dibin\u0101\u0161ana un neatkar\u012bbas atjauno\u0161ana&#8221;"},"content":{"rendered":"<div id=\"eml-cke__body\" title=\"\"><span style=\"font-size: 12pt;\">16.novembr\u012b lekcijveida nodarb\u012bbas tehnikuma audz\u0113k\u0146iem par t\u0113mu &#8220;Latvijas Republikas dibin\u0101\u0161ana un neatkar\u012bbas atjauno\u0161ana&#8221; vad\u012bja Latvijas Okup\u0101cijas muzeja Izgl\u012bt\u012bbas noda\u013cas speci\u0101listi.<\/span><\/p>\n<p><span style=\"font-size: 12pt;\"> Materi\u0101lu sagatavoja skolot\u0101ja Zanda \u0160legelmilha.\u00a0<\/span><br \/>\n<span style=\"font-size: 12pt;\"> Foto: Katr\u012bna Jacenko, Zanda \u0160legelmilha.<\/span><\/div>\n<div id=\"eml-cke__signature_top\" title=\"Paraksts\">\n<div id=\"eml-cke__signature_top-wrap\" class=\"eml-cke__signature\" title=\"\">\u00a0<\/div>\n<\/div>\n<div id=\"eml-cke__signature_bottom\" title=\"Paraksts\">\u00a0<\/p>\n<div id='gallery-1' class='gallery galleryid-6114 gallery-columns-4 gallery-size-thumbnail'><figure class='gallery-item'>\n\t\t\t<div class='gallery-icon landscape'>\n\t\t\t\t<a href='https:\/\/www.kuldigastehnikums.lv\/index.php\/akcijas-pasaules-lielaka-macibu-stunda-noslegums\/79810830_1208016319384373_3957142262466478080_o\/'><img decoding=\"async\" width=\"150\" height=\"150\" src=\"https:\/\/www.kuldigastehnikums.lv\/wp-content\/uploads\/2020\/01\/79810830_1208016319384373_3957142262466478080_o-150x150.jpg\" class=\"attachment-thumbnail size-thumbnail\" alt=\"\" \/><\/a>\n\t\t\t<\/div><\/figure><figure class='gallery-item'>\n\t\t\t<div class='gallery-icon landscape'>\n\t\t\t\t<a href='https:\/\/www.kuldigastehnikums.lv\/index.php\/macibu-ekskursija-20-un-30-grupai\/77422693_1207097649476240_4074656364436127744_o\/'><img decoding=\"async\" width=\"150\" height=\"150\" src=\"https:\/\/www.kuldigastehnikums.lv\/wp-content\/uploads\/2020\/01\/77422693_1207097649476240_4074656364436127744_o-150x150.jpg\" class=\"attachment-thumbnail size-thumbnail\" alt=\"\" \/><\/a>\n\t\t\t<\/div><\/figure><figure class='gallery-item'>\n\t\t\t<div class='gallery-icon portrait'>\n\t\t\t\t<a href='https:\/\/www.kuldigastehnikums.lv\/index.php\/macibu-ekskursija-20-un-30-grupai\/78678440_1207102372809101_3638267724154535936_o\/'><img decoding=\"async\" width=\"150\" height=\"150\" src=\"https:\/\/www.kuldigastehnikums.lv\/wp-content\/uploads\/2020\/01\/78678440_1207102372809101_3638267724154535936_o-150x150.jpg\" class=\"attachment-thumbnail size-thumbnail\" alt=\"\" \/><\/a>\n\t\t\t<\/div><\/figure><figure class='gallery-item'>\n\t\t\t<div class='gallery-icon landscape'>\n\t\t\t\t<a href='https:\/\/www.kuldigastehnikums.lv\/index.php\/macibu-ekskursija-20-un-30-grupai\/79288630_1207100906142581_4279254557579542528_o\/'><img loading=\"lazy\" decoding=\"async\" width=\"150\" height=\"150\" src=\"https:\/\/www.kuldigastehnikums.lv\/wp-content\/uploads\/2020\/01\/79288630_1207100906142581_4279254557579542528_o-150x150.jpg\" class=\"attachment-thumbnail size-thumbnail\" alt=\"\" \/><\/a>\n\t\t\t<\/div><\/figure><figure class='gallery-item'>\n\t\t\t<div class='gallery-icon landscape'>\n\t\t\t\t<a href='https:\/\/www.kuldigastehnikums.lv\/index.php\/macibu-ekskursija-20-un-30-grupai\/79321206_1207099466142725_9043258906805010432_o\/'><img loading=\"lazy\" decoding=\"async\" width=\"150\" height=\"150\" src=\"https:\/\/www.kuldigastehnikums.lv\/wp-content\/uploads\/2020\/01\/79321206_1207099466142725_9043258906805010432_o-150x150.jpg\" class=\"attachment-thumbnail size-thumbnail\" alt=\"\" \/><\/a>\n\t\t\t<\/div><\/figure>\n\t\t<\/div>\n\n<\/div>\n","protected":false},"excerpt":{"rendered":"<p>16.novembr\u012b lekcijveida nodarb\u012bbas tehnikuma audz\u0113k\u0146iem par t\u0113mu &#8220;Latvijas Republikas dibin\u0101\u0161ana un neatkar\u012bbas atjauno\u0161ana&#8221; vad\u012bja Latvijas Okup\u0101cijas muzeja Izgl\u012bt\u012bbas noda\u013cas speci\u0101listi. Materi\u0101lu sagatavoja skolot\u0101ja Zanda \u0160legelmilha.\u00a0 Foto: Katr\u012bna Jacenko, Zanda \u0160legelmilha. \u00a0 \u00a0 [&#8230;]<\/p>\n<p><a class=\"btn btn-secondary understrap-read-more-link\" href=\"https:\/\/www.kuldigastehnikums.lv\/index.php\/jaunumi\/jaunumi-arhivs\/lekcija-lr-dibinasana-un-neatkaribas-atjaunosana\/\">Vair\u0101k&#8230;<\/a><\/p>\n","protected":false},"author":2,"featured_media":0,"parent":5791,"menu_order":0,"comment_status":"open","ping_status":"open","template":"","meta":{"footnotes":""},"class_list":["post-6114","page","type-page","status-publish","hentry"],"_links":{"self":[{"href":"https:\/\/www.kuldigastehnikums.lv\/index.php\/wp-json\/wp\/v2\/pages\/6114","targetHints":{"allow":["GET"]}}],"collection":[{"href":"https:\/\/www.kuldigastehnikums.lv\/index.php\/wp-json\/wp\/v2\/pages"}],"about":[{"href":"https:\/\/www.kuldigastehnikums.lv\/index.php\/wp-json\/wp\/v2\/types\/page"}],"author":[{"embeddable":true,"href":"https:\/\/www.kuldigastehnikums.lv\/index.php\/wp-json\/wp\/v2\/users\/2"}],"replies":[{"embeddable":true,"href":"https:\/\/www.kuldigastehnikums.lv\/index.php\/wp-json\/wp\/v2\/comments?post=6114"}],"version-history":[{"count":0,"href":"https:\/\/www.kuldigastehnikums.lv\/index.php\/wp-json\/wp\/v2\/pages\/6114\/revisions"}],"up":[{"embeddable":true,"href":"https:\/\/www.kuldigastehnikums.lv\/index.php\/wp-json\/wp\/v2\/pages\/5791"}],"wp:attachment":[{"href":"https:\/\/www.kuldigastehnikums.lv\/index.php\/wp-json\/wp\/v2\/media?parent=6114"}],"curies":[{"name":"wp","href":"https:\/\/api.w.org\/{rel}","templated":true}]}}