{"id":6115,"date":"2019-12-22T21:19:03","date_gmt":"2019-12-22T21:19:03","guid":{"rendered":"http:\/\/www.kuldigastehnikums.lv\/jaunumi\/jaunumi-2018\/tiksanas-ar-rakstnieku-a-jundzi\/"},"modified":"2019-12-22T21:19:03","modified_gmt":"2019-12-22T21:19:03","slug":"tiksanas-ar-rakstnieku-a-jundzi","status":"publish","type":"page","link":"https:\/\/www.kuldigastehnikums.lv\/index.php\/jaunumi\/jaunumi-arhivs\/tiksanas-ar-rakstnieku-a-jundzi\/","title":{"rendered":"Tik\u0161an\u0101s ar rakstnieku A.Jundzi"},"content":{"rendered":"<p><span style=\"font-size: 12pt;\">14.novembr\u012b 7.grupas audz\u0113k\u0146i kop\u0101 ar audzin\u0101t\u0101ju \u00a0Zandu \u0160legelmilhu \u00a0Kuld\u012bgas galvenaj\u0101 bibliot\u0113k\u0101 tik\u0101s \u00a0rakstnieku\u00a0Arno Jundzi. Sarunas galvenais temats \u2013 vi\u0146a \u0161ovasar izn\u0101ku\u0161ais rom\u0101ns &#8220;Bergs&#038;relikviju mednieki&#8221;, kas uzskat\u0101ms par pirmo \u012bsto kriptotrilleri. Ar savu interesanto st\u0101st\u012bjumu par darba\u00a0tap\u0161anas gaitu, si\u017eetu, darb\u012bbas viet\u0101m, galvenajiem varo\u0146iem autors rosin\u0101ja jaunie\u0161us izlas\u012bt \u0161o rom\u0101nu.<\/span><\/p>\n<p><span style=\"font-size: 12pt;\">Materi\u0101lu sagatavoja skolot\u0101ja Zanda \u0160legelmilha.\u00a0<\/span><br \/>\n<span style=\"font-size: 12pt;\"> Foto: Aivars V\u0113tr\u0101js, Zanda \u0160legelmilha.<\/span><\/p>\n<p>\u00a0<\/p>\n<div id='gallery-1' class='gallery galleryid-6115 gallery-columns-3 gallery-size-thumbnail'><figure class='gallery-item'>\n\t\t\t<div class='gallery-icon landscape'>\n\t\t\t\t<a href='https:\/\/www.kuldigastehnikums.lv\/index.php\/macibu-ekskursija-20-un-30-grupai\/79386357_1207099359476069_6697697023585419264_o\/'><img decoding=\"async\" width=\"150\" height=\"150\" src=\"https:\/\/www.kuldigastehnikums.lv\/wp-content\/uploads\/2020\/01\/79386357_1207099359476069_6697697023585419264_o-150x150.jpg\" class=\"attachment-thumbnail size-thumbnail\" alt=\"\" \/><\/a>\n\t\t\t<\/div><\/figure><figure class='gallery-item'>\n\t\t\t<div class='gallery-icon landscape'>\n\t\t\t\t<a href='https:\/\/www.kuldigastehnikums.lv\/index.php\/macibu-ekskursija-20-un-30-grupai\/79415719_1207099416142730_3944256583189397504_o\/'><img decoding=\"async\" width=\"150\" height=\"150\" src=\"https:\/\/www.kuldigastehnikums.lv\/wp-content\/uploads\/2020\/01\/79415719_1207099416142730_3944256583189397504_o-150x150.jpg\" class=\"attachment-thumbnail size-thumbnail\" alt=\"\" \/><\/a>\n\t\t\t<\/div><\/figure>\n\t\t<\/div>\n\n","protected":false},"excerpt":{"rendered":"<p>14.novembr\u012b 7.grupas audz\u0113k\u0146i kop\u0101 ar audzin\u0101t\u0101ju \u00a0Zandu \u0160legelmilhu \u00a0Kuld\u012bgas galvenaj\u0101 bibliot\u0113k\u0101 tik\u0101s \u00a0rakstnieku\u00a0Arno Jundzi. Sarunas galvenais temats \u2013 vi\u0146a \u0161ovasar izn\u0101ku\u0161ais rom\u0101ns &#8220;Bergs&#038;relikviju mednieki&#8221;, kas uzskat\u0101ms par pirmo \u012bsto kriptotrilleri. Ar savu interesanto st\u0101st\u012bjumu par darba\u00a0tap\u0161anas gaitu, si\u017eetu, darb\u012bbas viet\u0101m, galvenajiem varo\u0146iem autors rosin\u0101ja jaunie\u0161us izlas\u012bt \u0161o rom\u0101nu. Materi\u0101lu sagatavoja skolot\u0101ja Zanda \u0160legelmilha.\u00a0 Foto: Aivars<a class=\"moretag\" href=\"https:\/\/www.kuldigastehnikums.lv\/index.php\/jaunumi\/jaunumi-arhivs\/tiksanas-ar-rakstnieku-a-jundzi\/\"> Vair\u0101k<\/a> [&#8230;]<\/p>\n<p><a class=\"btn btn-secondary understrap-read-more-link\" href=\"https:\/\/www.kuldigastehnikums.lv\/index.php\/jaunumi\/jaunumi-arhivs\/tiksanas-ar-rakstnieku-a-jundzi\/\">Vair\u0101k&#8230;<\/a><\/p>\n","protected":false},"author":2,"featured_media":0,"parent":5791,"menu_order":0,"comment_status":"open","ping_status":"open","template":"","meta":{"footnotes":""},"class_list":["post-6115","page","type-page","status-publish","hentry"],"_links":{"self":[{"href":"https:\/\/www.kuldigastehnikums.lv\/index.php\/wp-json\/wp\/v2\/pages\/6115","targetHints":{"allow":["GET"]}}],"collection":[{"href":"https:\/\/www.kuldigastehnikums.lv\/index.php\/wp-json\/wp\/v2\/pages"}],"about":[{"href":"https:\/\/www.kuldigastehnikums.lv\/index.php\/wp-json\/wp\/v2\/types\/page"}],"author":[{"embeddable":true,"href":"https:\/\/www.kuldigastehnikums.lv\/index.php\/wp-json\/wp\/v2\/users\/2"}],"replies":[{"embeddable":true,"href":"https:\/\/www.kuldigastehnikums.lv\/index.php\/wp-json\/wp\/v2\/comments?post=6115"}],"version-history":[{"count":0,"href":"https:\/\/www.kuldigastehnikums.lv\/index.php\/wp-json\/wp\/v2\/pages\/6115\/revisions"}],"up":[{"embeddable":true,"href":"https:\/\/www.kuldigastehnikums.lv\/index.php\/wp-json\/wp\/v2\/pages\/5791"}],"wp:attachment":[{"href":"https:\/\/www.kuldigastehnikums.lv\/index.php\/wp-json\/wp\/v2\/media?parent=6115"}],"curies":[{"name":"wp","href":"https:\/\/api.w.org\/{rel}","templated":true}]}}