{"id":6117,"date":"2019-12-22T21:19:03","date_gmt":"2019-12-22T21:19:03","guid":{"rendered":"http:\/\/www.kuldigastehnikums.lv\/jaunumi\/jaunumi-2018\/valsts-svetkiem-veltits-koncerts\/"},"modified":"2019-12-22T21:19:03","modified_gmt":"2019-12-22T21:19:03","slug":"valsts-svetkiem-veltits-koncerts","status":"publish","type":"page","link":"https:\/\/www.kuldigastehnikums.lv\/index.php\/jaunumi\/jaunumi-arhivs\/valsts-svetkiem-veltits-koncerts\/","title":{"rendered":"Valsts sv\u0113tkiem velt\u012bts koncerts"},"content":{"rendered":"<div class=\"moz-text-html\" lang=\"x-unicode\">\n<div id=\"eml-cke__body\" title=\"\"><span style=\"font-size: 12pt;\">17.novembr\u012b \u00a0tehnikum\u0101 notika valsts sv\u0113tkiem velt\u012bts koncerts, kur\u0101 piedal\u012bj\u0101s tehnikuma jauktais koris &#8220;Liepzieds&#8221;, tautas deju kolekt\u012bvs &#8220;Kastan&#8217;s&#8221;, defil\u0113 grupa un liter\u0101r\u0101 studija. Visi kolekt\u012bvi bija sagatavoju\u0161i sirsn\u012bgu, patriotisku sv\u0113tku programmu, kas aizkustin\u0101ja ikvienu koncerta apmekl\u0113t\u0101ju.<\/span><\/p>\n<p><span style=\"font-size: 12pt;\"> Materi\u0101lu sagatavoja skolot\u0101ja Zanda \u0160legelmilha.<\/span><br \/>\n<span style=\"font-size: 12pt;\"> Foto: Katr\u012bna Jacenko, Zanda \u0160legelmilha.<\/span><\/div>\n<div id=\"eml-cke__signature_top\" title=\"Paraksts\">\n<div id=\"eml-cke__signature_top-wrap\" class=\"eml-cke__signature\" title=\"\">\u00a0<\/div>\n<\/div>\n<div id=\"eml-cke__signature_bottom\" title=\"Paraksts\">\u00a0<\/p>\n<div id='gallery-1' class='gallery galleryid-6117 gallery-columns-4 gallery-size-thumbnail'><figure class='gallery-item'>\n\t\t\t<div class='gallery-icon landscape'>\n\t\t\t\t<a href='https:\/\/www.kuldigastehnikums.lv\/index.php\/macibu-ekskursija-20-un-30-grupai\/79882283_1207099599476045_29793556772159488_o\/'><img decoding=\"async\" width=\"150\" height=\"150\" src=\"https:\/\/www.kuldigastehnikums.lv\/wp-content\/uploads\/2020\/01\/79882283_1207099599476045_29793556772159488_o-150x150.jpg\" class=\"attachment-thumbnail size-thumbnail\" alt=\"\" \/><\/a>\n\t\t\t<\/div><\/figure><figure class='gallery-item'>\n\t\t\t<div class='gallery-icon portrait'>\n\t\t\t\t<a href='https:\/\/www.kuldigastehnikums.lv\/index.php\/macibu-ekskursija-20-un-30-grupai\/79884755_1207097659476239_2461198826782851072_o\/'><img decoding=\"async\" width=\"150\" height=\"150\" src=\"https:\/\/www.kuldigastehnikums.lv\/wp-content\/uploads\/2020\/01\/79884755_1207097659476239_2461198826782851072_o-150x150.jpg\" class=\"attachment-thumbnail size-thumbnail\" alt=\"\" \/><\/a>\n\t\t\t<\/div><\/figure><figure class='gallery-item'>\n\t\t\t<div class='gallery-icon portrait'>\n\t\t\t\t<a href='https:\/\/www.kuldigastehnikums.lv\/index.php\/macibu-ekskursija-20-un-30-grupai\/79962431_1207099362809402_7911428088213274624_o\/'><img decoding=\"async\" width=\"150\" height=\"150\" src=\"https:\/\/www.kuldigastehnikums.lv\/wp-content\/uploads\/2020\/01\/79962431_1207099362809402_7911428088213274624_o-150x150.jpg\" class=\"attachment-thumbnail size-thumbnail\" alt=\"\" \/><\/a>\n\t\t\t<\/div><\/figure><figure class='gallery-item'>\n\t\t\t<div class='gallery-icon landscape'>\n\t\t\t\t<a href='https:\/\/www.kuldigastehnikums.lv\/index.php\/macibu-ekskursija-20-un-30-grupai\/80018663_1207100939475911_4786138514725011456_o\/'><img loading=\"lazy\" decoding=\"async\" width=\"150\" height=\"150\" src=\"https:\/\/www.kuldigastehnikums.lv\/wp-content\/uploads\/2020\/01\/80018663_1207100939475911_4786138514725011456_o-150x150.jpg\" class=\"attachment-thumbnail size-thumbnail\" alt=\"\" \/><\/a>\n\t\t\t<\/div><\/figure><figure class='gallery-item'>\n\t\t\t<div class='gallery-icon portrait'>\n\t\t\t\t<a href='https:\/\/www.kuldigastehnikums.lv\/index.php\/macibu-ekskursija-20-un-30-grupai\/80359857_1207102409475764_7429750224681172992_o\/'><img loading=\"lazy\" decoding=\"async\" width=\"150\" height=\"150\" src=\"https:\/\/www.kuldigastehnikums.lv\/wp-content\/uploads\/2020\/01\/80359857_1207102409475764_7429750224681172992_o-150x150.jpg\" class=\"attachment-thumbnail size-thumbnail\" alt=\"\" \/><\/a>\n\t\t\t<\/div><\/figure><figure class='gallery-item'>\n\t\t\t<div class='gallery-icon landscape'>\n\t\t\t\t<a href='https:\/\/www.kuldigastehnikums.lv\/index.php\/macibu-ekskursija-20-un-30-grupai\/80646442_1207097579476247_6771986673472372736_o\/'><img loading=\"lazy\" decoding=\"async\" width=\"150\" height=\"150\" src=\"https:\/\/www.kuldigastehnikums.lv\/wp-content\/uploads\/2020\/01\/80646442_1207097579476247_6771986673472372736_o-150x150.jpg\" class=\"attachment-thumbnail size-thumbnail\" alt=\"\" \/><\/a>\n\t\t\t<\/div><\/figure><figure class='gallery-item'>\n\t\t\t<div class='gallery-icon landscape'>\n\t\t\t\t<a href='https:\/\/www.kuldigastehnikums.lv\/index.php\/macibu-ekskursija-20-un-30-grupai\/80683549_1207097472809591_6202805770476584960_o\/'><img loading=\"lazy\" decoding=\"async\" width=\"150\" height=\"150\" src=\"https:\/\/www.kuldigastehnikums.lv\/wp-content\/uploads\/2020\/01\/80683549_1207097472809591_6202805770476584960_o-150x150.jpg\" class=\"attachment-thumbnail size-thumbnail\" alt=\"\" \/><\/a>\n\t\t\t<\/div><\/figure><figure class='gallery-item'>\n\t\t\t<div class='gallery-icon landscape'>\n\t\t\t\t<a href='https:\/\/www.kuldigastehnikums.lv\/index.php\/tiksanas-ar-tehnikuma-absolventiem\/79234962_1206976016155070_8143608831914541056_o\/'><img loading=\"lazy\" decoding=\"async\" width=\"150\" height=\"150\" src=\"https:\/\/www.kuldigastehnikums.lv\/wp-content\/uploads\/2020\/01\/79234962_1206976016155070_8143608831914541056_o-150x150.jpg\" class=\"attachment-thumbnail size-thumbnail\" alt=\"\" \/><\/a>\n\t\t\t<\/div><\/figure><figure class='gallery-item'>\n\t\t\t<div class='gallery-icon landscape'>\n\t\t\t\t<a href='https:\/\/www.kuldigastehnikums.lv\/index.php\/tiksanas-ar-tehnikuma-absolventiem\/79251587_1206977422821596_7817234735242936320_o\/'><img loading=\"lazy\" decoding=\"async\" width=\"150\" height=\"150\" src=\"https:\/\/www.kuldigastehnikums.lv\/wp-content\/uploads\/2020\/01\/79251587_1206977422821596_7817234735242936320_o-150x150.jpg\" class=\"attachment-thumbnail size-thumbnail\" alt=\"\" \/><\/a>\n\t\t\t<\/div><\/figure><figure class='gallery-item'>\n\t\t\t<div class='gallery-icon landscape'>\n\t\t\t\t<a href='https:\/\/www.kuldigastehnikums.lv\/index.php\/tiksanas-ar-tehnikuma-absolventiem\/79467640_1206977469488258_1902828846097367040_o\/'><img loading=\"lazy\" decoding=\"async\" width=\"150\" height=\"150\" src=\"https:\/\/www.kuldigastehnikums.lv\/wp-content\/uploads\/2020\/01\/79467640_1206977469488258_1902828846097367040_o-150x150.jpg\" class=\"attachment-thumbnail size-thumbnail\" alt=\"\" \/><\/a>\n\t\t\t<\/div><\/figure><figure class='gallery-item'>\n\t\t\t<div class='gallery-icon landscape'>\n\t\t\t\t<a href='https:\/\/www.kuldigastehnikums.lv\/index.php\/tiksanas-ar-tehnikuma-absolventiem\/79533297_1206977556154916_2324530351789047808_o\/'><img loading=\"lazy\" decoding=\"async\" width=\"150\" height=\"150\" src=\"https:\/\/www.kuldigastehnikums.lv\/wp-content\/uploads\/2020\/01\/79533297_1206977556154916_2324530351789047808_o-150x150.jpg\" class=\"attachment-thumbnail size-thumbnail\" alt=\"\" \/><\/a>\n\t\t\t<\/div><\/figure><figure class='gallery-item'>\n\t\t\t<div class='gallery-icon landscape'>\n\t\t\t\t<a href='https:\/\/www.kuldigastehnikums.lv\/index.php\/tiksanas-ar-tehnikuma-absolventiem\/79539143_1206975929488412_7015588817545461760_o\/'><img loading=\"lazy\" decoding=\"async\" width=\"150\" height=\"150\" src=\"https:\/\/www.kuldigastehnikums.lv\/wp-content\/uploads\/2020\/01\/79539143_1206975929488412_7015588817545461760_o-150x150.jpg\" class=\"attachment-thumbnail size-thumbnail\" alt=\"\" \/><\/a>\n\t\t\t<\/div><\/figure><figure class='gallery-item'>\n\t\t\t<div class='gallery-icon landscape'>\n\t\t\t\t<a href='https:\/\/www.kuldigastehnikums.lv\/index.php\/tiksanas-ar-tehnikuma-absolventiem\/79633631_1206975936155078_4320107564944588800_o\/'><img loading=\"lazy\" decoding=\"async\" width=\"150\" height=\"150\" src=\"https:\/\/www.kuldigastehnikums.lv\/wp-content\/uploads\/2020\/01\/79633631_1206975936155078_4320107564944588800_o-150x150.jpg\" class=\"attachment-thumbnail size-thumbnail\" alt=\"\" \/><\/a>\n\t\t\t<\/div><\/figure><figure class='gallery-item'>\n\t\t\t<div class='gallery-icon landscape'>\n\t\t\t\t<a href='https:\/\/www.kuldigastehnikums.lv\/index.php\/tiksanas-ar-tehnikuma-absolventiem\/79956749_1206978796154792_7936850815682084864_o\/'><img loading=\"lazy\" decoding=\"async\" width=\"150\" height=\"150\" src=\"https:\/\/www.kuldigastehnikums.lv\/wp-content\/uploads\/2020\/01\/79956749_1206978796154792_7936850815682084864_o-150x150.jpg\" class=\"attachment-thumbnail size-thumbnail\" alt=\"\" \/><\/a>\n\t\t\t<\/div><\/figure><figure class='gallery-item'>\n\t\t\t<div class='gallery-icon landscape'>\n\t\t\t\t<a href='https:\/\/www.kuldigastehnikums.lv\/index.php\/tiksanas-ar-tehnikuma-absolventiem\/80334403_1206978856154786_4744407508670480384_o\/'><img loading=\"lazy\" decoding=\"async\" width=\"150\" height=\"150\" src=\"https:\/\/www.kuldigastehnikums.lv\/wp-content\/uploads\/2020\/01\/80334403_1206978856154786_4744407508670480384_o-150x150.jpg\" class=\"attachment-thumbnail size-thumbnail\" alt=\"\" \/><\/a>\n\t\t\t<\/div><\/figure>\n\t\t<\/div>\n\n<\/div>\n<\/div>\n","protected":false},"excerpt":{"rendered":"<p>17.novembr\u012b \u00a0tehnikum\u0101 notika valsts sv\u0113tkiem velt\u012bts koncerts, kur\u0101 piedal\u012bj\u0101s tehnikuma jauktais koris &#8220;Liepzieds&#8221;, tautas deju kolekt\u012bvs &#8220;Kastan&#8217;s&#8221;, defil\u0113 grupa un liter\u0101r\u0101 studija. Visi kolekt\u012bvi bija sagatavoju\u0161i sirsn\u012bgu, patriotisku sv\u0113tku programmu, kas aizkustin\u0101ja ikvienu koncerta apmekl\u0113t\u0101ju. Materi\u0101lu sagatavoja skolot\u0101ja Zanda \u0160legelmilha. Foto: Katr\u012bna Jacenko, Zanda \u0160legelmilha. \u00a0 \u00a0 [&#8230;]<\/p>\n<p><a class=\"btn btn-secondary understrap-read-more-link\" href=\"https:\/\/www.kuldigastehnikums.lv\/index.php\/jaunumi\/jaunumi-arhivs\/valsts-svetkiem-veltits-koncerts\/\">Vair\u0101k&#8230;<\/a><\/p>\n","protected":false},"author":2,"featured_media":0,"parent":5791,"menu_order":0,"comment_status":"open","ping_status":"open","template":"","meta":{"footnotes":""},"class_list":["post-6117","page","type-page","status-publish","hentry"],"_links":{"self":[{"href":"https:\/\/www.kuldigastehnikums.lv\/index.php\/wp-json\/wp\/v2\/pages\/6117","targetHints":{"allow":["GET"]}}],"collection":[{"href":"https:\/\/www.kuldigastehnikums.lv\/index.php\/wp-json\/wp\/v2\/pages"}],"about":[{"href":"https:\/\/www.kuldigastehnikums.lv\/index.php\/wp-json\/wp\/v2\/types\/page"}],"author":[{"embeddable":true,"href":"https:\/\/www.kuldigastehnikums.lv\/index.php\/wp-json\/wp\/v2\/users\/2"}],"replies":[{"embeddable":true,"href":"https:\/\/www.kuldigastehnikums.lv\/index.php\/wp-json\/wp\/v2\/comments?post=6117"}],"version-history":[{"count":0,"href":"https:\/\/www.kuldigastehnikums.lv\/index.php\/wp-json\/wp\/v2\/pages\/6117\/revisions"}],"up":[{"embeddable":true,"href":"https:\/\/www.kuldigastehnikums.lv\/index.php\/wp-json\/wp\/v2\/pages\/5791"}],"wp:attachment":[{"href":"https:\/\/www.kuldigastehnikums.lv\/index.php\/wp-json\/wp\/v2\/media?parent=6117"}],"curies":[{"name":"wp","href":"https:\/\/api.w.org\/{rel}","templated":true}]}}