{"id":6118,"date":"2019-12-22T21:19:03","date_gmt":"2019-12-22T21:19:03","guid":{"rendered":"http:\/\/www.kuldigastehnikums.lv\/jaunumi\/jaunumi-2018\/asociacijas-kopsapulce\/"},"modified":"2019-12-22T21:19:03","modified_gmt":"2019-12-22T21:19:03","slug":"asociacijas-kopsapulce","status":"publish","type":"page","link":"https:\/\/www.kuldigastehnikums.lv\/index.php\/jaunumi\/jaunumi-arhivs\/asociacijas-kopsapulce\/","title":{"rendered":"Asoci\u0101cijas kopsapulce"},"content":{"rendered":"<p><span style=\"font-size: 12pt;\">12.novembr\u012b skolot\u0101ja Zanda \u0160legelmilha piedal\u012bj\u0101s Latvie\u0161u valodas un literat\u016bras skolot\u0101ju asoci\u0101cijas biedru kopsapulc\u0113, kas notika Rai\u0146a un Aspazijas m\u0101j\u0101.<\/span><br \/>\n<span style=\"font-size: 12pt;\"> Asoci\u0101cijas biedrus uzrun\u0101ja ar\u012b VISC p\u0101rst\u0101ve I.Upeniece, kas st\u0101st\u012bja par kompeten\u010du pieejas koncepciju\u00a0jauna izgl\u012bt\u012bbas satura veido\u0161an\u0101. Savuk\u0101rt par pag\u0101ju\u0161\u0101 gada latvie\u0161u valodas p\u0101rbaudes darbu rezult\u0101tiem inform\u0113ja VISC speci\u0101lists K.\u0160p\u016ble.<\/span><br \/>\n<span style=\"font-size: 12pt;\"> San\u0101ksmes dal\u012bbnieki dev\u0101s ar\u012b eksursij\u0101 pa Rai\u0146a un Aspazijas m\u0101ju un\u00a0iev\u0113l\u0113ja asoci\u0101cijas jauno valdi.<\/span><\/p>\n<p><span style=\"font-size: 12pt;\"> Materi\u0101lu sagatavoja skolot\u0101ja Zanda \u0160legelmilha.<\/span><\/p>\n<p>\u00a0<\/p>\n<div id='gallery-1' class='gallery galleryid-6118 gallery-columns-4 gallery-size-thumbnail'><figure class='gallery-item'>\n\t\t\t<div class='gallery-icon landscape'>\n\t\t\t\t<a href='https:\/\/www.kuldigastehnikums.lv\/index.php\/macibu-ekskursija-16-grupai\/78900748_1207943479391657_7443733886577672192_o\/'><img decoding=\"async\" width=\"150\" height=\"150\" src=\"https:\/\/www.kuldigastehnikums.lv\/wp-content\/uploads\/2020\/01\/78900748_1207943479391657_7443733886577672192_o-150x150.jpg\" class=\"attachment-thumbnail size-thumbnail\" alt=\"\" \/><\/a>\n\t\t\t<\/div><\/figure><figure class='gallery-item'>\n\t\t\t<div class='gallery-icon landscape'>\n\t\t\t\t<a href='https:\/\/www.kuldigastehnikums.lv\/index.php\/macibu-ekskursija-9-grupai\/72728757_1157426651110007_4138387653269651456_o\/'><img decoding=\"async\" width=\"150\" height=\"150\" src=\"https:\/\/www.kuldigastehnikums.lv\/wp-content\/uploads\/2020\/01\/72728757_1157426651110007_4138387653269651456_o-150x150.jpg\" class=\"attachment-thumbnail size-thumbnail\" alt=\"\" \/><\/a>\n\t\t\t<\/div><\/figure>\n\t\t<\/div>\n\n","protected":false},"excerpt":{"rendered":"<p>12.novembr\u012b skolot\u0101ja Zanda \u0160legelmilha piedal\u012bj\u0101s Latvie\u0161u valodas un literat\u016bras skolot\u0101ju asoci\u0101cijas biedru kopsapulc\u0113, kas notika Rai\u0146a un Aspazijas m\u0101j\u0101. Asoci\u0101cijas biedrus uzrun\u0101ja ar\u012b VISC p\u0101rst\u0101ve I.Upeniece, kas st\u0101st\u012bja par kompeten\u010du pieejas koncepciju\u00a0jauna izgl\u012bt\u012bbas satura veido\u0161an\u0101. Savuk\u0101rt par pag\u0101ju\u0161\u0101 gada latvie\u0161u valodas p\u0101rbaudes darbu rezult\u0101tiem inform\u0113ja VISC speci\u0101lists K.\u0160p\u016ble. San\u0101ksmes dal\u012bbnieki dev\u0101s ar\u012b eksursij\u0101 pa Rai\u0146a<a class=\"moretag\" href=\"https:\/\/www.kuldigastehnikums.lv\/index.php\/jaunumi\/jaunumi-arhivs\/asociacijas-kopsapulce\/\"> Vair\u0101k<\/a> [&#8230;]<\/p>\n<p><a class=\"btn btn-secondary understrap-read-more-link\" href=\"https:\/\/www.kuldigastehnikums.lv\/index.php\/jaunumi\/jaunumi-arhivs\/asociacijas-kopsapulce\/\">Vair\u0101k&#8230;<\/a><\/p>\n","protected":false},"author":2,"featured_media":0,"parent":5791,"menu_order":0,"comment_status":"open","ping_status":"open","template":"","meta":{"footnotes":""},"class_list":["post-6118","page","type-page","status-publish","hentry"],"_links":{"self":[{"href":"https:\/\/www.kuldigastehnikums.lv\/index.php\/wp-json\/wp\/v2\/pages\/6118","targetHints":{"allow":["GET"]}}],"collection":[{"href":"https:\/\/www.kuldigastehnikums.lv\/index.php\/wp-json\/wp\/v2\/pages"}],"about":[{"href":"https:\/\/www.kuldigastehnikums.lv\/index.php\/wp-json\/wp\/v2\/types\/page"}],"author":[{"embeddable":true,"href":"https:\/\/www.kuldigastehnikums.lv\/index.php\/wp-json\/wp\/v2\/users\/2"}],"replies":[{"embeddable":true,"href":"https:\/\/www.kuldigastehnikums.lv\/index.php\/wp-json\/wp\/v2\/comments?post=6118"}],"version-history":[{"count":0,"href":"https:\/\/www.kuldigastehnikums.lv\/index.php\/wp-json\/wp\/v2\/pages\/6118\/revisions"}],"up":[{"embeddable":true,"href":"https:\/\/www.kuldigastehnikums.lv\/index.php\/wp-json\/wp\/v2\/pages\/5791"}],"wp:attachment":[{"href":"https:\/\/www.kuldigastehnikums.lv\/index.php\/wp-json\/wp\/v2\/media?parent=6118"}],"curies":[{"name":"wp","href":"https:\/\/api.w.org\/{rel}","templated":true}]}}