{"id":6123,"date":"2019-12-22T21:19:03","date_gmt":"2019-12-22T21:19:03","guid":{"rendered":"http:\/\/www.kuldigastehnikums.lv\/jaunumi\/jaunumi-2018\/kursi-majturibas-skolotajiem\/"},"modified":"2019-12-22T21:19:03","modified_gmt":"2019-12-22T21:19:03","slug":"kursi-majturibas-skolotajiem","status":"publish","type":"page","link":"https:\/\/www.kuldigastehnikums.lv\/index.php\/jaunumi\/jaunumi-arhivs\/kursi-majturibas-skolotajiem\/","title":{"rendered":"Kursi m\u0101jtur\u012bbas skolot\u0101jiem"},"content":{"rendered":"<div id=\"eml-cke__body\" title=\"\"><span style=\"font-size: 12pt;\">6.janv\u0101r\u012b tehnikum\u0101 aizs\u0101k\u0101s profesion\u0101l\u0101s kompetences pilnveides kursi Kuld\u012bgas novada m\u0101jtur\u012bbas skolot\u0101jiem, ko organiz\u0113 \u0113din\u0101\u0161anas pakalpojumu noda\u013ca. Kursos piedal\u0101s 14 m\u0101jtur\u012bbas skolot\u0101ji. 1.nodarb\u012bbas t\u0113ma bija &#8220;Sv\u0113tku \u0113dienkarte&#8221;, un to vad\u012bja skolot\u0101jas Dace \u0160\u0113na un Ilze Braslauska. Kop\u0101 paredz\u0113tas 5 nodarb\u012bbas, kur\u0101s paredz\u0113tas lekcijas un praktiskie darbi par ga\u013cas \u0113dieniem, karvingu- dekorat\u012bvo aug\u013cu un d\u0101rze\u0146u grie\u0161anas m\u0101kslu, cukuras mastikas me\u017e\u0123\u012bn\u0113m u.c.<\/span><\/div>\n<div id=\"eml-cke__signature_top\" title=\"Paraksts\">\n<div id=\"eml-cke__signature_top-wrap\" class=\"eml-cke__signature\" title=\"\"><span style=\"font-size: 12pt;\">\u00a0<\/span><\/div>\n<\/div>\n<div id=\"eml-cke__signature_bottom\" title=\"Paraksts\">\u00a0<\/p>\n<div id='gallery-1' class='gallery galleryid-6123 gallery-columns-4 gallery-size-thumbnail'><figure class='gallery-item'>\n\t\t\t<div class='gallery-icon landscape'>\n\t\t\t\t<a href='https:\/\/www.kuldigastehnikums.lv\/index.php\/profesionalas-pilnveides-seminars-sporta-skolotajiem\/44ca9ce3-de12-448b-bd31-7a4c59a32ce7\/'><img decoding=\"async\" width=\"150\" height=\"150\" src=\"https:\/\/www.kuldigastehnikums.lv\/wp-content\/uploads\/2020\/02\/44CA9CE3-DE12-448B-BD31-7A4C59A32CE7-150x150.jpg\" class=\"attachment-thumbnail size-thumbnail\" alt=\"\" \/><\/a>\n\t\t\t<\/div><\/figure>\n\t\t<\/div>\n\n<\/div>\n","protected":false},"excerpt":{"rendered":"<p>6.janv\u0101r\u012b tehnikum\u0101 aizs\u0101k\u0101s profesion\u0101l\u0101s kompetences pilnveides kursi Kuld\u012bgas novada m\u0101jtur\u012bbas skolot\u0101jiem, ko organiz\u0113 \u0113din\u0101\u0161anas pakalpojumu noda\u013ca. Kursos piedal\u0101s 14 m\u0101jtur\u012bbas skolot\u0101ji. 1.nodarb\u012bbas t\u0113ma bija &#8220;Sv\u0113tku \u0113dienkarte&#8221;, un to vad\u012bja skolot\u0101jas Dace \u0160\u0113na un Ilze Braslauska. Kop\u0101 paredz\u0113tas 5 nodarb\u012bbas, kur\u0101s paredz\u0113tas lekcijas un praktiskie darbi par ga\u013cas \u0113dieniem, karvingu- dekorat\u012bvo aug\u013cu un d\u0101rze\u0146u grie\u0161anas m\u0101kslu,<a class=\"moretag\" href=\"https:\/\/www.kuldigastehnikums.lv\/index.php\/jaunumi\/jaunumi-arhivs\/kursi-majturibas-skolotajiem\/\"> Vair\u0101k<\/a> [&#8230;]<\/p>\n<p><a class=\"btn btn-secondary understrap-read-more-link\" href=\"https:\/\/www.kuldigastehnikums.lv\/index.php\/jaunumi\/jaunumi-arhivs\/kursi-majturibas-skolotajiem\/\">Vair\u0101k&#8230;<\/a><\/p>\n","protected":false},"author":2,"featured_media":0,"parent":5791,"menu_order":0,"comment_status":"open","ping_status":"open","template":"","meta":{"footnotes":""},"class_list":["post-6123","page","type-page","status-publish","hentry"],"_links":{"self":[{"href":"https:\/\/www.kuldigastehnikums.lv\/index.php\/wp-json\/wp\/v2\/pages\/6123","targetHints":{"allow":["GET"]}}],"collection":[{"href":"https:\/\/www.kuldigastehnikums.lv\/index.php\/wp-json\/wp\/v2\/pages"}],"about":[{"href":"https:\/\/www.kuldigastehnikums.lv\/index.php\/wp-json\/wp\/v2\/types\/page"}],"author":[{"embeddable":true,"href":"https:\/\/www.kuldigastehnikums.lv\/index.php\/wp-json\/wp\/v2\/users\/2"}],"replies":[{"embeddable":true,"href":"https:\/\/www.kuldigastehnikums.lv\/index.php\/wp-json\/wp\/v2\/comments?post=6123"}],"version-history":[{"count":0,"href":"https:\/\/www.kuldigastehnikums.lv\/index.php\/wp-json\/wp\/v2\/pages\/6123\/revisions"}],"up":[{"embeddable":true,"href":"https:\/\/www.kuldigastehnikums.lv\/index.php\/wp-json\/wp\/v2\/pages\/5791"}],"wp:attachment":[{"href":"https:\/\/www.kuldigastehnikums.lv\/index.php\/wp-json\/wp\/v2\/media?parent=6123"}],"curies":[{"name":"wp","href":"https:\/\/api.w.org\/{rel}","templated":true}]}}