{"id":6129,"date":"2019-12-22T21:19:04","date_gmt":"2019-12-22T21:19:04","guid":{"rendered":"http:\/\/www.kuldigastehnikums.lv\/jaunumi\/jaunumi-2018\/darbu-uzsacis-macibu-uznemums-garsu-bode\/"},"modified":"2019-12-22T21:19:04","modified_gmt":"2019-12-22T21:19:04","slug":"darbu-uzsacis-macibu-uznemums-garsu-bode","status":"publish","type":"page","link":"https:\/\/www.kuldigastehnikums.lv\/index.php\/jaunumi\/jaunumi-arhivs\/darbu-uzsacis-macibu-uznemums-garsu-bode\/","title":{"rendered":"Darbu uzs\u0101cis m\u0101c\u012bbu uz\u0146\u0113mums &#8220;Gar\u0161u bode&#8221;"},"content":{"rendered":"<p><span style=\"font-size: 12pt;\">10.grupas audz\u0113knes Ance Medi\u0146a un Dafne Dafnija Megne ir nodibin\u0101ju\u0161as Skol\u0113nu m\u0101c\u012bbu uz\u0146\u0113mumu (SMU) &#8220;Gar\u0161u bode&#8221;, kas katru ceturtdienu tehnikuma 1.st\u0101v\u0101 tirgos pa\u0161gatavotus konditorejas izstr\u0101d\u0101jumus un vitam\u012bnu dz\u0113rienus. Audz\u0113knes uz\u0146\u0113m\u0113jdarb\u012bb\u0101 konsult\u0113 skolot\u0101ja Vita Strauti\u0146a.<\/span><\/p>\n<p><span style=\"font-size: 12pt;\"> SMU ir skol\u0113nu veidots un vad\u012bts m\u0101c\u012bbu uz\u0146\u0113mums, kura darb\u012bbai piem\u012bt izgl\u012btojo\u0161s raksturs. SMU m\u0101c\u012bbu nol\u016bkos pilda \u012bsta uz\u0146\u0113muma funkcijas un darbojas re\u0101l\u0101 vid\u0113 \u2013 skol\u0113ni ra\u017eo un p\u0101rdod preces vai pakalpojumus.\u00a0<\/span><\/p>\n<p><span style=\"font-size: 12pt;\"> SMU programmas m\u0113r\u0137is \u2013 jaunas uz\u0146\u0113m\u0113ju paaudzes un nozares ekspertu izgl\u012bto\u0161ana, m\u0101c\u012bbu proces\u0101 sasaistot teor\u0113tisk\u0101s zin\u0101\u0161anas ar praksi.<\/span><\/p>\n<p><span style=\"font-size: 12pt;\"> Materi\u0101lu sagatavoja skolot\u0101ja Zanda \u0160legelmilha.<\/span><\/p>\n<p>\u00a0<\/p>\n<p><a href=\"http:\/\/www.kuldigastehnikums.lv\/wp-content\/uploads\/2017\/01\/20170119_112858.jpg\"><img fetchpriority=\"high\" decoding=\"async\" class=\"size-large wp-image-6772 aligncenter\" src=\"http:\/\/www.kuldigastehnikums.lv\/wp-content\/uploads\/2017\/01\/20170119_112858-1024x576.jpg\" alt=\"\" width=\"530\" height=\"298\" \/><\/a> <a href=\"http:\/\/www.kuldigastehnikums.lv\/wp-content\/uploads\/2017\/01\/20170119_112912.jpg\"><img decoding=\"async\" class=\"wp-image-6773 size-large aligncenter\" src=\"http:\/\/www.kuldigastehnikums.lv\/wp-content\/uploads\/2017\/01\/20170119_112912-e1485724407564-576x1024.jpg\" width=\"530\" height=\"942\" \/><\/a><\/p>\n","protected":false},"excerpt":{"rendered":"<p>10.grupas audz\u0113knes Ance Medi\u0146a un Dafne Dafnija Megne ir nodibin\u0101ju\u0161as Skol\u0113nu m\u0101c\u012bbu uz\u0146\u0113mumu (SMU) &#8220;Gar\u0161u bode&#8221;, kas katru ceturtdienu tehnikuma 1.st\u0101v\u0101 tirgos pa\u0161gatavotus konditorejas izstr\u0101d\u0101jumus un vitam\u012bnu dz\u0113rienus. Audz\u0113knes uz\u0146\u0113m\u0113jdarb\u012bb\u0101 konsult\u0113 skolot\u0101ja Vita Strauti\u0146a. SMU ir skol\u0113nu veidots un vad\u012bts m\u0101c\u012bbu uz\u0146\u0113mums, kura darb\u012bbai piem\u012bt izgl\u012btojo\u0161s raksturs. SMU m\u0101c\u012bbu nol\u016bkos pilda \u012bsta uz\u0146\u0113muma funkcijas un<a class=\"moretag\" href=\"https:\/\/www.kuldigastehnikums.lv\/index.php\/jaunumi\/jaunumi-arhivs\/darbu-uzsacis-macibu-uznemums-garsu-bode\/\"> Vair\u0101k<\/a> [&#8230;]<\/p>\n<p><a class=\"btn btn-secondary understrap-read-more-link\" href=\"https:\/\/www.kuldigastehnikums.lv\/index.php\/jaunumi\/jaunumi-arhivs\/darbu-uzsacis-macibu-uznemums-garsu-bode\/\">Vair\u0101k&#8230;<\/a><\/p>\n","protected":false},"author":2,"featured_media":0,"parent":5791,"menu_order":0,"comment_status":"open","ping_status":"open","template":"","meta":{"footnotes":""},"class_list":["post-6129","page","type-page","status-publish","hentry"],"_links":{"self":[{"href":"https:\/\/www.kuldigastehnikums.lv\/index.php\/wp-json\/wp\/v2\/pages\/6129","targetHints":{"allow":["GET"]}}],"collection":[{"href":"https:\/\/www.kuldigastehnikums.lv\/index.php\/wp-json\/wp\/v2\/pages"}],"about":[{"href":"https:\/\/www.kuldigastehnikums.lv\/index.php\/wp-json\/wp\/v2\/types\/page"}],"author":[{"embeddable":true,"href":"https:\/\/www.kuldigastehnikums.lv\/index.php\/wp-json\/wp\/v2\/users\/2"}],"replies":[{"embeddable":true,"href":"https:\/\/www.kuldigastehnikums.lv\/index.php\/wp-json\/wp\/v2\/comments?post=6129"}],"version-history":[{"count":0,"href":"https:\/\/www.kuldigastehnikums.lv\/index.php\/wp-json\/wp\/v2\/pages\/6129\/revisions"}],"up":[{"embeddable":true,"href":"https:\/\/www.kuldigastehnikums.lv\/index.php\/wp-json\/wp\/v2\/pages\/5791"}],"wp:attachment":[{"href":"https:\/\/www.kuldigastehnikums.lv\/index.php\/wp-json\/wp\/v2\/media?parent=6129"}],"curies":[{"name":"wp","href":"https:\/\/api.w.org\/{rel}","templated":true}]}}