{"id":6131,"date":"2019-12-22T21:19:04","date_gmt":"2019-12-22T21:19:04","guid":{"rendered":"http:\/\/www.kuldigastehnikums.lv\/jaunumi\/jaunumi-2018\/nosledzies-fotokonkurss-mana-kuldiga\/"},"modified":"2019-12-22T21:19:04","modified_gmt":"2019-12-22T21:19:04","slug":"nosledzies-fotokonkurss-mana-kuldiga","status":"publish","type":"page","link":"https:\/\/www.kuldigastehnikums.lv\/index.php\/jaunumi\/jaunumi-arhivs\/nosledzies-fotokonkurss-mana-kuldiga\/","title":{"rendered":"Nosl\u0113dzies fotokonkurss &#8220;Mana Kuld\u012bga&#8221;"},"content":{"rendered":"<p><span style=\"font-size: 12pt;\">Decembra beig\u0101s nosl\u0113dz\u0101s fotokonkurss &#8220;Mana Kuld\u012bga&#8221; un tika sveikti t\u0101 laure\u0101ti. Fotokonkursam savus darbus iesniedza 23 dal\u012bbnieki. Par konkursa uzvar\u0113t\u0101ju k\u013cuva Ance Aizupe, 2.vietu ieguva Linda \u0100boma, bet 3.vietu- Normunds Borti\u0146\u0161. Sveicam laure\u0101tus un visus konkursa dal\u012bbniekus! Paldies konkursa \u017e\u016brijai- skolot\u0101j\u0101m Zanei Lasei, Ivetai Rogai, Gunitai Urb\u0101nei un Ed\u012btei G\u012bmei!<\/span><br data-text=\"true\" \/><br \/>\n<br \/>\n<span style=\"font-size: 12pt;\"> Konkursa \u017e\u016brija pie\u0161\u0137\u012bra ar\u012b speci\u0101lbalvu par interesant\u0101ko skatupunktu, ko ieguva Sanija Giberte. Savuk\u0101rt skat\u012bt\u0101ji var\u0113ja nobalsot par sev t\u012bkam\u0101ko fotogr\u0101fiju, un skat\u012bt\u0101ju simp\u0101tiju balvu ieguva Endijs Mitenbergs. Katrs \u017e\u016brijas loceklis pie\u0161\u0137\u012bra ar\u012b savu balvu; balvas ieguva Kristers \u0160lakorcins, D\u0101vis Sa\u013cikovskis, Monta Kronpu\u0161a un Art\u016brs Dundurs.<\/span><br data-text=\"true\" \/><br \/>\n<br \/>\n<span style=\"font-size: 12pt;\"> Fotokonkursu organiz\u0113ja tehnikuma bibliotek\u0101re Ed\u012bte G\u012bme, taj\u0101 piedal\u012bj\u0101s dienesta viesn\u012bc\u0101s dz\u012bvojo\u0161ie audz\u0113k\u0146i. Foto izst\u0101de v\u0113l ir apskat\u0101ma tehnikuma galven\u0101s \u0113kas 1.st\u0101v\u0101, pie m\u0101c\u012bbu \u0113dn\u012bcas &#8220;E\u017ea ka\u017eoci\u0146\u0161&#8221;. P\u0113c konkursa dal\u012bbnieku<\/span><br \/>\n<span style=\"font-size: 12pt;\"> iniciat\u012bvas visi konkursa darbi tiks izmantoti dienesta viesn\u012bcas interjer\u0101.<\/span><br data-text=\"true\" \/><br \/>\n<br \/>\n<span style=\"font-size: 12pt;\"> Materi\u0101lu sagatavoja skolot\u0101jas Ed\u012bte G\u012bme un Zanda \u0160legelmilha, L\u0101ses Juskas foto.<\/span><\/p>\n<p>\u00a0<\/p>\n<p><a href=\"http:\/\/www.kuldigastehnikums.lv\/wp-content\/uploads\/2017\/01\/15304253_10207532075281001_4288961296247677752_o.jpg\"><img fetchpriority=\"high\" decoding=\"async\" class=\"size-large wp-image-6786 aligncenter\" src=\"http:\/\/www.kuldigastehnikums.lv\/wp-content\/uploads\/2017\/01\/15304253_10207532075281001_4288961296247677752_o-1024x576.jpg\" alt=\"\" width=\"530\" height=\"298\" \/><\/a> <a href=\"http:\/\/www.kuldigastehnikums.lv\/wp-content\/uploads\/2017\/01\/15325290_10207532075681011_2552610923235460771_o.jpg\"><img decoding=\"async\" class=\"size-large wp-image-6787 aligncenter\" src=\"http:\/\/www.kuldigastehnikums.lv\/wp-content\/uploads\/2017\/01\/15325290_10207532075681011_2552610923235460771_o-1024x686.jpg\" alt=\"\" width=\"530\" height=\"355\" \/><\/a><\/p>\n","protected":false},"excerpt":{"rendered":"<p>Decembra beig\u0101s nosl\u0113dz\u0101s fotokonkurss &#8220;Mana Kuld\u012bga&#8221; un tika sveikti t\u0101 laure\u0101ti. Fotokonkursam savus darbus iesniedza 23 dal\u012bbnieki. Par konkursa uzvar\u0113t\u0101ju k\u013cuva Ance Aizupe, 2.vietu ieguva Linda \u0100boma, bet 3.vietu- Normunds Borti\u0146\u0161. Sveicam laure\u0101tus un visus konkursa dal\u012bbniekus! Paldies konkursa \u017e\u016brijai- skolot\u0101j\u0101m Zanei Lasei, Ivetai Rogai, Gunitai Urb\u0101nei un Ed\u012btei G\u012bmei! Konkursa \u017e\u016brija pie\u0161\u0137\u012bra ar\u012b speci\u0101lbalvu<a class=\"moretag\" href=\"https:\/\/www.kuldigastehnikums.lv\/index.php\/jaunumi\/jaunumi-arhivs\/nosledzies-fotokonkurss-mana-kuldiga\/\"> Vair\u0101k<\/a> [&#8230;]<\/p>\n<p><a class=\"btn btn-secondary understrap-read-more-link\" href=\"https:\/\/www.kuldigastehnikums.lv\/index.php\/jaunumi\/jaunumi-arhivs\/nosledzies-fotokonkurss-mana-kuldiga\/\">Vair\u0101k&#8230;<\/a><\/p>\n","protected":false},"author":2,"featured_media":0,"parent":5791,"menu_order":0,"comment_status":"open","ping_status":"open","template":"","meta":{"footnotes":""},"class_list":["post-6131","page","type-page","status-publish","hentry"],"_links":{"self":[{"href":"https:\/\/www.kuldigastehnikums.lv\/index.php\/wp-json\/wp\/v2\/pages\/6131","targetHints":{"allow":["GET"]}}],"collection":[{"href":"https:\/\/www.kuldigastehnikums.lv\/index.php\/wp-json\/wp\/v2\/pages"}],"about":[{"href":"https:\/\/www.kuldigastehnikums.lv\/index.php\/wp-json\/wp\/v2\/types\/page"}],"author":[{"embeddable":true,"href":"https:\/\/www.kuldigastehnikums.lv\/index.php\/wp-json\/wp\/v2\/users\/2"}],"replies":[{"embeddable":true,"href":"https:\/\/www.kuldigastehnikums.lv\/index.php\/wp-json\/wp\/v2\/comments?post=6131"}],"version-history":[{"count":0,"href":"https:\/\/www.kuldigastehnikums.lv\/index.php\/wp-json\/wp\/v2\/pages\/6131\/revisions"}],"up":[{"embeddable":true,"href":"https:\/\/www.kuldigastehnikums.lv\/index.php\/wp-json\/wp\/v2\/pages\/5791"}],"wp:attachment":[{"href":"https:\/\/www.kuldigastehnikums.lv\/index.php\/wp-json\/wp\/v2\/media?parent=6131"}],"curies":[{"name":"wp","href":"https:\/\/api.w.org\/{rel}","templated":true}]}}