{"id":6132,"date":"2019-12-22T21:19:04","date_gmt":"2019-12-22T21:19:04","guid":{"rendered":"http:\/\/www.kuldigastehnikums.lv\/jaunumi\/jaunumi-2018\/audzekni-piedalas-konkursa-es-lepojos-ar-paveikto\/"},"modified":"2019-12-22T21:19:04","modified_gmt":"2019-12-22T21:19:04","slug":"audzekni-piedalas-konkursa-es-lepojos-ar-paveikto","status":"publish","type":"page","link":"https:\/\/www.kuldigastehnikums.lv\/index.php\/jaunumi\/jaunumi-arhivs\/audzekni-piedalas-konkursa-es-lepojos-ar-paveikto\/","title":{"rendered":"Audz\u0113k\u0146i piedal\u0101s konkurs\u0101 &#8220;Es lepojos ar paveikto&#8221;"},"content":{"rendered":"<div id=\"eml-cke__body\" title=\"\"><span style=\"font-size: 12pt;\">25.janv\u0101r\u012b nosl\u0113dz\u0101s rado\u0161o darbu konkursa &#8220;Es lepojos ar paveikto&#8221; 3.k\u0101rta, kur\u0101 piedal\u012bj\u0101s 43 audz\u0113k\u0146i no 12 profesion\u0101l\u0101s izgl\u012bt\u012bbas iest\u0101d\u0113m. Dal\u012bbai konkursa 3.k\u0101rt\u0101 \u017e\u016brija (skolot\u0101ja Z.\u0160legelmilha un direktores vietniece A.Zeile) bija izvirz\u012bju\u0161as L.\u0160\u0113ni\u0146as p\u0101rspriedumu &#8220;Mana profesija &#8211; mana n\u0101kotne&#8221; un E.Freimanes p\u0101rspriedumu &#8220;Bez laba aroda tu esi nulle!&#8221;. Sveicam 22.grupas audz\u0113knes L.\u0160\u0113ni\u0146u un E.Freimani ar uzvaru 2.k\u0101rt\u0101!<\/span><\/p>\n<p><span style=\"font-size: 12pt;\"> Konkursa 1.k\u0101rt\u0101 piedal\u012bj\u0101s tehnikuma 6., 7., 4., 22. un 15.a grupas audz\u0113k\u0146i, kas iesniedza 18 konkursa darbus.\u00a0<\/span><\/p>\n<p><span style=\"font-size: 12pt;\"> Konkursu r\u012bkoja \u00a0Izgl\u012bt\u012bbas un zin\u0101tnes ministrija sadarb\u012bb\u0101 (IZM) ar Latvijas Darba dev\u0113ju konfeder\u0101ciju (LDDK), lai populariz\u0113tu profesion\u0101lo izgl\u012bt\u012bbu un sniegtu iesp\u0113ju lab\u0101k izprast jaunie\u0161u profesion\u0101lo potenci\u0101lu un talantus. Konkurss ir viens no kampa\u0146as &#8220;Dari un m\u0101cies &#8211; viss tikai s\u0101cies!&#8221; pas\u0101kumie, ko \u00a0no 2016. gada decembra l\u012bdz 2017. gada febru\u0101rim vis\u0101 Latvij\u0101 r\u012bko \u00a0IZM sadarb\u012bb\u0101 ar Latvijas LDDK profesion\u0101l\u0101s izgl\u012bt\u012bbas populariz\u0113\u0161anai un atbalstam.<\/span><\/p>\n<p><span style=\"font-size: 12pt;\"> Materi\u0101lu sagatavoja skolot\u0101ja Zanda \u0160legelmilha.<\/span><\/div>\n<div title=\"\">\u00a0<\/div>\n<div title=\"\">\n<div id='gallery-1' class='gallery galleryid-6132 gallery-columns-3 gallery-size-thumbnail'><figure class='gallery-item'>\n\t\t\t<div class='gallery-icon portrait'>\n\t\t\t\t<a href='https:\/\/www.kuldigastehnikums.lv\/index.php\/audzeknei-d-brazdoskai-panakumi-konkursa\/83396978_1253653584820646_2995253683345686528_o\/'><img decoding=\"async\" width=\"150\" height=\"150\" src=\"https:\/\/www.kuldigastehnikums.lv\/wp-content\/uploads\/2020\/02\/83396978_1253653584820646_2995253683345686528_o-150x150.jpg\" class=\"attachment-thumbnail size-thumbnail\" alt=\"\" \/><\/a>\n\t\t\t<\/div><\/figure><figure class='gallery-item'>\n\t\t\t<div class='gallery-icon landscape'>\n\t\t\t\t<a href='https:\/\/www.kuldigastehnikums.lv\/index.php\/audzeknei-d-brazdoskai-panakumi-konkursa\/83546299_1247589625427042_8408991541124661248_o\/'><img decoding=\"async\" width=\"150\" height=\"150\" src=\"https:\/\/www.kuldigastehnikums.lv\/wp-content\/uploads\/2020\/02\/83546299_1247589625427042_8408991541124661248_o-150x150.jpg\" class=\"attachment-thumbnail size-thumbnail\" alt=\"\" \/><\/a>\n\t\t\t<\/div><\/figure><figure class='gallery-item'>\n\t\t\t<div class='gallery-icon landscape'>\n\t\t\t\t<a href='https:\/\/www.kuldigastehnikums.lv\/index.php\/audzeknei-d-brazdoskai-panakumi-konkursa\/83401993_1247589538760384_1702014381702774784_o\/'><img decoding=\"async\" width=\"150\" height=\"150\" src=\"https:\/\/www.kuldigastehnikums.lv\/wp-content\/uploads\/2020\/02\/83401993_1247589538760384_1702014381702774784_o-150x150.jpg\" class=\"attachment-thumbnail size-thumbnail\" alt=\"\" \/><\/a>\n\t\t\t<\/div><\/figure>\n\t\t<\/div>\n\n<\/div>\n<div id=\"eml-cke__signature_top\" title=\"Paraksts\">\n<div id=\"eml-cke__signature_top-wrap\" class=\"eml-cke__signature\" title=\"\">\u00a0<\/div>\n<\/div>\n","protected":false},"excerpt":{"rendered":"<p>25.janv\u0101r\u012b nosl\u0113dz\u0101s rado\u0161o darbu konkursa &#8220;Es lepojos ar paveikto&#8221; 3.k\u0101rta, kur\u0101 piedal\u012bj\u0101s 43 audz\u0113k\u0146i no 12 profesion\u0101l\u0101s izgl\u012bt\u012bbas iest\u0101d\u0113m. Dal\u012bbai konkursa 3.k\u0101rt\u0101 \u017e\u016brija (skolot\u0101ja Z.\u0160legelmilha un direktores vietniece A.Zeile) bija izvirz\u012bju\u0161as L.\u0160\u0113ni\u0146as p\u0101rspriedumu &#8220;Mana profesija &#8211; mana n\u0101kotne&#8221; un E.Freimanes p\u0101rspriedumu &#8220;Bez laba aroda tu esi nulle!&#8221;. Sveicam 22.grupas audz\u0113knes L.\u0160\u0113ni\u0146u un E.Freimani ar uzvaru<a class=\"moretag\" href=\"https:\/\/www.kuldigastehnikums.lv\/index.php\/jaunumi\/jaunumi-arhivs\/audzekni-piedalas-konkursa-es-lepojos-ar-paveikto\/\"> Vair\u0101k<\/a> [&#8230;]<\/p>\n<p><a class=\"btn btn-secondary understrap-read-more-link\" href=\"https:\/\/www.kuldigastehnikums.lv\/index.php\/jaunumi\/jaunumi-arhivs\/audzekni-piedalas-konkursa-es-lepojos-ar-paveikto\/\">Vair\u0101k&#8230;<\/a><\/p>\n","protected":false},"author":2,"featured_media":0,"parent":5791,"menu_order":0,"comment_status":"open","ping_status":"open","template":"","meta":{"footnotes":""},"class_list":["post-6132","page","type-page","status-publish","hentry"],"_links":{"self":[{"href":"https:\/\/www.kuldigastehnikums.lv\/index.php\/wp-json\/wp\/v2\/pages\/6132","targetHints":{"allow":["GET"]}}],"collection":[{"href":"https:\/\/www.kuldigastehnikums.lv\/index.php\/wp-json\/wp\/v2\/pages"}],"about":[{"href":"https:\/\/www.kuldigastehnikums.lv\/index.php\/wp-json\/wp\/v2\/types\/page"}],"author":[{"embeddable":true,"href":"https:\/\/www.kuldigastehnikums.lv\/index.php\/wp-json\/wp\/v2\/users\/2"}],"replies":[{"embeddable":true,"href":"https:\/\/www.kuldigastehnikums.lv\/index.php\/wp-json\/wp\/v2\/comments?post=6132"}],"version-history":[{"count":0,"href":"https:\/\/www.kuldigastehnikums.lv\/index.php\/wp-json\/wp\/v2\/pages\/6132\/revisions"}],"up":[{"embeddable":true,"href":"https:\/\/www.kuldigastehnikums.lv\/index.php\/wp-json\/wp\/v2\/pages\/5791"}],"wp:attachment":[{"href":"https:\/\/www.kuldigastehnikums.lv\/index.php\/wp-json\/wp\/v2\/media?parent=6132"}],"curies":[{"name":"wp","href":"https:\/\/api.w.org\/{rel}","templated":true}]}}