{"id":6134,"date":"2019-12-22T21:19:04","date_gmt":"2019-12-22T21:19:04","guid":{"rendered":"http:\/\/www.kuldigastehnikums.lv\/jaunumi\/jaunumi-2018\/gatavosanas-simpozijam-mani-sirdsvardi-latvijai\/"},"modified":"2019-12-22T21:19:04","modified_gmt":"2019-12-22T21:19:04","slug":"gatavosanas-simpozijam-mani-sirdsvardi-latvijai","status":"publish","type":"page","link":"https:\/\/www.kuldigastehnikums.lv\/index.php\/jaunumi\/jaunumi-arhivs\/gatavosanas-simpozijam-mani-sirdsvardi-latvijai\/","title":{"rendered":"Gatavo\u0161an\u0101s simpozijam \u201eMani sirdsv\u0101rdi Latvijai\u201d"},"content":{"rendered":"<p><span style=\"font-size: 12pt;\">7.febru\u0101r\u012b tehnikuma direktore Dace Cine un skolot\u0101ji M\u0101rti\u0146\u0161 Mednieks, Ren\u0101rs Sakne un Zanda \u0160legelmilha, lai sagatavotu jaunatnes rado\u0161o v\u0101rda un koka m\u0101kslas simpoziju \u201eMani sirdsv\u0101rdi Latvijai\u201d, tik\u0101s ar sadarb\u012bbas partneriem no nodibin\u0101juma &#8220;Kokneses fonds&#8221; un Garkalnes M\u0101kslu un visp\u0101rizgl\u012btojo\u0161\u0101s vidusskolas. Tehnikuma deleg\u0101cija apmekl\u0113ja ar\u012b rakstnieka J.Jaunsudrabi\u0146a piemi\u0146as istabu Garkaln\u0113. Rado\u0161ais v\u0101rda un koka m\u0101kslas simpozijs \u201eMani sirdsv\u0101rdi Latvijai\u201d risin\u0101sies no 8.l\u012bdz 12.maijam Kuld\u012bg\u0101, bet nosl\u0113guma pas\u0101kums notiks 12.maij\u0101 Likte\u0146d\u0101rz\u0101, Koknes\u0113.<\/span><\/p>\n<p><span style=\"font-size: 12pt;\"> Latvijas valsts simtgades svin\u012bbas notiks laik\u0101 no 2017.gada l\u012bdz 2021.gadam. Latvijas valsts simtgades svin\u012bbu galvenais v\u0113st\u012bjums ir &#8220;Es esmu Latvija&#8221;, akcent\u0113jot, ka Latvijas valsts galven\u0101 v\u0113rt\u012bba ir cilv\u0113ki, kuri ar savu ikdienas dabu veido t\u0101s tagadni un kop\u0101 ar jauno paaudzi liek pamatus r\u012btdienai. Jaunatnes rado\u0161ais v\u0101rda un koka m\u0101kslas simpozijs &#8220;Mani sirdsv\u0101rdi Latvijai&#8221; ir viena no Latvijas valsts simtgades svin\u012bbu noris\u0113m.<\/span><\/p>\n<p><span style=\"font-size: 12pt;\"> Materi\u0101lu sagatavoja skolot\u0101ja Zanda \u0160legelmilha.<\/span><\/p>\n<p>\u00a0<\/p>\n<div id='gallery-1' class='gallery galleryid-6134 gallery-columns-4 gallery-size-thumbnail'><figure class='gallery-item'>\n\t\t\t<div class='gallery-icon landscape'>\n\t\t\t\t<a href='https:\/\/www.kuldigastehnikums.lv\/index.php\/enu-diena-tehnikuma-2\/87789312_1267735340079137_4543558877811048448_n\/'><img decoding=\"async\" width=\"150\" height=\"150\" src=\"https:\/\/www.kuldigastehnikums.lv\/wp-content\/uploads\/2020\/03\/87789312_1267735340079137_4543558877811048448_n-150x150.jpg\" class=\"attachment-thumbnail size-thumbnail\" alt=\"\" \/><\/a>\n\t\t\t<\/div><\/figure><figure class='gallery-item'>\n\t\t\t<div class='gallery-icon portrait'>\n\t\t\t\t<a href='https:\/\/www.kuldigastehnikums.lv\/index.php\/enu-diena-tehnikuma-2\/88224477_1267735260079145_6213370505261481984_n\/'><img decoding=\"async\" width=\"150\" height=\"150\" src=\"https:\/\/www.kuldigastehnikums.lv\/wp-content\/uploads\/2020\/03\/88224477_1267735260079145_6213370505261481984_n-150x150.jpg\" class=\"attachment-thumbnail size-thumbnail\" alt=\"\" \/><\/a>\n\t\t\t<\/div><\/figure><figure class='gallery-item'>\n\t\t\t<div class='gallery-icon portrait'>\n\t\t\t\t<a href='https:\/\/www.kuldigastehnikums.lv\/index.php\/enu-diena-tehnikuma-2\/87618873_1267735153412489_4407440034077081600_n\/'><img decoding=\"async\" width=\"150\" height=\"150\" src=\"https:\/\/www.kuldigastehnikums.lv\/wp-content\/uploads\/2020\/03\/87618873_1267735153412489_4407440034077081600_n-150x150.jpg\" class=\"attachment-thumbnail size-thumbnail\" alt=\"\" \/><\/a>\n\t\t\t<\/div><\/figure><figure class='gallery-item'>\n\t\t\t<div class='gallery-icon portrait'>\n\t\t\t\t<a href='https:\/\/www.kuldigastehnikums.lv\/index.php\/enu-diena-tehnikuma-2\/87289712_1267735200079151_6521311761939824640_n\/'><img loading=\"lazy\" decoding=\"async\" width=\"150\" height=\"150\" src=\"https:\/\/www.kuldigastehnikums.lv\/wp-content\/uploads\/2020\/03\/87289712_1267735200079151_6521311761939824640_n-150x150.jpg\" class=\"attachment-thumbnail size-thumbnail\" alt=\"\" \/><\/a>\n\t\t\t<\/div><\/figure><figure class='gallery-item'>\n\t\t\t<div class='gallery-icon landscape'>\n\t\t\t\t<a href='https:\/\/www.kuldigastehnikums.lv\/index.php\/enu-diena-tehnikuma-2\/87644051_1267735160079155_676513471457656832_n\/'><img loading=\"lazy\" decoding=\"async\" width=\"150\" height=\"150\" src=\"https:\/\/www.kuldigastehnikums.lv\/wp-content\/uploads\/2020\/03\/87644051_1267735160079155_676513471457656832_n-150x150.jpg\" class=\"attachment-thumbnail size-thumbnail\" alt=\"\" \/><\/a>\n\t\t\t<\/div><\/figure><figure class='gallery-item'>\n\t\t\t<div class='gallery-icon portrait'>\n\t\t\t\t<a href='https:\/\/www.kuldigastehnikums.lv\/index.php\/enu-diena-tehnikuma-2\/84555945_1258020201050651_4090175386946633728_n\/'><img loading=\"lazy\" decoding=\"async\" width=\"150\" height=\"150\" src=\"https:\/\/www.kuldigastehnikums.lv\/wp-content\/uploads\/2020\/03\/84555945_1258020201050651_4090175386946633728_n-150x150.jpg\" class=\"attachment-thumbnail size-thumbnail\" alt=\"\" \/><\/a>\n\t\t\t<\/div><\/figure><figure class='gallery-item'>\n\t\t\t<div class='gallery-icon portrait'>\n\t\t\t\t<a href='https:\/\/www.kuldigastehnikums.lv\/index.php\/enu-diena-tehnikuma-2\/85137949_1258020141050657_8468745587162873856_n\/'><img loading=\"lazy\" decoding=\"async\" width=\"150\" height=\"150\" src=\"https:\/\/www.kuldigastehnikums.lv\/wp-content\/uploads\/2020\/03\/85137949_1258020141050657_8468745587162873856_n-150x150.jpg\" class=\"attachment-thumbnail size-thumbnail\" alt=\"\" \/><\/a>\n\t\t\t<\/div><\/figure>\n\t\t<\/div>\n\n","protected":false},"excerpt":{"rendered":"<p>7.febru\u0101r\u012b tehnikuma direktore Dace Cine un skolot\u0101ji M\u0101rti\u0146\u0161 Mednieks, Ren\u0101rs Sakne un Zanda \u0160legelmilha, lai sagatavotu jaunatnes rado\u0161o v\u0101rda un koka m\u0101kslas simpoziju \u201eMani sirdsv\u0101rdi Latvijai\u201d, tik\u0101s ar sadarb\u012bbas partneriem no nodibin\u0101juma &#8220;Kokneses fonds&#8221; un Garkalnes M\u0101kslu un visp\u0101rizgl\u012btojo\u0161\u0101s vidusskolas. Tehnikuma deleg\u0101cija apmekl\u0113ja ar\u012b rakstnieka J.Jaunsudrabi\u0146a piemi\u0146as istabu Garkaln\u0113. Rado\u0161ais v\u0101rda un koka m\u0101kslas simpozijs<a class=\"moretag\" href=\"https:\/\/www.kuldigastehnikums.lv\/index.php\/jaunumi\/jaunumi-arhivs\/gatavosanas-simpozijam-mani-sirdsvardi-latvijai\/\"> Vair\u0101k<\/a> [&#8230;]<\/p>\n<p><a class=\"btn btn-secondary understrap-read-more-link\" href=\"https:\/\/www.kuldigastehnikums.lv\/index.php\/jaunumi\/jaunumi-arhivs\/gatavosanas-simpozijam-mani-sirdsvardi-latvijai\/\">Vair\u0101k&#8230;<\/a><\/p>\n","protected":false},"author":2,"featured_media":0,"parent":5791,"menu_order":0,"comment_status":"open","ping_status":"open","template":"","meta":{"footnotes":""},"class_list":["post-6134","page","type-page","status-publish","hentry"],"_links":{"self":[{"href":"https:\/\/www.kuldigastehnikums.lv\/index.php\/wp-json\/wp\/v2\/pages\/6134","targetHints":{"allow":["GET"]}}],"collection":[{"href":"https:\/\/www.kuldigastehnikums.lv\/index.php\/wp-json\/wp\/v2\/pages"}],"about":[{"href":"https:\/\/www.kuldigastehnikums.lv\/index.php\/wp-json\/wp\/v2\/types\/page"}],"author":[{"embeddable":true,"href":"https:\/\/www.kuldigastehnikums.lv\/index.php\/wp-json\/wp\/v2\/users\/2"}],"replies":[{"embeddable":true,"href":"https:\/\/www.kuldigastehnikums.lv\/index.php\/wp-json\/wp\/v2\/comments?post=6134"}],"version-history":[{"count":0,"href":"https:\/\/www.kuldigastehnikums.lv\/index.php\/wp-json\/wp\/v2\/pages\/6134\/revisions"}],"up":[{"embeddable":true,"href":"https:\/\/www.kuldigastehnikums.lv\/index.php\/wp-json\/wp\/v2\/pages\/5791"}],"wp:attachment":[{"href":"https:\/\/www.kuldigastehnikums.lv\/index.php\/wp-json\/wp\/v2\/media?parent=6134"}],"curies":[{"name":"wp","href":"https:\/\/api.w.org\/{rel}","templated":true}]}}