{"id":6135,"date":"2019-12-22T21:19:04","date_gmt":"2019-12-22T21:19:04","guid":{"rendered":"http:\/\/www.kuldigastehnikums.lv\/jaunumi\/jaunumi-2018\/d-bruverei-atziniba-projekta-lasitkare\/"},"modified":"2019-12-22T21:19:04","modified_gmt":"2019-12-22T21:19:04","slug":"d-bruverei-atziniba-projekta-lasitkare","status":"publish","type":"page","link":"https:\/\/www.kuldigastehnikums.lv\/index.php\/jaunumi\/jaunumi-arhivs\/d-bruverei-atziniba-projekta-lasitkare\/","title":{"rendered":"D.Br\u016bverei atzin\u012bba projekt\u0101 &#8220;LAS\u012aTK\u0100RE&#8221;"},"content":{"rendered":"<p><span style=\"font-size: 12pt;\">Tehnikuma audz\u0113kne Dita Br\u016bvere ieguvusi atzin\u012bbu Kuld\u012bgas Galven\u0101s bibliot\u0113kas organiz\u0113taj\u0101 projekt\u0101 &#8220;LAS\u012aTK\u0100RE&#8221;. Projekt\u0101 piedal\u012bj\u0101s 42 jaunie\u0161i, no kuriem 17, t.sk. D.Br\u016bvere, uzrakst\u012bja ar\u012b esejas. Lepojamies!<\/span><\/p>\n<p><span style=\"font-size: 12pt;\"> Projekta dal\u012bbniekiem bija j\u0101izlasa 4 (organiz\u0113t\u0101ju nor\u0101d\u012btas) gr\u0101matas, j\u0101tiekas ar mentoru (m\u0101c\u012bt\u0101ju M\u0101rti\u0146u Burki-Burkevicu), lai p\u0101rrun\u0101tu izlas\u012bto, iespaidus, saj\u016btas, kop\u012bgi rastu atbildes, j\u0101uzraksta eseja ar nosaukumu \u201cSatikt sevi gr\u0101mat\u0101\u201d. 1.febru\u0101r\u012b dal\u012bbniekiem bija j\u0101piedal\u0101s diskusij\u0101 \u201cEs gr\u0101mat\u0101. Gr\u0101mata man\u012b\u201d, ko vad\u012bja Kuld\u012bgas pils\u0113tas m\u0113re Inga B\u0113rzi\u0146a .<\/span><\/p>\n<p><span style=\"font-size: 12pt;\"> Projekta m\u0113r\u0137is ir:<\/span><br \/>\n<span style=\"font-size: 12pt;\"> Rad\u012bt las\u012btk\u0101ri, atkl\u0101jot jaunie\u0161iem gr\u0101matas, kur\u0101s ir aizraut\u012bba, realit\u0101te, kura mijas ar kr\u0101\u0161\u0146u izdomu, notikumi, kuri j\u0101izdz\u012bvo, mirk\u013ci, kuri j\u0101izj\u016bt, st\u0101sts, kur\u0161 dom\u0101s neatlai\u017e;<\/span><br \/>\n<span style=\"font-size: 12pt;\"> Pier\u0101d\u012bt, ka m\u016bsdienu jaunietim gr\u0101mata ir svar\u012bga, ka vi\u0146\u0161 nav vienaldz\u012bgs, bet ir zin\u0101t, dz\u012bvot, smieties, izt\u0113loties, just k\u0101rs;<\/span><br \/>\n<span style=\"font-size: 12pt;\"> D\u0101v\u0101t iesp\u0113ju jaunie\u0161iem satikt spilgtas person\u012bbas tepat Kuld\u012bg\u0101. Satikt, iepaz\u012bt, parun\u0101t, jaut\u0101t, atbild\u0113t, g\u016bt iedvesmu;<\/span><br \/>\n<span style=\"font-size: 12pt;\"> Turpin\u0101t \u0161o projektu gadu no gada, piesaistot vair\u0101k jaunie\u0161us un mentorus, lai gr\u0101matas bibliot\u0113kas plauktos nest\u0101v nelas\u012btas, lai domas nepaliek neizdom\u0101tas, lai st\u0101sti neizz\u016bd neizst\u0101st\u012bti.<\/span><\/p>\n<p><span style=\"font-size: 12pt;\"> Materi\u0101lu sagatavoja skolot\u0101ja Zanda \u0160legelmilha.<\/span><\/p>\n<p>\u00a0<\/p>\n<p><strong><span style=\"font-size: 12pt;\">TVSkrunda si\u017eets par projektu &#8220;LAS\u012aTK\u0100RE&#8221; \u0161eit-<\/span><\/strong><br \/>\n<a href=\"https:\/\/www.youtube.com\/watch?v=CTEeZ5iLDEA&#038;feature=share\"><strong><span style=\"font-size: 12pt;\"> https:\/\/www.youtube.com\/watch?v=CTEeZ5iLDEA&#038;feature=share<\/span><\/strong><\/a><br \/>\n\u00a0<\/p>\n<p>\u00a0<\/p>\n<p><a href=\"http:\/\/www.kuldigastehnikums.lv\/wp-content\/uploads\/2017\/02\/IMG_20170213_201406.jpg\"><img fetchpriority=\"high\" decoding=\"async\" class=\"aligncenter wp-image-7087 size-medium\" src=\"http:\/\/www.kuldigastehnikums.lv\/wp-content\/uploads\/2017\/02\/IMG_20170213_201406-300x225.jpg\" width=\"300\" height=\"225\" \/><\/a><\/p>\n","protected":false},"excerpt":{"rendered":"<p>Tehnikuma audz\u0113kne Dita Br\u016bvere ieguvusi atzin\u012bbu Kuld\u012bgas Galven\u0101s bibliot\u0113kas organiz\u0113taj\u0101 projekt\u0101 &#8220;LAS\u012aTK\u0100RE&#8221;. Projekt\u0101 piedal\u012bj\u0101s 42 jaunie\u0161i, no kuriem 17, t.sk. D.Br\u016bvere, uzrakst\u012bja ar\u012b esejas. Lepojamies! Projekta dal\u012bbniekiem bija j\u0101izlasa 4 (organiz\u0113t\u0101ju nor\u0101d\u012btas) gr\u0101matas, j\u0101tiekas ar mentoru (m\u0101c\u012bt\u0101ju M\u0101rti\u0146u Burki-Burkevicu), lai p\u0101rrun\u0101tu izlas\u012bto, iespaidus, saj\u016btas, kop\u012bgi rastu atbildes, j\u0101uzraksta eseja ar nosaukumu \u201cSatikt sevi gr\u0101mat\u0101\u201d. 1.febru\u0101r\u012b<a class=\"moretag\" href=\"https:\/\/www.kuldigastehnikums.lv\/index.php\/jaunumi\/jaunumi-arhivs\/d-bruverei-atziniba-projekta-lasitkare\/\"> Vair\u0101k<\/a> [&#8230;]<\/p>\n<p><a class=\"btn btn-secondary understrap-read-more-link\" href=\"https:\/\/www.kuldigastehnikums.lv\/index.php\/jaunumi\/jaunumi-arhivs\/d-bruverei-atziniba-projekta-lasitkare\/\">Vair\u0101k&#8230;<\/a><\/p>\n","protected":false},"author":2,"featured_media":0,"parent":5791,"menu_order":0,"comment_status":"open","ping_status":"open","template":"","meta":{"footnotes":""},"class_list":["post-6135","page","type-page","status-publish","hentry"],"_links":{"self":[{"href":"https:\/\/www.kuldigastehnikums.lv\/index.php\/wp-json\/wp\/v2\/pages\/6135","targetHints":{"allow":["GET"]}}],"collection":[{"href":"https:\/\/www.kuldigastehnikums.lv\/index.php\/wp-json\/wp\/v2\/pages"}],"about":[{"href":"https:\/\/www.kuldigastehnikums.lv\/index.php\/wp-json\/wp\/v2\/types\/page"}],"author":[{"embeddable":true,"href":"https:\/\/www.kuldigastehnikums.lv\/index.php\/wp-json\/wp\/v2\/users\/2"}],"replies":[{"embeddable":true,"href":"https:\/\/www.kuldigastehnikums.lv\/index.php\/wp-json\/wp\/v2\/comments?post=6135"}],"version-history":[{"count":0,"href":"https:\/\/www.kuldigastehnikums.lv\/index.php\/wp-json\/wp\/v2\/pages\/6135\/revisions"}],"up":[{"embeddable":true,"href":"https:\/\/www.kuldigastehnikums.lv\/index.php\/wp-json\/wp\/v2\/pages\/5791"}],"wp:attachment":[{"href":"https:\/\/www.kuldigastehnikums.lv\/index.php\/wp-json\/wp\/v2\/media?parent=6135"}],"curies":[{"name":"wp","href":"https:\/\/api.w.org\/{rel}","templated":true}]}}