{"id":6140,"date":"2019-12-22T21:19:04","date_gmt":"2019-12-22T21:19:04","guid":{"rendered":"http:\/\/www.kuldigastehnikums.lv\/jaunumi\/jaunumi-2018\/tehnikumiesi-enu-diena-saeima\/"},"modified":"2019-12-22T21:19:04","modified_gmt":"2019-12-22T21:19:04","slug":"tehnikumiesi-enu-diena-saeima","status":"publish","type":"page","link":"https:\/\/www.kuldigastehnikums.lv\/index.php\/jaunumi\/jaunumi-arhivs\/tehnikumiesi-enu-diena-saeima\/","title":{"rendered":"Tehnikumie\u0161i \u0112nu dien\u0101 Saeim\u0101"},"content":{"rendered":"<div id=\"eml-cke__body\" title=\"\"><span style=\"font-size: 12pt;\">15.febru\u0101r\u012b tehnikuma audz\u0113knes \u00a0Annija Alk\u0161are, Vanesa Kleina, Egija Vanaga, El\u012bna Silirova un Eva Emija Betlere piedal\u012bj\u0101s \u0112nu dien\u0101 Saeim\u0101 un &#8220;\u0113noja&#8221; deput\u0101tus Ingm\u0101ru L\u012bdaku un Nelliju Kleinbergu. Jaunietes \u0112nu dien\u0101 izzin\u0101ja parlamenta darba ikdienu, k\u0101 ar\u012b piedal\u012bj\u0101s svin\u012bgajos pas\u0101kumos par godu 1922.gada 15.febru\u0101r\u012b pie\u0146emt\u0101s Latvijas Republikas Satversmes 95.gadadienai.<\/span><\/p>\n<p><span style=\"font-size: 12pt;\"> Saeimas priek\u0161s\u0113d\u0113t\u0101ja In\u0101ra M\u016brniece varir\u0101k nek\u0101 180 \u201e\u0113n\u0101m\u201d no visas Latvijas nov\u0113l\u0113ja saglab\u0101t zin\u0101tk\u0101ri, nekad neapst\u0101ties sevis pilnveid\u0113 un tiekties p\u0113c labas izgl\u012bt\u012bbas.\u00a0<\/span><br \/>\n<span style=\"font-size: 12pt;\"> \u00a0<\/span><br \/>\n<span style=\"font-size: 12pt;\"> \u0112nu dien\u0101 Saeim\u0101 tehnikuma audz\u0113k\u0146i piedal\u012bj\u0101s otro reizi.\u00a0<\/span><\/p>\n<p><span style=\"font-size: 12pt;\"> Materi\u0101lu sagatavoja skolot\u0101ja Zanda \u0160legelmiha, foto: Ernests Dinka.<\/span><\/div>\n<div id=\"eml-cke__signature_top\" title=\"Paraksts\">\n<div id=\"eml-cke__signature_top-wrap\" class=\"eml-cke__signature\" title=\"\">\u00a0<\/div>\n<\/div>\n<div id=\"eml-cke__signature_bottom\" title=\"Paraksts\">\u00a0<\/p>\n<div id='gallery-1' class='gallery galleryid-6140 gallery-columns-4 gallery-size-thumbnail'><figure class='gallery-item'>\n\t\t\t<div class='gallery-icon landscape'>\n\t\t\t\t<a href='https:\/\/www.kuldigastehnikums.lv\/atcelts\/'><img decoding=\"async\" width=\"150\" height=\"150\" src=\"https:\/\/www.kuldigastehnikums.lv\/wp-content\/uploads\/2020\/04\/atcelts-150x150.png\" class=\"attachment-thumbnail size-thumbnail\" alt=\"\" \/><\/a>\n\t\t\t<\/div><\/figure>\n\t\t<\/div>\n\n<\/div>\n","protected":false},"excerpt":{"rendered":"<p>15.febru\u0101r\u012b tehnikuma audz\u0113knes \u00a0Annija Alk\u0161are, Vanesa Kleina, Egija Vanaga, El\u012bna Silirova un Eva Emija Betlere piedal\u012bj\u0101s \u0112nu dien\u0101 Saeim\u0101 un &#8220;\u0113noja&#8221; deput\u0101tus Ingm\u0101ru L\u012bdaku un Nelliju Kleinbergu. Jaunietes \u0112nu dien\u0101 izzin\u0101ja parlamenta darba ikdienu, k\u0101 ar\u012b piedal\u012bj\u0101s svin\u012bgajos pas\u0101kumos par godu 1922.gada 15.febru\u0101r\u012b pie\u0146emt\u0101s Latvijas Republikas Satversmes 95.gadadienai. Saeimas priek\u0161s\u0113d\u0113t\u0101ja In\u0101ra M\u016brniece varir\u0101k nek\u0101 180<a class=\"moretag\" href=\"https:\/\/www.kuldigastehnikums.lv\/index.php\/jaunumi\/jaunumi-arhivs\/tehnikumiesi-enu-diena-saeima\/\"> Vair\u0101k<\/a> [&#8230;]<\/p>\n<p><a class=\"btn btn-secondary understrap-read-more-link\" href=\"https:\/\/www.kuldigastehnikums.lv\/index.php\/jaunumi\/jaunumi-arhivs\/tehnikumiesi-enu-diena-saeima\/\">Vair\u0101k&#8230;<\/a><\/p>\n","protected":false},"author":2,"featured_media":0,"parent":5791,"menu_order":0,"comment_status":"open","ping_status":"open","template":"","meta":{"footnotes":""},"class_list":["post-6140","page","type-page","status-publish","hentry"],"_links":{"self":[{"href":"https:\/\/www.kuldigastehnikums.lv\/index.php\/wp-json\/wp\/v2\/pages\/6140","targetHints":{"allow":["GET"]}}],"collection":[{"href":"https:\/\/www.kuldigastehnikums.lv\/index.php\/wp-json\/wp\/v2\/pages"}],"about":[{"href":"https:\/\/www.kuldigastehnikums.lv\/index.php\/wp-json\/wp\/v2\/types\/page"}],"author":[{"embeddable":true,"href":"https:\/\/www.kuldigastehnikums.lv\/index.php\/wp-json\/wp\/v2\/users\/2"}],"replies":[{"embeddable":true,"href":"https:\/\/www.kuldigastehnikums.lv\/index.php\/wp-json\/wp\/v2\/comments?post=6140"}],"version-history":[{"count":0,"href":"https:\/\/www.kuldigastehnikums.lv\/index.php\/wp-json\/wp\/v2\/pages\/6140\/revisions"}],"up":[{"embeddable":true,"href":"https:\/\/www.kuldigastehnikums.lv\/index.php\/wp-json\/wp\/v2\/pages\/5791"}],"wp:attachment":[{"href":"https:\/\/www.kuldigastehnikums.lv\/index.php\/wp-json\/wp\/v2\/media?parent=6140"}],"curies":[{"name":"wp","href":"https:\/\/api.w.org\/{rel}","templated":true}]}}