{"id":6142,"date":"2019-12-22T21:19:04","date_gmt":"2019-12-22T21:19:04","guid":{"rendered":"http:\/\/www.kuldigastehnikums.lv\/jaunumi\/jaunumi-2018\/atklata-stunda-dzive-latvija-psrs-laika\/"},"modified":"2019-12-22T21:19:04","modified_gmt":"2019-12-22T21:19:04","slug":"atklata-stunda-dzive-latvija-psrs-laika","status":"publish","type":"page","link":"https:\/\/www.kuldigastehnikums.lv\/index.php\/jaunumi\/jaunumi-arhivs\/atklata-stunda-dzive-latvija-psrs-laika\/","title":{"rendered":"Atkl\u0101t\u0101 stunda &#8220;Dz\u012bve Latvij\u0101 PSRS laik\u0101&#8221;"},"content":{"rendered":"<div id=\"eml-cke__body\" title=\"\"><span style=\"font-size: 12pt;\">23.febru\u0101r\u012b skolot\u0101ja Gunita Meiere kop\u0101 ar 4.grupas audz\u0113k\u0146iem novad\u012bja atkl\u0101to stundu kol\u0113\u0123iem &#8220;Dz\u012bve Latvij\u0101 PSRS laik\u0101&#8221;, kas bija balst\u012bta uz audz\u0113k\u0146u pierakst\u012btajiem atmi\u0146u st\u0101stiem par dz\u012bvi padomju laik\u0101. Paldies par interesanto stundu skolot\u0101jai un audz\u0113k\u0146iem!<\/span><\/p>\n<p><span style=\"font-size: 12pt;\"> Materi\u0101lu sagatavoja skolot\u0101ja Zanda \u0160legelmilha.<\/span><\/div>\n<div id=\"eml-cke__signature_top\" title=\"Paraksts\">\n<div id=\"eml-cke__signature_top-wrap\" class=\"eml-cke__signature\" title=\"\">\u00a0<\/div>\n<div class=\"eml-cke__signature\" title=\"\">\n\n<\/div>\n<\/div>\n","protected":false},"excerpt":{"rendered":"<p>23.febru\u0101r\u012b skolot\u0101ja Gunita Meiere kop\u0101 ar 4.grupas audz\u0113k\u0146iem novad\u012bja atkl\u0101to stundu kol\u0113\u0123iem &#8220;Dz\u012bve Latvij\u0101 PSRS laik\u0101&#8221;, kas bija balst\u012bta uz audz\u0113k\u0146u pierakst\u012btajiem atmi\u0146u st\u0101stiem par dz\u012bvi padomju laik\u0101. Paldies par interesanto stundu skolot\u0101jai un audz\u0113k\u0146iem! Materi\u0101lu sagatavoja skolot\u0101ja Zanda \u0160legelmilha. \u00a0 [&#8230;]<\/p>\n<p><a class=\"btn btn-secondary understrap-read-more-link\" href=\"https:\/\/www.kuldigastehnikums.lv\/index.php\/jaunumi\/jaunumi-arhivs\/atklata-stunda-dzive-latvija-psrs-laika\/\">Vair\u0101k&#8230;<\/a><\/p>\n","protected":false},"author":2,"featured_media":0,"parent":5791,"menu_order":0,"comment_status":"open","ping_status":"open","template":"","meta":{"footnotes":""},"class_list":["post-6142","page","type-page","status-publish","hentry"],"_links":{"self":[{"href":"https:\/\/www.kuldigastehnikums.lv\/index.php\/wp-json\/wp\/v2\/pages\/6142","targetHints":{"allow":["GET"]}}],"collection":[{"href":"https:\/\/www.kuldigastehnikums.lv\/index.php\/wp-json\/wp\/v2\/pages"}],"about":[{"href":"https:\/\/www.kuldigastehnikums.lv\/index.php\/wp-json\/wp\/v2\/types\/page"}],"author":[{"embeddable":true,"href":"https:\/\/www.kuldigastehnikums.lv\/index.php\/wp-json\/wp\/v2\/users\/2"}],"replies":[{"embeddable":true,"href":"https:\/\/www.kuldigastehnikums.lv\/index.php\/wp-json\/wp\/v2\/comments?post=6142"}],"version-history":[{"count":0,"href":"https:\/\/www.kuldigastehnikums.lv\/index.php\/wp-json\/wp\/v2\/pages\/6142\/revisions"}],"up":[{"embeddable":true,"href":"https:\/\/www.kuldigastehnikums.lv\/index.php\/wp-json\/wp\/v2\/pages\/5791"}],"wp:attachment":[{"href":"https:\/\/www.kuldigastehnikums.lv\/index.php\/wp-json\/wp\/v2\/media?parent=6142"}],"curies":[{"name":"wp","href":"https:\/\/api.w.org\/{rel}","templated":true}]}}