{"id":6145,"date":"2019-12-22T21:19:04","date_gmt":"2019-12-22T21:19:04","guid":{"rendered":"http:\/\/www.kuldigastehnikums.lv\/jaunumi\/jaunumi-2018\/ikgadeja-skolotaju-konference-aizvadita\/"},"modified":"2019-12-22T21:19:04","modified_gmt":"2019-12-22T21:19:04","slug":"ikgadeja-skolotaju-konference-aizvadita","status":"publish","type":"page","link":"https:\/\/www.kuldigastehnikums.lv\/index.php\/jaunumi\/jaunumi-arhivs\/ikgadeja-skolotaju-konference-aizvadita\/","title":{"rendered":"Ikgad\u0113j\u0101 skolot\u0101ju konference aizvad\u012bta"},"content":{"rendered":"<p><span style=\"font-size: 12pt;\">16. un 17. mart\u0101 PIKC Kuld\u012bgas Tehnolo\u0123iju un t\u016brisma tehnikum\u0101 notika divu dienu profesion\u0101l\u0101s kompetences pilnveides konference &#8220;Mani sirdsv\u0101rdi Latvijai&#8221; valsts profesion\u0101l\u0101s izgl\u012bt\u012bbas iest\u0101\u017eu v\u0113stures, latvie\u0161u valodas un literat\u016bras skolot\u0101jiem. Konference tika organiz\u0113ta sadarb\u012bb\u0101 ar Valsts izgl\u012bt\u012bbas satura centru, piesaistot VKKF m\u0113r\u0137programmas &#8221; Latvijai- 100&#8243; l\u012bdzfinans\u0113jumu.<\/span><\/p>\n<p><span style=\"font-size: 12pt;\"> Konferenci atkl\u0101ja tehnikuma direktore Dace Cine, Kuld\u012bgas novada Domes priek\u0161s\u0113d\u0113t\u0101ja Inga B\u0113rzi\u0146a un Kuld\u012bgas novada pa\u0161vald\u012bbas Izgl\u012bt\u012bbas noda\u013cas vad\u012bt\u0101ja Santa Dubure. Konferences 1.da\u013c\u0101 ar priek\u0161las\u012bjumu par t\u0113mu &#8220;Latvija Otraj\u0101 pasaules kar\u0101: pag\u0101tne un m\u016bsdienas&#8221; uzst\u0101j\u0101s Latvijas Okup\u0101cijas muzeja Publisk\u0101s v\u0113stures noda\u013cas vad\u012bt\u0101js Dr. hist. Uldis Neiburgs, Latvijas Universit\u0101tes Soci\u0101lo zin\u0101t\u0146u fakult\u0101tes Komunik\u0101cijas studiju noda\u013cas profesore Dr. hist. Vita Zel\u010de refer\u0113ja par t\u0113mu &#8220;Kult\u016bras atmi\u0146a: teor\u0113tiskie aspekti un prakse&#8221; un bijus\u012b LR v\u0113stniece Somij\u0101 un Igaunij\u0101, rakstniece un tulkot\u0101ja Anna \u017d\u012bgure- par t\u0113mu &#8220;Pa\u0161cie\u0146a. Karogs. Valoda. Dzimtas st\u0101sts&#8221;.<\/span><\/p>\n<p><span style=\"font-size: 12pt;\"> P\u0113c tam konferences dal\u012bbniekiem bija iesp\u0113ja hospit\u0113t PIKC Kuld\u012bgas Tehnolo\u0123iju un t\u016brisma tehnikuma skolot\u0101ju Ineses Baumanes un Daces \u0160\u0113nas atkl\u0101to literat\u016bras un \u0113dienu gatavo\u0161anas tehnolo\u0123ijas sint\u0113zes stundu &#8220;\u010caks virtuv\u0113&#8221; un pedago\u0123es Gunitas Meieres nodarb\u012bbu &#8220;Dz\u012bve Latvij\u0101 PSRS laikos&#8221;.<\/span><\/p>\n<p><span style=\"font-size: 12pt;\"> Konferences 2.da\u013c\u0101 uzst\u0101j\u0101s etnogr\u0101fisk\u0101 ansamb\u013ca &#8220;Suitu sievas&#8221; vad\u012bt\u0101ja Ilga Leimane par t\u0113mu &#8221; Suitu kult\u016brtelpa&#8221;, sagatavojot skolot\u0101jus konferences izbraukuma da\u013cai uz J\u016brkalni.<\/span><\/p>\n<p><span style=\"font-size: 12pt;\"> N\u0101kamaj\u0101 konferences dien\u0101 kl\u0101teso\u0161ie uzklaus\u012bja SIA &#8220;Izdevniec\u012bba RaKa&#8221; galven\u0101 redaktora Dr. paed., Mg. hist. Vi\u013c\u0146a Pur\u0113na viedokli par tematu &#8220;M\u0101c\u012bbu literat\u016bra un kompetences: palieko\u0161ais un main\u012bgais&#8221; un NORDIC Training International partnera un apm\u0101c\u012bbu vad\u012bt\u0101ja Alek\u0161a Daumes lekciju &#8220;Inici\u0101cijas noz\u012bme jaunie\u0161u dz\u012bv\u0113&#8221;.\u00a0<\/span><\/p>\n<p><span style=\"font-size: 12pt;\"> Tam sekoja darbs metodiskaj\u0101s komisij\u0101s, savuk\u0101rt konferences nosl\u0113gum\u0101 \u00a0profesion\u0101l\u0101s izgl\u012bt\u012bbas iest\u0101\u017eu 19 latvie\u0161u valodas un literat\u016bras skolot\u0101ji nodibin\u0101ja pa\u0161i savu biedr\u012bbu un pulc\u0113j\u0101s pirmaj\u0101 t\u0101s san\u0101ksm\u0113. Tika iev\u0113l\u0113ta ar\u012b biedr\u012bbas valde 5 cilv\u0113ku sast\u0101v\u0101 (Sandra Ozola, L\u012bga Andronova, Antra Kalni\u0146a, Inese Baumane un Zanda \u0160legelmilha) par biedr\u012bbas priek\u0161s\u0113d\u0113t\u0101ju tika iev\u0113l\u0113ta Zanda \u0160legelmilha, par sekret\u0101ri- Inese Baumane, par revidenti- Ir\u0113na P\u0101rupe, par m\u0101jas lapas administratori- Ruta \u010canoglu.<\/span><\/p>\n<p><span style=\"font-size: 12pt;\"> Konferenc\u0113 piedal\u012bj\u0101s vair\u0101k nek\u0101 90 skolot\u0101ji no 40 izgl\u012bt\u012bbas iest\u0101d\u0113m. Konference tika organiz\u0113ta ceturto reizi, un pas\u0101kums iek\u013cauts pas\u0101kumu cikl\u0101 &#8220;Ce\u013c\u0101 uz Latvijas simtgadi&#8221;.\u00a0<\/span><\/p>\n<p><span style=\"font-size: 12pt;\"> Skolot\u0101ju profesion\u0101l\u0101s kompetences pilnveides semin\u0101rs &#8220;Novit\u0101tes latvie\u0161u valodas, literat\u016bras un v\u0113stures m\u0101c\u012b\u0161an\u0101 un apguv\u0113 m\u016bsdien\u012bga m\u0101c\u012bbu procesa nodro\u0161in\u0101\u0161anai&#8221;, kas iek\u013cauts konferences programm\u0101, ir viena no Latvijas valsts simtgades svin\u012bbu noris\u0113m. Vis\u0101 valst\u012b t\u0101s notiks no \u0161\u012b gada l\u012bdz 2021. gadam, un to galvenais v\u0113st\u012bjums ir &#8220;Es esmu Latvija&#8221;, akcent\u0113jot, ka m\u016bsu valsts galven\u0101 v\u0113rt\u012bba ir cilv\u0113ki, kuri ar savu ikdienas darbu veido t\u0101s tagadni un kop\u0101 ar jauno paaudzi liek pamatus r\u012btdienai.<\/span><\/p>\n<p><span style=\"font-size: 12pt;\"> &#8220;TVSkrunda&#8221; si\u017eetu par konferenci skat\u012bties \u0161eit:<\/span><br \/>\n<span style=\"font-size: 12pt;\"> <a href=\"https:\/\/www.youtube.com\/watch?v=4GZcXIWSvvw&#038;feature=share\">https:\/\/www.youtube.com\/watch?v=4GZcXIWSvvw&#038;feature=share<\/a><\/span><\/p>\n<p>\n<span style=\"font-size: 12pt;\"> Materi\u0101lu sagatavoja skolot\u0101ja Zanda \u0160legelmilha. Foto: Iveta Roga.<\/span><\/p>\n<p>\u00a0<\/p>\n<div id='gallery-1' class='gallery galleryid-6145 gallery-columns-4 gallery-size-thumbnail'><figure class='gallery-item'>\n\t\t\t<div class='gallery-icon landscape'>\n\t\t\t\t<a href='https:\/\/www.kuldigastehnikums.lv\/index.php\/maiznieki-atsakusi-klatienes-nodarbibas\/olympus-digital-camera-24\/'><img decoding=\"async\" width=\"150\" height=\"150\" src=\"https:\/\/www.kuldigastehnikums.lv\/wp-content\/uploads\/2020\/06\/P1010085-150x150.jpg\" class=\"attachment-thumbnail size-thumbnail\" alt=\"\" \/><\/a>\n\t\t\t<\/div><\/figure><figure class='gallery-item'>\n\t\t\t<div class='gallery-icon landscape'>\n\t\t\t\t<a href='https:\/\/www.kuldigastehnikums.lv\/index.php\/meistarklases-jaunpils-novada-iedzivotajiem-kuldigas-tehnikums\/82948949_1352916264894377_9163097634428018813_o\/'><img decoding=\"async\" width=\"150\" height=\"150\" src=\"https:\/\/www.kuldigastehnikums.lv\/wp-content\/uploads\/2020\/06\/82948949_1352916264894377_9163097634428018813_o-150x150.jpg\" class=\"attachment-thumbnail size-thumbnail\" alt=\"\" \/><\/a>\n\t\t\t<\/div><\/figure><figure class='gallery-item'>\n\t\t\t<div class='gallery-icon landscape'>\n\t\t\t\t<a href='https:\/\/www.kuldigastehnikums.lv\/index.php\/meistarklases-jaunpils-novada-iedzivotajiem-kuldigas-tehnikums\/82990931_1352914198227917_7264942094672230667_o\/'><img decoding=\"async\" width=\"150\" height=\"150\" src=\"https:\/\/www.kuldigastehnikums.lv\/wp-content\/uploads\/2020\/06\/82990931_1352914198227917_7264942094672230667_o-150x150.jpg\" class=\"attachment-thumbnail size-thumbnail\" alt=\"\" \/><\/a>\n\t\t\t<\/div><\/figure><figure class='gallery-item'>\n\t\t\t<div class='gallery-icon landscape'>\n\t\t\t\t<a href='https:\/\/www.kuldigastehnikums.lv\/index.php\/meistarklases-jaunpils-novada-iedzivotajiem-kuldigas-tehnikums\/83085945_1352914281561242_5074153503951691060_o\/'><img loading=\"lazy\" decoding=\"async\" width=\"150\" height=\"150\" src=\"https:\/\/www.kuldigastehnikums.lv\/wp-content\/uploads\/2020\/06\/83085945_1352914281561242_5074153503951691060_o-150x150.jpg\" class=\"attachment-thumbnail size-thumbnail\" alt=\"\" \/><\/a>\n\t\t\t<\/div><\/figure><figure class='gallery-item'>\n\t\t\t<div class='gallery-icon landscape'>\n\t\t\t\t<a href='https:\/\/www.kuldigastehnikums.lv\/index.php\/meistarklases-jaunpils-novada-iedzivotajiem-kuldigas-tehnikums\/102674088_1352913371561333_6405791119876037102_o\/'><img loading=\"lazy\" decoding=\"async\" width=\"150\" height=\"150\" src=\"https:\/\/www.kuldigastehnikums.lv\/wp-content\/uploads\/2020\/06\/102674088_1352913371561333_6405791119876037102_o-150x150.jpg\" class=\"attachment-thumbnail size-thumbnail\" alt=\"\" \/><\/a>\n\t\t\t<\/div><\/figure><figure class='gallery-item'>\n\t\t\t<div class='gallery-icon portrait'>\n\t\t\t\t<a href='https:\/\/www.kuldigastehnikums.lv\/index.php\/veiksmi-kvalifikacijas-eksamenos\/p1010060\/'><img loading=\"lazy\" decoding=\"async\" width=\"150\" height=\"150\" src=\"https:\/\/www.kuldigastehnikums.lv\/wp-content\/uploads\/2020\/06\/P1010060-150x150.jpg\" class=\"attachment-thumbnail size-thumbnail\" alt=\"\" \/><\/a>\n\t\t\t<\/div><\/figure><figure class='gallery-item'>\n\t\t\t<div class='gallery-icon landscape'>\n\t\t\t\t<a href='https:\/\/www.kuldigastehnikums.lv\/index.php\/veiksmi-kvalifikacijas-eksamenos\/olympus-digital-camera-19\/'><img loading=\"lazy\" decoding=\"async\" width=\"150\" height=\"150\" src=\"https:\/\/www.kuldigastehnikums.lv\/wp-content\/uploads\/2020\/06\/P1010071-150x150.jpg\" class=\"attachment-thumbnail size-thumbnail\" alt=\"\" \/><\/a>\n\t\t\t<\/div><\/figure><figure class='gallery-item'>\n\t\t\t<div class='gallery-icon portrait'>\n\t\t\t\t<a href='https:\/\/www.kuldigastehnikums.lv\/index.php\/restauratori-ir-atsakusi-klatienes-nodarbibas\/p1010077\/'><img loading=\"lazy\" decoding=\"async\" width=\"150\" height=\"150\" src=\"https:\/\/www.kuldigastehnikums.lv\/wp-content\/uploads\/2020\/06\/P1010077-e1592460579932-150x150.jpg\" class=\"attachment-thumbnail size-thumbnail\" alt=\"\" \/><\/a>\n\t\t\t<\/div><\/figure><figure class='gallery-item'>\n\t\t\t<div class='gallery-icon portrait'>\n\t\t\t\t<a href='https:\/\/www.kuldigastehnikums.lv\/index.php\/maiznieki-atsakusi-klatienes-nodarbibas\/olympus-digital-camera-22\/'><img loading=\"lazy\" decoding=\"async\" width=\"150\" height=\"150\" src=\"https:\/\/www.kuldigastehnikums.lv\/wp-content\/uploads\/2020\/06\/P1010079-150x150.jpg\" class=\"attachment-thumbnail size-thumbnail\" alt=\"\" \/><\/a>\n\t\t\t<\/div><\/figure><figure class='gallery-item'>\n\t\t\t<div class='gallery-icon portrait'>\n\t\t\t\t<a href='https:\/\/www.kuldigastehnikums.lv\/index.php\/veiksmi-kvalifikacijas-eksamenos\/p1010063\/'><img loading=\"lazy\" decoding=\"async\" width=\"150\" height=\"150\" src=\"https:\/\/www.kuldigastehnikums.lv\/wp-content\/uploads\/2020\/06\/P1010063-150x150.jpg\" class=\"attachment-thumbnail size-thumbnail\" alt=\"\" \/><\/a>\n\t\t\t<\/div><\/figure><figure class='gallery-item'>\n\t\t\t<div class='gallery-icon landscape'>\n\t\t\t\t<a href='https:\/\/www.kuldigastehnikums.lv\/index.php\/meistarklases-jaunpils-novada-iedzivotajiem-kuldigas-tehnikums\/102868824_1352913688227968_9018011264555256927_o\/'><img loading=\"lazy\" decoding=\"async\" width=\"150\" height=\"150\" src=\"https:\/\/www.kuldigastehnikums.lv\/wp-content\/uploads\/2020\/06\/102868824_1352913688227968_9018011264555256927_o-150x150.jpg\" class=\"attachment-thumbnail size-thumbnail\" alt=\"\" \/><\/a>\n\t\t\t<\/div><\/figure><figure class='gallery-item'>\n\t\t\t<div class='gallery-icon portrait'>\n\t\t\t\t<a href='https:\/\/www.kuldigastehnikums.lv\/index.php\/maiznieki-atsakusi-klatienes-nodarbibas\/olympus-digital-camera-23\/'><img loading=\"lazy\" decoding=\"async\" width=\"150\" height=\"150\" src=\"https:\/\/www.kuldigastehnikums.lv\/wp-content\/uploads\/2020\/06\/P1010083-150x150.jpg\" class=\"attachment-thumbnail size-thumbnail\" alt=\"\" \/><\/a>\n\t\t\t<\/div><\/figure><figure class='gallery-item'>\n\t\t\t<div class='gallery-icon portrait'>\n\t\t\t\t<a href='https:\/\/www.kuldigastehnikums.lv\/index.php\/maiznieki-atsakusi-klatienes-nodarbibas\/p1010080\/'><img loading=\"lazy\" decoding=\"async\" width=\"150\" height=\"150\" src=\"https:\/\/www.kuldigastehnikums.lv\/wp-content\/uploads\/2020\/06\/P1010080-150x150.jpg\" class=\"attachment-thumbnail size-thumbnail\" alt=\"\" \/><\/a>\n\t\t\t<\/div><\/figure><figure class='gallery-item'>\n\t\t\t<div class='gallery-icon landscape'>\n\t\t\t\t<a href='https:\/\/www.kuldigastehnikums.lv\/index.php\/veiksmi-kvalifikacijas-eksamenos\/olympus-digital-camera-20\/'><img loading=\"lazy\" decoding=\"async\" width=\"150\" height=\"150\" src=\"https:\/\/www.kuldigastehnikums.lv\/wp-content\/uploads\/2020\/06\/P1010073-150x150.jpg\" class=\"attachment-thumbnail size-thumbnail\" alt=\"\" \/><\/a>\n\t\t\t<\/div><\/figure><figure class='gallery-item'>\n\t\t\t<div class='gallery-icon landscape'>\n\t\t\t\t<a href='https:\/\/www.kuldigastehnikums.lv\/index.php\/meistarklases-jaunpils-novada-iedzivotajiem-kuldigas-tehnikums\/83096700_1352912971561373_6911513403993136782_o\/'><img loading=\"lazy\" decoding=\"async\" width=\"150\" height=\"150\" src=\"https:\/\/www.kuldigastehnikums.lv\/wp-content\/uploads\/2020\/06\/83096700_1352912971561373_6911513403993136782_o-150x150.jpg\" class=\"attachment-thumbnail size-thumbnail\" alt=\"\" \/><\/a>\n\t\t\t<\/div><\/figure><figure class='gallery-item'>\n\t\t\t<div class='gallery-icon portrait'>\n\t\t\t\t<a href='https:\/\/www.kuldigastehnikums.lv\/index.php\/meistarklases-jaunpils-novada-iedzivotajiem-kuldigas-tehnikums\/87505902_1267756150077056_5420312099794452480_o\/'><img loading=\"lazy\" decoding=\"async\" width=\"150\" height=\"150\" src=\"https:\/\/www.kuldigastehnikums.lv\/wp-content\/uploads\/2020\/06\/87505902_1267756150077056_5420312099794452480_o-150x150.jpg\" class=\"attachment-thumbnail size-thumbnail\" alt=\"\" \/><\/a>\n\t\t\t<\/div><\/figure><figure class='gallery-item'>\n\t\t\t<div class='gallery-icon landscape'>\n\t\t\t\t<a href='https:\/\/www.kuldigastehnikums.lv\/index.php\/sveicam-tehnikuma-studenti-ivetu-asni-ar-uzvaru-starptautiskaja-konkursa-vesture-ap-mums\/picture1-9\/'><img loading=\"lazy\" decoding=\"async\" width=\"150\" height=\"103\" src=\"https:\/\/www.kuldigastehnikums.lv\/wp-content\/uploads\/2020\/05\/Picture1-150x103.png\" class=\"attachment-thumbnail size-thumbnail\" alt=\"\" \/><\/a>\n\t\t\t<\/div><\/figure><figure class='gallery-item'>\n\t\t\t<div class='gallery-icon landscape'>\n\t\t\t\t<a href='https:\/\/www.kuldigastehnikums.lv\/index.php\/centralizeta-anglu-valodas-eksamena-komisiju-darbs\/p1010059\/'><img loading=\"lazy\" decoding=\"async\" width=\"150\" height=\"150\" src=\"https:\/\/www.kuldigastehnikums.lv\/wp-content\/uploads\/2020\/06\/P1010059-150x150.jpg\" class=\"attachment-thumbnail size-thumbnail\" alt=\"\" \/><\/a>\n\t\t\t<\/div><\/figure><figure class='gallery-item'>\n\t\t\t<div class='gallery-icon portrait'>\n\t\t\t\t<a href='https:\/\/www.kuldigastehnikums.lv\/index.php\/f-bardas-konkursa-rezultati\/99277322_1338519103000760_7060837212836855808_o\/'><img loading=\"lazy\" decoding=\"async\" width=\"150\" height=\"150\" src=\"https:\/\/www.kuldigastehnikums.lv\/wp-content\/uploads\/2020\/05\/99277322_1338519103000760_7060837212836855808_o-150x150.jpg\" class=\"attachment-thumbnail size-thumbnail\" alt=\"\" \/><\/a>\n\t\t\t<\/div><\/figure><figure class='gallery-item'>\n\t\t\t<div class='gallery-icon portrait'>\n\t\t\t\t<a href='https:\/\/www.kuldigastehnikums.lv\/index.php\/sveicam-un-suminam-absolventus\/olympus-digital-camera-21\/'><img loading=\"lazy\" decoding=\"async\" width=\"150\" height=\"150\" src=\"https:\/\/www.kuldigastehnikums.lv\/wp-content\/uploads\/2020\/06\/epcnhgmepdlfjded-150x150.jpg\" class=\"attachment-thumbnail size-thumbnail\" alt=\"\" aria-describedby=\"gallery-1-7427\" \/><\/a>\n\t\t\t<\/div>\n\t\t\t\t<figcaption class='wp-caption-text gallery-caption' id='gallery-1-7427'>\n\t\t\t\tOLYMPUS DIGITAL CAMERA\n\t\t\t\t<\/figcaption><\/figure><figure class='gallery-item'>\n\t\t\t<div class='gallery-icon landscape'>\n\t\t\t\t<a href='https:\/\/www.kuldigastehnikums.lv\/picture1-10\/'><img loading=\"lazy\" decoding=\"async\" width=\"150\" height=\"150\" src=\"https:\/\/www.kuldigastehnikums.lv\/wp-content\/uploads\/2020\/05\/Picture1-1-150x150.png\" class=\"attachment-thumbnail size-thumbnail\" alt=\"\" \/><\/a>\n\t\t\t<\/div><\/figure>\n\t\t<\/div>\n\n","protected":false},"excerpt":{"rendered":"<p>16. un 17. mart\u0101 PIKC Kuld\u012bgas Tehnolo\u0123iju un t\u016brisma tehnikum\u0101 notika divu dienu profesion\u0101l\u0101s kompetences pilnveides konference &#8220;Mani sirdsv\u0101rdi Latvijai&#8221; valsts profesion\u0101l\u0101s izgl\u012bt\u012bbas iest\u0101\u017eu v\u0113stures, latvie\u0161u valodas un literat\u016bras skolot\u0101jiem. Konference tika organiz\u0113ta sadarb\u012bb\u0101 ar Valsts izgl\u012bt\u012bbas satura centru, piesaistot VKKF m\u0113r\u0137programmas &#8221; Latvijai- 100&#8243; l\u012bdzfinans\u0113jumu. Konferenci atkl\u0101ja tehnikuma direktore Dace Cine, Kuld\u012bgas novada Domes<a class=\"moretag\" href=\"https:\/\/www.kuldigastehnikums.lv\/index.php\/jaunumi\/jaunumi-arhivs\/ikgadeja-skolotaju-konference-aizvadita\/\"> Vair\u0101k<\/a> [&#8230;]<\/p>\n<p><a class=\"btn btn-secondary understrap-read-more-link\" href=\"https:\/\/www.kuldigastehnikums.lv\/index.php\/jaunumi\/jaunumi-arhivs\/ikgadeja-skolotaju-konference-aizvadita\/\">Vair\u0101k&#8230;<\/a><\/p>\n","protected":false},"author":2,"featured_media":0,"parent":5791,"menu_order":0,"comment_status":"open","ping_status":"open","template":"","meta":{"footnotes":""},"class_list":["post-6145","page","type-page","status-publish","hentry"],"_links":{"self":[{"href":"https:\/\/www.kuldigastehnikums.lv\/index.php\/wp-json\/wp\/v2\/pages\/6145","targetHints":{"allow":["GET"]}}],"collection":[{"href":"https:\/\/www.kuldigastehnikums.lv\/index.php\/wp-json\/wp\/v2\/pages"}],"about":[{"href":"https:\/\/www.kuldigastehnikums.lv\/index.php\/wp-json\/wp\/v2\/types\/page"}],"author":[{"embeddable":true,"href":"https:\/\/www.kuldigastehnikums.lv\/index.php\/wp-json\/wp\/v2\/users\/2"}],"replies":[{"embeddable":true,"href":"https:\/\/www.kuldigastehnikums.lv\/index.php\/wp-json\/wp\/v2\/comments?post=6145"}],"version-history":[{"count":0,"href":"https:\/\/www.kuldigastehnikums.lv\/index.php\/wp-json\/wp\/v2\/pages\/6145\/revisions"}],"up":[{"embeddable":true,"href":"https:\/\/www.kuldigastehnikums.lv\/index.php\/wp-json\/wp\/v2\/pages\/5791"}],"wp:attachment":[{"href":"https:\/\/www.kuldigastehnikums.lv\/index.php\/wp-json\/wp\/v2\/media?parent=6145"}],"curies":[{"name":"wp","href":"https:\/\/api.w.org\/{rel}","templated":true}]}}