{"id":6150,"date":"2019-12-22T21:19:05","date_gmt":"2019-12-22T21:19:05","guid":{"rendered":"http:\/\/www.kuldigastehnikums.lv\/jaunumi\/jaunumi-2018\/tehnikumiesu-starts-skillslatvia-2017\/"},"modified":"2019-12-22T21:19:05","modified_gmt":"2019-12-22T21:19:05","slug":"tehnikumiesu-starts-skillslatvia-2017","status":"publish","type":"page","link":"https:\/\/www.kuldigastehnikums.lv\/index.php\/jaunumi\/jaunumi-arhivs\/tehnikumiesu-starts-skillslatvia-2017\/","title":{"rendered":"Tehnikumie\u0161u starts SkillsLatvia 2017"},"content":{"rendered":"<p><span style=\"font-size: 12pt;\">20.-22.apr\u012bl\u012b tehnikuma audz\u0113k\u0146i Gundega \u0160tr\u0101le, M\u0101rti\u0146\u0161 Levinoks un Mat\u012bss Pu\u0137\u012bte veiksm\u012bgi start\u0113ja pirmaj\u0101 nacion\u0101laj\u0101 jauno profesion\u0101\u013cu meistar\u012bbas konkurs\u0101 SkillsLatvia 2017, kur\u0101 savas prasmes demonstr\u0113ja 96 dal\u012bbnieki no 30 Latvijas profesion\u0101l\u0101s izgl\u012bt\u012bbas iest\u0101d\u0113m 16 profesij\u0101s. Tehnikuma audz\u0113k\u0146i start\u0113ja viesm\u012b\u013ca, m\u0113be\u013cu galdnieka un galdnieka profesij\u0101s.<\/span><br data-text=\"true\" \/><br \/>\n<br \/>\n<span style=\"font-size: 12pt;\"> Konkursu SkillsLatvia 2017 organiz\u0113ja Valsts izgl\u012bt\u012bbas att\u012bst\u012bbas a\u0123ent\u016bra (VIAA), un tas ir pirmais \u0161\u0101da l\u012bme\u0146a notikums Latvij\u0101, kas v\u0113rsts uz profesion\u0101lo izgl\u012bt\u012bbu un aktualiz\u0113 taj\u0101 ieg\u016bto prasmju un izcil\u012bbas noz\u012bmi darba tirg\u016b. SkillsLatvia 2017 kopskait\u0101 izdal\u012bti 16 meda\u013cu komplekti vis\u0101s konkurs\u0101 p\u0101rst\u0101v\u0113taj\u0101s profesij\u0101s, t\u0101d\u0101s k\u0101 datorsist\u0113mu tehni\u0137is, skatlogu noform\u0113t\u0101js, ap\u0123\u0113rba izgatavot\u0101js, frizieris, pav\u0101rs, mobil\u0101s robotikas tehni\u0137is, fl\u012bz\u0113t\u0101js, saus\u0101s b\u016bves tehni\u0137is, u.c. Zelta meda\u013cas sa\u0146\u0113mu\u0161i 18 konkursanti, sudraba 18, savuk\u0101rt bronzas \u2013 17 konkursanti.<\/span><br data-text=\"true\" \/><br \/>\n<br \/>\n<span style=\"font-size: 12pt;\"> Materi\u0101lu sagatavoja skolot\u0101ja Zanda \u0160legelmilha.<\/span><\/p>\n<p>\u00a0<\/p>\n<div id='gallery-1' class='gallery galleryid-6150 gallery-columns-4 gallery-size-thumbnail'><figure class='gallery-item'>\n\t\t\t<div class='gallery-icon landscape'>\n\t\t\t\t<a href='https:\/\/www.kuldigastehnikums.lv\/index.php\/prakse-pieredzei-un-iedvesmai-2019-1-lv01-ka116-060319\/dav\/'><img decoding=\"async\" width=\"150\" height=\"150\" src=\"https:\/\/www.kuldigastehnikums.lv\/wp-content\/uploads\/2020\/09\/IMG_20200106_104000-1-150x150.jpg\" class=\"attachment-thumbnail size-thumbnail\" alt=\"\" aria-describedby=\"gallery-1-7589\" \/><\/a>\n\t\t\t<\/div>\n\t\t\t\t<figcaption class='wp-caption-text gallery-caption' id='gallery-1-7589'>\n\t\t\t\tdav\n\t\t\t\t<\/figcaption><\/figure><figure class='gallery-item'>\n\t\t\t<div class='gallery-icon landscape'>\n\t\t\t\t<a href='https:\/\/www.kuldigastehnikums.lv\/index.php\/prakse-pieredzei-un-iedvesmai-2019-1-lv01-ka116-060319\/86443917_2686671408034645_3372295723956568064_o\/'><img decoding=\"async\" width=\"150\" height=\"150\" src=\"https:\/\/www.kuldigastehnikums.lv\/wp-content\/uploads\/2020\/09\/86443917_2686671408034645_3372295723956568064_o-150x150.jpg\" class=\"attachment-thumbnail size-thumbnail\" alt=\"\" \/><\/a>\n\t\t\t<\/div><\/figure><figure class='gallery-item'>\n\t\t\t<div class='gallery-icon landscape'>\n\t\t\t\t<a href='https:\/\/www.kuldigastehnikums.lv\/index.php\/prakse-pieredzei-un-iedvesmai-2019-1-lv01-ka116-060319\/84636476_1253624264823578_1349350987780849664_o-2\/'><img decoding=\"async\" width=\"150\" height=\"150\" src=\"https:\/\/www.kuldigastehnikums.lv\/wp-content\/uploads\/2020\/09\/84636476_1253624264823578_1349350987780849664_o-150x150.jpg\" class=\"attachment-thumbnail size-thumbnail\" alt=\"\" \/><\/a>\n\t\t\t<\/div><\/figure><figure class='gallery-item'>\n\t\t\t<div class='gallery-icon landscape'>\n\t\t\t\t<a href='https:\/\/www.kuldigastehnikums.lv\/index.php\/prakse-pieredzei-un-iedvesmai-2019-1-lv01-ka116-060319\/84545896_2661173833917736_3320872900860313600_o\/'><img loading=\"lazy\" decoding=\"async\" width=\"150\" height=\"150\" src=\"https:\/\/www.kuldigastehnikums.lv\/wp-content\/uploads\/2020\/09\/84545896_2661173833917736_3320872900860313600_o-150x150.jpg\" class=\"attachment-thumbnail size-thumbnail\" alt=\"\" \/><\/a>\n\t\t\t<\/div><\/figure><figure class='gallery-item'>\n\t\t\t<div class='gallery-icon portrait'>\n\t\t\t\t<a href='https:\/\/www.kuldigastehnikums.lv\/index.php\/prakse-pieredzei-un-iedvesmai-2019-1-lv01-ka116-060319\/75362496_10157046787793143_8940132696168857600_o-1-2\/'><img loading=\"lazy\" decoding=\"async\" width=\"150\" height=\"150\" src=\"https:\/\/www.kuldigastehnikums.lv\/wp-content\/uploads\/2020\/09\/75362496_10157046787793143_8940132696168857600_o-1-150x150.jpg\" class=\"attachment-thumbnail size-thumbnail\" alt=\"\" \/><\/a>\n\t\t\t<\/div><\/figure><figure class='gallery-item'>\n\t\t\t<div class='gallery-icon landscape'>\n\t\t\t\t<a href='https:\/\/www.kuldigastehnikums.lv\/index.php\/prakse-pieredzei-un-iedvesmai-2019-1-lv01-ka116-060319\/74634318_10157046787643143_1665415127127556096_o-1-2\/'><img loading=\"lazy\" decoding=\"async\" width=\"150\" height=\"150\" src=\"https:\/\/www.kuldigastehnikums.lv\/wp-content\/uploads\/2020\/09\/74634318_10157046787643143_1665415127127556096_o-1-150x150.jpg\" class=\"attachment-thumbnail size-thumbnail\" alt=\"\" \/><\/a>\n\t\t\t<\/div><\/figure><figure class='gallery-item'>\n\t\t\t<div class='gallery-icon portrait'>\n\t\t\t\t<a href='https:\/\/www.kuldigastehnikums.lv\/index.php\/atzinibas-raksts-no-uzdevumi-lv\/ekrankopija_2020-09-04_22-50-00\/'><img loading=\"lazy\" decoding=\"async\" width=\"150\" height=\"150\" src=\"https:\/\/www.kuldigastehnikums.lv\/wp-content\/uploads\/2020\/09\/Ekr\u0101nkopija_2020-09-04_22-50-00-150x150.png\" class=\"attachment-thumbnail size-thumbnail\" alt=\"\" \/><\/a>\n\t\t\t<\/div><\/figure>\n\t\t<\/div>\n\n","protected":false},"excerpt":{"rendered":"<p>20.-22.apr\u012bl\u012b tehnikuma audz\u0113k\u0146i Gundega \u0160tr\u0101le, M\u0101rti\u0146\u0161 Levinoks un Mat\u012bss Pu\u0137\u012bte veiksm\u012bgi start\u0113ja pirmaj\u0101 nacion\u0101laj\u0101 jauno profesion\u0101\u013cu meistar\u012bbas konkurs\u0101 SkillsLatvia 2017, kur\u0101 savas prasmes demonstr\u0113ja 96 dal\u012bbnieki no 30 Latvijas profesion\u0101l\u0101s izgl\u012bt\u012bbas iest\u0101d\u0113m 16 profesij\u0101s. Tehnikuma audz\u0113k\u0146i start\u0113ja viesm\u012b\u013ca, m\u0113be\u013cu galdnieka un galdnieka profesij\u0101s. Konkursu SkillsLatvia 2017 organiz\u0113ja Valsts izgl\u012bt\u012bbas att\u012bst\u012bbas a\u0123ent\u016bra (VIAA), un tas ir<a class=\"moretag\" href=\"https:\/\/www.kuldigastehnikums.lv\/index.php\/jaunumi\/jaunumi-arhivs\/tehnikumiesu-starts-skillslatvia-2017\/\"> Vair\u0101k<\/a> [&#8230;]<\/p>\n<p><a class=\"btn btn-secondary understrap-read-more-link\" href=\"https:\/\/www.kuldigastehnikums.lv\/index.php\/jaunumi\/jaunumi-arhivs\/tehnikumiesu-starts-skillslatvia-2017\/\">Vair\u0101k&#8230;<\/a><\/p>\n","protected":false},"author":2,"featured_media":0,"parent":5791,"menu_order":0,"comment_status":"open","ping_status":"open","template":"","meta":{"footnotes":""},"class_list":["post-6150","page","type-page","status-publish","hentry"],"_links":{"self":[{"href":"https:\/\/www.kuldigastehnikums.lv\/index.php\/wp-json\/wp\/v2\/pages\/6150","targetHints":{"allow":["GET"]}}],"collection":[{"href":"https:\/\/www.kuldigastehnikums.lv\/index.php\/wp-json\/wp\/v2\/pages"}],"about":[{"href":"https:\/\/www.kuldigastehnikums.lv\/index.php\/wp-json\/wp\/v2\/types\/page"}],"author":[{"embeddable":true,"href":"https:\/\/www.kuldigastehnikums.lv\/index.php\/wp-json\/wp\/v2\/users\/2"}],"replies":[{"embeddable":true,"href":"https:\/\/www.kuldigastehnikums.lv\/index.php\/wp-json\/wp\/v2\/comments?post=6150"}],"version-history":[{"count":0,"href":"https:\/\/www.kuldigastehnikums.lv\/index.php\/wp-json\/wp\/v2\/pages\/6150\/revisions"}],"up":[{"embeddable":true,"href":"https:\/\/www.kuldigastehnikums.lv\/index.php\/wp-json\/wp\/v2\/pages\/5791"}],"wp:attachment":[{"href":"https:\/\/www.kuldigastehnikums.lv\/index.php\/wp-json\/wp\/v2\/media?parent=6150"}],"curies":[{"name":"wp","href":"https:\/\/api.w.org\/{rel}","templated":true}]}}