{"id":6153,"date":"2019-12-22T21:19:06","date_gmt":"2019-12-22T21:19:06","guid":{"rendered":"http:\/\/www.kuldigastehnikums.lv\/jaunumi\/jaunumi-2018\/8-koktelniecibas-pleners-izskanejis\/"},"modified":"2019-12-22T21:19:06","modified_gmt":"2019-12-22T21:19:06","slug":"8-koktelniecibas-pleners-izskanejis","status":"publish","type":"page","link":"https:\/\/www.kuldigastehnikums.lv\/index.php\/jaunumi\/jaunumi-arhivs\/8-koktelniecibas-pleners-izskanejis\/","title":{"rendered":"8. Kokt\u0113lniec\u012bbas plen\u0113rs izskan\u0113jis"},"content":{"rendered":"<p align=\"justify\"><a href=\"http:\/\/www.kuldigastehnikums.lv\/wp-content\/uploads\/2017\/05\/krasainais_logo.jpg\"><img decoding=\"async\" class=\"wp-image-8003 alignleft\" src=\"http:\/\/www.kuldigastehnikums.lv\/wp-content\/uploads\/2017\/05\/krasainais_logo.jpg\" alt=\"\" width=\"269\" height=\"155\" \/><\/a><a href=\"http:\/\/www.kuldigastehnikums.lv\/wp-content\/uploads\/2017\/05\/images.png\"><img decoding=\"async\" class=\"wp-image-8001 alignright\" src=\"http:\/\/www.kuldigastehnikums.lv\/wp-content\/uploads\/2017\/05\/images-130x130.png\" alt=\"\" width=\"155\" height=\"155\" \/><\/a><\/p>\n<p align=\"justify\"><span style=\"font-size: 12pt;\">Pas\u0101kums organiz\u0113ts ar Valsts kult\u016brkapit\u0101la fonda atbalstu.<\/span><\/p>\n<p align=\"justify\">\u00a0<\/p>\n<p align=\"justify\">\u00a0<\/p>\n<p align=\"justify\">\u00a0<\/p>\n<p align=\"justify\"><span style=\"font-family: Arial,serif; font-size: 12pt;\">8. Kokt\u0113lniec\u012bbas plen\u0113rs ir viena no jaunatnes rado\u0161\u0101 v\u0101rda un koka m\u0101kslas simpozija \u201eMani sirdsv\u0101rdi Latvijai\u201d aktivit\u0101t\u0113m un Latvijas valsts simtgades svin\u012bbu noris\u0113m. Vis\u0101 valst\u012b t\u0101s notiks no \u0161\u012b gada l\u012bdz 2021. gadam, un to galvenais v\u0113st\u012bjums ir \u201eEs esmu Latvija\u201d, akcent\u0113jot, ka m\u016bsu valsts galven\u0101 v\u0113rt\u012bba ir cilv\u0113ki, kuri ar savu ikdienas darbu veido t\u0101s tagadni un kop\u0101 ar jauno paaudzi liek pamatus r\u012btdienai.<\/span><\/p>\n<p align=\"justify\">\u00a0<\/p>\n<p align=\"justify\"><span style=\"font-family: Arial,serif; font-size: 12pt;\">No 8. l\u012bdz 11.maijam M\u0101ri\u0146sal\u0101, Kuld\u012bg\u0101, risin\u0101j\u0101s Kuld\u012bgas Tehnolo\u0123iju un t\u016brisma tehnikuma organiz\u0113tais 8. Kokt\u0113lniec\u012bbas plen\u0113rs valsts profesion\u0101l\u0101s izgl\u012bt\u012bbas iest\u0101d\u0113m, kur\u0101 piedal\u012bj\u0101s kokapstr\u0101des nozares studenti un skolot\u0101ji no Pa\u0146eve\u017eu profesion\u0101l\u0101s izgl\u012bt\u012bbas centra Lietuv\u0101,\u00a0Liep\u0101jas Valsts tehnikuma, R\u012bgas M\u0101kslas un mediju tehnikuma, Kuld\u012bgas Tehnolo\u0123iju un t\u016brisma tehnikuma, Saldus tehnikuma, Jelgavas Amatu vidusskolas, Aizkraukles profesion\u0101l\u0101s vidusskolas, Garkalnes M\u0101kslu un visp\u0101rizgl\u012btojo\u0161\u0101s vidusskolas, k\u0101 ar\u012b nozares skolot\u0101ju komanda &#8220;LVZK&#8221;. <\/span><\/p>\n<p align=\"justify\"><span style=\"font-family: Arial,serif; font-size: 12pt;\">Visi ikgad\u0113j\u0101 plen\u0113ra darbi jau kop\u0161 2015. gada tiek velt\u012bti Latvijas simtgades godin\u0101\u0161anai: 2015.gad\u0101 d\u0101vin\u0101jums B\u0113rnu kl\u012bniskai slimn\u012bcai R\u012bg\u0101, 2016.gad\u0101 &#8211; O.Kalpaka piemi\u0146as viet\u0101 &#8220;Air\u012bt\u0113s&#8221;. \u0160ogad &#8211; latvju likte\u0146gaitu piemi\u0146ai &#8211; d\u0101vin\u0101jums Likte\u0146d\u0101rzam. Plen\u0113ra dal\u012bbnieki izgatavoja interakt\u012bv\u0101s sp\u0113les b\u0113rnu rota\u013cu un atp\u016btas laukumam Likte\u0146d\u0101rz\u0101, Koknes\u0113. Rota\u013claukums ir d\u0101vin\u0101jums Koknesei un Likte\u0146d\u0101rzam, gatavojoties Latvijas simtgadei.<\/span><\/p>\n<p align=\"justify\"><span style=\"font-family: Arial,serif; font-size: 12pt;\">\u00a0<\/span><\/p>\n<p align=\"justify\"><span style=\"font-family: Arial,serif; font-size: 12pt;\">LTV si\u017eetu par 8. Kokt\u0113lniec\u012bbas plen\u0113ru var noskat\u012bties \u0161eit:<\/span><\/p>\n<p align=\"justify\"><span style=\"font-size: 12pt;\"><a href=\"https:\/\/ltv.lsm.lv\/lv\/raksts\/13.05.2017-liktendarza-bus-bernu-rotalu-laukums.id97384\"><span style=\"font-family: Arial,serif;\">https:\/\/ltv.lsm.lv\/lv\/raksts\/13.05.2017-liktendarza-bus-bernu-rotalu-laukums.id97384<\/span><\/a><\/span><\/p>\n<p><span style=\"font-family: Arial,serif; font-size: 12pt;\">Materi\u0101lu sagatavoja skolot\u0101ja Zanda \u0160legelmilha. Foto: Iveta Roga.<\/span><\/p>\n<p>\n<iframe src=\"https:\/\/www.youtube.com\/embed\/G9HjOyOqovM\" width=\"560\" height=\"315\" frameborder=\"0\" allowfullscreen=\"allowfullscreen\"><\/iframe><\/p>\n<div id='gallery-1' class='gallery galleryid-6153 gallery-columns-4 gallery-size-thumbnail'><figure class='gallery-item'>\n\t\t\t<div class='gallery-icon landscape'>\n\t\t\t\t<a href='https:\/\/www.kuldigastehnikums.lv\/index.php\/pirmas-palidzibas-kursi-skolotajiem\/index-3\/'><img decoding=\"async\" width=\"150\" height=\"150\" src=\"https:\/\/www.kuldigastehnikums.lv\/wp-content\/uploads\/2020\/10\/index-1-150x150.jpeg\" class=\"attachment-thumbnail size-thumbnail\" alt=\"\" \/><\/a>\n\t\t\t<\/div><\/figure><figure class='gallery-item'>\n\t\t\t<div class='gallery-icon landscape'>\n\t\t\t\t<a href='https:\/\/www.kuldigastehnikums.lv\/index.php\/pirmas-palidzibas-kursi-skolotajiem\/index1-2\/'><img loading=\"lazy\" decoding=\"async\" width=\"150\" height=\"150\" src=\"https:\/\/www.kuldigastehnikums.lv\/wp-content\/uploads\/2020\/10\/index1-1-150x150.jpeg\" class=\"attachment-thumbnail size-thumbnail\" alt=\"\" \/><\/a>\n\t\t\t<\/div><\/figure><figure class='gallery-item'>\n\t\t\t<div class='gallery-icon landscape'>\n\t\t\t\t<a href='https:\/\/www.kuldigastehnikums.lv\/index.php\/pirmas-palidzibas-kursi-skolotajiem\/index2\/'><img loading=\"lazy\" decoding=\"async\" width=\"150\" height=\"150\" src=\"https:\/\/www.kuldigastehnikums.lv\/wp-content\/uploads\/2020\/10\/index2-150x150.jpeg\" class=\"attachment-thumbnail size-thumbnail\" alt=\"\" \/><\/a>\n\t\t\t<\/div><\/figure><figure class='gallery-item'>\n\t\t\t<div class='gallery-icon landscape'>\n\t\t\t\t<a href='https:\/\/www.kuldigastehnikums.lv\/index.php\/pirmas-palidzibas-kursi-skolotajiem\/index3\/'><img loading=\"lazy\" decoding=\"async\" width=\"150\" height=\"150\" src=\"https:\/\/www.kuldigastehnikums.lv\/wp-content\/uploads\/2020\/10\/index3-150x150.jpeg\" class=\"attachment-thumbnail size-thumbnail\" alt=\"\" \/><\/a>\n\t\t\t<\/div><\/figure><figure class='gallery-item'>\n\t\t\t<div class='gallery-icon portrait'>\n\t\t\t\t<a href='https:\/\/www.kuldigastehnikums.lv\/index.php\/macibu-ekskursija-uz-terveti\/unnamed-1\/'><img loading=\"lazy\" decoding=\"async\" width=\"150\" height=\"150\" src=\"https:\/\/www.kuldigastehnikums.lv\/wp-content\/uploads\/2020\/10\/unnamed-1-150x150.jpg\" class=\"attachment-thumbnail size-thumbnail\" alt=\"\" \/><\/a>\n\t\t\t<\/div><\/figure><figure class='gallery-item'>\n\t\t\t<div class='gallery-icon landscape'>\n\t\t\t\t<a href='https:\/\/www.kuldigastehnikums.lv\/index.php\/macibu-ekskursija-uz-terveti\/unnamed-2\/'><img loading=\"lazy\" decoding=\"async\" width=\"150\" height=\"150\" src=\"https:\/\/www.kuldigastehnikums.lv\/wp-content\/uploads\/2020\/10\/unnamed-2-150x150.jpg\" class=\"attachment-thumbnail size-thumbnail\" alt=\"\" \/><\/a>\n\t\t\t<\/div><\/figure><figure class='gallery-item'>\n\t\t\t<div class='gallery-icon landscape'>\n\t\t\t\t<a href='https:\/\/www.kuldigastehnikums.lv\/index.php\/macibu-ekskursija-uz-terveti\/unnamed-3\/'><img loading=\"lazy\" decoding=\"async\" width=\"150\" height=\"150\" src=\"https:\/\/www.kuldigastehnikums.lv\/wp-content\/uploads\/2020\/10\/unnamed-3-150x150.jpg\" class=\"attachment-thumbnail size-thumbnail\" alt=\"\" \/><\/a>\n\t\t\t<\/div><\/figure><figure class='gallery-item'>\n\t\t\t<div class='gallery-icon landscape'>\n\t\t\t\t<a href='https:\/\/www.kuldigastehnikums.lv\/index.php\/macibu-ekskursija-uz-terveti\/unnamed-4\/'><img loading=\"lazy\" decoding=\"async\" width=\"150\" height=\"150\" src=\"https:\/\/www.kuldigastehnikums.lv\/wp-content\/uploads\/2020\/10\/unnamed-4-150x150.jpg\" class=\"attachment-thumbnail size-thumbnail\" alt=\"\" \/><\/a>\n\t\t\t<\/div><\/figure><figure class='gallery-item'>\n\t\t\t<div class='gallery-icon portrait'>\n\t\t\t\t<a href='https:\/\/www.kuldigastehnikums.lv\/index.php\/macibu-ekskursija-uz-terveti\/unnamed-5\/'><img loading=\"lazy\" decoding=\"async\" width=\"150\" height=\"150\" src=\"https:\/\/www.kuldigastehnikums.lv\/wp-content\/uploads\/2020\/10\/unnamed-5-150x150.jpg\" class=\"attachment-thumbnail size-thumbnail\" alt=\"\" \/><\/a>\n\t\t\t<\/div><\/figure><figure class='gallery-item'>\n\t\t\t<div class='gallery-icon landscape'>\n\t\t\t\t<a href='https:\/\/www.kuldigastehnikums.lv\/index.php\/macibu-ekskursija-uz-terveti\/unnamed-6\/'><img loading=\"lazy\" decoding=\"async\" width=\"150\" height=\"150\" src=\"https:\/\/www.kuldigastehnikums.lv\/wp-content\/uploads\/2020\/10\/unnamed-6-150x150.jpg\" class=\"attachment-thumbnail size-thumbnail\" alt=\"\" \/><\/a>\n\t\t\t<\/div><\/figure><figure class='gallery-item'>\n\t\t\t<div class='gallery-icon portrait'>\n\t\t\t\t<a href='https:\/\/www.kuldigastehnikums.lv\/index.php\/macibu-ekskursija-uz-terveti\/unnamed\/'><img loading=\"lazy\" decoding=\"async\" width=\"150\" height=\"150\" src=\"https:\/\/www.kuldigastehnikums.lv\/wp-content\/uploads\/2020\/10\/unnamed-150x150.jpg\" class=\"attachment-thumbnail size-thumbnail\" alt=\"\" \/><\/a>\n\t\t\t<\/div><\/figure><figure class='gallery-item'>\n\t\t\t<div class='gallery-icon landscape'>\n\t\t\t\t<a href='https:\/\/www.kuldigastehnikums.lv\/index.php\/partikas-produktu-razosanas-tehniki-izbraukuma-praktikuma\/unnamed-7\/'><img loading=\"lazy\" decoding=\"async\" width=\"150\" height=\"150\" src=\"https:\/\/www.kuldigastehnikums.lv\/wp-content\/uploads\/2020\/10\/unnamed-7-150x150.jpg\" class=\"attachment-thumbnail size-thumbnail\" alt=\"\" \/><\/a>\n\t\t\t<\/div><\/figure><figure class='gallery-item'>\n\t\t\t<div class='gallery-icon landscape'>\n\t\t\t\t<a href='https:\/\/www.kuldigastehnikums.lv\/index.php\/partikas-produktu-razosanas-tehniki-izbraukuma-praktikuma\/unnamed-8\/'><img loading=\"lazy\" decoding=\"async\" width=\"150\" height=\"150\" src=\"https:\/\/www.kuldigastehnikums.lv\/wp-content\/uploads\/2020\/10\/unnamed-8-150x150.jpg\" class=\"attachment-thumbnail size-thumbnail\" alt=\"\" \/><\/a>\n\t\t\t<\/div><\/figure><figure class='gallery-item'>\n\t\t\t<div class='gallery-icon portrait'>\n\t\t\t\t<a href='https:\/\/www.kuldigastehnikums.lv\/index.php\/partikas-produktu-razosanas-tehniki-izbraukuma-praktikuma\/unnamed-9\/'><img loading=\"lazy\" decoding=\"async\" width=\"150\" height=\"150\" src=\"https:\/\/www.kuldigastehnikums.lv\/wp-content\/uploads\/2020\/10\/unnamed-9-150x150.jpg\" class=\"attachment-thumbnail size-thumbnail\" alt=\"\" \/><\/a>\n\t\t\t<\/div><\/figure><figure class='gallery-item'>\n\t\t\t<div class='gallery-icon landscape'>\n\t\t\t\t<a href='https:\/\/www.kuldigastehnikums.lv\/index.php\/partikas-produktu-razosanas-tehniki-izbraukuma-praktikuma\/unnamed-10\/'><img loading=\"lazy\" decoding=\"async\" width=\"150\" height=\"150\" src=\"https:\/\/www.kuldigastehnikums.lv\/wp-content\/uploads\/2020\/10\/unnamed-10-150x150.jpg\" class=\"attachment-thumbnail size-thumbnail\" alt=\"\" \/><\/a>\n\t\t\t<\/div><\/figure><figure class='gallery-item'>\n\t\t\t<div class='gallery-icon landscape'>\n\t\t\t\t<a href='https:\/\/www.kuldigastehnikums.lv\/index.php\/partikas-produktu-razosanas-tehniki-izbraukuma-praktikuma\/unnamed-11\/'><img loading=\"lazy\" decoding=\"async\" width=\"150\" height=\"150\" src=\"https:\/\/www.kuldigastehnikums.lv\/wp-content\/uploads\/2020\/10\/unnamed-11-150x150.jpg\" class=\"attachment-thumbnail size-thumbnail\" alt=\"\" \/><\/a>\n\t\t\t<\/div><\/figure><figure class='gallery-item'>\n\t\t\t<div class='gallery-icon portrait'>\n\t\t\t\t<a href='https:\/\/www.kuldigastehnikums.lv\/index.php\/partikas-produktu-razosanas-tehniki-izbraukuma-praktikuma\/unnamed-12\/'><img loading=\"lazy\" decoding=\"async\" width=\"150\" height=\"150\" src=\"https:\/\/www.kuldigastehnikums.lv\/wp-content\/uploads\/2020\/10\/unnamed-12-150x150.jpg\" class=\"attachment-thumbnail size-thumbnail\" alt=\"\" \/><\/a>\n\t\t\t<\/div><\/figure><figure class='gallery-item'>\n\t\t\t<div class='gallery-icon portrait'>\n\t\t\t\t<a href='https:\/\/www.kuldigastehnikums.lv\/5eb34acc-ecbe-4eb0-93b6-031ce1e67b4d\/'><img loading=\"lazy\" decoding=\"async\" width=\"150\" height=\"150\" src=\"https:\/\/www.kuldigastehnikums.lv\/wp-content\/uploads\/2020\/10\/5eb34acc-ecbe-4eb0-93b6-031ce1e67b4d-150x150.jpg\" class=\"attachment-thumbnail size-thumbnail\" alt=\"\" \/><\/a>\n\t\t\t<\/div><\/figure><figure class='gallery-item'>\n\t\t\t<div class='gallery-icon landscape'>\n\t\t\t\t<a href='https:\/\/www.kuldigastehnikums.lv\/809eca10-d1c6-4eaa-a182-fcd2aa7a4838\/'><img loading=\"lazy\" decoding=\"async\" width=\"150\" height=\"150\" src=\"https:\/\/www.kuldigastehnikums.lv\/wp-content\/uploads\/2020\/10\/809eca10-d1c6-4eaa-a182-fcd2aa7a4838-150x150.jpg\" class=\"attachment-thumbnail size-thumbnail\" alt=\"\" \/><\/a>\n\t\t\t<\/div><\/figure><figure class='gallery-item'>\n\t\t\t<div class='gallery-icon landscape'>\n\t\t\t\t<a href='https:\/\/www.kuldigastehnikums.lv\/img_5402\/'><img loading=\"lazy\" decoding=\"async\" width=\"150\" height=\"150\" src=\"https:\/\/www.kuldigastehnikums.lv\/wp-content\/uploads\/2020\/10\/IMG_5402-150x150.jpeg\" class=\"attachment-thumbnail size-thumbnail\" alt=\"\" \/><\/a>\n\t\t\t<\/div><\/figure><figure class='gallery-item'>\n\t\t\t<div class='gallery-icon landscape'>\n\t\t\t\t<a href='https:\/\/www.kuldigastehnikums.lv\/img_5408\/'><img loading=\"lazy\" decoding=\"async\" width=\"150\" height=\"150\" src=\"https:\/\/www.kuldigastehnikums.lv\/wp-content\/uploads\/2020\/10\/IMG_5408-150x150.jpeg\" class=\"attachment-thumbnail size-thumbnail\" alt=\"\" \/><\/a>\n\t\t\t<\/div><\/figure><figure class='gallery-item'>\n\t\t\t<div class='gallery-icon portrait'>\n\t\t\t\t<a href='https:\/\/www.kuldigastehnikums.lv\/img_5415\/'><img loading=\"lazy\" decoding=\"async\" width=\"150\" height=\"150\" src=\"https:\/\/www.kuldigastehnikums.lv\/wp-content\/uploads\/2020\/10\/IMG_5415-150x150.jpeg\" class=\"attachment-thumbnail size-thumbnail\" alt=\"\" \/><\/a>\n\t\t\t<\/div><\/figure><figure class='gallery-item'>\n\t\t\t<div class='gallery-icon landscape'>\n\t\t\t\t<a href='https:\/\/www.kuldigastehnikums.lv\/img_5447\/'><img loading=\"lazy\" decoding=\"async\" width=\"150\" height=\"150\" src=\"https:\/\/www.kuldigastehnikums.lv\/wp-content\/uploads\/2020\/10\/IMG_5447-150x150.jpeg\" class=\"attachment-thumbnail size-thumbnail\" alt=\"\" \/><\/a>\n\t\t\t<\/div><\/figure><figure class='gallery-item'>\n\t\t\t<div class='gallery-icon landscape'>\n\t\t\t\t<a href='https:\/\/www.kuldigastehnikums.lv\/index.php\/praktiskas-macibas-30-grupai-2\/120840952_3543985685662894_6574932245509892671_o-2\/'><img loading=\"lazy\" decoding=\"async\" width=\"150\" height=\"150\" src=\"https:\/\/www.kuldigastehnikums.lv\/wp-content\/uploads\/2020\/10\/120840952_3543985685662894_6574932245509892671_o-1-150x150.jpg\" class=\"attachment-thumbnail size-thumbnail\" alt=\"\" \/><\/a>\n\t\t\t<\/div><\/figure><figure class='gallery-item'>\n\t\t\t<div class='gallery-icon landscape'>\n\t\t\t\t<a href='https:\/\/www.kuldigastehnikums.lv\/index.php\/praktiskas-macibas-30-grupai-2\/120844083_3543985138996282_4295122485230363833_o-2\/'><img loading=\"lazy\" decoding=\"async\" width=\"150\" height=\"150\" src=\"https:\/\/www.kuldigastehnikums.lv\/wp-content\/uploads\/2020\/10\/120844083_3543985138996282_4295122485230363833_o-1-150x150.jpg\" class=\"attachment-thumbnail size-thumbnail\" alt=\"\" \/><\/a>\n\t\t\t<\/div><\/figure><figure class='gallery-item'>\n\t\t\t<div class='gallery-icon landscape'>\n\t\t\t\t<a href='https:\/\/www.kuldigastehnikums.lv\/index.php\/praktiskas-macibas-30-grupai-2\/120844562_3543985862329543_6790649290072685468_o-2\/'><img loading=\"lazy\" decoding=\"async\" width=\"150\" height=\"150\" src=\"https:\/\/www.kuldigastehnikums.lv\/wp-content\/uploads\/2020\/10\/120844562_3543985862329543_6790649290072685468_o-1-150x150.jpg\" class=\"attachment-thumbnail size-thumbnail\" alt=\"\" \/><\/a>\n\t\t\t<\/div><\/figure><figure class='gallery-item'>\n\t\t\t<div class='gallery-icon landscape'>\n\t\t\t\t<a href='https:\/\/www.kuldigastehnikums.lv\/index.php\/praktiskas-macibas-30-grupai-2\/120845802_3543986862329443_6144228778737802651_o-2\/'><img loading=\"lazy\" decoding=\"async\" width=\"150\" height=\"150\" src=\"https:\/\/www.kuldigastehnikums.lv\/wp-content\/uploads\/2020\/10\/120845802_3543986862329443_6144228778737802651_o-1-150x150.jpg\" class=\"attachment-thumbnail size-thumbnail\" alt=\"\" \/><\/a>\n\t\t\t<\/div><\/figure><figure class='gallery-item'>\n\t\t\t<div class='gallery-icon landscape'>\n\t\t\t\t<a href='https:\/\/www.kuldigastehnikums.lv\/index.php\/praktiskas-macibas-30-grupai-2\/120845807_3543986268996169_6425151341565766123_o-2\/'><img loading=\"lazy\" decoding=\"async\" width=\"150\" height=\"150\" src=\"https:\/\/www.kuldigastehnikums.lv\/wp-content\/uploads\/2020\/10\/120845807_3543986268996169_6425151341565766123_o-1-150x150.jpg\" class=\"attachment-thumbnail size-thumbnail\" alt=\"\" \/><\/a>\n\t\t\t<\/div><\/figure>\n\t\t<\/div>\n\n<p>\u00a0<\/p>\n<p>\u00a0<\/p>\n","protected":false},"excerpt":{"rendered":"<p>Pas\u0101kums organiz\u0113ts ar Valsts kult\u016brkapit\u0101la fonda atbalstu. \u00a0 \u00a0 \u00a0 8. Kokt\u0113lniec\u012bbas plen\u0113rs ir viena no jaunatnes rado\u0161\u0101 v\u0101rda un koka m\u0101kslas simpozija \u201eMani sirdsv\u0101rdi Latvijai\u201d aktivit\u0101t\u0113m un Latvijas valsts simtgades svin\u012bbu noris\u0113m. Vis\u0101 valst\u012b t\u0101s notiks no \u0161\u012b gada l\u012bdz 2021. gadam, un to galvenais v\u0113st\u012bjums ir \u201eEs esmu Latvija\u201d, akcent\u0113jot, ka m\u016bsu valsts<a class=\"moretag\" href=\"https:\/\/www.kuldigastehnikums.lv\/index.php\/jaunumi\/jaunumi-arhivs\/8-koktelniecibas-pleners-izskanejis\/\"> Vair\u0101k<\/a> [&#8230;]<\/p>\n<p><a class=\"btn btn-secondary understrap-read-more-link\" href=\"https:\/\/www.kuldigastehnikums.lv\/index.php\/jaunumi\/jaunumi-arhivs\/8-koktelniecibas-pleners-izskanejis\/\">Vair\u0101k&#8230;<\/a><\/p>\n","protected":false},"author":2,"featured_media":0,"parent":5791,"menu_order":0,"comment_status":"open","ping_status":"open","template":"","meta":{"footnotes":""},"class_list":["post-6153","page","type-page","status-publish","hentry"],"_links":{"self":[{"href":"https:\/\/www.kuldigastehnikums.lv\/index.php\/wp-json\/wp\/v2\/pages\/6153","targetHints":{"allow":["GET"]}}],"collection":[{"href":"https:\/\/www.kuldigastehnikums.lv\/index.php\/wp-json\/wp\/v2\/pages"}],"about":[{"href":"https:\/\/www.kuldigastehnikums.lv\/index.php\/wp-json\/wp\/v2\/types\/page"}],"author":[{"embeddable":true,"href":"https:\/\/www.kuldigastehnikums.lv\/index.php\/wp-json\/wp\/v2\/users\/2"}],"replies":[{"embeddable":true,"href":"https:\/\/www.kuldigastehnikums.lv\/index.php\/wp-json\/wp\/v2\/comments?post=6153"}],"version-history":[{"count":0,"href":"https:\/\/www.kuldigastehnikums.lv\/index.php\/wp-json\/wp\/v2\/pages\/6153\/revisions"}],"up":[{"embeddable":true,"href":"https:\/\/www.kuldigastehnikums.lv\/index.php\/wp-json\/wp\/v2\/pages\/5791"}],"wp:attachment":[{"href":"https:\/\/www.kuldigastehnikums.lv\/index.php\/wp-json\/wp\/v2\/media?parent=6153"}],"curies":[{"name":"wp","href":"https:\/\/api.w.org\/{rel}","templated":true}]}}