{"id":6154,"date":"2019-12-22T21:19:06","date_gmt":"2019-12-22T21:19:06","guid":{"rendered":"http:\/\/www.kuldigastehnikums.lv\/jaunumi\/jaunumi-2018\/piedalamies-pasakuma-meza-abc\/"},"modified":"2019-12-22T21:19:06","modified_gmt":"2019-12-22T21:19:06","slug":"piedalamies-pasakuma-meza-abc","status":"publish","type":"page","link":"https:\/\/www.kuldigastehnikums.lv\/index.php\/jaunumi\/jaunumi-arhivs\/piedalamies-pasakuma-meza-abc\/","title":{"rendered":"Piedal\u0101mies pas\u0101kum\u0101 \u201eMe\u017ea ABC\u201d"},"content":{"rendered":"<p><span style=\"color: #000000; font-size: 12pt;\"><span style=\"font-family: Arial,serif;\">12. maij\u0101 tehnikuma skolot\u0101ji Elita Asne, Gunita Urb\u0101ne, Andris \u0100bols un J\u0101nis Andersons piedal\u012bj\u0101s izzino\u0161aj\u0101 pas\u0101kum\u0101 \u201eMe\u017ea ABC\u201d Kuld\u012bgas novada Padures pagasta &#8220;Stru\u0146\u0137ukrog\u0101&#8221;. Tur tehnikuma komanda pied\u0101v\u0101ja pas\u0101kuma apmekl\u0113t\u0101jiem &#8211; skol\u0113niem no visas Latvijas &#8211; akt\u012bvi darboties un izgl\u012btoties vien\u0101 no 37 me\u017ea pietur\u0101m.<\/span><\/span><\/p>\n<p>\n<span style=\"color: #000000; font-size: 12pt;\"> <span style=\"font-family: Arial,serif;\">Pas\u0101kums \u201eMe\u017ea ABC\u201d risin\u0101j\u0101s no 11. l\u012bdz 13.maijam, un tr\u012bs dienu laik\u0101 me\u017eu un dabas procesus iepazina vair\u0101k nek\u0101 5000 apmekl\u0113t\u0101ju, taj\u0101 skait\u0101 3000 skol\u0113ni no 53 skol\u0101m. Projektu atbalsta Me\u017ea att\u012bst\u012bbas fonds un vair\u0101k nek\u0101 70 uz\u0146\u0113mumi un organiz\u0101cijas.<\/span><\/span><\/p>\n<p><span style=\"font-size: 12pt;\"><span style=\"color: #000000;\"><span style=\"font-family: Arial,serif;\">Materi\u0101lu sagatavoja skolot\u0101ja Zanda \u0160legelmilha. Foto: Katr\u012bna Jacenko.<\/span><\/span><span style=\"color: #4b4f56;\"><span style=\"font-family: Helvetica,serif;\"><\/p>\n<p>\n<\/span><\/span><\/span><\/p>\n<div id='gallery-1' class='gallery galleryid-6154 gallery-columns-4 gallery-size-thumbnail'><figure class='gallery-item'>\n\t\t\t<div class='gallery-icon portrait'>\n\t\t\t\t<a href='https:\/\/www.kuldigastehnikums.lv\/index.php\/jaunatnes-simpozijs-sirdsvardi-latvijai\/img_5989\/'><img decoding=\"async\" width=\"150\" height=\"150\" src=\"https:\/\/www.kuldigastehnikums.lv\/wp-content\/uploads\/2020\/10\/IMG_5989-150x150.jpg\" class=\"attachment-thumbnail size-thumbnail\" alt=\"\" \/><\/a>\n\t\t\t<\/div><\/figure><figure class='gallery-item'>\n\t\t\t<div class='gallery-icon landscape'>\n\t\t\t\t<a href='https:\/\/www.kuldigastehnikums.lv\/index.php\/jaunatnes-simpozijs-sirdsvardi-latvijai\/img_5993\/'><img decoding=\"async\" width=\"150\" height=\"150\" src=\"https:\/\/www.kuldigastehnikums.lv\/wp-content\/uploads\/2020\/10\/IMG_5993-150x150.jpg\" class=\"attachment-thumbnail size-thumbnail\" alt=\"\" \/><\/a>\n\t\t\t<\/div><\/figure><figure class='gallery-item'>\n\t\t\t<div class='gallery-icon landscape'>\n\t\t\t\t<a href='https:\/\/www.kuldigastehnikums.lv\/index.php\/jaunatnes-simpozijs-sirdsvardi-latvijai\/img_5999\/'><img decoding=\"async\" width=\"150\" height=\"150\" src=\"https:\/\/www.kuldigastehnikums.lv\/wp-content\/uploads\/2020\/10\/IMG_5999-150x150.jpg\" class=\"attachment-thumbnail size-thumbnail\" alt=\"\" \/><\/a>\n\t\t\t<\/div><\/figure><figure class='gallery-item'>\n\t\t\t<div class='gallery-icon landscape'>\n\t\t\t\t<a href='https:\/\/www.kuldigastehnikums.lv\/index.php\/jaunatnes-simpozijs-sirdsvardi-latvijai\/img_6014\/'><img loading=\"lazy\" decoding=\"async\" width=\"150\" height=\"150\" src=\"https:\/\/www.kuldigastehnikums.lv\/wp-content\/uploads\/2020\/10\/IMG_6014-150x150.jpg\" class=\"attachment-thumbnail size-thumbnail\" alt=\"\" \/><\/a>\n\t\t\t<\/div><\/figure><figure class='gallery-item'>\n\t\t\t<div class='gallery-icon landscape'>\n\t\t\t\t<a href='https:\/\/www.kuldigastehnikums.lv\/index.php\/jaunatnes-simpozijs-sirdsvardi-latvijai\/img_6030\/'><img loading=\"lazy\" decoding=\"async\" width=\"150\" height=\"150\" src=\"https:\/\/www.kuldigastehnikums.lv\/wp-content\/uploads\/2020\/10\/IMG_6030-150x150.jpg\" class=\"attachment-thumbnail size-thumbnail\" alt=\"\" \/><\/a>\n\t\t\t<\/div><\/figure><figure class='gallery-item'>\n\t\t\t<div class='gallery-icon portrait'>\n\t\t\t\t<a href='https:\/\/www.kuldigastehnikums.lv\/index.php\/jaunatnes-simpozijs-sirdsvardi-latvijai\/img_6037\/'><img loading=\"lazy\" decoding=\"async\" width=\"150\" height=\"150\" src=\"https:\/\/www.kuldigastehnikums.lv\/wp-content\/uploads\/2020\/10\/IMG_6037-150x150.jpg\" class=\"attachment-thumbnail size-thumbnail\" alt=\"\" \/><\/a>\n\t\t\t<\/div><\/figure><figure class='gallery-item'>\n\t\t\t<div class='gallery-icon portrait'>\n\t\t\t\t<a href='https:\/\/www.kuldigastehnikums.lv\/index.php\/jaunatnes-simpozijs-sirdsvardi-latvijai\/img_6042\/'><img loading=\"lazy\" decoding=\"async\" width=\"150\" height=\"150\" src=\"https:\/\/www.kuldigastehnikums.lv\/wp-content\/uploads\/2020\/10\/IMG_6042-150x150.jpg\" class=\"attachment-thumbnail size-thumbnail\" alt=\"\" \/><\/a>\n\t\t\t<\/div><\/figure><figure class='gallery-item'>\n\t\t\t<div class='gallery-icon portrait'>\n\t\t\t\t<a href='https:\/\/www.kuldigastehnikums.lv\/index.php\/jaunatnes-simpozijs-sirdsvardi-latvijai\/img_6043\/'><img loading=\"lazy\" decoding=\"async\" width=\"150\" height=\"150\" src=\"https:\/\/www.kuldigastehnikums.lv\/wp-content\/uploads\/2020\/10\/IMG_6043-150x150.jpg\" class=\"attachment-thumbnail size-thumbnail\" alt=\"\" \/><\/a>\n\t\t\t<\/div><\/figure><figure class='gallery-item'>\n\t\t\t<div class='gallery-icon portrait'>\n\t\t\t\t<a href='https:\/\/www.kuldigastehnikums.lv\/index.php\/jaunatnes-simpozijs-sirdsvardi-latvijai\/img_6047\/'><img loading=\"lazy\" decoding=\"async\" width=\"150\" height=\"150\" src=\"https:\/\/www.kuldigastehnikums.lv\/wp-content\/uploads\/2020\/10\/IMG_6047-150x150.jpg\" class=\"attachment-thumbnail size-thumbnail\" alt=\"\" \/><\/a>\n\t\t\t<\/div><\/figure><figure class='gallery-item'>\n\t\t\t<div class='gallery-icon portrait'>\n\t\t\t\t<a href='https:\/\/www.kuldigastehnikums.lv\/index.php\/jaunatnes-simpozijs-sirdsvardi-latvijai\/img_6055\/'><img loading=\"lazy\" decoding=\"async\" width=\"150\" height=\"150\" src=\"https:\/\/www.kuldigastehnikums.lv\/wp-content\/uploads\/2020\/10\/IMG_6055-150x150.jpg\" class=\"attachment-thumbnail size-thumbnail\" alt=\"\" \/><\/a>\n\t\t\t<\/div><\/figure><figure class='gallery-item'>\n\t\t\t<div class='gallery-icon portrait'>\n\t\t\t\t<a href='https:\/\/www.kuldigastehnikums.lv\/index.php\/jaunatnes-simpozijs-sirdsvardi-latvijai\/img_6070\/'><img loading=\"lazy\" decoding=\"async\" width=\"150\" height=\"150\" src=\"https:\/\/www.kuldigastehnikums.lv\/wp-content\/uploads\/2020\/10\/IMG_6070-150x150.jpg\" class=\"attachment-thumbnail size-thumbnail\" alt=\"\" \/><\/a>\n\t\t\t<\/div><\/figure><figure class='gallery-item'>\n\t\t\t<div class='gallery-icon portrait'>\n\t\t\t\t<a href='https:\/\/www.kuldigastehnikums.lv\/index.php\/jaunatnes-simpozijs-sirdsvardi-latvijai\/img_6076\/'><img loading=\"lazy\" decoding=\"async\" width=\"150\" height=\"150\" src=\"https:\/\/www.kuldigastehnikums.lv\/wp-content\/uploads\/2020\/10\/IMG_6076-150x150.jpg\" class=\"attachment-thumbnail size-thumbnail\" alt=\"\" \/><\/a>\n\t\t\t<\/div><\/figure><figure class='gallery-item'>\n\t\t\t<div class='gallery-icon portrait'>\n\t\t\t\t<a href='https:\/\/www.kuldigastehnikums.lv\/index.php\/jaunatnes-simpozijs-sirdsvardi-latvijai\/img_6095\/'><img loading=\"lazy\" decoding=\"async\" width=\"150\" height=\"150\" src=\"https:\/\/www.kuldigastehnikums.lv\/wp-content\/uploads\/2020\/10\/IMG_6095-150x150.jpg\" class=\"attachment-thumbnail size-thumbnail\" alt=\"\" \/><\/a>\n\t\t\t<\/div><\/figure>\n\t\t<\/div>\n\n<p>\u00a0<\/p>\n","protected":false},"excerpt":{"rendered":"<p>12. maij\u0101 tehnikuma skolot\u0101ji Elita Asne, Gunita Urb\u0101ne, Andris \u0100bols un J\u0101nis Andersons piedal\u012bj\u0101s izzino\u0161aj\u0101 pas\u0101kum\u0101 \u201eMe\u017ea ABC\u201d Kuld\u012bgas novada Padures pagasta &#8220;Stru\u0146\u0137ukrog\u0101&#8221;. Tur tehnikuma komanda pied\u0101v\u0101ja pas\u0101kuma apmekl\u0113t\u0101jiem &#8211; skol\u0113niem no visas Latvijas &#8211; akt\u012bvi darboties un izgl\u012btoties vien\u0101 no 37 me\u017ea pietur\u0101m. Pas\u0101kums \u201eMe\u017ea ABC\u201d risin\u0101j\u0101s no 11. l\u012bdz 13.maijam, un tr\u012bs dienu<a class=\"moretag\" href=\"https:\/\/www.kuldigastehnikums.lv\/index.php\/jaunumi\/jaunumi-arhivs\/piedalamies-pasakuma-meza-abc\/\"> Vair\u0101k<\/a> [&#8230;]<\/p>\n<p><a class=\"btn btn-secondary understrap-read-more-link\" href=\"https:\/\/www.kuldigastehnikums.lv\/index.php\/jaunumi\/jaunumi-arhivs\/piedalamies-pasakuma-meza-abc\/\">Vair\u0101k&#8230;<\/a><\/p>\n","protected":false},"author":2,"featured_media":0,"parent":5791,"menu_order":0,"comment_status":"open","ping_status":"open","template":"","meta":{"footnotes":""},"class_list":["post-6154","page","type-page","status-publish","hentry"],"_links":{"self":[{"href":"https:\/\/www.kuldigastehnikums.lv\/index.php\/wp-json\/wp\/v2\/pages\/6154","targetHints":{"allow":["GET"]}}],"collection":[{"href":"https:\/\/www.kuldigastehnikums.lv\/index.php\/wp-json\/wp\/v2\/pages"}],"about":[{"href":"https:\/\/www.kuldigastehnikums.lv\/index.php\/wp-json\/wp\/v2\/types\/page"}],"author":[{"embeddable":true,"href":"https:\/\/www.kuldigastehnikums.lv\/index.php\/wp-json\/wp\/v2\/users\/2"}],"replies":[{"embeddable":true,"href":"https:\/\/www.kuldigastehnikums.lv\/index.php\/wp-json\/wp\/v2\/comments?post=6154"}],"version-history":[{"count":0,"href":"https:\/\/www.kuldigastehnikums.lv\/index.php\/wp-json\/wp\/v2\/pages\/6154\/revisions"}],"up":[{"embeddable":true,"href":"https:\/\/www.kuldigastehnikums.lv\/index.php\/wp-json\/wp\/v2\/pages\/5791"}],"wp:attachment":[{"href":"https:\/\/www.kuldigastehnikums.lv\/index.php\/wp-json\/wp\/v2\/media?parent=6154"}],"curies":[{"name":"wp","href":"https:\/\/api.w.org\/{rel}","templated":true}]}}