{"id":6155,"date":"2019-12-22T21:19:06","date_gmt":"2019-12-22T21:19:06","guid":{"rendered":"http:\/\/www.kuldigastehnikums.lv\/jaunumi\/jaunumi-2018\/l-senina-piedalas-aeht-jauniesu-parlamenta\/"},"modified":"2019-12-22T21:19:06","modified_gmt":"2019-12-22T21:19:06","slug":"l-senina-piedalas-aeht-jauniesu-parlamenta","status":"publish","type":"page","link":"https:\/\/www.kuldigastehnikums.lv\/index.php\/jaunumi\/jaunumi-arhivs\/l-senina-piedalas-aeht-jauniesu-parlamenta\/","title":{"rendered":"L.\u0160\u0113ni\u0146a piedal\u0101s AEHT Jaunie\u0161u parlament\u0101"},"content":{"rendered":"<p><span style=\"font-size: 12pt;\">No 2. l\u012bdz 5.maijam tehnikuma audz\u0113kne Liene \u0160\u0113ni\u0146a piedal\u012bj\u0101s piektaj\u0101 Eiropas T\u016brisma un viesm\u012bl\u012bbas skolu asoci\u0101cijas (AEHT) Jaunie\u0161u parlament\u0101 Famagust\u0101, Kipr\u0101. To organiz\u0113ja jaunie\u0161i no Eastern Mediterranean University T\u016brisma fakult\u0101tes.<\/span><\/p>\n<p><span style=\"font-size: 12pt;\">Latviju parlament\u0101 p\u0101rst\u0101v\u0113ja ar\u012b R\u012bgas T\u016brisma un rado\u0161\u0101s industrijas tehnikuma audz\u0113kne Benita Ozola. Kop\u0101 pas\u0101kum\u0101 piedal\u012bj\u0101s 20 akt\u012bvi jaunie\u0161i no da\u017e\u0101d\u0101m valst\u012bm (Latvijas, Slov\u0113nijas, Turcijas, N\u012bderlandes, Anglijas, Horv\u0101tijas u.c.). Diskusiju galven\u0101 t\u0113ma bija \u201eL\u0113nais un masu t\u016brisms: Vai tie var satikties?\u201d. Konferences s\u0101kum\u0101 no jaunie\u0161u vidus tika iev\u0113l\u0113ts prezidents, viceprezidents un sekret\u0101rs, k\u0101 ar\u012b katra p\u0101rst\u0101v\u0113t\u0101 valsts tika prezent\u0113ta p\u0101r\u0113jiem dal\u012bbniekiem. T\u0101l\u0101k notika diskusijas par galveno t\u0113mu un t\u0101s aktualit\u0101ti sav\u0101 valst\u012b. Saj\u016btot viet\u0113jo iedz\u012bvot\u0101ju ikdienu valst\u012b, meitenes atzinu\u0161as, ka pieder pie \u201cl\u0113no t\u016bristu\u201d kategorijas. Konferences ietvaros tika apmekl\u0113tas da\u017e\u0101das apskates vietas Kipr\u0101, baud\u012bti tradicion\u0101lie \u0113dieni un nedaudz apg\u016btas p\u0101r\u0113jo valstu p\u0101rst\u0101vju valodas<\/span><\/p>\n<p><span style=\"font-size: 12pt;\">Pati Liene atz\u012bst: &#8220;\u0160\u012b bija vislab\u0101k\u0101 ieg\u016bt\u0101 pieredze no vis\u0101m, kas man biju\u0161as. Ir ieg\u016bti jauni draugi, iepaz\u012bts t\u016brisms v\u0113l pla\u0161\u0101k. Emocijas ir neaprakst\u0101mas. Paldies Kuld\u012bgas Tehnikumam par \u0161o lielisko iesp\u0113ju pilnveidoties!&#8221;<\/span><\/p>\n<p><span style=\"font-size: 12pt;\">Materi\u0101lu sagatavoja audz\u0113kne Liene \u0160\u0113ni\u0146a.<\/span><\/p>\n<div id='gallery-1' class='gallery galleryid-6155 gallery-columns-4 gallery-size-thumbnail'><figure class='gallery-item'>\n\t\t\t<div class='gallery-icon portrait'>\n\t\t\t\t<a href='https:\/\/www.kuldigastehnikums.lv\/index.php\/jaunatnes-simpozijs-sirdsvardi-latvijai\/img_6126\/'><img decoding=\"async\" width=\"150\" height=\"150\" src=\"https:\/\/www.kuldigastehnikums.lv\/wp-content\/uploads\/2020\/10\/IMG_6126-150x150.jpg\" class=\"attachment-thumbnail size-thumbnail\" alt=\"\" \/><\/a>\n\t\t\t<\/div><\/figure><figure class='gallery-item'>\n\t\t\t<div class='gallery-icon portrait'>\n\t\t\t\t<a href='https:\/\/www.kuldigastehnikums.lv\/index.php\/jaunatnes-simpozijs-sirdsvardi-latvijai\/img_6133\/'><img decoding=\"async\" width=\"150\" height=\"150\" src=\"https:\/\/www.kuldigastehnikums.lv\/wp-content\/uploads\/2020\/10\/IMG_6133-150x150.jpg\" class=\"attachment-thumbnail size-thumbnail\" alt=\"\" \/><\/a>\n\t\t\t<\/div><\/figure><figure class='gallery-item'>\n\t\t\t<div class='gallery-icon portrait'>\n\t\t\t\t<a href='https:\/\/www.kuldigastehnikums.lv\/index.php\/jaunatnes-simpozijs-sirdsvardi-latvijai\/img_6136\/'><img decoding=\"async\" width=\"150\" height=\"150\" src=\"https:\/\/www.kuldigastehnikums.lv\/wp-content\/uploads\/2020\/10\/IMG_6136-150x150.jpg\" class=\"attachment-thumbnail size-thumbnail\" alt=\"\" \/><\/a>\n\t\t\t<\/div><\/figure><figure class='gallery-item'>\n\t\t\t<div class='gallery-icon portrait'>\n\t\t\t\t<a href='https:\/\/www.kuldigastehnikums.lv\/index.php\/jaunatnes-simpozijs-sirdsvardi-latvijai\/img_6138\/'><img loading=\"lazy\" decoding=\"async\" width=\"150\" height=\"150\" src=\"https:\/\/www.kuldigastehnikums.lv\/wp-content\/uploads\/2020\/10\/IMG_6138-150x150.jpg\" class=\"attachment-thumbnail size-thumbnail\" alt=\"\" \/><\/a>\n\t\t\t<\/div><\/figure><figure class='gallery-item'>\n\t\t\t<div class='gallery-icon portrait'>\n\t\t\t\t<a href='https:\/\/www.kuldigastehnikums.lv\/index.php\/jaunatnes-simpozijs-sirdsvardi-latvijai\/img_6142\/'><img loading=\"lazy\" decoding=\"async\" width=\"150\" height=\"150\" src=\"https:\/\/www.kuldigastehnikums.lv\/wp-content\/uploads\/2020\/10\/IMG_6142-150x150.jpg\" class=\"attachment-thumbnail size-thumbnail\" alt=\"\" \/><\/a>\n\t\t\t<\/div><\/figure><figure class='gallery-item'>\n\t\t\t<div class='gallery-icon portrait'>\n\t\t\t\t<a href='https:\/\/www.kuldigastehnikums.lv\/index.php\/jaunatnes-simpozijs-sirdsvardi-latvijai\/img_6149\/'><img loading=\"lazy\" decoding=\"async\" width=\"150\" height=\"150\" src=\"https:\/\/www.kuldigastehnikums.lv\/wp-content\/uploads\/2020\/10\/IMG_6149-150x150.jpg\" class=\"attachment-thumbnail size-thumbnail\" alt=\"\" \/><\/a>\n\t\t\t<\/div><\/figure><figure class='gallery-item'>\n\t\t\t<div class='gallery-icon portrait'>\n\t\t\t\t<a href='https:\/\/www.kuldigastehnikums.lv\/index.php\/jaunatnes-simpozijs-sirdsvardi-latvijai\/img_6157\/'><img loading=\"lazy\" decoding=\"async\" width=\"150\" height=\"150\" src=\"https:\/\/www.kuldigastehnikums.lv\/wp-content\/uploads\/2020\/10\/IMG_6157-150x150.jpg\" class=\"attachment-thumbnail size-thumbnail\" alt=\"\" \/><\/a>\n\t\t\t<\/div><\/figure><figure class='gallery-item'>\n\t\t\t<div class='gallery-icon portrait'>\n\t\t\t\t<a href='https:\/\/www.kuldigastehnikums.lv\/index.php\/jaunatnes-simpozijs-sirdsvardi-latvijai\/img_6180\/'><img loading=\"lazy\" decoding=\"async\" width=\"150\" height=\"150\" src=\"https:\/\/www.kuldigastehnikums.lv\/wp-content\/uploads\/2020\/10\/IMG_6180-150x150.jpg\" class=\"attachment-thumbnail size-thumbnail\" alt=\"\" \/><\/a>\n\t\t\t<\/div><\/figure><figure class='gallery-item'>\n\t\t\t<div class='gallery-icon portrait'>\n\t\t\t\t<a href='https:\/\/www.kuldigastehnikums.lv\/index.php\/jaunatnes-simpozijs-sirdsvardi-latvijai\/img_6186\/'><img loading=\"lazy\" decoding=\"async\" width=\"150\" height=\"150\" src=\"https:\/\/www.kuldigastehnikums.lv\/wp-content\/uploads\/2020\/10\/IMG_6186-150x150.jpg\" class=\"attachment-thumbnail size-thumbnail\" alt=\"\" \/><\/a>\n\t\t\t<\/div><\/figure>\n\t\t<\/div>\n\n","protected":false},"excerpt":{"rendered":"<p>No 2. l\u012bdz 5.maijam tehnikuma audz\u0113kne Liene \u0160\u0113ni\u0146a piedal\u012bj\u0101s piektaj\u0101 Eiropas T\u016brisma un viesm\u012bl\u012bbas skolu asoci\u0101cijas (AEHT) Jaunie\u0161u parlament\u0101 Famagust\u0101, Kipr\u0101. To organiz\u0113ja jaunie\u0161i no Eastern Mediterranean University T\u016brisma fakult\u0101tes. Latviju parlament\u0101 p\u0101rst\u0101v\u0113ja ar\u012b R\u012bgas T\u016brisma un rado\u0161\u0101s industrijas tehnikuma audz\u0113kne Benita Ozola. Kop\u0101 pas\u0101kum\u0101 piedal\u012bj\u0101s 20 akt\u012bvi jaunie\u0161i no da\u017e\u0101d\u0101m valst\u012bm (Latvijas, Slov\u0113nijas, Turcijas,<a class=\"moretag\" href=\"https:\/\/www.kuldigastehnikums.lv\/index.php\/jaunumi\/jaunumi-arhivs\/l-senina-piedalas-aeht-jauniesu-parlamenta\/\"> Vair\u0101k<\/a> [&#8230;]<\/p>\n<p><a class=\"btn btn-secondary understrap-read-more-link\" href=\"https:\/\/www.kuldigastehnikums.lv\/index.php\/jaunumi\/jaunumi-arhivs\/l-senina-piedalas-aeht-jauniesu-parlamenta\/\">Vair\u0101k&#8230;<\/a><\/p>\n","protected":false},"author":2,"featured_media":0,"parent":5791,"menu_order":0,"comment_status":"open","ping_status":"open","template":"","meta":{"footnotes":""},"class_list":["post-6155","page","type-page","status-publish","hentry"],"_links":{"self":[{"href":"https:\/\/www.kuldigastehnikums.lv\/index.php\/wp-json\/wp\/v2\/pages\/6155","targetHints":{"allow":["GET"]}}],"collection":[{"href":"https:\/\/www.kuldigastehnikums.lv\/index.php\/wp-json\/wp\/v2\/pages"}],"about":[{"href":"https:\/\/www.kuldigastehnikums.lv\/index.php\/wp-json\/wp\/v2\/types\/page"}],"author":[{"embeddable":true,"href":"https:\/\/www.kuldigastehnikums.lv\/index.php\/wp-json\/wp\/v2\/users\/2"}],"replies":[{"embeddable":true,"href":"https:\/\/www.kuldigastehnikums.lv\/index.php\/wp-json\/wp\/v2\/comments?post=6155"}],"version-history":[{"count":0,"href":"https:\/\/www.kuldigastehnikums.lv\/index.php\/wp-json\/wp\/v2\/pages\/6155\/revisions"}],"up":[{"embeddable":true,"href":"https:\/\/www.kuldigastehnikums.lv\/index.php\/wp-json\/wp\/v2\/pages\/5791"}],"wp:attachment":[{"href":"https:\/\/www.kuldigastehnikums.lv\/index.php\/wp-json\/wp\/v2\/media?parent=6155"}],"curies":[{"name":"wp","href":"https:\/\/api.w.org\/{rel}","templated":true}]}}