{"id":6156,"date":"2019-12-22T21:19:06","date_gmt":"2019-12-22T21:19:06","guid":{"rendered":"http:\/\/www.kuldigastehnikums.lv\/jaunumi\/jaunumi-2018\/tehnikuma-karjeras-izglitibas-pasakums\/"},"modified":"2019-12-22T21:19:06","modified_gmt":"2019-12-22T21:19:06","slug":"tehnikuma-karjeras-izglitibas-pasakums","status":"publish","type":"page","link":"https:\/\/www.kuldigastehnikums.lv\/index.php\/jaunumi\/jaunumi-arhivs\/tehnikuma-karjeras-izglitibas-pasakums\/","title":{"rendered":"Tehnikuma karjeras izgl\u012bt\u012bbas pas\u0101kums"},"content":{"rendered":"<p>9.maij\u0101 Kuld\u012bgas Tehnolo\u0123iju un t\u016brisma tehnikuma audz\u0113k\u0146i kop\u0101 ar skolot\u0101j\u0101m L\u0101si Jusku, Ievu Mis\u0101ni un Gunitu Urb\u0101ni piedal\u012bj\u0101s Karjeras att\u012bst\u012bbas atbalsta un \u0123imenes sporta pas\u0101kum\u0101 &#8220;Vesel\u012bba \u2013 veiksm\u012bgs karjeras pamats&#8221;, kas risin\u0101j\u0101s V. Pl\u016bdo\u0146a Kuld\u012bgas \u0123imn\u0101zijas sporta hall\u0113. Pas\u0101kum\u0101 ietvaros tehnikuma jaunie\u0161i iepaz\u012bstin\u0101ja skol\u0113nus ar konditora, pav\u0101ra, manik\u012bra u.c. profesij\u0101m, k\u0101 ar\u012b karvinga, dekup\u0101\u017eas, cukura mastikas apstr\u0101des tehnik\u0101m.<\/p>\n<p>\u00a0<\/p>\n<div id='gallery-1' class='gallery galleryid-6156 gallery-columns-4 gallery-size-thumbnail'><figure class='gallery-item'>\n\t\t\t<div class='gallery-icon landscape'>\n\t\t\t\t<a href='https:\/\/www.kuldigastehnikums.lv\/index.php\/erasmus-dienas-2020\/copy-of-copy-of-copy-of-copy-of-sept-30-_-3-pm-_-any-city-formal-invite-to-follow\/'><img decoding=\"async\" width=\"150\" height=\"150\" src=\"https:\/\/www.kuldigastehnikums.lv\/wp-content\/uploads\/2020\/10\/Copy-of-Copy-of-Copy-of-Copy-of-Sept.-30-_-3-PM-_-Any-City-Formal-invite-to-follow-150x150.png\" class=\"attachment-thumbnail size-thumbnail\" alt=\"\" \/><\/a>\n\t\t\t<\/div><\/figure><figure class='gallery-item'>\n\t\t\t<div class='gallery-icon portrait'>\n\t\t\t\t<a href='https:\/\/www.kuldigastehnikums.lv\/index.php\/gatavo-darbus-valsts-profesionalas-izglitibas-konkursam-kresls\/p1010216\/'><img decoding=\"async\" width=\"150\" height=\"150\" src=\"https:\/\/www.kuldigastehnikums.lv\/wp-content\/uploads\/2020\/10\/P1010216-e1603224426871-150x150.jpg\" class=\"attachment-thumbnail size-thumbnail\" alt=\"\" \/><\/a>\n\t\t\t<\/div><\/figure>\n\t\t<\/div>\n\n","protected":false},"excerpt":{"rendered":"<p>9.maij\u0101 Kuld\u012bgas Tehnolo\u0123iju un t\u016brisma tehnikuma audz\u0113k\u0146i kop\u0101 ar skolot\u0101j\u0101m L\u0101si Jusku, Ievu Mis\u0101ni un Gunitu Urb\u0101ni piedal\u012bj\u0101s Karjeras att\u012bst\u012bbas atbalsta un \u0123imenes sporta pas\u0101kum\u0101 &#8220;Vesel\u012bba \u2013 veiksm\u012bgs karjeras pamats&#8221;, kas risin\u0101j\u0101s V. Pl\u016bdo\u0146a Kuld\u012bgas \u0123imn\u0101zijas sporta hall\u0113. Pas\u0101kum\u0101 ietvaros tehnikuma jaunie\u0161i iepaz\u012bstin\u0101ja skol\u0113nus ar konditora, pav\u0101ra, manik\u012bra u.c. profesij\u0101m, k\u0101 ar\u012b karvinga, dekup\u0101\u017eas, cukura<a class=\"moretag\" href=\"https:\/\/www.kuldigastehnikums.lv\/index.php\/jaunumi\/jaunumi-arhivs\/tehnikuma-karjeras-izglitibas-pasakums\/\"> Vair\u0101k<\/a> [&#8230;]<\/p>\n<p><a class=\"btn btn-secondary understrap-read-more-link\" href=\"https:\/\/www.kuldigastehnikums.lv\/index.php\/jaunumi\/jaunumi-arhivs\/tehnikuma-karjeras-izglitibas-pasakums\/\">Vair\u0101k&#8230;<\/a><\/p>\n","protected":false},"author":2,"featured_media":0,"parent":5791,"menu_order":0,"comment_status":"open","ping_status":"open","template":"","meta":{"footnotes":""},"class_list":["post-6156","page","type-page","status-publish","hentry"],"_links":{"self":[{"href":"https:\/\/www.kuldigastehnikums.lv\/index.php\/wp-json\/wp\/v2\/pages\/6156","targetHints":{"allow":["GET"]}}],"collection":[{"href":"https:\/\/www.kuldigastehnikums.lv\/index.php\/wp-json\/wp\/v2\/pages"}],"about":[{"href":"https:\/\/www.kuldigastehnikums.lv\/index.php\/wp-json\/wp\/v2\/types\/page"}],"author":[{"embeddable":true,"href":"https:\/\/www.kuldigastehnikums.lv\/index.php\/wp-json\/wp\/v2\/users\/2"}],"replies":[{"embeddable":true,"href":"https:\/\/www.kuldigastehnikums.lv\/index.php\/wp-json\/wp\/v2\/comments?post=6156"}],"version-history":[{"count":0,"href":"https:\/\/www.kuldigastehnikums.lv\/index.php\/wp-json\/wp\/v2\/pages\/6156\/revisions"}],"up":[{"embeddable":true,"href":"https:\/\/www.kuldigastehnikums.lv\/index.php\/wp-json\/wp\/v2\/pages\/5791"}],"wp:attachment":[{"href":"https:\/\/www.kuldigastehnikums.lv\/index.php\/wp-json\/wp\/v2\/media?parent=6156"}],"curies":[{"name":"wp","href":"https:\/\/api.w.org\/{rel}","templated":true}]}}