{"id":6157,"date":"2019-12-22T21:19:06","date_gmt":"2019-12-22T21:19:06","guid":{"rendered":"http:\/\/www.kuldigastehnikums.lv\/jaunumi\/jaunumi-2018\/gramatas-pro-patria-iii-atversanas-svetki\/"},"modified":"2019-12-22T21:19:06","modified_gmt":"2019-12-22T21:19:06","slug":"gramatas-pro-patria-iii-atversanas-svetki","status":"publish","type":"page","link":"https:\/\/www.kuldigastehnikums.lv\/index.php\/jaunumi\/jaunumi-arhivs\/gramatas-pro-patria-iii-atversanas-svetki\/","title":{"rendered":"Gr\u0101matas &#8220;Pro Patria- III&#8221; atv\u0113r\u0161anas sv\u0113tki"},"content":{"rendered":"<div title=\"\">\n<p align=\"justify\"><a href=\"http:\/\/www.kuldigastehnikums.lv\/wp-content\/uploads\/2017\/05\/krasainais_logo.jpg\"><img decoding=\"async\" class=\"wp-image-8003 alignleft\" src=\"http:\/\/www.kuldigastehnikums.lv\/wp-content\/uploads\/2017\/05\/krasainais_logo.jpg\" alt=\"\" width=\"232\" height=\"134\" \/><\/a><a href=\"http:\/\/www.kuldigastehnikums.lv\/wp-content\/uploads\/2017\/05\/images.png\"><img decoding=\"async\" class=\"wp-image-8001 alignright\" src=\"http:\/\/www.kuldigastehnikums.lv\/wp-content\/uploads\/2017\/05\/images-130x130.png\" alt=\"\" width=\"137\" height=\"137\" \/><\/a><\/p>\n<p align=\"justify\"><span style=\"font-size: 12pt;\">Pas\u0101kums organiz\u0113ts ar Valsts kuult\u016brkapit\u0101la fonda atbalstu.<\/span><\/p>\n<p align=\"justify\">\u00a0<\/p>\n<p align=\"justify\">\u00a0<\/p>\n<\/div>\n<div title=\"\">\n<p align=\"justify\">\u00a0<\/p>\n<p align=\"justify\"><span style=\"font-size: 12pt;\">\u00a0Gr\u0101matas \u201cPro Patria III\u201d (Par T\u0113vzemi) atv\u0113r\u0161anas sv\u0113tki ir viena no Jaunatnes rado\u0161\u0101 v\u0101rda un koka m\u0101kslas simpozija \u201eMani sirdsv\u0101rdi Latvijai\u201d aktivit\u0101t\u0113m un<b> <\/b>Latvijas valsts simtgades svin\u012bbu noris\u0113m. Vis\u0101 valst\u012b t\u0101s notiks no \u0161\u012b gada l\u012bdz 2021. gadam, un to galvenais v\u0113st\u012bjums ir<i> <\/i>\u201eEs esmu Latvija\u201d, akcent\u0113jot, ka m\u016bsu valsts galven\u0101 v\u0113rt\u012bba ir cilv\u0113ki, kuri ar savu ikdienas darbu veido t\u0101s tagadni un kop\u0101 ar jauno paaudzi liek pamatus r\u012btdienai.<\/span><\/p>\n<\/div>\n<div title=\"\">\u00a0<\/div>\n<div id=\"eml-cke__body\" title=\"\"><span style=\"font-size: 12pt;\">12. maij\u0101 \u00a0Likte\u0146d\u0101rz\u0101, Koknes\u0113, v\u0101rda un koka m\u0101kslas rado\u0161\u0101s siner\u0123ijas nometnes \u201eES ESMU LATVIJA\u201d ietvaros notika gr\u0101matas \u201cPro Patria III\u201d (Par T\u0113vzemi) atv\u0113r\u0161anas sv\u0113tki. \u0160aj\u0101 gr\u0101mat\u0101 apkopoti iepriek\u0161\u0113j\u0101 konkursa, kas bija velt\u012bts jaunlatvie\u0161a Kri\u0161j\u0101\u0146a Valdem\u0101ra 190.jubilejai, dal\u012bbnieku darbi.<\/span><\/p>\n<p><span style=\"font-size: 12pt;\"> Ierosme izdot konkursa darbus gr\u0101mat\u0101 pieder R\u012bgas Tehnisk\u0101s universit\u0101tes asoci\u0113tajai profesorei Al\u012bdai Zigmundei, kas gr\u0101matas atv\u0113r\u0161anas sv\u0113tkos uzrun\u0101ja jaunos autorus un v\u0113l\u0113ja vi\u0146iem saglab\u0101t dzimtenes m\u012blest\u012bbu un rado\u0161o dzirksti. Gr\u0101matu, skanot jaunlatvie\u0161u himnai \u201eNevis slinkojot un p\u016bstot\u201d, atv\u0113ra mecen\u0101te A.Zigmunde un skolot\u0101ja Zanda \u0160legelmilha. Visus pas\u0101kuma dal\u012bbniekus sveica ar\u012b skolot\u0101ji &#8211; konsultanti Gunta Marihina, M\u0101ra Janevi\u010da un Ilga Kroi\u010da. Par muzik\u0101lo noska\u0146u atv\u0113r\u0161anas sv\u0113tkos r\u016bp\u0113j\u0101s Garkalnes M\u0101kslu un visp\u0101rizgl\u012btojo\u0161\u0101s vidusskolas vok\u0101li instrument\u0101lais ansamblis.<\/span><\/p>\n<p><span style=\"font-size: 12pt;\"> Gr\u0101matas izdotas sadarb\u012bb\u0101 ar Liep\u0101jas Universit\u0101tes izdevniec\u012bbas \u201cLiepA\u201d vad\u012bt\u0101ju Ingu Ron\u010di un tiks d\u0101vin\u0101tas visiem konkursa dal\u012bbniekiem un vi\u0146u skolot\u0101jiem. Gr\u0101mata veidota k\u0101 m\u0101c\u012bbu l\u012bdzeklis un izdota 250 eksempl\u0101ros par Kuld\u012bgas Tehnolo\u0123iju un t\u016brisma tehnikuma l\u012bdzek\u013ciem.<\/span><\/p>\n<p><span style=\"font-size: 12pt;\"> Garkalnes M\u0101kslu un visp\u0101rizgl\u012btojo\u0161\u0101s vidusskolas vok\u0101li instrument\u0101l\u0101 ansamb\u013ca priek\u0161nesumus skat\u012bties \u0161eit: https:\/\/www.youtube.com\/watch?v=J8mh3ZxVcwQ<\/span><\/p>\n<p><span style=\"font-size: 12pt;\"> Materi\u0101lu sagatavoja skolot\u0101ja Zanda \u0160legelmilha.<\/span><\/div>\n<div title=\"\">\u00a0<\/div>\n<div title=\"\">\n<div id='gallery-1' class='gallery galleryid-6157 gallery-columns-4 gallery-size-thumbnail'><figure class='gallery-item'>\n\t\t\t<div class='gallery-icon portrait'>\n\t\t\t\t<a href='https:\/\/www.kuldigastehnikums.lv\/122120750_3318348464866933_8006735172635650075_n\/'><img decoding=\"async\" width=\"150\" height=\"150\" src=\"https:\/\/www.kuldigastehnikums.lv\/wp-content\/uploads\/2020\/10\/122120750_3318348464866933_8006735172635650075_n-150x150.jpg\" class=\"attachment-thumbnail size-thumbnail\" alt=\"\" \/><\/a>\n\t\t\t<\/div><\/figure><figure class='gallery-item'>\n\t\t\t<div class='gallery-icon landscape'>\n\t\t\t\t<a href='https:\/\/www.kuldigastehnikums.lv\/121806363_3318348418200271_4721013083076971832_n\/'><img loading=\"lazy\" decoding=\"async\" width=\"150\" height=\"150\" src=\"https:\/\/www.kuldigastehnikums.lv\/wp-content\/uploads\/2020\/10\/121806363_3318348418200271_4721013083076971832_n-150x150.jpg\" class=\"attachment-thumbnail size-thumbnail\" alt=\"\" \/><\/a>\n\t\t\t<\/div><\/figure><figure class='gallery-item'>\n\t\t\t<div class='gallery-icon landscape'>\n\t\t\t\t<a href='https:\/\/www.kuldigastehnikums.lv\/122151782_3318348351533611_669464539030424515_n\/'><img loading=\"lazy\" decoding=\"async\" width=\"150\" height=\"150\" src=\"https:\/\/www.kuldigastehnikums.lv\/wp-content\/uploads\/2020\/10\/122151782_3318348351533611_669464539030424515_n-150x150.jpg\" class=\"attachment-thumbnail size-thumbnail\" alt=\"\" \/><\/a>\n\t\t\t<\/div><\/figure>\n\t\t<\/div>\n\n<\/div>\n<div id=\"eml-cke__signature_top\" title=\"Paraksts\">\n<div id=\"eml-cke__signature_top-wrap\" class=\"eml-cke__signature\" title=\"\">\u00a0<\/div>\n<\/div>\n","protected":false},"excerpt":{"rendered":"<p>Pas\u0101kums organiz\u0113ts ar Valsts kuult\u016brkapit\u0101la fonda atbalstu. \u00a0 \u00a0 \u00a0 \u00a0Gr\u0101matas \u201cPro Patria III\u201d (Par T\u0113vzemi) atv\u0113r\u0161anas sv\u0113tki ir viena no Jaunatnes rado\u0161\u0101 v\u0101rda un koka m\u0101kslas simpozija \u201eMani sirdsv\u0101rdi Latvijai\u201d aktivit\u0101t\u0113m un Latvijas valsts simtgades svin\u012bbu noris\u0113m. Vis\u0101 valst\u012b t\u0101s notiks no \u0161\u012b gada l\u012bdz 2021. gadam, un to galvenais v\u0113st\u012bjums ir \u201eEs esmu<a class=\"moretag\" href=\"https:\/\/www.kuldigastehnikums.lv\/index.php\/jaunumi\/jaunumi-arhivs\/gramatas-pro-patria-iii-atversanas-svetki\/\"> Vair\u0101k<\/a> [&#8230;]<\/p>\n<p><a class=\"btn btn-secondary understrap-read-more-link\" href=\"https:\/\/www.kuldigastehnikums.lv\/index.php\/jaunumi\/jaunumi-arhivs\/gramatas-pro-patria-iii-atversanas-svetki\/\">Vair\u0101k&#8230;<\/a><\/p>\n","protected":false},"author":2,"featured_media":0,"parent":5791,"menu_order":0,"comment_status":"open","ping_status":"open","template":"","meta":{"footnotes":""},"class_list":["post-6157","page","type-page","status-publish","hentry"],"_links":{"self":[{"href":"https:\/\/www.kuldigastehnikums.lv\/index.php\/wp-json\/wp\/v2\/pages\/6157","targetHints":{"allow":["GET"]}}],"collection":[{"href":"https:\/\/www.kuldigastehnikums.lv\/index.php\/wp-json\/wp\/v2\/pages"}],"about":[{"href":"https:\/\/www.kuldigastehnikums.lv\/index.php\/wp-json\/wp\/v2\/types\/page"}],"author":[{"embeddable":true,"href":"https:\/\/www.kuldigastehnikums.lv\/index.php\/wp-json\/wp\/v2\/users\/2"}],"replies":[{"embeddable":true,"href":"https:\/\/www.kuldigastehnikums.lv\/index.php\/wp-json\/wp\/v2\/comments?post=6157"}],"version-history":[{"count":0,"href":"https:\/\/www.kuldigastehnikums.lv\/index.php\/wp-json\/wp\/v2\/pages\/6157\/revisions"}],"up":[{"embeddable":true,"href":"https:\/\/www.kuldigastehnikums.lv\/index.php\/wp-json\/wp\/v2\/pages\/5791"}],"wp:attachment":[{"href":"https:\/\/www.kuldigastehnikums.lv\/index.php\/wp-json\/wp\/v2\/media?parent=6157"}],"curies":[{"name":"wp","href":"https:\/\/api.w.org\/{rel}","templated":true}]}}