{"id":6158,"date":"2019-12-22T21:19:06","date_gmt":"2019-12-22T21:19:06","guid":{"rendered":"http:\/\/www.kuldigastehnikums.lv\/jaunumi\/jaunumi-2018\/jauno-zellisu-skolas-izlaidums\/"},"modified":"2019-12-22T21:19:06","modified_gmt":"2019-12-22T21:19:06","slug":"jauno-zellisu-skolas-izlaidums","status":"publish","type":"page","link":"https:\/\/www.kuldigastehnikums.lv\/index.php\/jaunumi\/jaunumi-arhivs\/jauno-zellisu-skolas-izlaidums\/","title":{"rendered":"Jauno zell\u012b\u0161u skolas izlaidums"},"content":{"rendered":"<div id=\"eml-cke__body\" title=\"\"><span style=\"font-size: 12pt;\">18.maij\u0101 Kuld\u012bgas Tehnolo\u0123iju un t\u016brisma tehnikum\u0101 notika astotais Jauno zell\u012b\u0161u skolas izlaidums. \u0160ogad Jauno zell\u012b\u0161u skolu absolv\u0113ja 27 skol\u0113ni, kuri apguva pamatiema\u0146as galdnieka arod\u0101 pie skolot\u0101ja J\u0101\u0146a Feldberga \u00a0un pav\u0101ra arod\u0101 pie skolot\u0101j\u0101m Ievas Mis\u0101nes un Ilzes Braslauskas.<\/span><\/p>\n<p><span style=\"font-size: 12pt;\"> Jauno zell\u012b\u0161u skola darbojas k\u0101 pal\u012bgs profesijas izv\u0113l\u0113 visp\u0101rizgl\u012btojo\u0161o skolu skol\u0113niem, kuri m\u0101c\u0101s b\u0113rnud\u0101rz\u0101 vai pamaskolas 5., 6., 7., 8., 9.klas\u0113.<\/span><\/p>\n<p><span style=\"font-size: 12pt;\"> Materi\u0101lu sagatavoja skolot\u0101ja Zanda \u0160legelmilha.<\/span><\/div>\n<div id=\"eml-cke__signature_top\" title=\"Paraksts\">\n<div id=\"eml-cke__signature_top-wrap\" class=\"eml-cke__signature\" title=\"\"><span style=\"font-size: 12pt;\">\u00a0<\/span><\/div>\n<div class=\"eml-cke__signature\" title=\"\">\n\n<\/div>\n<\/div>\n","protected":false},"excerpt":{"rendered":"<p>18.maij\u0101 Kuld\u012bgas Tehnolo\u0123iju un t\u016brisma tehnikum\u0101 notika astotais Jauno zell\u012b\u0161u skolas izlaidums. \u0160ogad Jauno zell\u012b\u0161u skolu absolv\u0113ja 27 skol\u0113ni, kuri apguva pamatiema\u0146as galdnieka arod\u0101 pie skolot\u0101ja J\u0101\u0146a Feldberga \u00a0un pav\u0101ra arod\u0101 pie skolot\u0101j\u0101m Ievas Mis\u0101nes un Ilzes Braslauskas. Jauno zell\u012b\u0161u skola darbojas k\u0101 pal\u012bgs profesijas izv\u0113l\u0113 visp\u0101rizgl\u012btojo\u0161o skolu skol\u0113niem, kuri m\u0101c\u0101s b\u0113rnud\u0101rz\u0101 vai pamaskolas 5.,<a class=\"moretag\" href=\"https:\/\/www.kuldigastehnikums.lv\/index.php\/jaunumi\/jaunumi-arhivs\/jauno-zellisu-skolas-izlaidums\/\"> Vair\u0101k<\/a> [&#8230;]<\/p>\n<p><a class=\"btn btn-secondary understrap-read-more-link\" href=\"https:\/\/www.kuldigastehnikums.lv\/index.php\/jaunumi\/jaunumi-arhivs\/jauno-zellisu-skolas-izlaidums\/\">Vair\u0101k&#8230;<\/a><\/p>\n","protected":false},"author":2,"featured_media":0,"parent":5791,"menu_order":0,"comment_status":"open","ping_status":"open","template":"","meta":{"footnotes":""},"class_list":["post-6158","page","type-page","status-publish","hentry"],"_links":{"self":[{"href":"https:\/\/www.kuldigastehnikums.lv\/index.php\/wp-json\/wp\/v2\/pages\/6158","targetHints":{"allow":["GET"]}}],"collection":[{"href":"https:\/\/www.kuldigastehnikums.lv\/index.php\/wp-json\/wp\/v2\/pages"}],"about":[{"href":"https:\/\/www.kuldigastehnikums.lv\/index.php\/wp-json\/wp\/v2\/types\/page"}],"author":[{"embeddable":true,"href":"https:\/\/www.kuldigastehnikums.lv\/index.php\/wp-json\/wp\/v2\/users\/2"}],"replies":[{"embeddable":true,"href":"https:\/\/www.kuldigastehnikums.lv\/index.php\/wp-json\/wp\/v2\/comments?post=6158"}],"version-history":[{"count":0,"href":"https:\/\/www.kuldigastehnikums.lv\/index.php\/wp-json\/wp\/v2\/pages\/6158\/revisions"}],"up":[{"embeddable":true,"href":"https:\/\/www.kuldigastehnikums.lv\/index.php\/wp-json\/wp\/v2\/pages\/5791"}],"wp:attachment":[{"href":"https:\/\/www.kuldigastehnikums.lv\/index.php\/wp-json\/wp\/v2\/media?parent=6158"}],"curies":[{"name":"wp","href":"https:\/\/api.w.org\/{rel}","templated":true}]}}