{"id":6159,"date":"2019-12-22T21:19:06","date_gmt":"2019-12-22T21:19:06","guid":{"rendered":"http:\/\/www.kuldigastehnikums.lv\/jaunumi\/jaunumi-2018\/turisma-uznemuma-pilsbergi-pasutijums\/"},"modified":"2019-12-22T21:19:06","modified_gmt":"2019-12-22T21:19:06","slug":"turisma-uznemuma-pilsbergi-pasutijums","status":"publish","type":"page","link":"https:\/\/www.kuldigastehnikums.lv\/index.php\/jaunumi\/jaunumi-arhivs\/turisma-uznemuma-pilsbergi-pasutijums\/","title":{"rendered":"T\u016brisma uz\u0146\u0113muma &#8220;Pilsber\u0123i &#8220;pas\u016bt\u012bjums"},"content":{"rendered":"<div class=\"moz-text-flowed\" lang=\"x-unicode\"><span style=\"font-size: 12pt;\">T\u016brisma uz\u0146\u0113muma &#8220;Pilsber\u0123i &#8220;pas\u016bt\u012bjuma tehnikuma un Jaunpils vidusskolas t\u016brisma pakalpojumu noda\u013cas studenti skolot\u0101jas Zanes Lases vad\u012bb\u0101 godam izpild\u012bju\u0161i\u00a0 t\u016brisma uz\u0146\u0113muma &#8220;Pilsber\u0123i &#8220;pas\u016bt\u012bjumu\u00a0 &#8211; izstr\u0101d\u0101t uz\u0146\u0113muma klientiem mar\u0161rutu paketes pa Kurzemi. Mar\u0161ruti nodoti uz\u0146\u0113mumam t\u016brism asezonas uzs\u0101k\u0161anai.<\/span><\/div>\n<div class=\"moz-text-flowed\" lang=\"x-unicode\">\u00a0<\/div>\n<div class=\"moz-text-flowed\" lang=\"x-unicode\">\n\n<\/div>\n","protected":false},"excerpt":{"rendered":"<p>T\u016brisma uz\u0146\u0113muma &#8220;Pilsber\u0123i &#8220;pas\u016bt\u012bjuma tehnikuma un Jaunpils vidusskolas t\u016brisma pakalpojumu noda\u013cas studenti skolot\u0101jas Zanes Lases vad\u012bb\u0101 godam izpild\u012bju\u0161i\u00a0 t\u016brisma uz\u0146\u0113muma &#8220;Pilsber\u0123i &#8220;pas\u016bt\u012bjumu\u00a0 &#8211; izstr\u0101d\u0101t uz\u0146\u0113muma klientiem mar\u0161rutu paketes pa Kurzemi. Mar\u0161ruti nodoti uz\u0146\u0113mumam t\u016brism asezonas uzs\u0101k\u0161anai. \u00a0 [&#8230;]<\/p>\n<p><a class=\"btn btn-secondary understrap-read-more-link\" href=\"https:\/\/www.kuldigastehnikums.lv\/index.php\/jaunumi\/jaunumi-arhivs\/turisma-uznemuma-pilsbergi-pasutijums\/\">Vair\u0101k&#8230;<\/a><\/p>\n","protected":false},"author":2,"featured_media":0,"parent":5791,"menu_order":0,"comment_status":"open","ping_status":"open","template":"","meta":{"footnotes":""},"class_list":["post-6159","page","type-page","status-publish","hentry"],"_links":{"self":[{"href":"https:\/\/www.kuldigastehnikums.lv\/index.php\/wp-json\/wp\/v2\/pages\/6159","targetHints":{"allow":["GET"]}}],"collection":[{"href":"https:\/\/www.kuldigastehnikums.lv\/index.php\/wp-json\/wp\/v2\/pages"}],"about":[{"href":"https:\/\/www.kuldigastehnikums.lv\/index.php\/wp-json\/wp\/v2\/types\/page"}],"author":[{"embeddable":true,"href":"https:\/\/www.kuldigastehnikums.lv\/index.php\/wp-json\/wp\/v2\/users\/2"}],"replies":[{"embeddable":true,"href":"https:\/\/www.kuldigastehnikums.lv\/index.php\/wp-json\/wp\/v2\/comments?post=6159"}],"version-history":[{"count":0,"href":"https:\/\/www.kuldigastehnikums.lv\/index.php\/wp-json\/wp\/v2\/pages\/6159\/revisions"}],"up":[{"embeddable":true,"href":"https:\/\/www.kuldigastehnikums.lv\/index.php\/wp-json\/wp\/v2\/pages\/5791"}],"wp:attachment":[{"href":"https:\/\/www.kuldigastehnikums.lv\/index.php\/wp-json\/wp\/v2\/media?parent=6159"}],"curies":[{"name":"wp","href":"https:\/\/api.w.org\/{rel}","templated":true}]}}