{"id":6160,"date":"2019-12-22T21:19:06","date_gmt":"2019-12-22T21:19:06","guid":{"rendered":"http:\/\/www.kuldigastehnikums.lv\/jaunumi\/jaunumi-2018\/daliba-festivala-radi-radi-raidi-2017\/"},"modified":"2019-12-22T21:19:06","modified_gmt":"2019-12-22T21:19:06","slug":"daliba-festivala-radi-radi-raidi-2017","status":"publish","type":"page","link":"https:\/\/www.kuldigastehnikums.lv\/index.php\/jaunumi\/jaunumi-arhivs\/daliba-festivala-radi-radi-raidi-2017\/","title":{"rendered":"Dal\u012bba festiv\u0101l\u0101 &#8220;RADI, R\u0100DI, RAIDI 2017&#8221;"},"content":{"rendered":"<p><span style=\"font-size: 12pt;\">Tehnikuma lieliskie studenti &#8211; koris &#8220;Liepzieds&#8221;, deju kolekt\u012bvs &#8220;Kastan&#8217;s &#8221; un De file grupa Latvijas profesion\u0101l\u0101s izgl\u012bt\u012bbas festiv\u0101l\u0101 \/ koncert\u0101 24.maij\u0101 Saldus estr\u0101d\u0113 &#8220;Radi, r\u0101di, raidi 2017 &#8221; . <\/span><\/p>\n\n","protected":false},"excerpt":{"rendered":"<p>Tehnikuma lieliskie studenti &#8211; koris &#8220;Liepzieds&#8221;, deju kolekt\u012bvs &#8220;Kastan&#8217;s &#8221; un De file grupa Latvijas profesion\u0101l\u0101s izgl\u012bt\u012bbas festiv\u0101l\u0101 \/ koncert\u0101 24.maij\u0101 Saldus estr\u0101d\u0113 &#8220;Radi, r\u0101di, raidi 2017 &#8221; . [&#8230;]<\/p>\n<p><a class=\"btn btn-secondary understrap-read-more-link\" href=\"https:\/\/www.kuldigastehnikums.lv\/index.php\/jaunumi\/jaunumi-arhivs\/daliba-festivala-radi-radi-raidi-2017\/\">Vair\u0101k&#8230;<\/a><\/p>\n","protected":false},"author":2,"featured_media":0,"parent":5791,"menu_order":0,"comment_status":"open","ping_status":"open","template":"","meta":{"footnotes":""},"class_list":["post-6160","page","type-page","status-publish","hentry"],"_links":{"self":[{"href":"https:\/\/www.kuldigastehnikums.lv\/index.php\/wp-json\/wp\/v2\/pages\/6160","targetHints":{"allow":["GET"]}}],"collection":[{"href":"https:\/\/www.kuldigastehnikums.lv\/index.php\/wp-json\/wp\/v2\/pages"}],"about":[{"href":"https:\/\/www.kuldigastehnikums.lv\/index.php\/wp-json\/wp\/v2\/types\/page"}],"author":[{"embeddable":true,"href":"https:\/\/www.kuldigastehnikums.lv\/index.php\/wp-json\/wp\/v2\/users\/2"}],"replies":[{"embeddable":true,"href":"https:\/\/www.kuldigastehnikums.lv\/index.php\/wp-json\/wp\/v2\/comments?post=6160"}],"version-history":[{"count":0,"href":"https:\/\/www.kuldigastehnikums.lv\/index.php\/wp-json\/wp\/v2\/pages\/6160\/revisions"}],"up":[{"embeddable":true,"href":"https:\/\/www.kuldigastehnikums.lv\/index.php\/wp-json\/wp\/v2\/pages\/5791"}],"wp:attachment":[{"href":"https:\/\/www.kuldigastehnikums.lv\/index.php\/wp-json\/wp\/v2\/media?parent=6160"}],"curies":[{"name":"wp","href":"https:\/\/api.w.org\/{rel}","templated":true}]}}