{"id":6161,"date":"2019-12-22T21:19:06","date_gmt":"2019-12-22T21:19:06","guid":{"rendered":"http:\/\/www.kuldigastehnikums.lv\/jaunumi\/jaunumi-2018\/projekta-noslegums-alternativas-energijas-tehnika-programma-latvijai-un-lietuvai\/"},"modified":"2019-12-22T21:19:06","modified_gmt":"2019-12-22T21:19:06","slug":"projekta-noslegums-alternativas-energijas-tehnika-programma-latvijai-un-lietuvai","status":"publish","type":"page","link":"https:\/\/www.kuldigastehnikums.lv\/index.php\/jaunumi\/jaunumi-arhivs\/projekta-noslegums-alternativas-energijas-tehnika-programma-latvijai-un-lietuvai\/","title":{"rendered":"Projekta nosl\u0113gums &#8220;Alternat\u012bv\u0101s ener\u0123ijas tehni\u0137a programma Latvijai un Lietuvai &#8220;"},"content":{"rendered":"<p>Tehnikuma, Skotijas, Lietuvas, V\u0101cijas, Polijas instit\u016bciju <i>ES Erasmus<\/i> partner\u012bbas projekta nosl\u0113guma konference R\u012bg\u0101 \u0161.g. 18.maij\u0101 &#8220;Alternat\u012bv\u0101s ener\u0123ijas tehni\u0137a programma Latvijai un Lietuvai &#8221; sadarb\u012bb\u0101 ar Latvijas Lauksaimniec\u012bbas universit\u0101ti un Liep\u0101jas universit\u0101ti.<\/p>\n\n","protected":false},"excerpt":{"rendered":"<p>Tehnikuma, Skotijas, Lietuvas, V\u0101cijas, Polijas instit\u016bciju ES Erasmus partner\u012bbas projekta nosl\u0113guma konference R\u012bg\u0101 \u0161.g. 18.maij\u0101 &#8220;Alternat\u012bv\u0101s ener\u0123ijas tehni\u0137a programma Latvijai un Lietuvai &#8221; sadarb\u012bb\u0101 ar Latvijas Lauksaimniec\u012bbas universit\u0101ti un Liep\u0101jas universit\u0101ti. [&#8230;]<\/p>\n<p><a class=\"btn btn-secondary understrap-read-more-link\" href=\"https:\/\/www.kuldigastehnikums.lv\/index.php\/jaunumi\/jaunumi-arhivs\/projekta-noslegums-alternativas-energijas-tehnika-programma-latvijai-un-lietuvai\/\">Vair\u0101k&#8230;<\/a><\/p>\n","protected":false},"author":2,"featured_media":0,"parent":5791,"menu_order":0,"comment_status":"open","ping_status":"open","template":"","meta":{"footnotes":""},"class_list":["post-6161","page","type-page","status-publish","hentry"],"_links":{"self":[{"href":"https:\/\/www.kuldigastehnikums.lv\/index.php\/wp-json\/wp\/v2\/pages\/6161","targetHints":{"allow":["GET"]}}],"collection":[{"href":"https:\/\/www.kuldigastehnikums.lv\/index.php\/wp-json\/wp\/v2\/pages"}],"about":[{"href":"https:\/\/www.kuldigastehnikums.lv\/index.php\/wp-json\/wp\/v2\/types\/page"}],"author":[{"embeddable":true,"href":"https:\/\/www.kuldigastehnikums.lv\/index.php\/wp-json\/wp\/v2\/users\/2"}],"replies":[{"embeddable":true,"href":"https:\/\/www.kuldigastehnikums.lv\/index.php\/wp-json\/wp\/v2\/comments?post=6161"}],"version-history":[{"count":0,"href":"https:\/\/www.kuldigastehnikums.lv\/index.php\/wp-json\/wp\/v2\/pages\/6161\/revisions"}],"up":[{"embeddable":true,"href":"https:\/\/www.kuldigastehnikums.lv\/index.php\/wp-json\/wp\/v2\/pages\/5791"}],"wp:attachment":[{"href":"https:\/\/www.kuldigastehnikums.lv\/index.php\/wp-json\/wp\/v2\/media?parent=6161"}],"curies":[{"name":"wp","href":"https:\/\/api.w.org\/{rel}","templated":true}]}}