{"id":6162,"date":"2019-12-22T21:19:06","date_gmt":"2019-12-22T21:19:06","guid":{"rendered":"http:\/\/www.kuldigastehnikums.lv\/jaunumi\/jaunumi-2018\/tehnikuma-parstavji-piedalas-nosleguma-seminara\/"},"modified":"2019-12-22T21:19:06","modified_gmt":"2019-12-22T21:19:06","slug":"tehnikuma-parstavji-piedalas-nosleguma-seminara","status":"publish","type":"page","link":"https:\/\/www.kuldigastehnikums.lv\/index.php\/jaunumi\/jaunumi-arhivs\/tehnikuma-parstavji-piedalas-nosleguma-seminara\/","title":{"rendered":"Tehnikuma p\u0101rst\u0101vji piedal\u0101s nosl\u0113guma semin\u0101r\u0101"},"content":{"rendered":"<div id=\"eml-cke__body\" title=\"\">24. maij\u0101 7. grupas audz\u0113k\u0146i Kaspars Rube, Ernests Riksis, Maikls Neimans un Rolands Hartmanis kop\u0101 ar skolot\u0101ju Astr\u012bdu Zeili piedal\u012bj\u0101s nosl\u0113guma semin\u0101r\u0101 starptautiskajam projektam Sem@schools.eu (Sustainable energy management at schools in Europe).\u00a0<\/p>\n<p><span style=\"font-size: 12pt;\">Semin\u0101ra laik\u0101 var\u0113ja noklaus\u012bties vair\u0101kas v\u0113rt\u012bgas lekcijas par klimata p\u0101rmai\u0146\u0101m, apk\u0101rt\u0113j\u0101s vides pies\u0101r\u0146ojumu un videi draudz\u012bgu dz\u012bvo\u0161anu. Semin\u0101ra dal\u012bbniekiem vajadz\u0113ja ar\u012b veikt vair\u0101kus ar energoefektivit\u0101ti saist\u012btus uzdevumus.\u00a0<\/span><\/p>\n<p><span style=\"font-size: 12pt;\"> Projekta m\u0113r\u0137is kopum\u0101 bija populariz\u0113t skol\u0101s energoefektivit\u0101ti un skolas \u0113k\u0101m veikt energoauditu. \u0160aj\u0101 projekt\u0101 divu gadu garum\u0101 iesaist\u012bj\u0101s \u00a0tehnikuma audz\u0113k\u0146u grupa skolot\u0101ju L\u0101ses Juskas un astr\u012bdas Zeiles vad\u012bb\u0101. Vi\u0146i veica energoauditus vair\u0101k\u0101m tehnikuma \u0113k\u0101m un p\u0113t\u012bja k\u0101 skol\u0101 lietder\u012bg\u0101k izmantot energoresursus.<\/span><\/p>\n<p><span style=\"font-size: 12pt;\"> Materi\u0101lu sagatavoja skolot\u0101jas Astr\u012bda Zeile un Zanda \u0160legelmilha.<\/span><\/div>\n<div id=\"eml-cke__signature_top\" title=\"Paraksts\">\n<div id=\"eml-cke__signature_top-wrap\" class=\"eml-cke__signature\" title=\"\">\u00a0<\/div>\n<div class=\"eml-cke__signature\" title=\"\">\n<div id='gallery-1' class='gallery galleryid-6162 gallery-columns-4 gallery-size-thumbnail'><figure class='gallery-item'>\n\t\t\t<div class='gallery-icon portrait'>\n\t\t\t\t<a href='https:\/\/www.kuldigastehnikums.lv\/index.php\/prakstiskie-darbi-edienu-gatavosana-toposajiem-pavariem\/index-4\/'><img decoding=\"async\" width=\"150\" height=\"150\" src=\"https:\/\/www.kuldigastehnikums.lv\/wp-content\/uploads\/2020\/11\/index-150x150.jpeg\" class=\"attachment-thumbnail size-thumbnail\" alt=\"\" \/><\/a>\n\t\t\t<\/div><\/figure>\n\t\t<\/div>\n\n<\/div>\n<\/div>\n","protected":false},"excerpt":{"rendered":"<p>24. maij\u0101 7. grupas audz\u0113k\u0146i Kaspars Rube, Ernests Riksis, Maikls Neimans un Rolands Hartmanis kop\u0101 ar skolot\u0101ju Astr\u012bdu Zeili piedal\u012bj\u0101s nosl\u0113guma semin\u0101r\u0101 starptautiskajam projektam Sem@schools.eu (Sustainable energy management at schools in Europe).\u00a0 Semin\u0101ra laik\u0101 var\u0113ja noklaus\u012bties vair\u0101kas v\u0113rt\u012bgas lekcijas par klimata p\u0101rmai\u0146\u0101m, apk\u0101rt\u0113j\u0101s vides pies\u0101r\u0146ojumu un videi draudz\u012bgu dz\u012bvo\u0161anu. Semin\u0101ra dal\u012bbniekiem vajadz\u0113ja ar\u012b veikt vair\u0101kus<a class=\"moretag\" href=\"https:\/\/www.kuldigastehnikums.lv\/index.php\/jaunumi\/jaunumi-arhivs\/tehnikuma-parstavji-piedalas-nosleguma-seminara\/\"> Vair\u0101k<\/a> [&#8230;]<\/p>\n<p><a class=\"btn btn-secondary understrap-read-more-link\" href=\"https:\/\/www.kuldigastehnikums.lv\/index.php\/jaunumi\/jaunumi-arhivs\/tehnikuma-parstavji-piedalas-nosleguma-seminara\/\">Vair\u0101k&#8230;<\/a><\/p>\n","protected":false},"author":2,"featured_media":0,"parent":5791,"menu_order":0,"comment_status":"open","ping_status":"open","template":"","meta":{"footnotes":""},"class_list":["post-6162","page","type-page","status-publish","hentry"],"_links":{"self":[{"href":"https:\/\/www.kuldigastehnikums.lv\/index.php\/wp-json\/wp\/v2\/pages\/6162","targetHints":{"allow":["GET"]}}],"collection":[{"href":"https:\/\/www.kuldigastehnikums.lv\/index.php\/wp-json\/wp\/v2\/pages"}],"about":[{"href":"https:\/\/www.kuldigastehnikums.lv\/index.php\/wp-json\/wp\/v2\/types\/page"}],"author":[{"embeddable":true,"href":"https:\/\/www.kuldigastehnikums.lv\/index.php\/wp-json\/wp\/v2\/users\/2"}],"replies":[{"embeddable":true,"href":"https:\/\/www.kuldigastehnikums.lv\/index.php\/wp-json\/wp\/v2\/comments?post=6162"}],"version-history":[{"count":0,"href":"https:\/\/www.kuldigastehnikums.lv\/index.php\/wp-json\/wp\/v2\/pages\/6162\/revisions"}],"up":[{"embeddable":true,"href":"https:\/\/www.kuldigastehnikums.lv\/index.php\/wp-json\/wp\/v2\/pages\/5791"}],"wp:attachment":[{"href":"https:\/\/www.kuldigastehnikums.lv\/index.php\/wp-json\/wp\/v2\/media?parent=6162"}],"curies":[{"name":"wp","href":"https:\/\/api.w.org\/{rel}","templated":true}]}}