{"id":6164,"date":"2019-12-22T21:19:06","date_gmt":"2019-12-22T21:19:06","guid":{"rendered":"http:\/\/www.kuldigastehnikums.lv\/jaunumi\/jaunumi-2018\/tehnikuma-audzekni-piedalas-dzivesprieka-diena\/"},"modified":"2019-12-22T21:19:06","modified_gmt":"2019-12-22T21:19:06","slug":"tehnikuma-audzekni-piedalas-dzivesprieka-diena","status":"publish","type":"page","link":"https:\/\/www.kuldigastehnikums.lv\/index.php\/jaunumi\/jaunumi-arhivs\/tehnikuma-audzekni-piedalas-dzivesprieka-diena\/","title":{"rendered":"Tehnikuma audz\u0113k\u0146i piedal\u0101s Dz\u012bvesprieka dien\u0101"},"content":{"rendered":"<p><span style=\"font-size: 12pt;\">3. j\u016bnij\u0101 tehnikuma audz\u0113k\u0146i, biedr\u012bbas &#8220;Asoci\u0101cija Dz\u012bvesprieks&#8221; stipendi\u0101ti, piedal\u012bj\u0101s Dz\u012bvesprieka dien\u0101 Zviedrijas v\u0113stniec\u012bb\u0101, R\u012bg\u0101. Pas\u0101kuma dal\u012bbniekiem bja iesp\u0113ja piedal\u012bties sp\u0113l\u0113s, darboties komand\u0101, pildot da\u017e\u0101dus uzdevumus, k\u0101 ar\u012b iesaist\u012bties sarun\u0101s par aktu\u0101l\u0101m t\u0113m\u0101m. Tika sveikti ar\u012b lab\u0101kie stipendi\u0101ti, to skait\u0101 tehnikuma audz\u0113knis K\u0101rlis Didzis Pomerancis. Lepojamies!<\/span><\/p>\n<p><span style=\"font-size: 12pt;\">Materi\u0101lu sagatavoja skolot\u0101ja Zanda \u0160legelmilha. Foto no biedr\u012bbas &#8220;Asoci\u0101cija Dz\u012bvesprieks&#8221; arh\u012bva.<\/span><\/p>\n<p>\u00a0<\/p>\n\n","protected":false},"excerpt":{"rendered":"<p>3. j\u016bnij\u0101 tehnikuma audz\u0113k\u0146i, biedr\u012bbas &#8220;Asoci\u0101cija Dz\u012bvesprieks&#8221; stipendi\u0101ti, piedal\u012bj\u0101s Dz\u012bvesprieka dien\u0101 Zviedrijas v\u0113stniec\u012bb\u0101, R\u012bg\u0101. Pas\u0101kuma dal\u012bbniekiem bja iesp\u0113ja piedal\u012bties sp\u0113l\u0113s, darboties komand\u0101, pildot da\u017e\u0101dus uzdevumus, k\u0101 ar\u012b iesaist\u012bties sarun\u0101s par aktu\u0101l\u0101m t\u0113m\u0101m. Tika sveikti ar\u012b lab\u0101kie stipendi\u0101ti, to skait\u0101 tehnikuma audz\u0113knis K\u0101rlis Didzis Pomerancis. Lepojamies! Materi\u0101lu sagatavoja skolot\u0101ja Zanda \u0160legelmilha. Foto no biedr\u012bbas &#8220;Asoci\u0101cija Dz\u012bvesprieks&#8221;<a class=\"moretag\" href=\"https:\/\/www.kuldigastehnikums.lv\/index.php\/jaunumi\/jaunumi-arhivs\/tehnikuma-audzekni-piedalas-dzivesprieka-diena\/\"> Vair\u0101k<\/a> [&#8230;]<\/p>\n<p><a class=\"btn btn-secondary understrap-read-more-link\" href=\"https:\/\/www.kuldigastehnikums.lv\/index.php\/jaunumi\/jaunumi-arhivs\/tehnikuma-audzekni-piedalas-dzivesprieka-diena\/\">Vair\u0101k&#8230;<\/a><\/p>\n","protected":false},"author":2,"featured_media":0,"parent":5791,"menu_order":0,"comment_status":"open","ping_status":"open","template":"","meta":{"footnotes":""},"class_list":["post-6164","page","type-page","status-publish","hentry"],"_links":{"self":[{"href":"https:\/\/www.kuldigastehnikums.lv\/index.php\/wp-json\/wp\/v2\/pages\/6164","targetHints":{"allow":["GET"]}}],"collection":[{"href":"https:\/\/www.kuldigastehnikums.lv\/index.php\/wp-json\/wp\/v2\/pages"}],"about":[{"href":"https:\/\/www.kuldigastehnikums.lv\/index.php\/wp-json\/wp\/v2\/types\/page"}],"author":[{"embeddable":true,"href":"https:\/\/www.kuldigastehnikums.lv\/index.php\/wp-json\/wp\/v2\/users\/2"}],"replies":[{"embeddable":true,"href":"https:\/\/www.kuldigastehnikums.lv\/index.php\/wp-json\/wp\/v2\/comments?post=6164"}],"version-history":[{"count":0,"href":"https:\/\/www.kuldigastehnikums.lv\/index.php\/wp-json\/wp\/v2\/pages\/6164\/revisions"}],"up":[{"embeddable":true,"href":"https:\/\/www.kuldigastehnikums.lv\/index.php\/wp-json\/wp\/v2\/pages\/5791"}],"wp:attachment":[{"href":"https:\/\/www.kuldigastehnikums.lv\/index.php\/wp-json\/wp\/v2\/media?parent=6164"}],"curies":[{"name":"wp","href":"https:\/\/api.w.org\/{rel}","templated":true}]}}