{"id":6165,"date":"2019-12-22T21:19:06","date_gmt":"2019-12-22T21:19:06","guid":{"rendered":"http:\/\/www.kuldigastehnikums.lv\/jaunumi\/jaunumi-2018\/radosi-metodiska-nometne-skolotajiem\/"},"modified":"2019-12-22T21:19:06","modified_gmt":"2019-12-22T21:19:06","slug":"radosi-metodiska-nometne-skolotajiem","status":"publish","type":"page","link":"https:\/\/www.kuldigastehnikums.lv\/index.php\/jaunumi\/jaunumi-arhivs\/radosi-metodiska-nometne-skolotajiem\/","title":{"rendered":"Rado\u0161i metodisk\u0101 nometne skolot\u0101jiem"},"content":{"rendered":"<p><span style=\"font-size: 12pt;\">No 1. l\u012bdz 4. augustam skolot\u0101ja Zanda \u0160legelmilha piedal\u012bj\u0101s latvie\u0161u valodas un literat\u016bras skolot\u0101ju asoci\u0101cijas organiz\u0113taj\u0101 vasaras rado\u0161i metodiskaj\u0101 nometn\u0113 &#8220;Liep\u0101jas dz(Dz)intars&#8221;, kura notika Liep\u0101jas Universit\u0101t\u0113. Liep\u0101jas Universit\u0101t\u0113 Nometnes t\u0113ma &#8220;Latvie\u0161u valodas un literat\u016bras satura un metodikas novit\u0101tes: teorija un prakse&#8221;.<\/span><\/p>\n<p><span style=\"font-size: 12pt;\">Vair\u0101k nek\u0101 piecdesmit skolot\u0101ju no visas Latvijas \u010detru dienu garum\u0101 klaus\u012bj\u0101s Liep\u0101jas Universit\u0101tes m\u0101c\u012bbsp\u0113ku lekcijas par latvie\u0161u valodas un literat\u016bras tematiku, baud\u012bja Liep\u0101jas kult\u016bras dz\u012bvi, att\u012bst\u012bja savu rado\u0161umu, tik\u0101s ar rado\u0161iem cilv\u0113kiem, k\u0101 ar\u012b dev\u0101s ekskursij\u0101 uz Alsungu, \u0112doli un Aizputi.<\/span><\/p>\n<p><span style=\"font-size: 12pt;\">Latvie\u0161u valodas un literat\u016bras skolot\u0101ju asoci\u0101cijas vad\u012bt\u0101ja Anita Vanaga uzsv\u0113ra: &#8220;Mums ir prieks, ka varam iepaz\u012bt Kurzemes re\u0123ionu un rad\u012bt \u0161os intelektu\u0101los sv\u0113tkus, bet viens no galvenajiem m\u0113r\u0137iem &#8211; uzzin\u0101t un run\u0101t par jauno latvie\u0161u valodas un literat\u016bras satura p\u0101rstr\u0101di.&#8221;<\/span><\/p>\n<p><span style=\"font-size: 12pt;\">Liep\u0101jas Universit\u0101tes rektore Dace Markus kl\u0101teso\u0161os iepaz\u012bstin\u0101ja ar universit\u0101tes att\u012bst\u012bbas strat\u0113\u0123iju un jaunumiem studiju programm\u0101s.<\/span><\/p>\n<p><span style=\"font-size: 12pt;\">Vasaras metodisko nometni atbalst\u012bja Latvie\u0161u valodas a\u0123ent\u016bra, Liep\u0101jas Universit\u0101te un Liep\u0101jas pils\u0113tas dome.<\/span><\/p>\n<p><span style=\"font-size: 12pt;\">Materi\u0101lu sagatavoja Zanda \u0160legelmilha, foto: Normunds Dzintars.<\/span><\/p>\n<p>\u00a0<\/p>\n<div id='gallery-1' class='gallery galleryid-6165 gallery-columns-4 gallery-size-thumbnail'><figure class='gallery-item'>\n\t\t\t<div class='gallery-icon landscape'>\n\t\t\t\t<a href='https:\/\/www.kuldigastehnikums.lv\/index.php\/jauna-uznemsana\/z\/'><img decoding=\"async\" width=\"150\" height=\"150\" src=\"https:\/\/www.kuldigastehnikums.lv\/wp-content\/uploads\/2021\/02\/z-150x150.png\" class=\"attachment-thumbnail size-thumbnail\" alt=\"\" \/><\/a>\n\t\t\t<\/div><\/figure><figure class='gallery-item'>\n\t\t\t<div class='gallery-icon landscape'>\n\t\t\t\t<a href='https:\/\/www.kuldigastehnikums.lv\/index.php\/jauna-uznemsana\/pec-9-klases\/attachment\/4\/'><img decoding=\"async\" width=\"150\" height=\"150\" src=\"https:\/\/www.kuldigastehnikums.lv\/wp-content\/uploads\/2021\/02\/4-150x150.png\" class=\"attachment-thumbnail size-thumbnail\" alt=\"Automeh\u0101ni\u0137is\" srcset=\"https:\/\/www.kuldigastehnikums.lv\/wp-content\/uploads\/2021\/02\/4-150x150.png 150w, https:\/\/www.kuldigastehnikums.lv\/wp-content\/uploads\/2021\/02\/4-300x300.png 300w, https:\/\/www.kuldigastehnikums.lv\/wp-content\/uploads\/2021\/02\/4.png 620w\" sizes=\"(max-width: 150px) 100vw, 150px\" \/><\/a>\n\t\t\t<\/div><\/figure><figure class='gallery-item'>\n\t\t\t<div class='gallery-icon landscape'>\n\t\t\t\t<a href='https:\/\/www.kuldigastehnikums.lv\/index.php\/jauna-uznemsana\/pec-9-klases\/attachment\/5\/'><img decoding=\"async\" width=\"150\" height=\"150\" src=\"https:\/\/www.kuldigastehnikums.lv\/wp-content\/uploads\/2021\/02\/5-150x150.png\" class=\"attachment-thumbnail size-thumbnail\" alt=\"Stila m\u0113be\u013cu model\u0113t\u0101js\" srcset=\"https:\/\/www.kuldigastehnikums.lv\/wp-content\/uploads\/2021\/02\/5-150x150.png 150w, https:\/\/www.kuldigastehnikums.lv\/wp-content\/uploads\/2021\/02\/5-300x300.png 300w, https:\/\/www.kuldigastehnikums.lv\/wp-content\/uploads\/2021\/02\/5.png 620w\" sizes=\"(max-width: 150px) 100vw, 150px\" \/><\/a>\n\t\t\t<\/div><\/figure><figure class='gallery-item'>\n\t\t\t<div class='gallery-icon landscape'>\n\t\t\t\t<a href='https:\/\/www.kuldigastehnikums.lv\/index.php\/jauna-uznemsana\/pec-9-klases\/attachment\/6\/'><img loading=\"lazy\" decoding=\"async\" width=\"150\" height=\"150\" src=\"https:\/\/www.kuldigastehnikums.lv\/wp-content\/uploads\/2021\/02\/6-150x150.png\" class=\"attachment-thumbnail size-thumbnail\" alt=\"M\u0113be\u013cu galdnieks\" srcset=\"https:\/\/www.kuldigastehnikums.lv\/wp-content\/uploads\/2021\/02\/6-150x150.png 150w, https:\/\/www.kuldigastehnikums.lv\/wp-content\/uploads\/2021\/02\/6-300x300.png 300w, https:\/\/www.kuldigastehnikums.lv\/wp-content\/uploads\/2021\/02\/6.png 620w\" sizes=\"(max-width: 150px) 100vw, 150px\" \/><\/a>\n\t\t\t<\/div><\/figure><figure class='gallery-item'>\n\t\t\t<div class='gallery-icon landscape'>\n\t\t\t\t<a href='https:\/\/www.kuldigastehnikums.lv\/index.php\/jauna-uznemsana\/pec-9-klases\/attachment\/7\/'><img loading=\"lazy\" decoding=\"async\" width=\"150\" height=\"150\" src=\"https:\/\/www.kuldigastehnikums.lv\/wp-content\/uploads\/2021\/02\/7-150x150.png\" class=\"attachment-thumbnail size-thumbnail\" alt=\"Datoriz\u0113to kokapstr\u0101des iek\u0101rtu galdnieks CNC\" srcset=\"https:\/\/www.kuldigastehnikums.lv\/wp-content\/uploads\/2021\/02\/7-150x150.png 150w, https:\/\/www.kuldigastehnikums.lv\/wp-content\/uploads\/2021\/02\/7-300x300.png 300w, https:\/\/www.kuldigastehnikums.lv\/wp-content\/uploads\/2021\/02\/7.png 620w\" sizes=\"(max-width: 150px) 100vw, 150px\" \/><\/a>\n\t\t\t<\/div><\/figure><figure class='gallery-item'>\n\t\t\t<div class='gallery-icon landscape'>\n\t\t\t\t<a href='https:\/\/www.kuldigastehnikums.lv\/index.php\/jauna-uznemsana\/pec-9-klases\/attachment\/8\/'><img loading=\"lazy\" decoding=\"async\" width=\"150\" height=\"150\" src=\"https:\/\/www.kuldigastehnikums.lv\/wp-content\/uploads\/2021\/02\/8-150x150.png\" class=\"attachment-thumbnail size-thumbnail\" alt=\"Restaur\u0101cijas tehni\u0137is\" srcset=\"https:\/\/www.kuldigastehnikums.lv\/wp-content\/uploads\/2021\/02\/8-150x150.png 150w, https:\/\/www.kuldigastehnikums.lv\/wp-content\/uploads\/2021\/02\/8-300x300.png 300w, https:\/\/www.kuldigastehnikums.lv\/wp-content\/uploads\/2021\/02\/8.png 620w\" sizes=\"(max-width: 150px) 100vw, 150px\" \/><\/a>\n\t\t\t<\/div><\/figure><figure class='gallery-item'>\n\t\t\t<div class='gallery-icon landscape'>\n\t\t\t\t<a href='https:\/\/www.kuldigastehnikums.lv\/index.php\/jauna-uznemsana\/pec-9-klases\/attachment\/9\/'><img loading=\"lazy\" decoding=\"async\" width=\"150\" height=\"150\" src=\"https:\/\/www.kuldigastehnikums.lv\/wp-content\/uploads\/2021\/02\/9-150x150.png\" class=\"attachment-thumbnail size-thumbnail\" alt=\"Pav\u0101rs\" srcset=\"https:\/\/www.kuldigastehnikums.lv\/wp-content\/uploads\/2021\/02\/9-150x150.png 150w, https:\/\/www.kuldigastehnikums.lv\/wp-content\/uploads\/2021\/02\/9-300x300.png 300w, https:\/\/www.kuldigastehnikums.lv\/wp-content\/uploads\/2021\/02\/9.png 620w\" sizes=\"(max-width: 150px) 100vw, 150px\" \/><\/a>\n\t\t\t<\/div><\/figure><figure class='gallery-item'>\n\t\t\t<div class='gallery-icon landscape'>\n\t\t\t\t<a href='https:\/\/www.kuldigastehnikums.lv\/index.php\/jauna-uznemsana\/pec-9-klases\/attachment\/10\/'><img loading=\"lazy\" decoding=\"async\" width=\"150\" height=\"150\" src=\"https:\/\/www.kuldigastehnikums.lv\/wp-content\/uploads\/2021\/02\/10-150x150.png\" class=\"attachment-thumbnail size-thumbnail\" alt=\"Konditors\" srcset=\"https:\/\/www.kuldigastehnikums.lv\/wp-content\/uploads\/2021\/02\/10-150x150.png 150w, https:\/\/www.kuldigastehnikums.lv\/wp-content\/uploads\/2021\/02\/10-300x300.png 300w, https:\/\/www.kuldigastehnikums.lv\/wp-content\/uploads\/2021\/02\/10.png 620w\" sizes=\"(max-width: 150px) 100vw, 150px\" \/><\/a>\n\t\t\t<\/div><\/figure><figure class='gallery-item'>\n\t\t\t<div class='gallery-icon landscape'>\n\t\t\t\t<a href='https:\/\/www.kuldigastehnikums.lv\/index.php\/jauna-uznemsana\/pec-9-klases\/attachment\/11\/'><img loading=\"lazy\" decoding=\"async\" width=\"150\" height=\"150\" src=\"https:\/\/www.kuldigastehnikums.lv\/wp-content\/uploads\/2021\/02\/11-150x150.png\" class=\"attachment-thumbnail size-thumbnail\" alt=\"T\u016brisma pakalpojumu konsultants\" srcset=\"https:\/\/www.kuldigastehnikums.lv\/wp-content\/uploads\/2021\/02\/11-150x150.png 150w, https:\/\/www.kuldigastehnikums.lv\/wp-content\/uploads\/2021\/02\/11-300x300.png 300w, https:\/\/www.kuldigastehnikums.lv\/wp-content\/uploads\/2021\/02\/11.png 620w\" sizes=\"(max-width: 150px) 100vw, 150px\" \/><\/a>\n\t\t\t<\/div><\/figure><figure class='gallery-item'>\n\t\t\t<div class='gallery-icon landscape'>\n\t\t\t\t<a href='https:\/\/www.kuldigastehnikums.lv\/index.php\/jauna-uznemsana\/pec-9-klases\/attachment\/12\/'><img loading=\"lazy\" decoding=\"async\" width=\"150\" height=\"150\" src=\"https:\/\/www.kuldigastehnikums.lv\/wp-content\/uploads\/2021\/02\/12-150x150.png\" class=\"attachment-thumbnail size-thumbnail\" alt=\"Viesu uz\u0146em\u0161anas dienesta speci\u0101lists\" srcset=\"https:\/\/www.kuldigastehnikums.lv\/wp-content\/uploads\/2021\/02\/12-150x150.png 150w, https:\/\/www.kuldigastehnikums.lv\/wp-content\/uploads\/2021\/02\/12-300x300.png 300w, https:\/\/www.kuldigastehnikums.lv\/wp-content\/uploads\/2021\/02\/12.png 620w\" sizes=\"(max-width: 150px) 100vw, 150px\" \/><\/a>\n\t\t\t<\/div><\/figure><figure class='gallery-item'>\n\t\t\t<div class='gallery-icon landscape'>\n\t\t\t\t<a href='https:\/\/www.kuldigastehnikums.lv\/index.php\/jauna-uznemsana\/pec-9-klases\/attachment\/13\/'><img loading=\"lazy\" decoding=\"async\" width=\"150\" height=\"150\" src=\"https:\/\/www.kuldigastehnikums.lv\/wp-content\/uploads\/2021\/02\/13-150x150.png\" class=\"attachment-thumbnail size-thumbnail\" alt=\"\" srcset=\"https:\/\/www.kuldigastehnikums.lv\/wp-content\/uploads\/2021\/02\/13-150x150.png 150w, https:\/\/www.kuldigastehnikums.lv\/wp-content\/uploads\/2021\/02\/13-300x300.png 300w, https:\/\/www.kuldigastehnikums.lv\/wp-content\/uploads\/2021\/02\/13.png 620w\" sizes=\"(max-width: 150px) 100vw, 150px\" \/><\/a>\n\t\t\t<\/div><\/figure>\n\t\t<\/div>\n\n","protected":false},"excerpt":{"rendered":"<p>No 1. l\u012bdz 4. augustam skolot\u0101ja Zanda \u0160legelmilha piedal\u012bj\u0101s latvie\u0161u valodas un literat\u016bras skolot\u0101ju asoci\u0101cijas organiz\u0113taj\u0101 vasaras rado\u0161i metodiskaj\u0101 nometn\u0113 &#8220;Liep\u0101jas dz(Dz)intars&#8221;, kura notika Liep\u0101jas Universit\u0101t\u0113. Liep\u0101jas Universit\u0101t\u0113 Nometnes t\u0113ma &#8220;Latvie\u0161u valodas un literat\u016bras satura un metodikas novit\u0101tes: teorija un prakse&#8221;. Vair\u0101k nek\u0101 piecdesmit skolot\u0101ju no visas Latvijas \u010detru dienu garum\u0101 klaus\u012bj\u0101s Liep\u0101jas Universit\u0101tes m\u0101c\u012bbsp\u0113ku<a class=\"moretag\" href=\"https:\/\/www.kuldigastehnikums.lv\/index.php\/jaunumi\/jaunumi-arhivs\/radosi-metodiska-nometne-skolotajiem\/\"> Vair\u0101k<\/a> [&#8230;]<\/p>\n<p><a class=\"btn btn-secondary understrap-read-more-link\" href=\"https:\/\/www.kuldigastehnikums.lv\/index.php\/jaunumi\/jaunumi-arhivs\/radosi-metodiska-nometne-skolotajiem\/\">Vair\u0101k&#8230;<\/a><\/p>\n","protected":false},"author":2,"featured_media":0,"parent":5791,"menu_order":0,"comment_status":"open","ping_status":"open","template":"","meta":{"footnotes":""},"class_list":["post-6165","page","type-page","status-publish","hentry"],"_links":{"self":[{"href":"https:\/\/www.kuldigastehnikums.lv\/index.php\/wp-json\/wp\/v2\/pages\/6165","targetHints":{"allow":["GET"]}}],"collection":[{"href":"https:\/\/www.kuldigastehnikums.lv\/index.php\/wp-json\/wp\/v2\/pages"}],"about":[{"href":"https:\/\/www.kuldigastehnikums.lv\/index.php\/wp-json\/wp\/v2\/types\/page"}],"author":[{"embeddable":true,"href":"https:\/\/www.kuldigastehnikums.lv\/index.php\/wp-json\/wp\/v2\/users\/2"}],"replies":[{"embeddable":true,"href":"https:\/\/www.kuldigastehnikums.lv\/index.php\/wp-json\/wp\/v2\/comments?post=6165"}],"version-history":[{"count":0,"href":"https:\/\/www.kuldigastehnikums.lv\/index.php\/wp-json\/wp\/v2\/pages\/6165\/revisions"}],"up":[{"embeddable":true,"href":"https:\/\/www.kuldigastehnikums.lv\/index.php\/wp-json\/wp\/v2\/pages\/5791"}],"wp:attachment":[{"href":"https:\/\/www.kuldigastehnikums.lv\/index.php\/wp-json\/wp\/v2\/media?parent=6165"}],"curies":[{"name":"wp","href":"https:\/\/api.w.org\/{rel}","templated":true}]}}