{"id":6166,"date":"2019-12-22T21:19:06","date_gmt":"2019-12-22T21:19:06","guid":{"rendered":"http:\/\/www.kuldigastehnikums.lv\/jaunumi\/jaunumi-2018\/tehnikuma-daliba-kuldigas-pilsetas-svetkos-zellu-piestatne\/"},"modified":"2019-12-22T21:19:06","modified_gmt":"2019-12-22T21:19:06","slug":"tehnikuma-daliba-kuldigas-pilsetas-svetkos-zellu-piestatne","status":"publish","type":"page","link":"https:\/\/www.kuldigastehnikums.lv\/index.php\/jaunumi\/jaunumi-arhivs\/tehnikuma-daliba-kuldigas-pilsetas-svetkos-zellu-piestatne\/","title":{"rendered":"Tehnikuma dal\u012bba Kuld\u012bgas pils\u0113tas sv\u0113tkos &#8211; Ze\u013c\u013cu piest\u0101tne"},"content":{"rendered":"<p>Tehnikumie\u0161u darbs Kuld\u012bgas viesu labsaj\u016btai &#8211; Kuld\u012bgas pils\u0113tas sv\u0113tkos 15.j\u016blij\u0101, 2017 tehnikuma pagalm\u0101 un d\u0101rz\u0101- Izcil\u0101s konditorejas studija, Labsaj\u016btu studija, B\u0113rn\u012bbas gar\u0161as studija u.c., nols\u0113gum\u0101 dal\u012bba sv\u0113tku g\u0101jien\u0101 gar\u0101m savam tehnikumam.<\/p>\n<p>\u00a0<\/p>\n<div id='gallery-1' class='gallery galleryid-6166 gallery-columns-4 gallery-size-thumbnail'><figure class='gallery-item'>\n\t\t\t<div class='gallery-icon landscape'>\n\t\t\t\t<a href='https:\/\/www.kuldigastehnikums.lv\/index.php\/jauna-uznemsana\/3-2\/'><img decoding=\"async\" width=\"150\" height=\"150\" src=\"https:\/\/www.kuldigastehnikums.lv\/wp-content\/uploads\/2021\/02\/3-150x150.png\" class=\"attachment-thumbnail size-thumbnail\" alt=\"\" srcset=\"https:\/\/www.kuldigastehnikums.lv\/wp-content\/uploads\/2021\/02\/3-150x150.png 150w, https:\/\/www.kuldigastehnikums.lv\/wp-content\/uploads\/2021\/02\/3-300x300.png 300w, https:\/\/www.kuldigastehnikums.lv\/wp-content\/uploads\/2021\/02\/3.png 620w\" sizes=\"(max-width: 150px) 100vw, 150px\" \/><\/a>\n\t\t\t<\/div><\/figure>\n\t\t<\/div>\n\n","protected":false},"excerpt":{"rendered":"<p>Tehnikumie\u0161u darbs Kuld\u012bgas viesu labsaj\u016btai &#8211; Kuld\u012bgas pils\u0113tas sv\u0113tkos 15.j\u016blij\u0101, 2017 tehnikuma pagalm\u0101 un d\u0101rz\u0101- Izcil\u0101s konditorejas studija, Labsaj\u016btu studija, B\u0113rn\u012bbas gar\u0161as studija u.c., nols\u0113gum\u0101 dal\u012bba sv\u0113tku g\u0101jien\u0101 gar\u0101m savam tehnikumam. \u00a0 [&#8230;]<\/p>\n<p><a class=\"btn btn-secondary understrap-read-more-link\" href=\"https:\/\/www.kuldigastehnikums.lv\/index.php\/jaunumi\/jaunumi-arhivs\/tehnikuma-daliba-kuldigas-pilsetas-svetkos-zellu-piestatne\/\">Vair\u0101k&#8230;<\/a><\/p>\n","protected":false},"author":2,"featured_media":0,"parent":5791,"menu_order":0,"comment_status":"open","ping_status":"open","template":"","meta":{"footnotes":""},"class_list":["post-6166","page","type-page","status-publish","hentry"],"_links":{"self":[{"href":"https:\/\/www.kuldigastehnikums.lv\/index.php\/wp-json\/wp\/v2\/pages\/6166","targetHints":{"allow":["GET"]}}],"collection":[{"href":"https:\/\/www.kuldigastehnikums.lv\/index.php\/wp-json\/wp\/v2\/pages"}],"about":[{"href":"https:\/\/www.kuldigastehnikums.lv\/index.php\/wp-json\/wp\/v2\/types\/page"}],"author":[{"embeddable":true,"href":"https:\/\/www.kuldigastehnikums.lv\/index.php\/wp-json\/wp\/v2\/users\/2"}],"replies":[{"embeddable":true,"href":"https:\/\/www.kuldigastehnikums.lv\/index.php\/wp-json\/wp\/v2\/comments?post=6166"}],"version-history":[{"count":0,"href":"https:\/\/www.kuldigastehnikums.lv\/index.php\/wp-json\/wp\/v2\/pages\/6166\/revisions"}],"up":[{"embeddable":true,"href":"https:\/\/www.kuldigastehnikums.lv\/index.php\/wp-json\/wp\/v2\/pages\/5791"}],"wp:attachment":[{"href":"https:\/\/www.kuldigastehnikums.lv\/index.php\/wp-json\/wp\/v2\/media?parent=6166"}],"curies":[{"name":"wp","href":"https:\/\/api.w.org\/{rel}","templated":true}]}}