{"id":6167,"date":"2019-12-22T21:19:06","date_gmt":"2019-12-22T21:19:06","guid":{"rendered":"http:\/\/www.kuldigastehnikums.lv\/jaunumi\/jaunumi-2018\/dzejas-dienas\/"},"modified":"2019-12-22T21:19:06","modified_gmt":"2019-12-22T21:19:06","slug":"dzejas-dienas","status":"publish","type":"page","link":"https:\/\/www.kuldigastehnikums.lv\/index.php\/jaunumi\/jaunumi-arhivs\/dzejas-dienas\/","title":{"rendered":"Dzejas dien\u0101s"},"content":{"rendered":"<div id=\"eml-cke__body\" title=\"\"><span style=\"font-size: 12pt;\">11.septembr\u012b 13. un 15.a grupas audz\u0113k\u0146i kop\u0101 ar skolot\u0101j\u0101m Gitu Ar\u0101jumu un Zandu \u0160legelmilhu apmekl\u0113ja Kuld\u012bgas novada B\u0113rnu un jaunie\u0161u centra (Kuld\u012bgas BJC) organiz\u0113to Dzejas dienu pas\u0101kumu. Pas\u0101kuma ietvaros jaunie\u0161i noskat\u012bj\u0101s divas dzejas izr\u0101des- P.P\u0113tersona &#8220;Acis. Zvaigznes. Acis&#8221; un \u0100. Elksnes &#8220;Zelta sp\u0101rni&#8221;-, iepazin\u0101s ar Kuld\u012bgas BJC pulci\u0146u un aktivit\u0101\u0161u pied\u0101v\u0101jumu, k\u0101 ar\u012b apmekl\u0113ja Jaunie\u0161u m\u0101ju.\u00a0<\/span><\/p>\n<p><span style=\"font-size: 12pt;\"> Materi\u0101lu sagatavoja skolot\u0101ja Z.\u0160legelmilha.<\/span><\/div>\n<div id=\"eml-cke__signature_top\" title=\"Paraksts\">\n<div id=\"eml-cke__signature_top-wrap\" class=\"eml-cke__signature\" title=\"\">\u00a0<\/div>\n<div title=\"\">\n\n<\/div>\n<\/div>\n","protected":false},"excerpt":{"rendered":"<p>11.septembr\u012b 13. un 15.a grupas audz\u0113k\u0146i kop\u0101 ar skolot\u0101j\u0101m Gitu Ar\u0101jumu un Zandu \u0160legelmilhu apmekl\u0113ja Kuld\u012bgas novada B\u0113rnu un jaunie\u0161u centra (Kuld\u012bgas BJC) organiz\u0113to Dzejas dienu pas\u0101kumu. Pas\u0101kuma ietvaros jaunie\u0161i noskat\u012bj\u0101s divas dzejas izr\u0101des- P.P\u0113tersona &#8220;Acis. Zvaigznes. Acis&#8221; un \u0100. Elksnes &#8220;Zelta sp\u0101rni&#8221;-, iepazin\u0101s ar Kuld\u012bgas BJC pulci\u0146u un aktivit\u0101\u0161u pied\u0101v\u0101jumu, k\u0101 ar\u012b apmekl\u0113ja Jaunie\u0161u<a class=\"moretag\" href=\"https:\/\/www.kuldigastehnikums.lv\/index.php\/jaunumi\/jaunumi-arhivs\/dzejas-dienas\/\"> Vair\u0101k<\/a> [&#8230;]<\/p>\n<p><a class=\"btn btn-secondary understrap-read-more-link\" href=\"https:\/\/www.kuldigastehnikums.lv\/index.php\/jaunumi\/jaunumi-arhivs\/dzejas-dienas\/\">Vair\u0101k&#8230;<\/a><\/p>\n","protected":false},"author":2,"featured_media":0,"parent":5791,"menu_order":0,"comment_status":"open","ping_status":"open","template":"","meta":{"footnotes":""},"class_list":["post-6167","page","type-page","status-publish","hentry"],"_links":{"self":[{"href":"https:\/\/www.kuldigastehnikums.lv\/index.php\/wp-json\/wp\/v2\/pages\/6167","targetHints":{"allow":["GET"]}}],"collection":[{"href":"https:\/\/www.kuldigastehnikums.lv\/index.php\/wp-json\/wp\/v2\/pages"}],"about":[{"href":"https:\/\/www.kuldigastehnikums.lv\/index.php\/wp-json\/wp\/v2\/types\/page"}],"author":[{"embeddable":true,"href":"https:\/\/www.kuldigastehnikums.lv\/index.php\/wp-json\/wp\/v2\/users\/2"}],"replies":[{"embeddable":true,"href":"https:\/\/www.kuldigastehnikums.lv\/index.php\/wp-json\/wp\/v2\/comments?post=6167"}],"version-history":[{"count":0,"href":"https:\/\/www.kuldigastehnikums.lv\/index.php\/wp-json\/wp\/v2\/pages\/6167\/revisions"}],"up":[{"embeddable":true,"href":"https:\/\/www.kuldigastehnikums.lv\/index.php\/wp-json\/wp\/v2\/pages\/5791"}],"wp:attachment":[{"href":"https:\/\/www.kuldigastehnikums.lv\/index.php\/wp-json\/wp\/v2\/media?parent=6167"}],"curies":[{"name":"wp","href":"https:\/\/api.w.org\/{rel}","templated":true}]}}