{"id":6168,"date":"2019-12-22T21:19:06","date_gmt":"2019-12-22T21:19:06","guid":{"rendered":"http:\/\/www.kuldigastehnikums.lv\/jaunumi\/jaunumi-2018\/9-pedagogu-konference\/"},"modified":"2019-12-22T21:19:06","modified_gmt":"2019-12-22T21:19:06","slug":"9-pedagogu-konference","status":"publish","type":"page","link":"https:\/\/www.kuldigastehnikums.lv\/index.php\/jaunumi\/jaunumi-arhivs\/9-pedagogu-konference\/","title":{"rendered":"9. Pedagogu konferenc\u0113"},"content":{"rendered":"<div id=\"eml-cke__body\" title=\"\"><span style=\"font-size: 12pt;\">25. august\u0101 notika 9. Kuld\u012bgas novada skolot\u0101ju konference, kur\u0101 piedal\u012bj\u0101s ar\u012b Kuld\u012bgas Tehnolo\u0123iju un t\u016brisma tehnikuma pedagogi. Pirms jaun\u0101 m\u0101c\u012bbu gada pedagogus uzrun\u0101ja Kuld\u012bgas novada Domes priek\u0161s\u0113d\u0113t\u0101ja Inga B\u0113rzi\u0146a. Pas\u0101kum\u0101 sveica Kuld\u012bgas novada Domes balvas \u201cGada cilv\u0113ks izgl\u012bt\u012bb\u0101 2017\u201d sa\u0146\u0113m\u0113ju Adriju Brantevicu un darba jubil\u0101rus, t. sk. Oj\u0101ru Pe\u010duli, Ivetu Rogu, Gunitu Meieri un Ed\u012bti G\u012bmi. Apsveicam!<\/span><br data-text=\"true\" \/><br \/>\n<br \/>\n<span style=\"font-size: 12pt;\"> Foto: Krist\u012bne Du\u013cbinska.<\/span><\/div>\n<div id=\"eml-cke__signature_top\" title=\"Paraksts\">\n<div id=\"eml-cke__signature_top-wrap\" class=\"eml-cke__signature\" title=\"\"><span style=\"font-size: 12pt;\">\u00a0<\/span><\/div>\n<div title=\"\">\n\n<\/div>\n<\/div>\n","protected":false},"excerpt":{"rendered":"<p>25. august\u0101 notika 9. Kuld\u012bgas novada skolot\u0101ju konference, kur\u0101 piedal\u012bj\u0101s ar\u012b Kuld\u012bgas Tehnolo\u0123iju un t\u016brisma tehnikuma pedagogi. Pirms jaun\u0101 m\u0101c\u012bbu gada pedagogus uzrun\u0101ja Kuld\u012bgas novada Domes priek\u0161s\u0113d\u0113t\u0101ja Inga B\u0113rzi\u0146a. Pas\u0101kum\u0101 sveica Kuld\u012bgas novada Domes balvas \u201cGada cilv\u0113ks izgl\u012bt\u012bb\u0101 2017\u201d sa\u0146\u0113m\u0113ju Adriju Brantevicu un darba jubil\u0101rus, t. sk. Oj\u0101ru Pe\u010duli, Ivetu Rogu, Gunitu Meieri un Ed\u012bti<a class=\"moretag\" href=\"https:\/\/www.kuldigastehnikums.lv\/index.php\/jaunumi\/jaunumi-arhivs\/9-pedagogu-konference\/\"> Vair\u0101k<\/a> [&#8230;]<\/p>\n<p><a class=\"btn btn-secondary understrap-read-more-link\" href=\"https:\/\/www.kuldigastehnikums.lv\/index.php\/jaunumi\/jaunumi-arhivs\/9-pedagogu-konference\/\">Vair\u0101k&#8230;<\/a><\/p>\n","protected":false},"author":2,"featured_media":0,"parent":5791,"menu_order":0,"comment_status":"open","ping_status":"open","template":"","meta":{"footnotes":""},"class_list":["post-6168","page","type-page","status-publish","hentry"],"_links":{"self":[{"href":"https:\/\/www.kuldigastehnikums.lv\/index.php\/wp-json\/wp\/v2\/pages\/6168","targetHints":{"allow":["GET"]}}],"collection":[{"href":"https:\/\/www.kuldigastehnikums.lv\/index.php\/wp-json\/wp\/v2\/pages"}],"about":[{"href":"https:\/\/www.kuldigastehnikums.lv\/index.php\/wp-json\/wp\/v2\/types\/page"}],"author":[{"embeddable":true,"href":"https:\/\/www.kuldigastehnikums.lv\/index.php\/wp-json\/wp\/v2\/users\/2"}],"replies":[{"embeddable":true,"href":"https:\/\/www.kuldigastehnikums.lv\/index.php\/wp-json\/wp\/v2\/comments?post=6168"}],"version-history":[{"count":0,"href":"https:\/\/www.kuldigastehnikums.lv\/index.php\/wp-json\/wp\/v2\/pages\/6168\/revisions"}],"up":[{"embeddable":true,"href":"https:\/\/www.kuldigastehnikums.lv\/index.php\/wp-json\/wp\/v2\/pages\/5791"}],"wp:attachment":[{"href":"https:\/\/www.kuldigastehnikums.lv\/index.php\/wp-json\/wp\/v2\/media?parent=6168"}],"curies":[{"name":"wp","href":"https:\/\/api.w.org\/{rel}","templated":true}]}}