{"id":6169,"date":"2019-12-22T21:19:06","date_gmt":"2019-12-22T21:19:06","guid":{"rendered":"http:\/\/www.kuldigastehnikums.lv\/jaunumi\/jaunumi-2018\/valorizacijas-seminars\/"},"modified":"2019-12-22T21:19:06","modified_gmt":"2019-12-22T21:19:06","slug":"valorizacijas-seminars","status":"publish","type":"page","link":"https:\/\/www.kuldigastehnikums.lv\/index.php\/jaunumi\/jaunumi-arhivs\/valorizacijas-seminars\/","title":{"rendered":"Valoriz\u0101cijas semin\u0101rs"},"content":{"rendered":"<div id=\"eml-cke__body\" title=\"\"><span style=\"font-size: 12pt;\">20.septembr\u012b tehnikum\u0101 notika valoriz\u0101cijas semin\u0101rs, kur\u0101 20 tehnikuma audz\u0113k\u0146i, kuri biju\u0161i ERASMUS+ praks\u0113 \u0101rzem\u0113s projekta ERASMUS+ \u00a0ietvaros, iepaz\u012bstin\u0101ja 2. un 3. kursa audz\u0113k\u0146us ar prakses viet\u0101m, veiktajiem darbiem un sadz\u012bves apst\u0101k\u013ciem, k\u0101 ar\u012b atbild\u0113ja uz interesentu jaut\u0101jumiem.<\/span><\/p>\n<p><span style=\"font-size: 12pt;\"> Materi\u0101lu sagatavoja skolot\u0101ja Zanda \u0160legelmilha.<\/span><\/div>\n<div id=\"eml-cke__signature_top\" title=\"Paraksts\">\n<div id=\"eml-cke__signature_top-wrap\" class=\"eml-cke__signature\" title=\"\"><span style=\"font-size: 12pt;\">\u00a0<\/span><\/div>\n<div title=\"\">\n\n<\/div>\n<\/div>\n","protected":false},"excerpt":{"rendered":"<p>20.septembr\u012b tehnikum\u0101 notika valoriz\u0101cijas semin\u0101rs, kur\u0101 20 tehnikuma audz\u0113k\u0146i, kuri biju\u0161i ERASMUS+ praks\u0113 \u0101rzem\u0113s projekta ERASMUS+ \u00a0ietvaros, iepaz\u012bstin\u0101ja 2. un 3. kursa audz\u0113k\u0146us ar prakses viet\u0101m, veiktajiem darbiem un sadz\u012bves apst\u0101k\u013ciem, k\u0101 ar\u012b atbild\u0113ja uz interesentu jaut\u0101jumiem. Materi\u0101lu sagatavoja skolot\u0101ja Zanda \u0160legelmilha. \u00a0 [&#8230;]<\/p>\n<p><a class=\"btn btn-secondary understrap-read-more-link\" href=\"https:\/\/www.kuldigastehnikums.lv\/index.php\/jaunumi\/jaunumi-arhivs\/valorizacijas-seminars\/\">Vair\u0101k&#8230;<\/a><\/p>\n","protected":false},"author":2,"featured_media":0,"parent":5791,"menu_order":0,"comment_status":"open","ping_status":"open","template":"","meta":{"footnotes":""},"class_list":["post-6169","page","type-page","status-publish","hentry"],"_links":{"self":[{"href":"https:\/\/www.kuldigastehnikums.lv\/index.php\/wp-json\/wp\/v2\/pages\/6169","targetHints":{"allow":["GET"]}}],"collection":[{"href":"https:\/\/www.kuldigastehnikums.lv\/index.php\/wp-json\/wp\/v2\/pages"}],"about":[{"href":"https:\/\/www.kuldigastehnikums.lv\/index.php\/wp-json\/wp\/v2\/types\/page"}],"author":[{"embeddable":true,"href":"https:\/\/www.kuldigastehnikums.lv\/index.php\/wp-json\/wp\/v2\/users\/2"}],"replies":[{"embeddable":true,"href":"https:\/\/www.kuldigastehnikums.lv\/index.php\/wp-json\/wp\/v2\/comments?post=6169"}],"version-history":[{"count":0,"href":"https:\/\/www.kuldigastehnikums.lv\/index.php\/wp-json\/wp\/v2\/pages\/6169\/revisions"}],"up":[{"embeddable":true,"href":"https:\/\/www.kuldigastehnikums.lv\/index.php\/wp-json\/wp\/v2\/pages\/5791"}],"wp:attachment":[{"href":"https:\/\/www.kuldigastehnikums.lv\/index.php\/wp-json\/wp\/v2\/media?parent=6169"}],"curies":[{"name":"wp","href":"https:\/\/api.w.org\/{rel}","templated":true}]}}