{"id":6171,"date":"2019-12-22T21:19:07","date_gmt":"2019-12-22T21:19:07","guid":{"rendered":"http:\/\/www.kuldigastehnikums.lv\/jaunumi\/jaunumi-2018\/karlmuiza-norisinajas-meistardarbnica\/"},"modified":"2019-12-22T21:19:07","modified_gmt":"2019-12-22T21:19:07","slug":"karlmuiza-norisinajas-meistardarbnica","status":"publish","type":"page","link":"https:\/\/www.kuldigastehnikums.lv\/index.php\/jaunumi\/jaunumi-arhivs\/karlmuiza-norisinajas-meistardarbnica\/","title":{"rendered":"K\u0101r\u013cmui\u017e\u0101 norisin\u0101j\u0101s meistardarbn\u012bca"},"content":{"rendered":"<p align=\"justify\"><span style=\"font-size: 12pt;\">10.oktobr\u012b C\u0113su novada K\u0101r\u013cmui\u017e\u0101 norisin\u0101j\u0101s meistardarbn\u012bca, kur\u0101 piedal\u012bj\u0101s profesion\u0101l\u0101 \u0113din\u0101\u0161anas pakalpojumu skolot\u0101ja Anita B\u0113rzi\u0146a ar audz\u0113k\u0146iem Di\u0101nu Milo\u0161u, Mat\u012bsu Kopitko, Aleksandru \u013be\u013cu, Ivonnu \u0100bolti\u0146u un Lauri Kristi\u0101nu Bespa\u013c\u010diku. Meistardarbn\u012bc\u0101 topo\u0161ie \u0113din\u0101\u0161anas nozares speci\u0101listi gatavoja viet\u0113jo sezon\u0101lo \u0113dienu kop\u0101 ar restor\u0101na K\u0101r\u013cmui\u017ea \u0161efpav\u0101ru Ren\u0101ru Purmali. Meistardarbn\u012bca norisin\u0101j\u0101s projekta \u201eAtbild\u012bgs p\u0101rtikas pat\u0113ri\u0146\u0161 skol\u0101s\u201d ietvaros, kuru \u012bsteno vides organiz\u0101cija \u201eHomo ecos\u201d un finans\u0113 Zieme\u013cvalstu ministru padomes birojs Latvij\u0101.<\/span><\/p>\n<p align=\"justify\">\u00a0<\/p>\n\n<p align=\"justify\"><\/p>\n","protected":false},"excerpt":{"rendered":"<p>10.oktobr\u012b C\u0113su novada K\u0101r\u013cmui\u017e\u0101 norisin\u0101j\u0101s meistardarbn\u012bca, kur\u0101 piedal\u012bj\u0101s profesion\u0101l\u0101 \u0113din\u0101\u0161anas pakalpojumu skolot\u0101ja Anita B\u0113rzi\u0146a ar audz\u0113k\u0146iem Di\u0101nu Milo\u0161u, Mat\u012bsu Kopitko, Aleksandru \u013be\u013cu, Ivonnu \u0100bolti\u0146u un Lauri Kristi\u0101nu Bespa\u013c\u010diku. Meistardarbn\u012bc\u0101 topo\u0161ie \u0113din\u0101\u0161anas nozares speci\u0101listi gatavoja viet\u0113jo sezon\u0101lo \u0113dienu kop\u0101 ar restor\u0101na K\u0101r\u013cmui\u017ea \u0161efpav\u0101ru Ren\u0101ru Purmali. Meistardarbn\u012bca norisin\u0101j\u0101s projekta \u201eAtbild\u012bgs p\u0101rtikas pat\u0113ri\u0146\u0161 skol\u0101s\u201d ietvaros, kuru \u012bsteno vides<a class=\"moretag\" href=\"https:\/\/www.kuldigastehnikums.lv\/index.php\/jaunumi\/jaunumi-arhivs\/karlmuiza-norisinajas-meistardarbnica\/\"> Vair\u0101k<\/a> [&#8230;]<\/p>\n<p><a class=\"btn btn-secondary understrap-read-more-link\" href=\"https:\/\/www.kuldigastehnikums.lv\/index.php\/jaunumi\/jaunumi-arhivs\/karlmuiza-norisinajas-meistardarbnica\/\">Vair\u0101k&#8230;<\/a><\/p>\n","protected":false},"author":2,"featured_media":0,"parent":5791,"menu_order":0,"comment_status":"open","ping_status":"open","template":"","meta":{"footnotes":""},"class_list":["post-6171","page","type-page","status-publish","hentry"],"_links":{"self":[{"href":"https:\/\/www.kuldigastehnikums.lv\/index.php\/wp-json\/wp\/v2\/pages\/6171","targetHints":{"allow":["GET"]}}],"collection":[{"href":"https:\/\/www.kuldigastehnikums.lv\/index.php\/wp-json\/wp\/v2\/pages"}],"about":[{"href":"https:\/\/www.kuldigastehnikums.lv\/index.php\/wp-json\/wp\/v2\/types\/page"}],"author":[{"embeddable":true,"href":"https:\/\/www.kuldigastehnikums.lv\/index.php\/wp-json\/wp\/v2\/users\/2"}],"replies":[{"embeddable":true,"href":"https:\/\/www.kuldigastehnikums.lv\/index.php\/wp-json\/wp\/v2\/comments?post=6171"}],"version-history":[{"count":0,"href":"https:\/\/www.kuldigastehnikums.lv\/index.php\/wp-json\/wp\/v2\/pages\/6171\/revisions"}],"up":[{"embeddable":true,"href":"https:\/\/www.kuldigastehnikums.lv\/index.php\/wp-json\/wp\/v2\/pages\/5791"}],"wp:attachment":[{"href":"https:\/\/www.kuldigastehnikums.lv\/index.php\/wp-json\/wp\/v2\/media?parent=6171"}],"curies":[{"name":"wp","href":"https:\/\/api.w.org\/{rel}","templated":true}]}}