{"id":6172,"date":"2019-12-22T21:19:07","date_gmt":"2019-12-22T21:19:07","guid":{"rendered":"http:\/\/www.kuldigastehnikums.lv\/jaunumi\/jaunumi-2018\/profesionala-meistarklase-par-nagu-kopsanu\/"},"modified":"2019-12-22T21:19:07","modified_gmt":"2019-12-22T21:19:07","slug":"profesionala-meistarklase-par-nagu-kopsanu","status":"publish","type":"page","link":"https:\/\/www.kuldigastehnikums.lv\/index.php\/jaunumi\/jaunumi-arhivs\/profesionala-meistarklase-par-nagu-kopsanu\/","title":{"rendered":"Profesion\u0101l\u0101 meistarklase par nagu kop\u0161anu"},"content":{"rendered":"<p><span style=\"font-size: 12pt;\">5.oktobr\u012b profesijas &#8220;Manik\u012bra un pedik\u012bra speci\u0101lists&#8221;\u00a0 25.,26.un 29.grupu studentes piedal\u012bj\u0101s profesion\u0101laj\u0101 meistarklas\u0113 par nagu kop\u0161anu, g\u0113la lak\u0101m, to p\u0101rkl\u0101jumiem, pareizu n\u0113s\u0101\u0161anu un\u00a0 pareizu no\u0146em\u0161anu. Studentes iepazin\u0101s ar amerik\u0101\u0146u z\u012bmola CND un fran\u010du z\u012bmola DIDIER LAB komp\u0101nijas ra\u017eotajiem\u00a0 roku un k\u0101ju kop\u0161anas\u00a0 materi\u0101liem. Meistarklasi vad\u012bja Sigita Strazdi\u0146a- SIA &#8220;Beauty Bee&#8221;sertific\u0113ta lektore, Latvijas Amatniec\u012bbas kameras amata meistare ar 17 gadu darba pieredzi nagu kop\u0161an\u0101s\u00a0 jom\u0101.<br \/>\n<\/span><\/p>\n<p>\u00a0<\/p>\n\n","protected":false},"excerpt":{"rendered":"<p>5.oktobr\u012b profesijas &#8220;Manik\u012bra un pedik\u012bra speci\u0101lists&#8221;\u00a0 25.,26.un 29.grupu studentes piedal\u012bj\u0101s profesion\u0101laj\u0101 meistarklas\u0113 par nagu kop\u0161anu, g\u0113la lak\u0101m, to p\u0101rkl\u0101jumiem, pareizu n\u0113s\u0101\u0161anu un\u00a0 pareizu no\u0146em\u0161anu. Studentes iepazin\u0101s ar amerik\u0101\u0146u z\u012bmola CND un fran\u010du z\u012bmola DIDIER LAB komp\u0101nijas ra\u017eotajiem\u00a0 roku un k\u0101ju kop\u0161anas\u00a0 materi\u0101liem. Meistarklasi vad\u012bja Sigita Strazdi\u0146a- SIA &#8220;Beauty Bee&#8221;sertific\u0113ta lektore, Latvijas Amatniec\u012bbas kameras amata meistare<a class=\"moretag\" href=\"https:\/\/www.kuldigastehnikums.lv\/index.php\/jaunumi\/jaunumi-arhivs\/profesionala-meistarklase-par-nagu-kopsanu\/\"> Vair\u0101k<\/a> [&#8230;]<\/p>\n<p><a class=\"btn btn-secondary understrap-read-more-link\" href=\"https:\/\/www.kuldigastehnikums.lv\/index.php\/jaunumi\/jaunumi-arhivs\/profesionala-meistarklase-par-nagu-kopsanu\/\">Vair\u0101k&#8230;<\/a><\/p>\n","protected":false},"author":2,"featured_media":0,"parent":5791,"menu_order":0,"comment_status":"open","ping_status":"open","template":"","meta":{"footnotes":""},"class_list":["post-6172","page","type-page","status-publish","hentry"],"_links":{"self":[{"href":"https:\/\/www.kuldigastehnikums.lv\/index.php\/wp-json\/wp\/v2\/pages\/6172","targetHints":{"allow":["GET"]}}],"collection":[{"href":"https:\/\/www.kuldigastehnikums.lv\/index.php\/wp-json\/wp\/v2\/pages"}],"about":[{"href":"https:\/\/www.kuldigastehnikums.lv\/index.php\/wp-json\/wp\/v2\/types\/page"}],"author":[{"embeddable":true,"href":"https:\/\/www.kuldigastehnikums.lv\/index.php\/wp-json\/wp\/v2\/users\/2"}],"replies":[{"embeddable":true,"href":"https:\/\/www.kuldigastehnikums.lv\/index.php\/wp-json\/wp\/v2\/comments?post=6172"}],"version-history":[{"count":0,"href":"https:\/\/www.kuldigastehnikums.lv\/index.php\/wp-json\/wp\/v2\/pages\/6172\/revisions"}],"up":[{"embeddable":true,"href":"https:\/\/www.kuldigastehnikums.lv\/index.php\/wp-json\/wp\/v2\/pages\/5791"}],"wp:attachment":[{"href":"https:\/\/www.kuldigastehnikums.lv\/index.php\/wp-json\/wp\/v2\/media?parent=6172"}],"curies":[{"name":"wp","href":"https:\/\/api.w.org\/{rel}","templated":true}]}}