{"id":6173,"date":"2019-12-22T21:19:07","date_gmt":"2019-12-22T21:19:07","guid":{"rendered":"http:\/\/www.kuldigastehnikums.lv\/jaunumi\/jaunumi-2018\/pieredzes-apmainas-brauciens-uz-druskininku-rajonu-lietuva\/"},"modified":"2019-12-22T21:19:07","modified_gmt":"2019-12-22T21:19:07","slug":"pieredzes-apmainas-brauciens-uz-druskininku-rajonu-lietuva","status":"publish","type":"page","link":"https:\/\/www.kuldigastehnikums.lv\/index.php\/jaunumi\/jaunumi-arhivs\/pieredzes-apmainas-brauciens-uz-druskininku-rajonu-lietuva\/","title":{"rendered":"Pieredzes apmai\u0146as brauciens uz Druskininku rajonu Lietuv\u0101"},"content":{"rendered":"<p><span style=\"font-size: 12pt;\">Skolot\u0101ja Anita B\u0113rzi\u0146a \u0161. g. 20., 21., 22.septembr\u012b k\u0101 sadarb\u012bbas partneris p\u0101rst\u0101v\u0113ja tehnikumu biedr\u012bbas ,,Latgales kulin\u0101r\u0101 mantojuma centrs\u201d r\u012bkotaj\u0101 pieredzes apmai\u0146as braucien\u0101 uz Druskininku rajonu Lietuv\u0101. Ieg\u016bta jauna pieredze, piedaloties meistarklas\u0113s siera ra\u017eo\u0161an\u0101, \u0161akotis cep\u0161an\u0101, kartupe\u013cu un gri\u0137u daudzveid\u012bgaj\u0101 pagatavo\u0161an\u0101, bi\u0161kop\u012bbas produktu degust\u0101cij\u0101 un izmanto\u0161an\u0101, k\u0101 ar\u012b jauna pieredze t\u016brisma infrastrukt\u016bras att\u012bst\u012bb\u0101.<\/span><\/p>\n<p>\u00a0<\/p>\n\n","protected":false},"excerpt":{"rendered":"<p>Skolot\u0101ja Anita B\u0113rzi\u0146a \u0161. g. 20., 21., 22.septembr\u012b k\u0101 sadarb\u012bbas partneris p\u0101rst\u0101v\u0113ja tehnikumu biedr\u012bbas ,,Latgales kulin\u0101r\u0101 mantojuma centrs\u201d r\u012bkotaj\u0101 pieredzes apmai\u0146as braucien\u0101 uz Druskininku rajonu Lietuv\u0101. Ieg\u016bta jauna pieredze, piedaloties meistarklas\u0113s siera ra\u017eo\u0161an\u0101, \u0161akotis cep\u0161an\u0101, kartupe\u013cu un gri\u0137u daudzveid\u012bgaj\u0101 pagatavo\u0161an\u0101, bi\u0161kop\u012bbas produktu degust\u0101cij\u0101 un izmanto\u0161an\u0101, k\u0101 ar\u012b jauna pieredze t\u016brisma infrastrukt\u016bras att\u012bst\u012bb\u0101. \u00a0 [&#8230;]<\/p>\n<p><a class=\"btn btn-secondary understrap-read-more-link\" href=\"https:\/\/www.kuldigastehnikums.lv\/index.php\/jaunumi\/jaunumi-arhivs\/pieredzes-apmainas-brauciens-uz-druskininku-rajonu-lietuva\/\">Vair\u0101k&#8230;<\/a><\/p>\n","protected":false},"author":2,"featured_media":0,"parent":5791,"menu_order":0,"comment_status":"open","ping_status":"open","template":"","meta":{"footnotes":""},"class_list":["post-6173","page","type-page","status-publish","hentry"],"_links":{"self":[{"href":"https:\/\/www.kuldigastehnikums.lv\/index.php\/wp-json\/wp\/v2\/pages\/6173","targetHints":{"allow":["GET"]}}],"collection":[{"href":"https:\/\/www.kuldigastehnikums.lv\/index.php\/wp-json\/wp\/v2\/pages"}],"about":[{"href":"https:\/\/www.kuldigastehnikums.lv\/index.php\/wp-json\/wp\/v2\/types\/page"}],"author":[{"embeddable":true,"href":"https:\/\/www.kuldigastehnikums.lv\/index.php\/wp-json\/wp\/v2\/users\/2"}],"replies":[{"embeddable":true,"href":"https:\/\/www.kuldigastehnikums.lv\/index.php\/wp-json\/wp\/v2\/comments?post=6173"}],"version-history":[{"count":0,"href":"https:\/\/www.kuldigastehnikums.lv\/index.php\/wp-json\/wp\/v2\/pages\/6173\/revisions"}],"up":[{"embeddable":true,"href":"https:\/\/www.kuldigastehnikums.lv\/index.php\/wp-json\/wp\/v2\/pages\/5791"}],"wp:attachment":[{"href":"https:\/\/www.kuldigastehnikums.lv\/index.php\/wp-json\/wp\/v2\/media?parent=6173"}],"curies":[{"name":"wp","href":"https:\/\/api.w.org\/{rel}","templated":true}]}}