{"id":6174,"date":"2019-12-22T21:19:07","date_gmt":"2019-12-22T21:19:07","guid":{"rendered":"http:\/\/www.kuldigastehnikums.lv\/jaunumi\/jaunumi-2018\/seminars-turismu-un-viesmilibas-pakalpojumu-nozares-pedagogiem\/"},"modified":"2019-12-22T21:19:07","modified_gmt":"2019-12-22T21:19:07","slug":"seminars-turismu-un-viesmilibas-pakalpojumu-nozares-pedagogiem","status":"publish","type":"page","link":"https:\/\/www.kuldigastehnikums.lv\/index.php\/jaunumi\/jaunumi-arhivs\/seminars-turismu-un-viesmilibas-pakalpojumu-nozares-pedagogiem\/","title":{"rendered":"Semin\u0101rs t\u016brismu un viesm\u012bl\u012bbas pakalpojumu nozares pedagogiem"},"content":{"rendered":"<p><span style=\"font-size: 12pt;\">Nosl\u0113dzies\u00a0 VISC organiz\u0113tais ESF projekts \u201eProfesion\u0101l\u0101s izgl\u012bt\u012bbas iest\u0101\u017eu efekt\u012bva p\u0101rvald\u012bba un person\u0101la kompetences pilnveide\u201d (Vieno\u0161an\u0101s Nr. 8.5.3.0\/16\/I\/001) Praktisk\u0101s darb\u012bbas semin\u0101rs T\u016aRISMA UN VIESM\u012aL\u012aBAS PAKALPOJUMU nozares pedagogiem un prak\u0161u vad\u012bt\u0101jiem 2017.gada 23. un 24. oktobr\u012b\u00a0 m\u016bsu tehnikum\u0101. Pedagogi un prak\u0161u vad\u012bt\u0101ji guva pieredzi ni\u0161u t\u016brism\u0101 &#8211; MICE , d\u0101rzu t\u016brisms, pilgrimu t\u016brisms; m\u0101c\u012bj\u0101s AIRBNB un Booking.com sist\u0113mu darb\u012bbu; dal\u012bj\u0101s pieredz\u0113 viesm\u012bl\u012bbas pakalpojumu \u012bsteno\u0161an\u0101 un tik\u0101s ar uz\u0146\u0113mumu vad\u012bt\u0101jiem; iepazina Suitu kult\u016brtelpu un Suitu v\u012bru sniegumu suitu kult\u016bras mantojum\u0101; uzzin\u0101ja Baltijas j\u016bras piekrastes p\u0101rg\u0101jienu projekta m\u0113r\u0137us un darb\u012bbu; m\u0101c\u012bj\u0101s audiogida satura veido\u0161anu pie Goldingen Train.\u00a0<\/span><strong><br \/>\n<\/strong><\/p>\n<p>\u00a0<\/p>\n<div id='gallery-1' class='gallery galleryid-6174 gallery-columns-4 gallery-size-thumbnail'><figure class='gallery-item'>\n\t\t\t<div class='gallery-icon landscape'>\n\t\t\t\t<a href='https:\/\/www.kuldigastehnikums.lv\/index.php\/tehnikuma-dzive\/img_3611\/'><img decoding=\"async\" width=\"150\" height=\"150\" src=\"https:\/\/www.kuldigastehnikums.lv\/wp-content\/uploads\/2021\/02\/IMG_3611-150x150.jpg\" class=\"attachment-thumbnail size-thumbnail\" alt=\"\" \/><\/a>\n\t\t\t<\/div><\/figure><figure class='gallery-item'>\n\t\t\t<div class='gallery-icon landscape'>\n\t\t\t\t<a href='https:\/\/www.kuldigastehnikums.lv\/index.php\/tehnikuma-dzive\/img_3736\/'><img decoding=\"async\" width=\"150\" height=\"150\" src=\"https:\/\/www.kuldigastehnikums.lv\/wp-content\/uploads\/2021\/02\/IMG_3736-150x150.jpg\" class=\"attachment-thumbnail size-thumbnail\" alt=\"\" \/><\/a>\n\t\t\t<\/div><\/figure><figure class='gallery-item'>\n\t\t\t<div class='gallery-icon landscape'>\n\t\t\t\t<a href='https:\/\/www.kuldigastehnikums.lv\/index.php\/tehnikuma-dzive\/img_3811\/'><img decoding=\"async\" width=\"150\" height=\"150\" src=\"https:\/\/www.kuldigastehnikums.lv\/wp-content\/uploads\/2021\/02\/IMG_3811-150x150.jpg\" class=\"attachment-thumbnail size-thumbnail\" alt=\"\" \/><\/a>\n\t\t\t<\/div><\/figure><figure class='gallery-item'>\n\t\t\t<div class='gallery-icon landscape'>\n\t\t\t\t<a href='https:\/\/www.kuldigastehnikums.lv\/index.php\/tehnikuma-dzive\/img_5159\/'><img loading=\"lazy\" decoding=\"async\" width=\"150\" height=\"150\" src=\"https:\/\/www.kuldigastehnikums.lv\/wp-content\/uploads\/2021\/02\/IMG_5159-150x150.jpg\" class=\"attachment-thumbnail size-thumbnail\" alt=\"\" \/><\/a>\n\t\t\t<\/div><\/figure><figure class='gallery-item'>\n\t\t\t<div class='gallery-icon portrait'>\n\t\t\t\t<a href='https:\/\/www.kuldigastehnikums.lv\/index.php\/tehnikuma-dzive\/ka_pasaka____bildes_lejuplade_1\/'><img loading=\"lazy\" decoding=\"async\" width=\"150\" height=\"150\" src=\"https:\/\/www.kuldigastehnikums.lv\/wp-content\/uploads\/2021\/02\/ka_pasaka____bildes_lejuplade_1-150x150.jpg\" class=\"attachment-thumbnail size-thumbnail\" alt=\"\" \/><\/a>\n\t\t\t<\/div><\/figure><figure class='gallery-item'>\n\t\t\t<div class='gallery-icon landscape'>\n\t\t\t\t<a href='https:\/\/www.kuldigastehnikums.lv\/index.php\/tehnikuma-dzive\/macibu_ekskursija_2010_32-2\/'><img loading=\"lazy\" decoding=\"async\" width=\"150\" height=\"150\" src=\"https:\/\/www.kuldigastehnikums.lv\/wp-content\/uploads\/2021\/02\/Macibu_ekskursija_2010_32-1-150x150.jpg\" class=\"attachment-thumbnail size-thumbnail\" alt=\"\" \/><\/a>\n\t\t\t<\/div><\/figure><figure class='gallery-item'>\n\t\t\t<div class='gallery-icon landscape'>\n\t\t\t\t<a href='https:\/\/www.kuldigastehnikums.lv\/index.php\/tehnikuma-dzive\/macibu_ekskursija_2010_35-2\/'><img loading=\"lazy\" decoding=\"async\" width=\"150\" height=\"150\" src=\"https:\/\/www.kuldigastehnikums.lv\/wp-content\/uploads\/2021\/02\/Macibu_ekskursija_2010_35-1-150x150.jpg\" class=\"attachment-thumbnail size-thumbnail\" alt=\"\" \/><\/a>\n\t\t\t<\/div><\/figure>\n\t\t<\/div>\n\n","protected":false},"excerpt":{"rendered":"<p>Nosl\u0113dzies\u00a0 VISC organiz\u0113tais ESF projekts \u201eProfesion\u0101l\u0101s izgl\u012bt\u012bbas iest\u0101\u017eu efekt\u012bva p\u0101rvald\u012bba un person\u0101la kompetences pilnveide\u201d (Vieno\u0161an\u0101s Nr. 8.5.3.0\/16\/I\/001) Praktisk\u0101s darb\u012bbas semin\u0101rs T\u016aRISMA UN VIESM\u012aL\u012aBAS PAKALPOJUMU nozares pedagogiem un prak\u0161u vad\u012bt\u0101jiem 2017.gada 23. un 24. oktobr\u012b\u00a0 m\u016bsu tehnikum\u0101. Pedagogi un prak\u0161u vad\u012bt\u0101ji guva pieredzi ni\u0161u t\u016brism\u0101 &#8211; MICE , d\u0101rzu t\u016brisms, pilgrimu t\u016brisms; m\u0101c\u012bj\u0101s AIRBNB un Booking.com<a class=\"moretag\" href=\"https:\/\/www.kuldigastehnikums.lv\/index.php\/jaunumi\/jaunumi-arhivs\/seminars-turismu-un-viesmilibas-pakalpojumu-nozares-pedagogiem\/\"> Vair\u0101k<\/a> [&#8230;]<\/p>\n<p><a class=\"btn btn-secondary understrap-read-more-link\" href=\"https:\/\/www.kuldigastehnikums.lv\/index.php\/jaunumi\/jaunumi-arhivs\/seminars-turismu-un-viesmilibas-pakalpojumu-nozares-pedagogiem\/\">Vair\u0101k&#8230;<\/a><\/p>\n","protected":false},"author":2,"featured_media":0,"parent":5791,"menu_order":0,"comment_status":"open","ping_status":"open","template":"","meta":{"footnotes":""},"class_list":["post-6174","page","type-page","status-publish","hentry"],"_links":{"self":[{"href":"https:\/\/www.kuldigastehnikums.lv\/index.php\/wp-json\/wp\/v2\/pages\/6174","targetHints":{"allow":["GET"]}}],"collection":[{"href":"https:\/\/www.kuldigastehnikums.lv\/index.php\/wp-json\/wp\/v2\/pages"}],"about":[{"href":"https:\/\/www.kuldigastehnikums.lv\/index.php\/wp-json\/wp\/v2\/types\/page"}],"author":[{"embeddable":true,"href":"https:\/\/www.kuldigastehnikums.lv\/index.php\/wp-json\/wp\/v2\/users\/2"}],"replies":[{"embeddable":true,"href":"https:\/\/www.kuldigastehnikums.lv\/index.php\/wp-json\/wp\/v2\/comments?post=6174"}],"version-history":[{"count":0,"href":"https:\/\/www.kuldigastehnikums.lv\/index.php\/wp-json\/wp\/v2\/pages\/6174\/revisions"}],"up":[{"embeddable":true,"href":"https:\/\/www.kuldigastehnikums.lv\/index.php\/wp-json\/wp\/v2\/pages\/5791"}],"wp:attachment":[{"href":"https:\/\/www.kuldigastehnikums.lv\/index.php\/wp-json\/wp\/v2\/media?parent=6174"}],"curies":[{"name":"wp","href":"https:\/\/api.w.org\/{rel}","templated":true}]}}