{"id":6175,"date":"2019-12-22T21:19:07","date_gmt":"2019-12-22T21:19:07","guid":{"rendered":"http:\/\/www.kuldigastehnikums.lv\/jaunumi\/jaunumi-2018\/konsultativas-padomes-sanaksme-tehnikuma\/"},"modified":"2019-12-22T21:19:07","modified_gmt":"2019-12-22T21:19:07","slug":"konsultativas-padomes-sanaksme-tehnikuma","status":"publish","type":"page","link":"https:\/\/www.kuldigastehnikums.lv\/index.php\/jaunumi\/jaunumi-arhivs\/konsultativas-padomes-sanaksme-tehnikuma\/","title":{"rendered":"Konsultat\u012bv\u0101s padomes san\u0101ksme tehnikum\u0101"},"content":{"rendered":"<p class=\"western\" lang=\"en-GB\" align=\"justify\"><span style=\"font-size: 12pt;\"><span style=\"color: #000000;\"><span style=\"font-family: Arial Baltic,serif;\"><span lang=\"en-US\">23.oktobr\u012b tehnikum\u0101 notika Konsultat\u012bv\u0101s padomes \u201cIzgl\u012bt\u012bba visiem\u201d san\u0101ksme, kuras t\u0113ma bija <\/span><\/span><\/span><span style=\"color: #000000;\"><span style=\"font-family: Arial Baltic,serif;\">\u201cProfesion\u0101l\u0101s izgl\u012bt\u012bbas iest\u0101\u017eu un uz\u0146\u0113m\u0113ju sadarb\u012bba ilgtsp\u0113j\u012bgai valsts ekonomikas\/ kult\u016brvides att\u012bst\u012bbai\u201d. San\u0101ksmi un diskusiju vad\u012bja UNESCO Latvijas Nacion\u0101l\u0101s komisijas \u0123ener\u0101lsekretare Baiba Mo\u013c\u0146ika. Tehnikuma direktore Dace Cine san\u0101ksm\u0113 run\u0101ja par Kuld\u012bgas Tehnolo\u0123iju un t\u016brisma tehnikuma vietu Kurzemes kult\u016brtelp\u0101 un veiksm\u012bgo sadarb\u012bbu ar viet\u0113jo kopienu. <\/span><\/span><span style=\"color: #000000;\"><span style=\"font-family: Arial Baltic,serif;\"><span lang=\"en-US\">Tik\u0161an\u0101s dal\u012bbnieki iepazina kult\u016brv\u0113sturisko Latvijas p\u0113rli \u2013 Apri\u0137u bazn\u012bcu un Apri\u0137u mui\u017eu ar R\u016b\u0137u muzeju.<\/span><\/span><\/span><\/span><\/p>\n<p class=\"western\" lang=\"en-GB\" align=\"justify\"><span style=\"font-size: 12pt;\"><span style=\"color: #000000;\"><span style=\"font-family: Arial Baltic,serif;\"><span lang=\"en-US\">Materi\u0101lu sagatavoja UNESCO ASP koordinatore tehnikum\u0101 Zanda \u0160legel<\/span><\/span><\/span><span style=\"color: #000000;\"><span style=\"font-family: Arial,serif;\"><span lang=\"en-US\">milha.<\/span><\/span><\/span><\/span><\/p>\n<p><span style=\"font-size: 12pt;\">\u00a0<\/span><\/p>\n<div id='gallery-1' class='gallery galleryid-6175 gallery-columns-4 gallery-size-thumbnail'><figure class='gallery-item'>\n\t\t\t<div class='gallery-icon landscape'>\n\t\t\t\t<a href='https:\/\/www.kuldigastehnikums.lv\/index.php\/tehnikuma-dzive\/whatsapp-image-2021-02-11-at-19-59-40-2\/'><img decoding=\"async\" width=\"150\" height=\"150\" src=\"https:\/\/www.kuldigastehnikums.lv\/wp-content\/uploads\/2021\/02\/WhatsApp-Image-2021-02-11-at-19.59.40-150x150.jpg\" class=\"attachment-thumbnail size-thumbnail\" alt=\"\" \/><\/a>\n\t\t\t<\/div><\/figure><figure class='gallery-item'>\n\t\t\t<div class='gallery-icon portrait'>\n\t\t\t\t<a href='https:\/\/www.kuldigastehnikums.lv\/index.php\/tehnikuma-dzive\/whatsapp-image-2021-02-11-at-22-30-57-2\/'><img decoding=\"async\" width=\"150\" height=\"150\" src=\"https:\/\/www.kuldigastehnikums.lv\/wp-content\/uploads\/2021\/02\/WhatsApp-Image-2021-02-11-at-22.30.57-150x150.jpg\" class=\"attachment-thumbnail size-thumbnail\" alt=\"\" \/><\/a>\n\t\t\t<\/div><\/figure><figure class='gallery-item'>\n\t\t\t<div class='gallery-icon landscape'>\n\t\t\t\t<a href='https:\/\/www.kuldigastehnikums.lv\/index.php\/tehnikuma-dzive\/whatsapp-image-2021-02-11-at-22-32-15-2\/'><img decoding=\"async\" width=\"150\" height=\"150\" src=\"https:\/\/www.kuldigastehnikums.lv\/wp-content\/uploads\/2021\/02\/WhatsApp-Image-2021-02-11-at-22.32.15-150x150.jpg\" class=\"attachment-thumbnail size-thumbnail\" alt=\"\" \/><\/a>\n\t\t\t<\/div><\/figure>\n\t\t<\/div>\n\n<p>\u00a0<\/p>\n","protected":false},"excerpt":{"rendered":"<p>23.oktobr\u012b tehnikum\u0101 notika Konsultat\u012bv\u0101s padomes \u201cIzgl\u012bt\u012bba visiem\u201d san\u0101ksme, kuras t\u0113ma bija \u201cProfesion\u0101l\u0101s izgl\u012bt\u012bbas iest\u0101\u017eu un uz\u0146\u0113m\u0113ju sadarb\u012bba ilgtsp\u0113j\u012bgai valsts ekonomikas\/ kult\u016brvides att\u012bst\u012bbai\u201d. San\u0101ksmi un diskusiju vad\u012bja UNESCO Latvijas Nacion\u0101l\u0101s komisijas \u0123ener\u0101lsekretare Baiba Mo\u013c\u0146ika. Tehnikuma direktore Dace Cine san\u0101ksm\u0113 run\u0101ja par Kuld\u012bgas Tehnolo\u0123iju un t\u016brisma tehnikuma vietu Kurzemes kult\u016brtelp\u0101 un veiksm\u012bgo sadarb\u012bbu ar viet\u0113jo kopienu. Tik\u0161an\u0101s<a class=\"moretag\" href=\"https:\/\/www.kuldigastehnikums.lv\/index.php\/jaunumi\/jaunumi-arhivs\/konsultativas-padomes-sanaksme-tehnikuma\/\"> Vair\u0101k<\/a> [&#8230;]<\/p>\n<p><a class=\"btn btn-secondary understrap-read-more-link\" href=\"https:\/\/www.kuldigastehnikums.lv\/index.php\/jaunumi\/jaunumi-arhivs\/konsultativas-padomes-sanaksme-tehnikuma\/\">Vair\u0101k&#8230;<\/a><\/p>\n","protected":false},"author":2,"featured_media":0,"parent":5791,"menu_order":0,"comment_status":"open","ping_status":"open","template":"","meta":{"footnotes":""},"class_list":["post-6175","page","type-page","status-publish","hentry"],"_links":{"self":[{"href":"https:\/\/www.kuldigastehnikums.lv\/index.php\/wp-json\/wp\/v2\/pages\/6175","targetHints":{"allow":["GET"]}}],"collection":[{"href":"https:\/\/www.kuldigastehnikums.lv\/index.php\/wp-json\/wp\/v2\/pages"}],"about":[{"href":"https:\/\/www.kuldigastehnikums.lv\/index.php\/wp-json\/wp\/v2\/types\/page"}],"author":[{"embeddable":true,"href":"https:\/\/www.kuldigastehnikums.lv\/index.php\/wp-json\/wp\/v2\/users\/2"}],"replies":[{"embeddable":true,"href":"https:\/\/www.kuldigastehnikums.lv\/index.php\/wp-json\/wp\/v2\/comments?post=6175"}],"version-history":[{"count":0,"href":"https:\/\/www.kuldigastehnikums.lv\/index.php\/wp-json\/wp\/v2\/pages\/6175\/revisions"}],"up":[{"embeddable":true,"href":"https:\/\/www.kuldigastehnikums.lv\/index.php\/wp-json\/wp\/v2\/pages\/5791"}],"wp:attachment":[{"href":"https:\/\/www.kuldigastehnikums.lv\/index.php\/wp-json\/wp\/v2\/media?parent=6175"}],"curies":[{"name":"wp","href":"https:\/\/api.w.org\/{rel}","templated":true}]}}