{"id":6176,"date":"2019-12-22T21:19:07","date_gmt":"2019-12-22T21:19:07","guid":{"rendered":"http:\/\/www.kuldigastehnikums.lv\/jaunumi\/jaunumi-2018\/tehnikuma-skolotaji-vada-atklato-stundu\/"},"modified":"2019-12-22T21:19:07","modified_gmt":"2019-12-22T21:19:07","slug":"tehnikuma-skolotaji-vada-atklato-stundu","status":"publish","type":"page","link":"https:\/\/www.kuldigastehnikums.lv\/index.php\/jaunumi\/jaunumi-arhivs\/tehnikuma-skolotaji-vada-atklato-stundu\/","title":{"rendered":"Tehnikuma skolot\u0101ji vada atkl\u0101to stundu"},"content":{"rendered":"<p><span style=\"font-size: 12pt;\">Tehnikuma skolot\u0101ji vada atkl\u0101to stundu citu tehnikumu t\u016brisma pakalpojumu profesion\u0101lo izgl\u012bt\u012bbas programmu skolot\u0101jiem &#8211; t\u016brisma tirgzin\u012bbu skolot\u0101ja Zane Lase un matem\u0101tikas skolot\u0101ja Gita Ar\u0101juma \u012bsteno caurviju kompeten\u010du pieej\u0101 balst\u012btu mac\u012bbu nodarb\u012bbu ar sasniedzamo m\u0101c\u012b\u0161an\u0101s rezult\u0101tu datu apstr\u0101d\u0113 ien\u0101ko\u0161\u0101 t\u016brisma statistika un korel\u0101cijas anal\u012bze t\u016brisma pakalpojumu 2.kursa studentiem &#8211; 24.oktobr\u012b, 2017 <\/span><\/p>\n\n","protected":false},"excerpt":{"rendered":"<p>Tehnikuma skolot\u0101ji vada atkl\u0101to stundu citu tehnikumu t\u016brisma pakalpojumu profesion\u0101lo izgl\u012bt\u012bbas programmu skolot\u0101jiem &#8211; t\u016brisma tirgzin\u012bbu skolot\u0101ja Zane Lase un matem\u0101tikas skolot\u0101ja Gita Ar\u0101juma \u012bsteno caurviju kompeten\u010du pieej\u0101 balst\u012btu mac\u012bbu nodarb\u012bbu ar sasniedzamo m\u0101c\u012b\u0161an\u0101s rezult\u0101tu datu apstr\u0101d\u0113 ien\u0101ko\u0161\u0101 t\u016brisma statistika un korel\u0101cijas anal\u012bze t\u016brisma pakalpojumu 2.kursa studentiem &#8211; 24.oktobr\u012b, 2017 [&#8230;]<\/p>\n<p><a class=\"btn btn-secondary understrap-read-more-link\" href=\"https:\/\/www.kuldigastehnikums.lv\/index.php\/jaunumi\/jaunumi-arhivs\/tehnikuma-skolotaji-vada-atklato-stundu\/\">Vair\u0101k&#8230;<\/a><\/p>\n","protected":false},"author":2,"featured_media":0,"parent":5791,"menu_order":0,"comment_status":"open","ping_status":"open","template":"","meta":{"footnotes":""},"class_list":["post-6176","page","type-page","status-publish","hentry"],"_links":{"self":[{"href":"https:\/\/www.kuldigastehnikums.lv\/index.php\/wp-json\/wp\/v2\/pages\/6176","targetHints":{"allow":["GET"]}}],"collection":[{"href":"https:\/\/www.kuldigastehnikums.lv\/index.php\/wp-json\/wp\/v2\/pages"}],"about":[{"href":"https:\/\/www.kuldigastehnikums.lv\/index.php\/wp-json\/wp\/v2\/types\/page"}],"author":[{"embeddable":true,"href":"https:\/\/www.kuldigastehnikums.lv\/index.php\/wp-json\/wp\/v2\/users\/2"}],"replies":[{"embeddable":true,"href":"https:\/\/www.kuldigastehnikums.lv\/index.php\/wp-json\/wp\/v2\/comments?post=6176"}],"version-history":[{"count":0,"href":"https:\/\/www.kuldigastehnikums.lv\/index.php\/wp-json\/wp\/v2\/pages\/6176\/revisions"}],"up":[{"embeddable":true,"href":"https:\/\/www.kuldigastehnikums.lv\/index.php\/wp-json\/wp\/v2\/pages\/5791"}],"wp:attachment":[{"href":"https:\/\/www.kuldigastehnikums.lv\/index.php\/wp-json\/wp\/v2\/media?parent=6176"}],"curies":[{"name":"wp","href":"https:\/\/api.w.org\/{rel}","templated":true}]}}