{"id":6177,"date":"2019-12-22T21:19:07","date_gmt":"2019-12-22T21:19:07","guid":{"rendered":"http:\/\/www.kuldigastehnikums.lv\/jaunumi\/jaunumi-2018\/aizvadits-seminars-ar-viesu-piedalisanos-no-danijas\/"},"modified":"2019-12-22T21:19:07","modified_gmt":"2019-12-22T21:19:07","slug":"aizvadits-seminars-ar-viesu-piedalisanos-no-danijas","status":"publish","type":"page","link":"https:\/\/www.kuldigastehnikums.lv\/index.php\/jaunumi\/jaunumi-arhivs\/aizvadits-seminars-ar-viesu-piedalisanos-no-danijas\/","title":{"rendered":"Aizvad\u012bts semin\u0101rs ar viesu piedal\u012b\u0161anos no D\u0101nijas"},"content":{"rendered":"<div class=\"moz-text-flowed\" lang=\"x-unicode\"><span style=\"font-size: 12pt;\">VISC projekta Nr.8.5.3.&#8221;P\u0101rtikas produktu ra\u017eot\u0101ju un \u0113din\u0101\u0161anas nozares pedagogu un prak\u0161u vad\u012bt\u0101ju\u00a0 semin\u0101rs&#8221; 2.- 3. novembr\u012b, 2017&#8242; tehnikum\u0101 <\/span><\/div>\n<div lang=\"x-unicode\">\u00a0<\/div>\n<div lang=\"x-unicode\">\n<p><span style=\"font-size: 12pt;\">Nykobingas(Falsten) profesion\u0101l\u0101s izgl\u012bt\u012bbas centra projektu departamenta direktors Svend Eric Jessen un Claus Brandt Kristensen no D\u0101nijas pirmaj\u0101 pieredzes apmai\u0146as viz\u012bt\u0113 m\u016bsu tehnikum\u0101, piedaloties P\u0101rtikas produktu ra\u017eot\u0101ju semin\u0101r\u0101.<\/span><\/p>\n\n<\/div>\n<div class=\"moz-text-flowed\" lang=\"x-unicode\">\n<span style=\"font-size: 12pt;\">&#8211; Zin\u0101t\u0146u profesors J. Zutis vada lekciju &#8220;Jaun\u0101kais ga\u013cas ieguves un ga\u013cas p\u0101rstr\u0101des tehnolo\u0123iskaj\u0101s \u0137\u0113d\u0113s, progres\u012bv\u0101s prakses un zin\u0101tnes atzi\u0146as pielietojam\u012bba, nodro\u0161inot kaujamo dz\u012bvnieku labtur\u012bbu, labu ra\u017eo\u0161anas un higi\u0113nas praksi un produkcijas augstu kvalit\u0101ti&#8221; <\/span><\/div>\n<div lang=\"x-unicode\">\u00a0<\/div>\n<div lang=\"x-unicode\">\n\n<\/div>\n<div lang=\"x-unicode\"><span style=\"font-size: 12pt;\">Tehnikuma skolot\u0101ja Ausma \u0160t\u0101le vada praktikumu semin\u0101r\u0101 &#8211; c\u016bkas galvas gatavo\u0161anas tehnolo\u0123ija <\/span><\/div>\n<div lang=\"x-unicode\">\n\n<\/div>\n<div lang=\"x-unicode\">\n<p>\u00a0<\/p>\n<p><span style=\"font-size: 12pt;\"><a href=\"http:\/\/www.kuldigastehnikums.lv\/wp-content\/uploads\/2017\/11\/P1010109.jpg\"><img decoding=\"async\" class=\"size-thumbnail wp-image-9710 alignright\" src=\"http:\/\/www.kuldigastehnikums.lv\/wp-content\/uploads\/2017\/11\/P1010109-130x130.jpg\" alt=\"\" width=\"130\" height=\"130\" \/><\/a><\/span><\/p>\n<p><span style=\"font-size: 12pt;\">Tehnikuma skolot\u0101ja Anita B\u0113rzi\u0146a praktikuma darb\u0101<\/span><\/p>\n<\/div>\n<div lang=\"x-unicode\">\u00a0<\/div>\n<div lang=\"x-unicode\">\u00a0<\/div>\n<div lang=\"x-unicode\">\u00a0<\/div>\n<div lang=\"x-unicode\">\u00a0<\/div>\n<div lang=\"x-unicode\">\u00a0<\/div>\n<div lang=\"x-unicode\"><span style=\"font-size: 12pt;\"><a href=\"http:\/\/www.kuldigastehnikums.lv\/wp-content\/uploads\/2017\/11\/P1010112.jpg\"><img decoding=\"async\" class=\"size-thumbnail wp-image-9711 alignright\" src=\"http:\/\/www.kuldigastehnikums.lv\/wp-content\/uploads\/2017\/11\/P1010112-130x130.jpg\" alt=\"\" width=\"130\" height=\"130\" \/><\/a><\/span><\/div>\n<div lang=\"x-unicode\"><span style=\"font-size: 12pt;\">Tehnikuma ga\u013cas p\u0101rstr\u0101des izgl\u012bt\u012bbas programmas studenti pal\u012bdz praktikuma noris\u0113. <\/span><\/div>\n<div lang=\"x-unicode\">\u00a0<\/div>\n<div lang=\"x-unicode\">\u00a0<\/div>\n<div lang=\"x-unicode\">\u00a0<\/div>\n<div lang=\"x-unicode\">\u00a0<\/div>\n<div lang=\"x-unicode\">\u00a0<\/div>\n<div lang=\"x-unicode\"><span style=\"font-size: 12pt;\"><a href=\"http:\/\/www.kuldigastehnikums.lv\/wp-content\/uploads\/2017\/11\/P1010113.jpg\"><img decoding=\"async\" class=\"size-thumbnail wp-image-9712 alignright\" src=\"http:\/\/www.kuldigastehnikums.lv\/wp-content\/uploads\/2017\/11\/P1010113-130x130.jpg\" alt=\"\" width=\"130\" height=\"130\" \/><\/a><\/span><\/div>\n<div lang=\"x-unicode\"><span style=\"font-size: 12pt;\">Tehnikuma skolot\u0101ja Ilze Braslauska kop\u0101 ar prak\u0161u vad\u012bt\u0101ju no SIA &#8220;Nab\u012btes kempings&#8221; praktikuma darb\u0101<\/span><\/div>\n<div lang=\"x-unicode\">\u00a0<\/div>\n<div lang=\"x-unicode\">\u00a0<\/div>\n<div lang=\"x-unicode\">\u00a0<\/div>\n<div lang=\"x-unicode\">\u00a0<\/div>\n<div lang=\"x-unicode\">\u00a0<\/div>\n<div lang=\"x-unicode\"><span style=\"font-size: 12pt;\"><a href=\"http:\/\/www.kuldigastehnikums.lv\/wp-content\/uploads\/2017\/11\/P1010129.jpg\"><img loading=\"lazy\" decoding=\"async\" class=\"size-thumbnail wp-image-9714 alignright\" src=\"http:\/\/www.kuldigastehnikums.lv\/wp-content\/uploads\/2017\/11\/P1010129-130x130.jpg\" alt=\"\" width=\"130\" height=\"130\" \/><\/a><\/span><\/div>\n<div lang=\"x-unicode\"><span style=\"font-size: 12pt;\">Praktikuma dal\u012bbnieki &#8211; Prof. J.Zutis (1.rind\u0101 4.persona no lab\u0101s puses),LLU p\u0113tniece I.Gedrovica (1.rind\u0101 3. persona no lab\u0101s puses)pedagogi, prak\u0161u vad\u012bt\u0101ji un Nykobingas profesion\u0101l\u0101 izgl\u012bt\u012bbas centra pedagogi Claus un Svend no D\u0101nijas(1.persona priek\u0161pl\u0101n\u0101 un p\u0113d\u0113j\u0101 rind\u0101 6.persona no kreis\u0101s puses)semin\u0101ra nosl\u0113gum\u0101 tehnikum\u0101 3.novembr\u012b. <\/span><\/div>\n<div lang=\"x-unicode\">\u00a0<\/div>\n<div lang=\"x-unicode\">\u00a0<\/div>\n<div lang=\"x-unicode\">\n<p><a href=\"http:\/\/www.kuldigastehnikums.lv\/wp-content\/uploads\/2017\/11\/P1010123.jpg\"><img loading=\"lazy\" decoding=\"async\" class=\"size-thumbnail wp-image-9718\" src=\"http:\/\/www.kuldigastehnikums.lv\/wp-content\/uploads\/2017\/11\/P1010123-130x130.jpg\" alt=\"\" width=\"130\" height=\"130\" \/><\/a><\/p>\n<\/div>\n<div lang=\"x-unicode\"><span style=\"font-size: 12pt;\">Tehnikuma m\u0101c\u012bbu restor\u0101na pirm\u0101 prezent\u0101cija P\u0101rtikas produktu un \u0113din\u0101\u0161anas nozares semin\u0101ra dal\u012bbniekiem 2.novembr\u012b <\/span><\/div>\n<div lang=\"x-unicode\">\u00a0<\/div>\n<div lang=\"x-unicode\">\u00a0<\/div>\n<div lang=\"x-unicode\">\u00a0<\/div>\n<div lang=\"x-unicode\">\u00a0<\/div>\n<div lang=\"x-unicode\">\u00a0<\/div>\n<div lang=\"x-unicode\">\u00a0<\/div>\n<div lang=\"x-unicode\"><span style=\"font-size: 12pt;\"><a href=\"http:\/\/www.kuldigastehnikums.lv\/wp-content\/uploads\/2017\/11\/P1010120.jpg\"><img loading=\"lazy\" decoding=\"async\" class=\"size-thumbnail wp-image-9719 alignright\" src=\"http:\/\/www.kuldigastehnikums.lv\/wp-content\/uploads\/2017\/11\/P1010120-130x130.jpg\" alt=\"\" width=\"130\" height=\"130\" \/><\/a><\/span><\/div>\n<div lang=\"x-unicode\"><span style=\"font-size: 12pt;\">Tehnikumam nesen pie\u0161\u0137irt\u0101 ES titula &#8220;Kulin\u0101rais mantojums, Kurzeme&#8221; pirm\u0101 publisk\u0101 prezent\u0101cija &#8211; P\u0101rtikas produktu un \u0113din\u0101\u0161anas nozares semin\u0101ra dal\u012bbniekiem 2.novembr\u012b. Prezent\u0113 tehnikuma \u0113din\u0101\u0161anas&#038; restor\u0101nu pakalpojumu noda\u013cas vad. Vita Strauti\u0146a. <\/span><\/div>\n","protected":false},"excerpt":{"rendered":"<p>VISC projekta Nr.8.5.3.&#8221;P\u0101rtikas produktu ra\u017eot\u0101ju un \u0113din\u0101\u0161anas nozares pedagogu un prak\u0161u vad\u012bt\u0101ju\u00a0 semin\u0101rs&#8221; 2.- 3. novembr\u012b, 2017&#8242; tehnikum\u0101 \u00a0 Nykobingas(Falsten) profesion\u0101l\u0101s izgl\u012bt\u012bbas centra projektu departamenta direktors Svend Eric Jessen un Claus Brandt Kristensen no D\u0101nijas pirmaj\u0101 pieredzes apmai\u0146as viz\u012bt\u0113 m\u016bsu tehnikum\u0101, piedaloties P\u0101rtikas produktu ra\u017eot\u0101ju semin\u0101r\u0101. &#8211; Zin\u0101t\u0146u profesors J. Zutis vada lekciju &#8220;Jaun\u0101kais ga\u013cas<a class=\"moretag\" href=\"https:\/\/www.kuldigastehnikums.lv\/index.php\/jaunumi\/jaunumi-arhivs\/aizvadits-seminars-ar-viesu-piedalisanos-no-danijas\/\"> Vair\u0101k<\/a> [&#8230;]<\/p>\n<p><a class=\"btn btn-secondary understrap-read-more-link\" href=\"https:\/\/www.kuldigastehnikums.lv\/index.php\/jaunumi\/jaunumi-arhivs\/aizvadits-seminars-ar-viesu-piedalisanos-no-danijas\/\">Vair\u0101k&#8230;<\/a><\/p>\n","protected":false},"author":2,"featured_media":0,"parent":5791,"menu_order":0,"comment_status":"open","ping_status":"open","template":"","meta":{"footnotes":""},"class_list":["post-6177","page","type-page","status-publish","hentry"],"_links":{"self":[{"href":"https:\/\/www.kuldigastehnikums.lv\/index.php\/wp-json\/wp\/v2\/pages\/6177","targetHints":{"allow":["GET"]}}],"collection":[{"href":"https:\/\/www.kuldigastehnikums.lv\/index.php\/wp-json\/wp\/v2\/pages"}],"about":[{"href":"https:\/\/www.kuldigastehnikums.lv\/index.php\/wp-json\/wp\/v2\/types\/page"}],"author":[{"embeddable":true,"href":"https:\/\/www.kuldigastehnikums.lv\/index.php\/wp-json\/wp\/v2\/users\/2"}],"replies":[{"embeddable":true,"href":"https:\/\/www.kuldigastehnikums.lv\/index.php\/wp-json\/wp\/v2\/comments?post=6177"}],"version-history":[{"count":0,"href":"https:\/\/www.kuldigastehnikums.lv\/index.php\/wp-json\/wp\/v2\/pages\/6177\/revisions"}],"up":[{"embeddable":true,"href":"https:\/\/www.kuldigastehnikums.lv\/index.php\/wp-json\/wp\/v2\/pages\/5791"}],"wp:attachment":[{"href":"https:\/\/www.kuldigastehnikums.lv\/index.php\/wp-json\/wp\/v2\/media?parent=6177"}],"curies":[{"name":"wp","href":"https:\/\/api.w.org\/{rel}","templated":true}]}}