{"id":6178,"date":"2019-12-22T21:19:07","date_gmt":"2019-12-22T21:19:07","guid":{"rendered":"http:\/\/www.kuldigastehnikums.lv\/jaunumi\/jaunumi-2018\/macibu-ekskursija-edinasanas-nodalas-studentiem\/"},"modified":"2019-12-22T21:19:07","modified_gmt":"2019-12-22T21:19:07","slug":"macibu-ekskursija-edinasanas-nodalas-studentiem","status":"publish","type":"page","link":"https:\/\/www.kuldigastehnikums.lv\/index.php\/jaunumi\/jaunumi-arhivs\/macibu-ekskursija-edinasanas-nodalas-studentiem\/","title":{"rendered":"M\u0101c\u012bbu ekskursija \u0113din\u0101\u0161anas noda\u013cas studentiem"},"content":{"rendered":"<p><span style=\"font-size: 12pt;\">&#8220;2017.gada 26.oktobr\u012b 21., 24.grupu profesijas &#8220;\u0112din\u0101\u0161anas pakalpojumu speci\u0101lists&#8221;, &#8220;Pav\u0101rs&#8221; un 33.grupas profesijas&#8221;Ga\u013cas produktu izgatavot\u0101js&#8221; studenti , skolot\u0101jas Ieva Mis\u0101ne, Ilze Braslauska un Astr\u012bda Zeile piedal\u012bj\u0101s m\u0101c\u012bbu ekskursij\u0101. Ekskursijas laik\u0101 jaunie\u0161i iepazin\u0101s ar ga\u013cas un ga\u013cas p\u0101rstr\u0101des produktu izgatavo\u0161anas procesu SIA &#8220;Miesnieks&#8221; Ventspils novada V\u0101rv\u0113. Liep\u0101j\u0101 Hotel&#8221;Promenade&#8221; restor\u0101na \u0161efpav\u0101rs D\u0101vis Veilands past\u0101st\u012bja par da\u017eiem gar\u0161\u012bga \u0113diena izdo\u0161an\u0101s nosl\u0113pumiem un attieksmi, atbild\u012bbu un m\u012blest\u012bbu pret dar\u0101mo darbu. Savuk\u0101rt restor\u0101n\u0101 &#8220;Pastnieka m\u0101ja&#8221; studenti iepazin\u0101s ar \u0113din\u0101\u0161anas uz\u0146\u0113muma darba organiz\u0101ciju , pied\u0101v\u0101tajiem pakalpojumiem \u0113dienu gatavo\u0161an\u0101 un viesu apkalpo\u0161an\u0101&#8221;<\/span><\/p>\n<p>\u00a0<\/p>\n<div id='gallery-1' class='gallery galleryid-6178 gallery-columns-4 gallery-size-thumbnail'><figure class='gallery-item'>\n\t\t\t<div class='gallery-icon portrait'>\n\t\t\t\t<a href='https:\/\/www.kuldigastehnikums.lv\/index.php\/macibas-pieaugusajiem-turisma-nozare-projekta-5-karta\/whatsapp-image-2021-04-12-at-18-28-19\/'><img decoding=\"async\" width=\"150\" height=\"150\" src=\"https:\/\/www.kuldigastehnikums.lv\/wp-content\/uploads\/2021\/06\/WhatsApp-Image-2021-04-12-at-18.28.19-150x150.jpeg\" class=\"attachment-thumbnail size-thumbnail\" alt=\"\" \/><\/a>\n\t\t\t<\/div><\/figure><figure class='gallery-item'>\n\t\t\t<div class='gallery-icon landscape'>\n\t\t\t\t<a href='https:\/\/www.kuldigastehnikums.lv\/index.php\/macibas-pieaugusajiem-turisma-nozare-projekta-5-karta\/whatsapp-image-2021-04-12-at-18-30-05\/'><img decoding=\"async\" width=\"150\" height=\"150\" src=\"https:\/\/www.kuldigastehnikums.lv\/wp-content\/uploads\/2021\/06\/WhatsApp-Image-2021-04-12-at-18.30.05-150x150.jpeg\" class=\"attachment-thumbnail size-thumbnail\" alt=\"\" \/><\/a>\n\t\t\t<\/div><\/figure><figure class='gallery-item'>\n\t\t\t<div class='gallery-icon landscape'>\n\t\t\t\t<a href='https:\/\/www.kuldigastehnikums.lv\/index.php\/macibas-pieaugusajiem-turisma-nozare-projekta-5-karta\/whatsapp-image-2021-04-12-at-18-38-06\/'><img decoding=\"async\" width=\"150\" height=\"150\" src=\"https:\/\/www.kuldigastehnikums.lv\/wp-content\/uploads\/2021\/06\/WhatsApp-Image-2021-04-12-at-18.38.06-150x150.jpeg\" class=\"attachment-thumbnail size-thumbnail\" alt=\"\" \/><\/a>\n\t\t\t<\/div><\/figure><figure class='gallery-item'>\n\t\t\t<div class='gallery-icon portrait'>\n\t\t\t\t<a href='https:\/\/www.kuldigastehnikums.lv\/index.php\/macibas-pieaugusajiem-turisma-nozare-projekta-5-karta\/whatsapp-image-2021-04-12-at-18-43-38\/'><img loading=\"lazy\" decoding=\"async\" width=\"150\" height=\"150\" src=\"https:\/\/www.kuldigastehnikums.lv\/wp-content\/uploads\/2021\/06\/WhatsApp-Image-2021-04-12-at-18.43.38-150x150.jpeg\" class=\"attachment-thumbnail size-thumbnail\" alt=\"\" \/><\/a>\n\t\t\t<\/div><\/figure><figure class='gallery-item'>\n\t\t\t<div class='gallery-icon portrait'>\n\t\t\t\t<a href='https:\/\/www.kuldigastehnikums.lv\/index.php\/macibas-pieaugusajiem-turisma-nozare-projekta-5-karta\/whatsapp-image-2021-04-12-at-18-43-48\/'><img loading=\"lazy\" decoding=\"async\" width=\"150\" height=\"150\" src=\"https:\/\/www.kuldigastehnikums.lv\/wp-content\/uploads\/2021\/06\/WhatsApp-Image-2021-04-12-at-18.43.48-150x150.jpeg\" class=\"attachment-thumbnail size-thumbnail\" alt=\"\" \/><\/a>\n\t\t\t<\/div><\/figure><figure class='gallery-item'>\n\t\t\t<div class='gallery-icon portrait'>\n\t\t\t\t<a href='https:\/\/www.kuldigastehnikums.lv\/index.php\/macibas-pieaugusajiem-turisma-nozare-projekta-5-karta\/whatsapp-image-2021-04-12-at-18-46-06\/'><img loading=\"lazy\" decoding=\"async\" width=\"150\" height=\"150\" src=\"https:\/\/www.kuldigastehnikums.lv\/wp-content\/uploads\/2021\/06\/WhatsApp-Image-2021-04-12-at-18.46.06-150x150.jpeg\" class=\"attachment-thumbnail size-thumbnail\" alt=\"\" \/><\/a>\n\t\t\t<\/div><\/figure><figure class='gallery-item'>\n\t\t\t<div class='gallery-icon portrait'>\n\t\t\t\t<a href='https:\/\/www.kuldigastehnikums.lv\/index.php\/macibas-pieaugusajiem-turisma-nozare-projekta-5-karta\/whatsapp-image-2021-04-14-at-16-49-10\/'><img loading=\"lazy\" decoding=\"async\" width=\"150\" height=\"150\" src=\"https:\/\/www.kuldigastehnikums.lv\/wp-content\/uploads\/2021\/06\/WhatsApp-Image-2021-04-14-at-16.49.10-150x150.jpeg\" class=\"attachment-thumbnail size-thumbnail\" alt=\"\" \/><\/a>\n\t\t\t<\/div><\/figure><figure class='gallery-item'>\n\t\t\t<div class='gallery-icon portrait'>\n\t\t\t\t<a href='https:\/\/www.kuldigastehnikums.lv\/index.php\/macibas-pieaugusajiem-turisma-nozare-projekta-5-karta\/whatsapp-image-2021-04-14-at-17-42-33\/'><img loading=\"lazy\" decoding=\"async\" width=\"150\" height=\"150\" src=\"https:\/\/www.kuldigastehnikums.lv\/wp-content\/uploads\/2021\/06\/WhatsApp-Image-2021-04-14-at-17.42.33-150x150.jpeg\" class=\"attachment-thumbnail size-thumbnail\" alt=\"\" \/><\/a>\n\t\t\t<\/div><\/figure>\n\t\t<\/div>\n\n<p>\u00a0<\/p>\n","protected":false},"excerpt":{"rendered":"<p>&#8220;2017.gada 26.oktobr\u012b 21., 24.grupu profesijas &#8220;\u0112din\u0101\u0161anas pakalpojumu speci\u0101lists&#8221;, &#8220;Pav\u0101rs&#8221; un 33.grupas profesijas&#8221;Ga\u013cas produktu izgatavot\u0101js&#8221; studenti , skolot\u0101jas Ieva Mis\u0101ne, Ilze Braslauska un Astr\u012bda Zeile piedal\u012bj\u0101s m\u0101c\u012bbu ekskursij\u0101. Ekskursijas laik\u0101 jaunie\u0161i iepazin\u0101s ar ga\u013cas un ga\u013cas p\u0101rstr\u0101des produktu izgatavo\u0161anas procesu SIA &#8220;Miesnieks&#8221; Ventspils novada V\u0101rv\u0113. Liep\u0101j\u0101 Hotel&#8221;Promenade&#8221; restor\u0101na \u0161efpav\u0101rs D\u0101vis Veilands past\u0101st\u012bja par da\u017eiem gar\u0161\u012bga \u0113diena<a class=\"moretag\" href=\"https:\/\/www.kuldigastehnikums.lv\/index.php\/jaunumi\/jaunumi-arhivs\/macibu-ekskursija-edinasanas-nodalas-studentiem\/\"> Vair\u0101k<\/a> [&#8230;]<\/p>\n<p><a class=\"btn btn-secondary understrap-read-more-link\" href=\"https:\/\/www.kuldigastehnikums.lv\/index.php\/jaunumi\/jaunumi-arhivs\/macibu-ekskursija-edinasanas-nodalas-studentiem\/\">Vair\u0101k&#8230;<\/a><\/p>\n","protected":false},"author":2,"featured_media":0,"parent":5791,"menu_order":0,"comment_status":"open","ping_status":"open","template":"","meta":{"footnotes":""},"class_list":["post-6178","page","type-page","status-publish","hentry"],"_links":{"self":[{"href":"https:\/\/www.kuldigastehnikums.lv\/index.php\/wp-json\/wp\/v2\/pages\/6178","targetHints":{"allow":["GET"]}}],"collection":[{"href":"https:\/\/www.kuldigastehnikums.lv\/index.php\/wp-json\/wp\/v2\/pages"}],"about":[{"href":"https:\/\/www.kuldigastehnikums.lv\/index.php\/wp-json\/wp\/v2\/types\/page"}],"author":[{"embeddable":true,"href":"https:\/\/www.kuldigastehnikums.lv\/index.php\/wp-json\/wp\/v2\/users\/2"}],"replies":[{"embeddable":true,"href":"https:\/\/www.kuldigastehnikums.lv\/index.php\/wp-json\/wp\/v2\/comments?post=6178"}],"version-history":[{"count":0,"href":"https:\/\/www.kuldigastehnikums.lv\/index.php\/wp-json\/wp\/v2\/pages\/6178\/revisions"}],"up":[{"embeddable":true,"href":"https:\/\/www.kuldigastehnikums.lv\/index.php\/wp-json\/wp\/v2\/pages\/5791"}],"wp:attachment":[{"href":"https:\/\/www.kuldigastehnikums.lv\/index.php\/wp-json\/wp\/v2\/media?parent=6178"}],"curies":[{"name":"wp","href":"https:\/\/api.w.org\/{rel}","templated":true}]}}