{"id":6179,"date":"2019-12-22T21:19:07","date_gmt":"2019-12-22T21:19:07","guid":{"rendered":"http:\/\/www.kuldigastehnikums.lv\/jaunumi\/jaunumi-2018\/10-grupas-audzekni-dodas-macibu-ekskursija\/"},"modified":"2019-12-22T21:19:07","modified_gmt":"2019-12-22T21:19:07","slug":"10-grupas-audzekni-dodas-macibu-ekskursija","status":"publish","type":"page","link":"https:\/\/www.kuldigastehnikums.lv\/index.php\/jaunumi\/jaunumi-arhivs\/10-grupas-audzekni-dodas-macibu-ekskursija\/","title":{"rendered":"10. grupas audz\u0113k\u0146i dodas m\u0101c\u012bbu ekskursij\u0101"},"content":{"rendered":"<p>2017.gada 18.oktobr\u012b 10.grupa IV kurss (\u0113din\u0101\u0161anas pakalpojumu speci\u0101listi) dev\u0101s m\u0101c\u012bbu ekskursij\u0101 uz meistarklasi &#8220;Rocket Bean Roastery&#8221; (kafijas grauzd\u0113tava, kafejn\u012bca un veikals) R\u012bg\u0101, apmekl\u0113ja restor\u0101na &#8220;Fazenda&#8221; fili\u0101les Siguld\u0101 un C\u0113s\u012bs, k\u0101 ar\u012b izp\u0113t\u012bja a\/s &#8220;C\u0113su alus&#8221;, pa ce\u013cam baudot skaisto Latvijas rudeni Siguld\u0101.<\/p>\n<p>\u00a0<\/p>\n<div id='gallery-1' class='gallery galleryid-6179 gallery-columns-4 gallery-size-thumbnail'><figure class='gallery-item'>\n\t\t\t<div class='gallery-icon portrait'>\n\t\t\t\t<a href='https:\/\/www.kuldigastehnikums.lv\/index.php\/macibas-pieaugusajiem-turisma-nozare-projekta-5-karta\/whatsapp-image-2021-06-05-at-11-40-13\/'><img decoding=\"async\" width=\"150\" height=\"150\" src=\"https:\/\/www.kuldigastehnikums.lv\/wp-content\/uploads\/2021\/06\/WhatsApp-Image-2021-06-05-at-11.40.13-150x150.jpeg\" class=\"attachment-thumbnail size-thumbnail\" alt=\"\" \/><\/a>\n\t\t\t<\/div><\/figure><figure class='gallery-item'>\n\t\t\t<div class='gallery-icon portrait'>\n\t\t\t\t<a href='https:\/\/www.kuldigastehnikums.lv\/index.php\/macibas-pieaugusajiem-turisma-nozare-projekta-5-karta\/whatsapp-image-2021-06-05-at-11-40-23\/'><img decoding=\"async\" width=\"150\" height=\"150\" src=\"https:\/\/www.kuldigastehnikums.lv\/wp-content\/uploads\/2021\/06\/WhatsApp-Image-2021-06-05-at-11.40.23-150x150.jpeg\" class=\"attachment-thumbnail size-thumbnail\" alt=\"\" \/><\/a>\n\t\t\t<\/div><\/figure><figure class='gallery-item'>\n\t\t\t<div class='gallery-icon portrait'>\n\t\t\t\t<a href='https:\/\/www.kuldigastehnikums.lv\/index.php\/macibas-pieaugusajiem-turisma-nozare-projekta-5-karta\/whatsapp-image-2021-06-05-at-11-41-17\/'><img decoding=\"async\" width=\"150\" height=\"150\" src=\"https:\/\/www.kuldigastehnikums.lv\/wp-content\/uploads\/2021\/06\/WhatsApp-Image-2021-06-05-at-11.41.17-150x150.jpeg\" class=\"attachment-thumbnail size-thumbnail\" alt=\"\" \/><\/a>\n\t\t\t<\/div><\/figure><figure class='gallery-item'>\n\t\t\t<div class='gallery-icon landscape'>\n\t\t\t\t<a href='https:\/\/www.kuldigastehnikums.lv\/index.php\/macibas-pieaugusajiem-turisma-nozare-projekta-5-karta\/whatsapp-image-2021-06-05-at-12-23-23\/'><img loading=\"lazy\" decoding=\"async\" width=\"150\" height=\"150\" src=\"https:\/\/www.kuldigastehnikums.lv\/wp-content\/uploads\/2021\/06\/WhatsApp-Image-2021-06-05-at-12.23.23-150x150.jpeg\" class=\"attachment-thumbnail size-thumbnail\" alt=\"\" \/><\/a>\n\t\t\t<\/div><\/figure><figure class='gallery-item'>\n\t\t\t<div class='gallery-icon landscape'>\n\t\t\t\t<a href='https:\/\/www.kuldigastehnikums.lv\/index.php\/macibas-pieaugusajiem-turisma-nozare-projekta-5-karta\/whatsapp-image-2021-06-05-at-14-18-55\/'><img loading=\"lazy\" decoding=\"async\" width=\"150\" height=\"150\" src=\"https:\/\/www.kuldigastehnikums.lv\/wp-content\/uploads\/2021\/06\/WhatsApp-Image-2021-06-05-at-14.18.55-150x150.jpeg\" class=\"attachment-thumbnail size-thumbnail\" alt=\"\" \/><\/a>\n\t\t\t<\/div><\/figure>\n\t\t<\/div>\n\n","protected":false},"excerpt":{"rendered":"<p>2017.gada 18.oktobr\u012b 10.grupa IV kurss (\u0113din\u0101\u0161anas pakalpojumu speci\u0101listi) dev\u0101s m\u0101c\u012bbu ekskursij\u0101 uz meistarklasi &#8220;Rocket Bean Roastery&#8221; (kafijas grauzd\u0113tava, kafejn\u012bca un veikals) R\u012bg\u0101, apmekl\u0113ja restor\u0101na &#8220;Fazenda&#8221; fili\u0101les Siguld\u0101 un C\u0113s\u012bs, k\u0101 ar\u012b izp\u0113t\u012bja a\/s &#8220;C\u0113su alus&#8221;, pa ce\u013cam baudot skaisto Latvijas rudeni Siguld\u0101. \u00a0 [&#8230;]<\/p>\n<p><a class=\"btn btn-secondary understrap-read-more-link\" href=\"https:\/\/www.kuldigastehnikums.lv\/index.php\/jaunumi\/jaunumi-arhivs\/10-grupas-audzekni-dodas-macibu-ekskursija\/\">Vair\u0101k&#8230;<\/a><\/p>\n","protected":false},"author":2,"featured_media":0,"parent":5791,"menu_order":0,"comment_status":"open","ping_status":"open","template":"","meta":{"footnotes":""},"class_list":["post-6179","page","type-page","status-publish","hentry"],"_links":{"self":[{"href":"https:\/\/www.kuldigastehnikums.lv\/index.php\/wp-json\/wp\/v2\/pages\/6179","targetHints":{"allow":["GET"]}}],"collection":[{"href":"https:\/\/www.kuldigastehnikums.lv\/index.php\/wp-json\/wp\/v2\/pages"}],"about":[{"href":"https:\/\/www.kuldigastehnikums.lv\/index.php\/wp-json\/wp\/v2\/types\/page"}],"author":[{"embeddable":true,"href":"https:\/\/www.kuldigastehnikums.lv\/index.php\/wp-json\/wp\/v2\/users\/2"}],"replies":[{"embeddable":true,"href":"https:\/\/www.kuldigastehnikums.lv\/index.php\/wp-json\/wp\/v2\/comments?post=6179"}],"version-history":[{"count":0,"href":"https:\/\/www.kuldigastehnikums.lv\/index.php\/wp-json\/wp\/v2\/pages\/6179\/revisions"}],"up":[{"embeddable":true,"href":"https:\/\/www.kuldigastehnikums.lv\/index.php\/wp-json\/wp\/v2\/pages\/5791"}],"wp:attachment":[{"href":"https:\/\/www.kuldigastehnikums.lv\/index.php\/wp-json\/wp\/v2\/media?parent=6179"}],"curies":[{"name":"wp","href":"https:\/\/api.w.org\/{rel}","templated":true}]}}