{"id":6180,"date":"2019-12-22T21:19:07","date_gmt":"2019-12-22T21:19:07","guid":{"rendered":"http:\/\/www.kuldigastehnikums.lv\/jaunumi\/jaunumi-2018\/seminars-pieauguso-izglitibas-koordinatoriem\/"},"modified":"2019-12-22T21:19:07","modified_gmt":"2019-12-22T21:19:07","slug":"seminars-pieauguso-izglitibas-koordinatoriem","status":"publish","type":"page","link":"https:\/\/www.kuldigastehnikums.lv\/index.php\/jaunumi\/jaunumi-arhivs\/seminars-pieauguso-izglitibas-koordinatoriem\/","title":{"rendered":"Semin\u0101rs pieaugu\u0161o izgl\u012bt\u012bbas koordinatoriem"},"content":{"rendered":"<p align=\"justify\"><a href=\"http:\/\/www.kuldigastehnikums.lv\/wp-content\/uploads\/2018\/05\/LOGO.jpg\"><img fetchpriority=\"high\" decoding=\"async\" class=\"aligncenter wp-image-15582 size-full\" src=\"http:\/\/www.kuldigastehnikums.lv\/wp-content\/uploads\/2018\/05\/LOGO.jpg\" alt=\"\" width=\"482\" height=\"115\" \/><\/a><\/p>\n<p style=\"text-align: left;\" align=\"justify\"><span style=\"color: #000000; font-size: 12pt;\">27. oktobr\u012b tehnikum\u0101 notika Kurzemes pl\u0101no\u0161anas re\u0123iona semin\u0101rs \u201eK\u0101 paaugstin\u0101t projekta \u201eNodarbin\u0101to personu profesion\u0101l\u0101s kompetences pilnveide\u201d izmanto\u0161anas iesp\u0113jas?\u201d pa\u0161vald\u012bbu pieaugu\u0161o izgl\u012bt\u012bbas koordinatoriem. <\/span><\/p>\n<p style=\"text-align: left;\" align=\"justify\"><span style=\"font-size: 12pt;\"><span style=\"color: #000000;\">Semin\u0101r\u0101 <\/span><span style=\"color: #000000;\">Dr.paed.\u00a0<\/span><span style=\"color: #000000;\">Ingr\u012bda Mura\u0161kovska, <\/span><span style=\"color: #000000;\">Kurzemes pl\u0101no\u0161anas re\u0123iona administr\u0101cijas izgl\u012bt\u012bbas eksperte, iepaz\u012bstin\u0101ja ar projekta <\/span><span style=\"color: #000000;\">\u201eNodarbin\u0101to personu profesion\u0101l\u0101s kompetences pilnveide\u201d sniegtaj\u0101m iesp\u0113j\u0101m str\u0101d\u0101jo\u0161ajiem. Savuk\u0101rt tehnikuma direktore Dace Cine st\u0101st\u012bja par tehnikumu. Koordinatore Zanda \u0160legelmilha iepaz\u012bstin\u0101ja semin\u0101ra dal\u012bbniekus ar m\u0101c\u012bbu iesp\u0113j\u0101m projekt\u0101 \u201eNodarbin\u0101to personu profesion\u0101l\u0101s kompetences pilnveide\u201d Kuld\u012bgas Tehnolo\u0123iju un t\u016brisma tehnikum\u0101, k\u0101 ar\u012b probl\u0113m\u0101m un izaicin\u0101jumiem \u0161aj\u0101 projekt\u0101. Semin\u0101ra turpin\u0101jum\u0101 notika diskusija, bet nobeigum\u0101- ekskursija pa tehnikuma darbn\u012bc\u0101m un m\u0101c\u012bbu laboratorij\u0101m. <\/span><\/span><\/p>\n<p style=\"text-align: left;\" align=\"justify\"><span style=\"color: #000000; font-size: 12pt;\">Materi\u0101lu sagatavoja ES fondu projekta \u201eNodarbin\u0101to personu profesion\u0101l\u0101s kompetences pilnveide\u201d koordinatore tehnikum\u0101 Zanda \u0160legelmilha.<\/span><\/p>\n<p align=\"justify\">\u00a0<\/p>\n<div id='gallery-1' class='gallery galleryid-6180 gallery-columns-4 gallery-size-thumbnail'><figure class='gallery-item'>\n\t\t\t<div class='gallery-icon landscape'>\n\t\t\t\t<a href='https:\/\/www.kuldigastehnikums.lv\/index.php\/neformalas-izglitibas-nometne-tehnikuma-jauniesiem\/img_20210628_163904\/'><img decoding=\"async\" width=\"150\" height=\"150\" src=\"https:\/\/www.kuldigastehnikums.lv\/wp-content\/uploads\/2021\/06\/IMG_20210628_163904-150x150.jpg\" class=\"attachment-thumbnail size-thumbnail\" alt=\"\" \/><\/a>\n\t\t\t<\/div><\/figure><figure class='gallery-item'>\n\t\t\t<div class='gallery-icon landscape'>\n\t\t\t\t<a href='https:\/\/www.kuldigastehnikums.lv\/index.php\/neformalas-izglitibas-nometne-tehnikuma-jauniesiem\/img_20210628_203718\/'><img decoding=\"async\" width=\"150\" height=\"150\" src=\"https:\/\/www.kuldigastehnikums.lv\/wp-content\/uploads\/2021\/06\/IMG_20210628_203718-150x150.jpg\" class=\"attachment-thumbnail size-thumbnail\" alt=\"\" \/><\/a>\n\t\t\t<\/div><\/figure><figure class='gallery-item'>\n\t\t\t<div class='gallery-icon landscape'>\n\t\t\t\t<a href='https:\/\/www.kuldigastehnikums.lv\/index.php\/neformalas-izglitibas-nometne-tehnikuma-jauniesiem\/img_20210628_211501\/'><img loading=\"lazy\" decoding=\"async\" width=\"150\" height=\"150\" src=\"https:\/\/www.kuldigastehnikums.lv\/wp-content\/uploads\/2021\/06\/IMG_20210628_211501-150x150.jpg\" class=\"attachment-thumbnail size-thumbnail\" alt=\"\" \/><\/a>\n\t\t\t<\/div><\/figure><figure class='gallery-item'>\n\t\t\t<div class='gallery-icon landscape'>\n\t\t\t\t<a href='https:\/\/www.kuldigastehnikums.lv\/index.php\/neformalas-izglitibas-nometne-tehnikuma-jauniesiem\/img_20210629_142754\/'><img loading=\"lazy\" decoding=\"async\" width=\"150\" height=\"150\" src=\"https:\/\/www.kuldigastehnikums.lv\/wp-content\/uploads\/2021\/06\/IMG_20210629_142754-150x150.jpg\" class=\"attachment-thumbnail size-thumbnail\" alt=\"\" \/><\/a>\n\t\t\t<\/div><\/figure><figure class='gallery-item'>\n\t\t\t<div class='gallery-icon landscape'>\n\t\t\t\t<a href='https:\/\/www.kuldigastehnikums.lv\/index.php\/neformalas-izglitibas-nometne-tehnikuma-jauniesiem\/img_20210629_142842\/'><img loading=\"lazy\" decoding=\"async\" width=\"150\" height=\"150\" src=\"https:\/\/www.kuldigastehnikums.lv\/wp-content\/uploads\/2021\/06\/IMG_20210629_142842-150x150.jpg\" class=\"attachment-thumbnail size-thumbnail\" alt=\"\" \/><\/a>\n\t\t\t<\/div><\/figure><figure class='gallery-item'>\n\t\t\t<div class='gallery-icon landscape'>\n\t\t\t\t<a href='https:\/\/www.kuldigastehnikums.lv\/index.php\/neformalas-izglitibas-nometne-tehnikuma-jauniesiem\/img_20210629_143453\/'><img loading=\"lazy\" decoding=\"async\" width=\"150\" height=\"150\" src=\"https:\/\/www.kuldigastehnikums.lv\/wp-content\/uploads\/2021\/06\/IMG_20210629_143453-150x150.jpg\" class=\"attachment-thumbnail size-thumbnail\" alt=\"\" \/><\/a>\n\t\t\t<\/div><\/figure><figure class='gallery-item'>\n\t\t\t<div class='gallery-icon landscape'>\n\t\t\t\t<a href='https:\/\/www.kuldigastehnikums.lv\/index.php\/neformalas-izglitibas-nometne-tehnikuma-jauniesiem\/img_20210629_173836\/'><img loading=\"lazy\" decoding=\"async\" width=\"150\" height=\"150\" src=\"https:\/\/www.kuldigastehnikums.lv\/wp-content\/uploads\/2021\/06\/IMG_20210629_173836-150x150.jpg\" class=\"attachment-thumbnail size-thumbnail\" alt=\"\" \/><\/a>\n\t\t\t<\/div><\/figure>\n\t\t<\/div>\n\n","protected":false},"excerpt":{"rendered":"<p>27. oktobr\u012b tehnikum\u0101 notika Kurzemes pl\u0101no\u0161anas re\u0123iona semin\u0101rs \u201eK\u0101 paaugstin\u0101t projekta \u201eNodarbin\u0101to personu profesion\u0101l\u0101s kompetences pilnveide\u201d izmanto\u0161anas iesp\u0113jas?\u201d pa\u0161vald\u012bbu pieaugu\u0161o izgl\u012bt\u012bbas koordinatoriem. Semin\u0101r\u0101 Dr.paed.\u00a0Ingr\u012bda Mura\u0161kovska, Kurzemes pl\u0101no\u0161anas re\u0123iona administr\u0101cijas izgl\u012bt\u012bbas eksperte, iepaz\u012bstin\u0101ja ar projekta \u201eNodarbin\u0101to personu profesion\u0101l\u0101s kompetences pilnveide\u201d sniegtaj\u0101m iesp\u0113j\u0101m str\u0101d\u0101jo\u0161ajiem. Savuk\u0101rt tehnikuma direktore Dace Cine st\u0101st\u012bja par tehnikumu. Koordinatore Zanda \u0160legelmilha iepaz\u012bstin\u0101ja semin\u0101ra<a class=\"moretag\" href=\"https:\/\/www.kuldigastehnikums.lv\/index.php\/jaunumi\/jaunumi-arhivs\/seminars-pieauguso-izglitibas-koordinatoriem\/\"> Vair\u0101k<\/a> [&#8230;]<\/p>\n<p><a class=\"btn btn-secondary understrap-read-more-link\" href=\"https:\/\/www.kuldigastehnikums.lv\/index.php\/jaunumi\/jaunumi-arhivs\/seminars-pieauguso-izglitibas-koordinatoriem\/\">Vair\u0101k&#8230;<\/a><\/p>\n","protected":false},"author":2,"featured_media":0,"parent":5791,"menu_order":0,"comment_status":"open","ping_status":"open","template":"","meta":{"footnotes":""},"class_list":["post-6180","page","type-page","status-publish","hentry"],"_links":{"self":[{"href":"https:\/\/www.kuldigastehnikums.lv\/index.php\/wp-json\/wp\/v2\/pages\/6180","targetHints":{"allow":["GET"]}}],"collection":[{"href":"https:\/\/www.kuldigastehnikums.lv\/index.php\/wp-json\/wp\/v2\/pages"}],"about":[{"href":"https:\/\/www.kuldigastehnikums.lv\/index.php\/wp-json\/wp\/v2\/types\/page"}],"author":[{"embeddable":true,"href":"https:\/\/www.kuldigastehnikums.lv\/index.php\/wp-json\/wp\/v2\/users\/2"}],"replies":[{"embeddable":true,"href":"https:\/\/www.kuldigastehnikums.lv\/index.php\/wp-json\/wp\/v2\/comments?post=6180"}],"version-history":[{"count":0,"href":"https:\/\/www.kuldigastehnikums.lv\/index.php\/wp-json\/wp\/v2\/pages\/6180\/revisions"}],"up":[{"embeddable":true,"href":"https:\/\/www.kuldigastehnikums.lv\/index.php\/wp-json\/wp\/v2\/pages\/5791"}],"wp:attachment":[{"href":"https:\/\/www.kuldigastehnikums.lv\/index.php\/wp-json\/wp\/v2\/media?parent=6180"}],"curies":[{"name":"wp","href":"https:\/\/api.w.org\/{rel}","templated":true}]}}