{"id":6181,"date":"2019-12-22T21:19:07","date_gmt":"2019-12-22T21:19:07","guid":{"rendered":"http:\/\/www.kuldigastehnikums.lv\/jaunumi\/jaunumi-2018\/sveicam-audzekni-d-kornejevu\/"},"modified":"2019-12-22T21:19:07","modified_gmt":"2019-12-22T21:19:07","slug":"sveicam-audzekni-d-kornejevu","status":"publish","type":"page","link":"https:\/\/www.kuldigastehnikums.lv\/index.php\/jaunumi\/jaunumi-arhivs\/sveicam-audzekni-d-kornejevu\/","title":{"rendered":"Sveicam audz\u0113kni D.Kor\u0146ejevu!"},"content":{"rendered":"<p class=\"western\" lang=\"en-GB\" style=\"text-align: left;\"><span style=\"font-size: 12pt;\"><span style=\"font-family: Calibri Baltic,serif;\">27. oktobr\u012b Kuld\u012bgas Jaunie\u0161u m\u0101j\u0101 norisin\u0101j\u0101s pas\u0101kums \u201cLab\u0101ko skol\u0113nu un intere\u0161u izgl\u012bt\u012bbas skolot\u0101ju pie\u0146em\u0161ana pie Kuld\u012bgas nov<\/span>ada<span style=\"font-family: Calibri Baltic,serif;\"> B\u0113rnu un jaunie\u0161u centra direktores\u201d, kur\u0101<\/span> tika teikts paldies <span style=\"font-family: Calibri Baltic,serif;\">skol\u0113niem un vi\u0146u skolot\u0101jiem par <\/span>sasniegumiem <span style=\"font-family: Calibri Baltic,serif;\">2016.\/2017. m\u0101c\u012bbu gad\u0101.<\/span> <span style=\"font-family: Calibri Baltic,serif;\">Pas\u0101kum\u0101 <\/span>6 jaunie\u0161iem tika pasniegti a<span style=\"font-family: Calibri Baltic,serif;\">pliecin\u0101jumi<\/span> <span style=\"font-family: Calibri Baltic,serif;\">par br\u012bvpr\u0101t\u012bg\u0101 darba veik\u0161anu Kuld\u012bgas novad\u0101<\/span>. Aplie<span style=\"font-family: Calibri Baltic,serif;\">cin\u0101jumu<\/span> <span style=\"font-family: Calibri Baltic,serif;\">sa\u0146\u0113ma ar\u012b <\/span>tehnikuma 16.grupas <span style=\"font-family: Calibri Baltic,serif;\">audz\u0113<\/span>kne <span style=\"font-family: Calibri Baltic,serif;\">Dana Kor\u0146ejeva, kura nostr\u0101d\u0101jusi vair\u0101k nek\u0101 <\/span>60 darba stundas. Lepojamies!<\/span><\/p>\n<p lang=\"en-GB\">\u00a0<\/p>\n<p lang=\"en-GB\"><a href=\"http:\/\/www.kuldigastehnikums.lv\/wp-content\/uploads\/2017\/11\/23004609_618654795189592_7108131984538352970_o.jpg\"><img fetchpriority=\"high\" decoding=\"async\" class=\"size-large wp-image-9776 aligncenter\" src=\"http:\/\/www.kuldigastehnikums.lv\/wp-content\/uploads\/2017\/11\/23004609_618654795189592_7108131984538352970_o-1024x680.jpg\" alt=\"\" width=\"530\" height=\"352\" \/><\/a><\/p>\n","protected":false},"excerpt":{"rendered":"<p>27. oktobr\u012b Kuld\u012bgas Jaunie\u0161u m\u0101j\u0101 norisin\u0101j\u0101s pas\u0101kums \u201cLab\u0101ko skol\u0113nu un intere\u0161u izgl\u012bt\u012bbas skolot\u0101ju pie\u0146em\u0161ana pie Kuld\u012bgas novada B\u0113rnu un jaunie\u0161u centra direktores\u201d, kur\u0101 tika teikts paldies skol\u0113niem un vi\u0146u skolot\u0101jiem par sasniegumiem 2016.\/2017. m\u0101c\u012bbu gad\u0101. Pas\u0101kum\u0101 6 jaunie\u0161iem tika pasniegti apliecin\u0101jumi par br\u012bvpr\u0101t\u012bg\u0101 darba veik\u0161anu Kuld\u012bgas novad\u0101. Apliecin\u0101jumu sa\u0146\u0113ma ar\u012b tehnikuma 16.grupas audz\u0113kne Dana Kor\u0146ejeva,<a class=\"moretag\" href=\"https:\/\/www.kuldigastehnikums.lv\/index.php\/jaunumi\/jaunumi-arhivs\/sveicam-audzekni-d-kornejevu\/\"> Vair\u0101k<\/a> [&#8230;]<\/p>\n<p><a class=\"btn btn-secondary understrap-read-more-link\" href=\"https:\/\/www.kuldigastehnikums.lv\/index.php\/jaunumi\/jaunumi-arhivs\/sveicam-audzekni-d-kornejevu\/\">Vair\u0101k&#8230;<\/a><\/p>\n","protected":false},"author":2,"featured_media":0,"parent":5791,"menu_order":0,"comment_status":"open","ping_status":"open","template":"","meta":{"footnotes":""},"class_list":["post-6181","page","type-page","status-publish","hentry"],"_links":{"self":[{"href":"https:\/\/www.kuldigastehnikums.lv\/index.php\/wp-json\/wp\/v2\/pages\/6181","targetHints":{"allow":["GET"]}}],"collection":[{"href":"https:\/\/www.kuldigastehnikums.lv\/index.php\/wp-json\/wp\/v2\/pages"}],"about":[{"href":"https:\/\/www.kuldigastehnikums.lv\/index.php\/wp-json\/wp\/v2\/types\/page"}],"author":[{"embeddable":true,"href":"https:\/\/www.kuldigastehnikums.lv\/index.php\/wp-json\/wp\/v2\/users\/2"}],"replies":[{"embeddable":true,"href":"https:\/\/www.kuldigastehnikums.lv\/index.php\/wp-json\/wp\/v2\/comments?post=6181"}],"version-history":[{"count":0,"href":"https:\/\/www.kuldigastehnikums.lv\/index.php\/wp-json\/wp\/v2\/pages\/6181\/revisions"}],"up":[{"embeddable":true,"href":"https:\/\/www.kuldigastehnikums.lv\/index.php\/wp-json\/wp\/v2\/pages\/5791"}],"wp:attachment":[{"href":"https:\/\/www.kuldigastehnikums.lv\/index.php\/wp-json\/wp\/v2\/media?parent=6181"}],"curies":[{"name":"wp","href":"https:\/\/api.w.org\/{rel}","templated":true}]}}