{"id":6182,"date":"2019-12-22T21:19:07","date_gmt":"2019-12-22T21:19:07","guid":{"rendered":"http:\/\/www.kuldigastehnikums.lv\/jaunumi\/jaunumi-2018\/ano-starptautiskajam-turisma-gadam-veltits-unesco-skolu-seminars-kuldiga\/"},"modified":"2019-12-22T21:19:07","modified_gmt":"2019-12-22T21:19:07","slug":"ano-starptautiskajam-turisma-gadam-veltits-unesco-skolu-seminars-kuldiga","status":"publish","type":"page","link":"https:\/\/www.kuldigastehnikums.lv\/index.php\/jaunumi\/jaunumi-arhivs\/ano-starptautiskajam-turisma-gadam-veltits-unesco-skolu-seminars-kuldiga\/","title":{"rendered":"ANO Starptautiskajam t\u016brisma gadam velt\u012bts UNESCO skolu semin\u0101rs Kuld\u012bg\u0101"},"content":{"rendered":"<p class=\"western\" lang=\"en-GB\" style=\"text-align: left;\"><span style=\"font-size: 12pt;\"><span style=\"font-family: Calibri Baltic,serif;\">23. oktobr\u012b\u00a0 tehnikum\u0101 <\/span>norisin<span style=\"font-family: Calibri Baltic,serif;\">\u0101j\u0101s semin\u0101rs \u201cT\u016brisma un viesm\u012bl\u012bbas pakalpojumu ilgtsp\u0113j\u012bbas izaicin\u0101jumi\u201d, kas <\/span>bija <span style=\"font-family: Calibri Baltic,serif;\">velt\u012bts ANO Starptautiskajam t\u016brisma gadam un sasauc\u0101s ar UNESCO ned\u0113\u013cas t\u0113mu \u201cMantojums lietojum\u0101\u201d, izce\u013cot bag\u0101to Latvijas kulin\u0101ro mantojumu. Semin\u0101r\u0101 piedal\u012bj\u0101s ar\u012b UNESCO skolu p\u0101rst\u0101vji no Daugavpils, Jaunsilavas, C\u0113s\u012bm, Alsungas, Sabiles, Rund\u0101les novada, Kuld\u012bgas, R\u012bgas u.c. Latvijas viet\u0101m.\u00a0\u00a0 <\/span><\/span><\/p>\n<p class=\"western\" lang=\"en-GB\" style=\"text-align: left;\"><span style=\"font-family: Calibri Baltic,serif; font-size: 12pt;\">Par to, ka t\u016brisms un ce\u013co\u0161ana vieno un tuvina da\u017e\u0101dus cilv\u0113kus, k\u0101 ar\u012b veicina pasaules kult\u016bras un dabas mantojuma iepaz\u012b\u0161anu un nov\u0113rt\u0113\u0161anu, viennoz\u012bm\u012bgi p\u0101rliecin\u0101j\u0101mies semin\u0101ra gait\u0101- gan iedvesmojoties no ekspertu st\u0101st\u012bjumiem un ros\u012bgu uz\u0146\u0113m\u0113ju pieredzes st\u0101stiem no visas Latvijas, gan apmekl\u0113jot Apri\u0137u bazn\u012bcu un mui\u017eu un atkl\u0101jot tur r\u016bp\u012bgi glab\u0101t\u0101s kult\u016brv\u0113stures bag\u0101t\u012bbas. Paral\u0113li semin\u0101ram notika ar\u012b konsultat\u012bv\u0101s padomes &#8220;Izgl\u012bt\u012bba visiem&#8221; san\u0101ksme, kuras ietvaros izgl\u012bt\u012bbas politikas veidot\u0101ji un \u012bstenot\u0101ji diskut\u0113ja par profesion\u0101l\u0101s izgl\u012bt\u012bbas att\u012bst\u012bbas tendenc\u0113m Latvij\u0101.<\/span><\/p>\n<p class=\"western\" lang=\"en-GB\" style=\"text-align: left;\"><span style=\"font-size: 12pt;\"><span style=\"font-family: Calibri Baltic,serif;\"><span lang=\"en\">Materi\u0101lu sagatavoja <\/span><\/span><span lang=\"en\">UNESCO LNK <\/span><span style=\"font-family: Calibri Baltic,serif;\"><span lang=\"en\">Izgl\u012bt\u012bbas sektora vad\u012bt\u0101ja<\/span><\/span> <span style=\"font-family: Calibri Baltic,serif;\"><span lang=\"en\">Ilze Dalbi\u0146a<\/span><\/span><span lang=\"en\">.<\/span><span style=\"color: #1d2129;\"><span lang=\"lv-LV\"> Paldies <\/span><\/span><a href=\"https:\/\/www.facebook.com\/kuldigas.tehnikums?fref=gs&#038;dti=1150954751687585&#038;hc_location=group\"><span style=\"color: #365899;\"><span style=\"font-family: Calibri Baltic,serif;\"><span lang=\"lv-LV\">Kuld\u012bgas Tehnikums<\/span><\/span><\/span><\/a><span style=\"color: #1d2129;\"><span style=\"font-family: Calibri Baltic,serif;\"><span lang=\"lv-LV\"> kolekt\u012bvam, \u012bpa\u0161i direktorei Dacei Cinei un UNESCO skolas koordinatorei Zandai \u0160legelmilhai, par uz\u0146em\u0161anu un ieguld\u012bto darbu. M\u0113s jut\u0101mies silti gaid\u012bti!<\/span><\/span><\/span><\/span><\/p>\n<div id='gallery-1' class='gallery galleryid-6182 gallery-columns-4 gallery-size-thumbnail'><figure class='gallery-item'>\n\t\t\t<div class='gallery-icon landscape'>\n\t\t\t\t<a href='https:\/\/www.kuldigastehnikums.lv\/index.php\/neformalas-izglitibas-nometne-tehnikuma-jauniesiem\/img_20210630_104320\/'><img decoding=\"async\" width=\"150\" height=\"150\" src=\"https:\/\/www.kuldigastehnikums.lv\/wp-content\/uploads\/2021\/06\/IMG_20210630_104320-150x150.jpg\" class=\"attachment-thumbnail size-thumbnail\" alt=\"\" \/><\/a>\n\t\t\t<\/div><\/figure><figure class='gallery-item'>\n\t\t\t<div class='gallery-icon landscape'>\n\t\t\t\t<a href='https:\/\/www.kuldigastehnikums.lv\/index.php\/neformalas-izglitibas-nometne-tehnikuma-jauniesiem\/img_20210630_104700\/'><img decoding=\"async\" width=\"150\" height=\"150\" src=\"https:\/\/www.kuldigastehnikums.lv\/wp-content\/uploads\/2021\/06\/IMG_20210630_104700-150x150.jpg\" class=\"attachment-thumbnail size-thumbnail\" alt=\"\" \/><\/a>\n\t\t\t<\/div><\/figure><figure class='gallery-item'>\n\t\t\t<div class='gallery-icon landscape'>\n\t\t\t\t<a href='https:\/\/www.kuldigastehnikums.lv\/index.php\/neformalas-izglitibas-nometne-tehnikuma-jauniesiem\/img_20210630_123723\/'><img decoding=\"async\" width=\"150\" height=\"150\" src=\"https:\/\/www.kuldigastehnikums.lv\/wp-content\/uploads\/2021\/06\/IMG_20210630_123723-150x150.jpg\" class=\"attachment-thumbnail size-thumbnail\" alt=\"\" \/><\/a>\n\t\t\t<\/div><\/figure><figure class='gallery-item'>\n\t\t\t<div class='gallery-icon landscape'>\n\t\t\t\t<a href='https:\/\/www.kuldigastehnikums.lv\/index.php\/neformalas-izglitibas-nometne-tehnikuma-jauniesiem\/whatsapp-image-2021-06-28-at-13-50-26\/'><img loading=\"lazy\" decoding=\"async\" width=\"150\" height=\"150\" src=\"https:\/\/www.kuldigastehnikums.lv\/wp-content\/uploads\/2021\/06\/WhatsApp-Image-2021-06-28-at-13.50.26-150x150.jpeg\" class=\"attachment-thumbnail size-thumbnail\" alt=\"\" \/><\/a>\n\t\t\t<\/div><\/figure><figure class='gallery-item'>\n\t\t\t<div class='gallery-icon landscape'>\n\t\t\t\t<a href='https:\/\/www.kuldigastehnikums.lv\/index.php\/neformalas-izglitibas-nometne-tehnikuma-jauniesiem\/whatsapp-image-2021-06-28-at-13-50-30\/'><img loading=\"lazy\" decoding=\"async\" width=\"150\" height=\"150\" src=\"https:\/\/www.kuldigastehnikums.lv\/wp-content\/uploads\/2021\/06\/WhatsApp-Image-2021-06-28-at-13.50.30-150x150.jpeg\" class=\"attachment-thumbnail size-thumbnail\" alt=\"\" \/><\/a>\n\t\t\t<\/div><\/figure><figure class='gallery-item'>\n\t\t\t<div class='gallery-icon landscape'>\n\t\t\t\t<a href='https:\/\/www.kuldigastehnikums.lv\/index.php\/neformalas-izglitibas-nometne-tehnikuma-jauniesiem\/whatsapp-image-2021-06-29-at-10-33-27\/'><img loading=\"lazy\" decoding=\"async\" width=\"150\" height=\"150\" src=\"https:\/\/www.kuldigastehnikums.lv\/wp-content\/uploads\/2021\/06\/WhatsApp-Image-2021-06-29-at-10.33.27-150x150.jpeg\" class=\"attachment-thumbnail size-thumbnail\" alt=\"\" \/><\/a>\n\t\t\t<\/div><\/figure>\n\t\t<\/div>\n\n","protected":false},"excerpt":{"rendered":"<p>23. oktobr\u012b\u00a0 tehnikum\u0101 norisin\u0101j\u0101s semin\u0101rs \u201cT\u016brisma un viesm\u012bl\u012bbas pakalpojumu ilgtsp\u0113j\u012bbas izaicin\u0101jumi\u201d, kas bija velt\u012bts ANO Starptautiskajam t\u016brisma gadam un sasauc\u0101s ar UNESCO ned\u0113\u013cas t\u0113mu \u201cMantojums lietojum\u0101\u201d, izce\u013cot bag\u0101to Latvijas kulin\u0101ro mantojumu. Semin\u0101r\u0101 piedal\u012bj\u0101s ar\u012b UNESCO skolu p\u0101rst\u0101vji no Daugavpils, Jaunsilavas, C\u0113s\u012bm, Alsungas, Sabiles, Rund\u0101les novada, Kuld\u012bgas, R\u012bgas u.c. Latvijas viet\u0101m.\u00a0\u00a0 Par to, ka t\u016brisms un<a class=\"moretag\" href=\"https:\/\/www.kuldigastehnikums.lv\/index.php\/jaunumi\/jaunumi-arhivs\/ano-starptautiskajam-turisma-gadam-veltits-unesco-skolu-seminars-kuldiga\/\"> Vair\u0101k<\/a> [&#8230;]<\/p>\n<p><a class=\"btn btn-secondary understrap-read-more-link\" href=\"https:\/\/www.kuldigastehnikums.lv\/index.php\/jaunumi\/jaunumi-arhivs\/ano-starptautiskajam-turisma-gadam-veltits-unesco-skolu-seminars-kuldiga\/\">Vair\u0101k&#8230;<\/a><\/p>\n","protected":false},"author":2,"featured_media":0,"parent":5791,"menu_order":0,"comment_status":"open","ping_status":"open","template":"","meta":{"footnotes":""},"class_list":["post-6182","page","type-page","status-publish","hentry"],"_links":{"self":[{"href":"https:\/\/www.kuldigastehnikums.lv\/index.php\/wp-json\/wp\/v2\/pages\/6182","targetHints":{"allow":["GET"]}}],"collection":[{"href":"https:\/\/www.kuldigastehnikums.lv\/index.php\/wp-json\/wp\/v2\/pages"}],"about":[{"href":"https:\/\/www.kuldigastehnikums.lv\/index.php\/wp-json\/wp\/v2\/types\/page"}],"author":[{"embeddable":true,"href":"https:\/\/www.kuldigastehnikums.lv\/index.php\/wp-json\/wp\/v2\/users\/2"}],"replies":[{"embeddable":true,"href":"https:\/\/www.kuldigastehnikums.lv\/index.php\/wp-json\/wp\/v2\/comments?post=6182"}],"version-history":[{"count":0,"href":"https:\/\/www.kuldigastehnikums.lv\/index.php\/wp-json\/wp\/v2\/pages\/6182\/revisions"}],"up":[{"embeddable":true,"href":"https:\/\/www.kuldigastehnikums.lv\/index.php\/wp-json\/wp\/v2\/pages\/5791"}],"wp:attachment":[{"href":"https:\/\/www.kuldigastehnikums.lv\/index.php\/wp-json\/wp\/v2\/media?parent=6182"}],"curies":[{"name":"wp","href":"https:\/\/api.w.org\/{rel}","templated":true}]}}