{"id":6183,"date":"2019-12-22T21:19:07","date_gmt":"2019-12-22T21:19:07","guid":{"rendered":"http:\/\/www.kuldigastehnikums.lv\/jaunumi\/jaunumi-2018\/lepojamies-ar-audzekni-k-jerani\/"},"modified":"2019-12-22T21:19:07","modified_gmt":"2019-12-22T21:19:07","slug":"lepojamies-ar-audzekni-k-jerani","status":"publish","type":"page","link":"https:\/\/www.kuldigastehnikums.lv\/index.php\/jaunumi\/jaunumi-arhivs\/lepojamies-ar-audzekni-k-jerani\/","title":{"rendered":"Lepojamies ar audz\u0113kni K.J\u0113r\u0101ni!"},"content":{"rendered":"<div id=\"eml-cke__body\" title=\"\"><span style=\"font-size: 12pt;\">20.oktobr\u012b Latvijas Nacion\u0101laj\u0101 bibliot\u0113k\u0101 notika nosl\u0113guma pas\u0101kums vietv\u0101rdu iem\u016b\u017ein\u0101\u0161anas akcijai \u201cVietv\u0101rdu talka\u201d. Pas\u0101kum\u0101 tika cildin\u0101ta ar\u012b tehnikuma 3.grupas audz\u0113kne Kitija J\u0113r\u0101ne, kura iek\u013cuvusi 10 akt\u012bv\u0101ko talcinieku skait\u0101, jo re\u0123istr\u0113jusi vair\u0101k nek\u0101 90 vietv\u0101rdus. &#8220;Vietv\u0101rdu talkas&#8221; ietvaros Latvijas v\u0113sture k\u013cuvusi par 4397 iem\u016b\u017ein\u0101tiem vietv\u0101rdiem bag\u0101t\u0101ka. Vair\u0101k nek\u0101 400 vietv\u0101rdu re\u0123istr\u0113ju\u0161i tehnikuma audz\u0113k\u0146i un skolot\u0101jas Z.\u0160legelmilha un I.Baumane. Sveicam un lepojamies!<\/span><\/p>\n<p><span style=\"font-size: 12pt;\"> Ar iesniegtajiem vietv\u0101rdiem ikviens var iepaz\u012bties, re\u0123istr\u0113joties vietn\u0113 www.vietvardi.lv un iedvesmas gad\u012bjum\u0101 \u0161o datu b\u0101zi papildin\u0101t ar\u012b ar sev zin\u0101miem vai \u0123imen\u0113 lietotiem vietu nosaukumiem, kas turpm\u0101k tiks izmantoti p\u0113t\u012bjumiem un iek\u013cauti topo\u0161ajos LU Latvie\u0161u valodas instit\u016bta \u201cLatvijas vietv\u0101rdu v\u0101rdn\u012bcas\u201d s\u0113jumos. Turkl\u0101t L\u0122IA \u0122eod\u0113zijas un kartogr\u0101fijas departamenta Kartogr\u0101fijas noda\u013cas Topon\u012bmikas laboratorijas vad\u012bt\u0101ja Vita Strautniece un vad\u012bt\u0101jas vietniece Dace Kavace uzsver: \u201cVietv\u0101rdi ir neaizst\u0101jami ne tikai kart\u0113s un adres\u0113s, bet ar\u012b ikdienas sazi\u0146\u0101. J\u0101atceras, ka nav nepareizu vietv\u0101rdu, pie\u0146emot, ka pareizie ir tikai tie, kuri nor\u0101d\u012bti ofici\u0101l\u0101s kart\u0113s. Vietv\u0101rdu mantojumu apdraud gan to nep\u0101rdom\u0101ta p\u0101rd\u0113v\u0113\u0161ana, k\u013c\u016bdas un neprecizit\u0101tes vietv\u0101rdos valsts normat\u012bvajos aktos un publiskos uzrakstos, vietv\u0101rdu veido\u0161anas trad\u012bciju degrad\u0113\u0161an\u0101s, vietv\u0101rdu lietot\u0101ju skaita samazin\u0101\u0161an\u0101s l\u012bdz ar viens\u0113tu un citu mazo \u0123eogr\u0101fisko objektu izzu\u0161anu. D\u012bvainie un nesaprotamie vietv\u0101rdi ir unik\u0101li, ja lietot\u0101jam labi zin\u0101mi un bie\u017ei izmantoti, ta\u010du tik un t\u0101 trausli, kopjami un saudz\u0113jami.\u201d<\/span><\/p>\n<p><span style=\"font-size: 12pt;\"> \u201cBez st\u0101sta nerodas pieder\u012bbas izj\u016bta. Vietv\u0101rdu datu b\u0101ze dz\u012bvos tad, ja b\u016bs cilv\u0113ki, kas m\u0113\u0123in\u0101s atrast st\u0101stu, veidojot pieder\u012bbas izj\u016btu vietai, kur dz\u012bvo. Ar Vietv\u0101rdu talkas akciju nekas nenosl\u0113dzas, jo izveidot\u0101 tautas vietv\u0101rdu digit\u0101l\u0101 datu b\u0101ze www.vietvardi.lv paliek atv\u0113rta ikvienam, kur\u0161 v\u0113las atst\u0101t savu ieguld\u012bjumu, iek\u013caujot taj\u0101 ar\u012b savas apkaimes mazos vietv\u0101rdus,\u201d nor\u0101da UNESCO Latvijas Nacion\u0101l\u0101s komisijas \u0123ener\u0101lsekret\u0101re Baiba Mo\u013c\u0146ika.<\/span><\/p>\n<p><span style=\"font-size: 12pt;\"> Par akciju \u201cVietv\u0101rdu talka\u201d<\/span><\/p>\n<p><span style=\"font-size: 12pt;\"> Kop\u0161 pirm\u0101s vietv\u0101rdu talkas, ko aizs\u0101ka valodnieks J\u0101nis Endzel\u012bns, pag\u0101ju\u0161i jau simts gadu. P\u0113d\u0113j\u0101s desmitgad\u0113s vietv\u0101rdu v\u0101k\u0161ana pierimusi, un daudzi mazie vietv\u0101rdi \u2013 piem\u0101jas p\u013cavu, lauku, me\u017eu un citu \u0123eogr\u0101fisku objektu nosaukumi, kuru m\u016b\u017es bie\u017ei vien nep\u0101rsniedz pusgadsimta slieksni, l\u012bdz ar saviem st\u0101stiem draud izzust un tapt aizmirsti, t\u0101 ar\u012b nerodot iesp\u0113ju tikt pierakst\u012btiem. T\u0101p\u0113c UNESCO Latvijas Nacion\u0101l\u0101 komisija un LU Latvie\u0161u valodas instit\u016bts sadarb\u012bb\u0101 ar citiem partneriem aicin\u0101ja Latvijas iedz\u012bvot\u0101jus uz kop\u012bgu \u201cVietv\u0101rdu talku\u201d, kur ikviens tika aicin\u0101ts apzin\u0101t, pierakst\u012bt un datub\u0101z\u0113 re\u0123istr\u0113t viet\u0113jos vietv\u0101rdus \u2013 \u012bpa\u0161v\u0101rdus, kas nosauc k\u0101du fizio\u0123eogr\u0101fisku objektu, piem\u0113ram, Zilais kalns, Velna grava, \u010curkstup\u012bte utt., kas tiek lietoti patlaban vai ir lietoti agr\u0101k.\u00a0<\/span><\/p>\n<p><span style=\"font-size: 12pt;\"> Materi\u0101lu sagatavoja skolot\u0101ja Zanda \u0160legelmilha sadarb\u012bb\u0101 ar UNESCO LNK.<\/span><\/div>\n<div id=\"eml-cke__signature_top\" title=\"Paraksts\">\n<div id=\"eml-cke__signature_top-wrap\" class=\"eml-cke__signature\" title=\"\"><span style=\"font-size: 12pt;\">\u00a0<\/span><\/div>\n<\/div>\n<div title=\"\">\n\n<\/div>\n","protected":false},"excerpt":{"rendered":"<p>20.oktobr\u012b Latvijas Nacion\u0101laj\u0101 bibliot\u0113k\u0101 notika nosl\u0113guma pas\u0101kums vietv\u0101rdu iem\u016b\u017ein\u0101\u0161anas akcijai \u201cVietv\u0101rdu talka\u201d. Pas\u0101kum\u0101 tika cildin\u0101ta ar\u012b tehnikuma 3.grupas audz\u0113kne Kitija J\u0113r\u0101ne, kura iek\u013cuvusi 10 akt\u012bv\u0101ko talcinieku skait\u0101, jo re\u0123istr\u0113jusi vair\u0101k nek\u0101 90 vietv\u0101rdus. &#8220;Vietv\u0101rdu talkas&#8221; ietvaros Latvijas v\u0113sture k\u013cuvusi par 4397 iem\u016b\u017ein\u0101tiem vietv\u0101rdiem bag\u0101t\u0101ka. Vair\u0101k nek\u0101 400 vietv\u0101rdu re\u0123istr\u0113ju\u0161i tehnikuma audz\u0113k\u0146i un skolot\u0101jas Z.\u0160legelmilha un<a class=\"moretag\" href=\"https:\/\/www.kuldigastehnikums.lv\/index.php\/jaunumi\/jaunumi-arhivs\/lepojamies-ar-audzekni-k-jerani\/\"> Vair\u0101k<\/a> [&#8230;]<\/p>\n<p><a class=\"btn btn-secondary understrap-read-more-link\" href=\"https:\/\/www.kuldigastehnikums.lv\/index.php\/jaunumi\/jaunumi-arhivs\/lepojamies-ar-audzekni-k-jerani\/\">Vair\u0101k&#8230;<\/a><\/p>\n","protected":false},"author":2,"featured_media":0,"parent":5791,"menu_order":0,"comment_status":"open","ping_status":"open","template":"","meta":{"footnotes":""},"class_list":["post-6183","page","type-page","status-publish","hentry"],"_links":{"self":[{"href":"https:\/\/www.kuldigastehnikums.lv\/index.php\/wp-json\/wp\/v2\/pages\/6183","targetHints":{"allow":["GET"]}}],"collection":[{"href":"https:\/\/www.kuldigastehnikums.lv\/index.php\/wp-json\/wp\/v2\/pages"}],"about":[{"href":"https:\/\/www.kuldigastehnikums.lv\/index.php\/wp-json\/wp\/v2\/types\/page"}],"author":[{"embeddable":true,"href":"https:\/\/www.kuldigastehnikums.lv\/index.php\/wp-json\/wp\/v2\/users\/2"}],"replies":[{"embeddable":true,"href":"https:\/\/www.kuldigastehnikums.lv\/index.php\/wp-json\/wp\/v2\/comments?post=6183"}],"version-history":[{"count":0,"href":"https:\/\/www.kuldigastehnikums.lv\/index.php\/wp-json\/wp\/v2\/pages\/6183\/revisions"}],"up":[{"embeddable":true,"href":"https:\/\/www.kuldigastehnikums.lv\/index.php\/wp-json\/wp\/v2\/pages\/5791"}],"wp:attachment":[{"href":"https:\/\/www.kuldigastehnikums.lv\/index.php\/wp-json\/wp\/v2\/media?parent=6183"}],"curies":[{"name":"wp","href":"https:\/\/api.w.org\/{rel}","templated":true}]}}