{"id":6184,"date":"2019-12-22T21:19:07","date_gmt":"2019-12-22T21:19:07","guid":{"rendered":"http:\/\/www.kuldigastehnikums.lv\/jaunumi\/jaunumi-2018\/tiksanas-ar-dzejnieku-r-ziedoni\/"},"modified":"2019-12-22T21:19:07","modified_gmt":"2019-12-22T21:19:07","slug":"tiksanas-ar-dzejnieku-r-ziedoni","status":"publish","type":"page","link":"https:\/\/www.kuldigastehnikums.lv\/index.php\/jaunumi\/jaunumi-arhivs\/tiksanas-ar-dzejnieku-r-ziedoni\/","title":{"rendered":"Tik\u0161an\u0101s ar dzejnieku R.Ziedoni"},"content":{"rendered":"<div data-contents=\"true\">\n<div data-block=\"true\" data-editor=\"3p404\" data-offset-key=\"ajkdd-0-0\">\n<div class=\"_1mf _1mj\" data-offset-key=\"ajkdd-0-0\"><span data-offset-key=\"ajkdd-0-0\">2.novembr\u012b Kuld\u012bgas M\u0101kslas nam\u0101 4. un 15.a grupas audz\u0113k\u0146i kop\u0101 ar skolot\u0101ju Zandu \u0160legelmilhu piedal\u012bj\u0101s sarun\u0101s ar Latvijas apce\u013cot\u0101ju, rakstnieku un dzejnieku Rimantu Ziedoni. R.Ziedonis pastast\u012bja gan par sav\u0101m \u017eurn\u0101lista gait\u0101m, gan Austr\u0101lijas un Latgales apce\u013co\u0161anu, gan sniedza ieskatu dokument\u0101laj\u0101 proz\u0101. <\/span><\/div>\n<\/div>\n<div data-block=\"true\" data-editor=\"3p404\" data-offset-key=\"419q7-0-0\">\n<div class=\"_1mf _1mj\" data-offset-key=\"419q7-0-0\"><span data-offset-key=\"419q7-0-0\">Materi\u0101lu sagatavoja skolotaja Zanda \u0160legelmilha.<\/span><\/div>\n<\/div>\n<\/div>\n<div data-offset-key=\"419q7-0-0\">\u00a0<\/div>\n<div data-offset-key=\"419q7-0-0\">\u00a0<\/div>\n<div data-offset-key=\"419q7-0-0\">\n\n<\/div>\n<p>\u00a0<\/p>\n","protected":false},"excerpt":{"rendered":"<p>2.novembr\u012b Kuld\u012bgas M\u0101kslas nam\u0101 4. un 15.a grupas audz\u0113k\u0146i kop\u0101 ar skolot\u0101ju Zandu \u0160legelmilhu piedal\u012bj\u0101s sarun\u0101s ar Latvijas apce\u013cot\u0101ju, rakstnieku un dzejnieku Rimantu Ziedoni. R.Ziedonis pastast\u012bja gan par sav\u0101m \u017eurn\u0101lista gait\u0101m, gan Austr\u0101lijas un Latgales apce\u013co\u0161anu, gan sniedza ieskatu dokument\u0101laj\u0101 proz\u0101. Materi\u0101lu sagatavoja skolotaja Zanda \u0160legelmilha. \u00a0 \u00a0 \u00a0 [&#8230;]<\/p>\n<p><a class=\"btn btn-secondary understrap-read-more-link\" href=\"https:\/\/www.kuldigastehnikums.lv\/index.php\/jaunumi\/jaunumi-arhivs\/tiksanas-ar-dzejnieku-r-ziedoni\/\">Vair\u0101k&#8230;<\/a><\/p>\n","protected":false},"author":2,"featured_media":0,"parent":5791,"menu_order":0,"comment_status":"open","ping_status":"open","template":"","meta":{"footnotes":""},"class_list":["post-6184","page","type-page","status-publish","hentry"],"_links":{"self":[{"href":"https:\/\/www.kuldigastehnikums.lv\/index.php\/wp-json\/wp\/v2\/pages\/6184","targetHints":{"allow":["GET"]}}],"collection":[{"href":"https:\/\/www.kuldigastehnikums.lv\/index.php\/wp-json\/wp\/v2\/pages"}],"about":[{"href":"https:\/\/www.kuldigastehnikums.lv\/index.php\/wp-json\/wp\/v2\/types\/page"}],"author":[{"embeddable":true,"href":"https:\/\/www.kuldigastehnikums.lv\/index.php\/wp-json\/wp\/v2\/users\/2"}],"replies":[{"embeddable":true,"href":"https:\/\/www.kuldigastehnikums.lv\/index.php\/wp-json\/wp\/v2\/comments?post=6184"}],"version-history":[{"count":0,"href":"https:\/\/www.kuldigastehnikums.lv\/index.php\/wp-json\/wp\/v2\/pages\/6184\/revisions"}],"up":[{"embeddable":true,"href":"https:\/\/www.kuldigastehnikums.lv\/index.php\/wp-json\/wp\/v2\/pages\/5791"}],"wp:attachment":[{"href":"https:\/\/www.kuldigastehnikums.lv\/index.php\/wp-json\/wp\/v2\/media?parent=6184"}],"curies":[{"name":"wp","href":"https:\/\/api.w.org\/{rel}","templated":true}]}}