{"id":6186,"date":"2019-12-22T21:19:08","date_gmt":"2019-12-22T21:19:08","guid":{"rendered":"http:\/\/www.kuldigastehnikums.lv\/jaunumi\/jaunumi-2018\/tiksanas-ar-valsts-prezidentu\/"},"modified":"2019-12-22T21:19:08","modified_gmt":"2019-12-22T21:19:08","slug":"tiksanas-ar-valsts-prezidentu","status":"publish","type":"page","link":"https:\/\/www.kuldigastehnikums.lv\/index.php\/jaunumi\/jaunumi-arhivs\/tiksanas-ar-valsts-prezidentu\/","title":{"rendered":"Tik\u0161an\u0101s ar valsts prezidentu"},"content":{"rendered":"<p><span style=\"font-size: 12pt;\">14. novembr\u012b Katr\u012bna Sp\u0113kaine ir uzaicin\u0101ta uz svin\u012bgu pie\u0146em\u0161anu pie Valsts prezidenta R\u012bgas pil\u012b. 4. grupas audz\u0113kne Katr\u012bna Sp\u0113kaine skolot\u0101jas Gunitas Meieres vad\u012bb\u0101 piedal\u012bj\u0101s Valsts prezidenta kancelejas izsludin\u0101taj\u0101 Latvijas Republikas proklam\u0113\u0161anas 99.gadadienai velt\u012bt\u0101 skol\u0113nu rado\u0161o darbu konkurs\u0101 &#8221;Mana k\u0101 Valsts prezidenta uzruna Latvijas dzim\u0161anas dien\u0101&#8221;. Katr\u012bnas Sp\u0113kaines darbu ir izv\u0113rt\u0113jis Valsts prezidents Raimonds V\u0113jonis un Valsts prezidenta kancelejas Darbu v\u0113rt\u0113\u0161anas komisija un izv\u0113l\u0113jusies to, k\u0101 vienu no 10 lab\u0101kajiem darbiem,\u00a0\u00a0komisijas sast\u0101vs &#8211; Valsts prezidenta konstitucion\u0101lo ties\u012bbu padomnieks J\u0101nis Pleps, Valsts prezidenta preses padomnieks J\u0101nis Siksnis, tekstu autors un m\u016bzi\u0137is Edgars \u0160ubrovskis, Latvijas Universit\u0101tes asoci\u0113tais profesors Ivars \u012ajabs un R\u012bgas Stradi\u0146a universit\u0101tes docents Kl\u0101vs Sedlenieks.<\/span><\/p>\n<p><a href=\"http:\/\/www.kuldigastehnikums.lv\/wp-content\/uploads\/2017\/11\/83U0173.jpg\"><img fetchpriority=\"high\" decoding=\"async\" class=\"wp-image-10848 size-large aligncenter\" src=\"http:\/\/www.kuldigastehnikums.lv\/wp-content\/uploads\/2017\/11\/83U0173-1024x682.jpg\" alt=\"\" width=\"530\" height=\"353\" \/><\/a><\/p>\n<p>\u00a0<\/p>\n","protected":false},"excerpt":{"rendered":"<p>14. novembr\u012b Katr\u012bna Sp\u0113kaine ir uzaicin\u0101ta uz svin\u012bgu pie\u0146em\u0161anu pie Valsts prezidenta R\u012bgas pil\u012b. 4. grupas audz\u0113kne Katr\u012bna Sp\u0113kaine skolot\u0101jas Gunitas Meieres vad\u012bb\u0101 piedal\u012bj\u0101s Valsts prezidenta kancelejas izsludin\u0101taj\u0101 Latvijas Republikas proklam\u0113\u0161anas 99.gadadienai velt\u012bt\u0101 skol\u0113nu rado\u0161o darbu konkurs\u0101 &#8221;Mana k\u0101 Valsts prezidenta uzruna Latvijas dzim\u0161anas dien\u0101&#8221;. Katr\u012bnas Sp\u0113kaines darbu ir izv\u0113rt\u0113jis Valsts prezidents Raimonds V\u0113jonis un<a class=\"moretag\" href=\"https:\/\/www.kuldigastehnikums.lv\/index.php\/jaunumi\/jaunumi-arhivs\/tiksanas-ar-valsts-prezidentu\/\"> Vair\u0101k<\/a> [&#8230;]<\/p>\n<p><a class=\"btn btn-secondary understrap-read-more-link\" href=\"https:\/\/www.kuldigastehnikums.lv\/index.php\/jaunumi\/jaunumi-arhivs\/tiksanas-ar-valsts-prezidentu\/\">Vair\u0101k&#8230;<\/a><\/p>\n","protected":false},"author":2,"featured_media":0,"parent":5791,"menu_order":0,"comment_status":"open","ping_status":"open","template":"","meta":{"footnotes":""},"class_list":["post-6186","page","type-page","status-publish","hentry"],"_links":{"self":[{"href":"https:\/\/www.kuldigastehnikums.lv\/index.php\/wp-json\/wp\/v2\/pages\/6186","targetHints":{"allow":["GET"]}}],"collection":[{"href":"https:\/\/www.kuldigastehnikums.lv\/index.php\/wp-json\/wp\/v2\/pages"}],"about":[{"href":"https:\/\/www.kuldigastehnikums.lv\/index.php\/wp-json\/wp\/v2\/types\/page"}],"author":[{"embeddable":true,"href":"https:\/\/www.kuldigastehnikums.lv\/index.php\/wp-json\/wp\/v2\/users\/2"}],"replies":[{"embeddable":true,"href":"https:\/\/www.kuldigastehnikums.lv\/index.php\/wp-json\/wp\/v2\/comments?post=6186"}],"version-history":[{"count":0,"href":"https:\/\/www.kuldigastehnikums.lv\/index.php\/wp-json\/wp\/v2\/pages\/6186\/revisions"}],"up":[{"embeddable":true,"href":"https:\/\/www.kuldigastehnikums.lv\/index.php\/wp-json\/wp\/v2\/pages\/5791"}],"wp:attachment":[{"href":"https:\/\/www.kuldigastehnikums.lv\/index.php\/wp-json\/wp\/v2\/media?parent=6186"}],"curies":[{"name":"wp","href":"https:\/\/api.w.org\/{rel}","templated":true}]}}