{"id":6187,"date":"2019-12-22T21:19:08","date_gmt":"2019-12-22T21:19:08","guid":{"rendered":"http:\/\/www.kuldigastehnikums.lv\/jaunumi\/jaunumi-2018\/tehnikuma-komanda-aeht-konference\/"},"modified":"2019-12-22T21:19:08","modified_gmt":"2019-12-22T21:19:08","slug":"tehnikuma-komanda-aeht-konference","status":"publish","type":"page","link":"https:\/\/www.kuldigastehnikums.lv\/index.php\/jaunumi\/jaunumi-arhivs\/tehnikuma-komanda-aeht-konference\/","title":{"rendered":"Tehnikuma komanda AEHT konferenc\u0113"},"content":{"rendered":"<div id=\"eml-cke__body\" title=\"\"><span style=\"font-size: 12pt;\">No 13. l\u012bdz 18. novembrim Kuld\u012bgas Tehnolo\u0123iju un t\u016brisma tehnikuma audz\u0113k\u0146i Ance Medi\u0146a, D\u017eeina Blumberga un Kristers \u0100bele un skolot\u0101jas Dace \u0160\u0113na un Vita Strauti\u0146a piedal\u0101s ikgad\u0113j\u0101, nu jau 30. Eiropas viesm\u012bl\u012bbas un t\u016brisma skolu asoci\u0101cijas (AEHT) konferenc\u0113 Ostend\u0113, Be\u013c\u0123ij\u0101. Konferences ietvaros notiek profesion\u0101lie konkursi, kuros piedal\u0101s visi tr\u012bs tehnikuma audz\u0113k\u0146i. Turam \u012bk\u0161\u0137us!<\/span><\/p>\n<p><span style=\"font-size: 12pt;\"> Materi\u0101lu sagatavoja skolot\u0101ja Zanda \u0160legelmilha, foto: Dace \u0160\u0113na.<\/span><\/div>\n<div id=\"eml-cke__signature_top\" title=\"Paraksts\">\n<div id=\"eml-cke__signature_top-wrap\" class=\"eml-cke__signature\" title=\"\">\u00a0<\/p>\n<div id='gallery-1' class='gallery galleryid-6187 gallery-columns-4 gallery-size-thumbnail'><figure class='gallery-item'>\n\t\t\t<div class='gallery-icon landscape'>\n\t\t\t\t<a href='https:\/\/www.kuldigastehnikums.lv\/index.php\/muzizglitiba\/macibas-pieaugusajiem\/viaa_662x276_lat\/'><img decoding=\"async\" width=\"150\" height=\"150\" src=\"https:\/\/www.kuldigastehnikums.lv\/wp-content\/uploads\/2022\/01\/viaa_662x276_lat-150x150.gif\" class=\"attachment-thumbnail size-thumbnail\" alt=\"\" \/><\/a>\n\t\t\t<\/div><\/figure><figure class='gallery-item'>\n\t\t\t<div class='gallery-icon landscape'>\n\t\t\t\t<a href='https:\/\/www.kuldigastehnikums.lv\/index.php\/muzizglitiba\/macibas-pieaugusajiem\/viaa_240x120_lat\/'><img decoding=\"async\" width=\"150\" height=\"120\" src=\"https:\/\/www.kuldigastehnikums.lv\/wp-content\/uploads\/2022\/01\/viaa_240x120_lat-150x120.gif\" class=\"attachment-thumbnail size-thumbnail\" alt=\"\" \/><\/a>\n\t\t\t<\/div><\/figure>\n\t\t<\/div>\n\n<\/div>\n<\/div>\n","protected":false},"excerpt":{"rendered":"<p>No 13. l\u012bdz 18. novembrim Kuld\u012bgas Tehnolo\u0123iju un t\u016brisma tehnikuma audz\u0113k\u0146i Ance Medi\u0146a, D\u017eeina Blumberga un Kristers \u0100bele un skolot\u0101jas Dace \u0160\u0113na un Vita Strauti\u0146a piedal\u0101s ikgad\u0113j\u0101, nu jau 30. Eiropas viesm\u012bl\u012bbas un t\u016brisma skolu asoci\u0101cijas (AEHT) konferenc\u0113 Ostend\u0113, Be\u013c\u0123ij\u0101. Konferences ietvaros notiek profesion\u0101lie konkursi, kuros piedal\u0101s visi tr\u012bs tehnikuma audz\u0113k\u0146i. Turam \u012bk\u0161\u0137us! Materi\u0101lu sagatavoja<a class=\"moretag\" href=\"https:\/\/www.kuldigastehnikums.lv\/index.php\/jaunumi\/jaunumi-arhivs\/tehnikuma-komanda-aeht-konference\/\"> Vair\u0101k<\/a> [&#8230;]<\/p>\n<p><a class=\"btn btn-secondary understrap-read-more-link\" href=\"https:\/\/www.kuldigastehnikums.lv\/index.php\/jaunumi\/jaunumi-arhivs\/tehnikuma-komanda-aeht-konference\/\">Vair\u0101k&#8230;<\/a><\/p>\n","protected":false},"author":2,"featured_media":0,"parent":5791,"menu_order":0,"comment_status":"open","ping_status":"open","template":"","meta":{"footnotes":""},"class_list":["post-6187","page","type-page","status-publish","hentry"],"_links":{"self":[{"href":"https:\/\/www.kuldigastehnikums.lv\/index.php\/wp-json\/wp\/v2\/pages\/6187","targetHints":{"allow":["GET"]}}],"collection":[{"href":"https:\/\/www.kuldigastehnikums.lv\/index.php\/wp-json\/wp\/v2\/pages"}],"about":[{"href":"https:\/\/www.kuldigastehnikums.lv\/index.php\/wp-json\/wp\/v2\/types\/page"}],"author":[{"embeddable":true,"href":"https:\/\/www.kuldigastehnikums.lv\/index.php\/wp-json\/wp\/v2\/users\/2"}],"replies":[{"embeddable":true,"href":"https:\/\/www.kuldigastehnikums.lv\/index.php\/wp-json\/wp\/v2\/comments?post=6187"}],"version-history":[{"count":0,"href":"https:\/\/www.kuldigastehnikums.lv\/index.php\/wp-json\/wp\/v2\/pages\/6187\/revisions"}],"up":[{"embeddable":true,"href":"https:\/\/www.kuldigastehnikums.lv\/index.php\/wp-json\/wp\/v2\/pages\/5791"}],"wp:attachment":[{"href":"https:\/\/www.kuldigastehnikums.lv\/index.php\/wp-json\/wp\/v2\/media?parent=6187"}],"curies":[{"name":"wp","href":"https:\/\/api.w.org\/{rel}","templated":true}]}}