{"id":6191,"date":"2019-12-22T21:19:08","date_gmt":"2019-12-22T21:19:08","guid":{"rendered":"http:\/\/www.kuldigastehnikums.lv\/jaunumi\/jaunumi-2018\/maketesanas-darbu-aizstavesana-mebelu-dizaina-specialistiem\/"},"modified":"2019-12-22T21:19:08","modified_gmt":"2019-12-22T21:19:08","slug":"maketesanas-darbu-aizstavesana-mebelu-dizaina-specialistiem","status":"publish","type":"page","link":"https:\/\/www.kuldigastehnikums.lv\/index.php\/jaunumi\/jaunumi-arhivs\/maketesanas-darbu-aizstavesana-mebelu-dizaina-specialistiem\/","title":{"rendered":"Maket\u0113\u0161anas darbu aizst\u0101v\u0113\u0161ana m\u0113be\u013cu dizaina speci\u0101listiem"},"content":{"rendered":"<p><span style=\"font-size: 12pt;\">13.novembr\u012b 1.kursa 5.grupas \u00a0profesijas &#8220;M\u0113be\u013cu dizaina speci\u0101lists&#8221; studenti iepaz\u012bstin\u0101ja ar darbiem , kas veidoti praktisk\u0101s m\u0101c\u012bbas &#8220;Maket\u0113\u0161ana&#8221;stundu laik\u0101 . Maketi veidoti k\u0101 m\u0101c\u012bbu materi\u0101ls br\u012bv\u0101 stil\u0101 b\u0113rnu istabas, vientu\u013ca v\u012brie\u0161a istabas, koridora, jaunas sievietes istabas, pirts priek\u0161telpas un dz\u012bvojam\u0101s m\u0101jas iek\u0161telpu iek\u0101rtojumam.\u00a0<\/span><\/p>\n\n","protected":false},"excerpt":{"rendered":"<p>13.novembr\u012b 1.kursa 5.grupas \u00a0profesijas &#8220;M\u0113be\u013cu dizaina speci\u0101lists&#8221; studenti iepaz\u012bstin\u0101ja ar darbiem , kas veidoti praktisk\u0101s m\u0101c\u012bbas &#8220;Maket\u0113\u0161ana&#8221;stundu laik\u0101 . Maketi veidoti k\u0101 m\u0101c\u012bbu materi\u0101ls br\u012bv\u0101 stil\u0101 b\u0113rnu istabas, vientu\u013ca v\u012brie\u0161a istabas, koridora, jaunas sievietes istabas, pirts priek\u0161telpas un dz\u012bvojam\u0101s m\u0101jas iek\u0161telpu iek\u0101rtojumam.\u00a0 [&#8230;]<\/p>\n<p><a class=\"btn btn-secondary understrap-read-more-link\" href=\"https:\/\/www.kuldigastehnikums.lv\/index.php\/jaunumi\/jaunumi-arhivs\/maketesanas-darbu-aizstavesana-mebelu-dizaina-specialistiem\/\">Vair\u0101k&#8230;<\/a><\/p>\n","protected":false},"author":2,"featured_media":0,"parent":5791,"menu_order":0,"comment_status":"open","ping_status":"open","template":"","meta":{"footnotes":""},"class_list":["post-6191","page","type-page","status-publish","hentry"],"_links":{"self":[{"href":"https:\/\/www.kuldigastehnikums.lv\/index.php\/wp-json\/wp\/v2\/pages\/6191","targetHints":{"allow":["GET"]}}],"collection":[{"href":"https:\/\/www.kuldigastehnikums.lv\/index.php\/wp-json\/wp\/v2\/pages"}],"about":[{"href":"https:\/\/www.kuldigastehnikums.lv\/index.php\/wp-json\/wp\/v2\/types\/page"}],"author":[{"embeddable":true,"href":"https:\/\/www.kuldigastehnikums.lv\/index.php\/wp-json\/wp\/v2\/users\/2"}],"replies":[{"embeddable":true,"href":"https:\/\/www.kuldigastehnikums.lv\/index.php\/wp-json\/wp\/v2\/comments?post=6191"}],"version-history":[{"count":0,"href":"https:\/\/www.kuldigastehnikums.lv\/index.php\/wp-json\/wp\/v2\/pages\/6191\/revisions"}],"up":[{"embeddable":true,"href":"https:\/\/www.kuldigastehnikums.lv\/index.php\/wp-json\/wp\/v2\/pages\/5791"}],"wp:attachment":[{"href":"https:\/\/www.kuldigastehnikums.lv\/index.php\/wp-json\/wp\/v2\/media?parent=6191"}],"curies":[{"name":"wp","href":"https:\/\/api.w.org\/{rel}","templated":true}]}}