{"id":6194,"date":"2019-12-22T21:19:08","date_gmt":"2019-12-22T21:19:08","guid":{"rendered":"http:\/\/www.kuldigastehnikums.lv\/jaunumi\/jaunumi-2018\/15b-grupas-audzekni-zinatnieku-nakti\/"},"modified":"2019-12-22T21:19:08","modified_gmt":"2019-12-22T21:19:08","slug":"15b-grupas-audzekni-zinatnieku-nakti","status":"publish","type":"page","link":"https:\/\/www.kuldigastehnikums.lv\/index.php\/jaunumi\/jaunumi-arhivs\/15b-grupas-audzekni-zinatnieku-nakti\/","title":{"rendered":"15b.grupas audz\u0113k\u0146i Zin\u0101tnieku nakt\u012b"},"content":{"rendered":"<div id=\"eml-cke__body\" title=\"\">29. septembr\u012b 15b.grupas audz\u0113k\u0146i kop\u0101 ar audzin\u0101t\u0101ju Inesi K\u013cavi\u0146u piedal\u012bj\u0101s UNESCO LNK un RTU organiz\u0113tajos Zin\u0101tnieku nakts pas\u0101kumos. Audz\u0113k\u0146i apmekl\u0113ja Elektrum <span style=\"font-size: 12pt;\">Energoefektivit\u0101tes centru J\u016brmal\u0101, kur piedal\u012bj\u0101s rado\u0161aj\u0101s darbn\u012bc\u0101s, uzzin\u0101ja inform\u0101ciju par inovat\u012bvajiem risin\u0101jumiem energoefektivit\u0101t\u0113, \u012bstenojot interesantus fizikas eksperimentus kop\u0101 ar FIZMIX, p\u0101rbaud\u012bja savas zin\u0101\u0161anas energoefektivit\u0101t\u0113 un elektrodro\u0161\u012bb\u0101.<\/span><\/p>\n<p><span style=\"font-size: 12pt;\"> T\u0101l\u0101k ce\u013c\u0161 veda uz Latvenergo koncerna Ener\u0123\u0113tikas muzeju, kur jaunie\u0161iem tika pied\u0101v\u0101ta \u012bpa\u0161a programma, k\u0101 ar\u012b iesp\u0113ja apmekl\u0113t darbn\u012bcas un piedal\u012bties eksperimentos. Zin\u0101tnieku nakts ietvaros audz\u0113k\u0146i apmekl\u0113ja R\u012bgas motormuzeju un Nacion\u0101lo bot\u0101nisko d\u0101rzu Salaspil\u012b, kur apskat\u012bj\u0101s oran\u017e\u0113riju, d\u0101rzu un ekspoz\u012bcijas- &#8220;Velt\u012bjums&#8221; \u2013 fotoizst\u0101di par Latvijas selekcion\u0101ru \u0161\u0137irn\u0113m un &#8220;Made in Latvia&#8221; \u2013 Latvijas selekcijas ziedu izst\u0101di.<\/span><\/p>\n<p><span style=\"font-size: 12pt;\"> Materi\u0101lu sagatavoja skolot\u0101ja Zanda \u0160legelmilha sadarb\u012bb\u0101 ar Elektrum Energoefektivit\u0101tes centru.\u00a0<\/span><\/div>\n<div id=\"eml-cke__signature_top\" title=\"Paraksts\">\n<div id=\"eml-cke__signature_top-wrap\" class=\"eml-cke__signature\" title=\"\"><span style=\"font-size: 12pt;\">\u00a0<\/span><\/div>\n<\/div>\n<div id=\"eml-cke__signature_bottom\" title=\"Paraksts\">\u00a0<\/p>\n\n<\/div>\n","protected":false},"excerpt":{"rendered":"<p>29. septembr\u012b 15b.grupas audz\u0113k\u0146i kop\u0101 ar audzin\u0101t\u0101ju Inesi K\u013cavi\u0146u piedal\u012bj\u0101s UNESCO LNK un RTU organiz\u0113tajos Zin\u0101tnieku nakts pas\u0101kumos. Audz\u0113k\u0146i apmekl\u0113ja Elektrum Energoefektivit\u0101tes centru J\u016brmal\u0101, kur piedal\u012bj\u0101s rado\u0161aj\u0101s darbn\u012bc\u0101s, uzzin\u0101ja inform\u0101ciju par inovat\u012bvajiem risin\u0101jumiem energoefektivit\u0101t\u0113, \u012bstenojot interesantus fizikas eksperimentus kop\u0101 ar FIZMIX, p\u0101rbaud\u012bja savas zin\u0101\u0161anas energoefektivit\u0101t\u0113 un elektrodro\u0161\u012bb\u0101. T\u0101l\u0101k ce\u013c\u0161 veda uz Latvenergo koncerna Ener\u0123\u0113tikas muzeju,<a class=\"moretag\" href=\"https:\/\/www.kuldigastehnikums.lv\/index.php\/jaunumi\/jaunumi-arhivs\/15b-grupas-audzekni-zinatnieku-nakti\/\"> Vair\u0101k<\/a> [&#8230;]<\/p>\n<p><a class=\"btn btn-secondary understrap-read-more-link\" href=\"https:\/\/www.kuldigastehnikums.lv\/index.php\/jaunumi\/jaunumi-arhivs\/15b-grupas-audzekni-zinatnieku-nakti\/\">Vair\u0101k&#8230;<\/a><\/p>\n","protected":false},"author":2,"featured_media":0,"parent":5791,"menu_order":0,"comment_status":"open","ping_status":"open","template":"","meta":{"footnotes":""},"class_list":["post-6194","page","type-page","status-publish","hentry"],"_links":{"self":[{"href":"https:\/\/www.kuldigastehnikums.lv\/index.php\/wp-json\/wp\/v2\/pages\/6194","targetHints":{"allow":["GET"]}}],"collection":[{"href":"https:\/\/www.kuldigastehnikums.lv\/index.php\/wp-json\/wp\/v2\/pages"}],"about":[{"href":"https:\/\/www.kuldigastehnikums.lv\/index.php\/wp-json\/wp\/v2\/types\/page"}],"author":[{"embeddable":true,"href":"https:\/\/www.kuldigastehnikums.lv\/index.php\/wp-json\/wp\/v2\/users\/2"}],"replies":[{"embeddable":true,"href":"https:\/\/www.kuldigastehnikums.lv\/index.php\/wp-json\/wp\/v2\/comments?post=6194"}],"version-history":[{"count":0,"href":"https:\/\/www.kuldigastehnikums.lv\/index.php\/wp-json\/wp\/v2\/pages\/6194\/revisions"}],"up":[{"embeddable":true,"href":"https:\/\/www.kuldigastehnikums.lv\/index.php\/wp-json\/wp\/v2\/pages\/5791"}],"wp:attachment":[{"href":"https:\/\/www.kuldigastehnikums.lv\/index.php\/wp-json\/wp\/v2\/media?parent=6194"}],"curies":[{"name":"wp","href":"https:\/\/api.w.org\/{rel}","templated":true}]}}