{"id":6195,"date":"2019-12-22T21:19:08","date_gmt":"2019-12-22T21:19:08","guid":{"rendered":"http:\/\/www.kuldigastehnikums.lv\/jaunumi\/jaunumi-2018\/pieredzes-apmainas-brauciens-skolotajiem\/"},"modified":"2019-12-22T21:19:08","modified_gmt":"2019-12-22T21:19:08","slug":"pieredzes-apmainas-brauciens-skolotajiem","status":"publish","type":"page","link":"https:\/\/www.kuldigastehnikums.lv\/index.php\/jaunumi\/jaunumi-arhivs\/pieredzes-apmainas-brauciens-skolotajiem\/","title":{"rendered":"Pieredzes apmai\u0146as brauciens skolot\u0101jiem"},"content":{"rendered":"<div id=\"eml-cke__body\" title=\"\">13.oktobr\u012b tehnikuma darbinieki dev\u0101s ikgad\u0113j\u0101 pieredzes apmai\u0146as un kult\u016brizgl\u012bt\u012bbas braucien\u0101 pa Zemgali. Kolekt\u012bvs apmekl\u0113ja dzejnieku Ed.Virzas un E.St\u0113rstes dzimtas m\u0101jas &#8220;Bill\u012btes&#8221; Salgales pagast\u0101, Jelgavas Amatu vidusskolu un Baldones observatoriju.<\/p>\n<p>\u200b\u201cCilv\u0113kam ir divi svar\u012bgi atbalsta punkti \u2013 vi\u0146\u0161 pats pasaul\u0113 un pasaule vi\u0146\u0101.\u00a0<br \/>\nJo vair\u0101k vi\u0146\u0161 redz, jo vair\u0101k vi\u0146\u0161 sp\u0113j p\u0101rdom\u0101t, jo viegl\u0101k vi\u0146am ir \u0161os punktus savienot.Pa\u0161a m\u0101jas k\u013c\u016bst pla\u0161\u0101kas un viesm\u012bl\u012bg\u0101kas.\u201d<br \/>\n(Knuts Skujenieks)<\/p>\n<p>Materi\u0101lu sagatavoja skolot\u0101ja Zanda \u0160legelmilha, foto: Iveta Roga.<\/p><\/div>\n<div title=\"\">\u00a0<\/div>\n<div title=\"\">\n<div id='gallery-1' class='gallery galleryid-6195 gallery-columns-4 gallery-size-thumbnail'><figure class='gallery-item'>\n\t\t\t<div class='gallery-icon portrait'>\n\t\t\t\t<a href='https:\/\/www.kuldigastehnikums.lv\/index.php\/macibu-komandejums-turisma-un-viesmilibas-audzekniem\/gunita-eksk\/'><img decoding=\"async\" width=\"150\" height=\"150\" src=\"https:\/\/www.kuldigastehnikums.lv\/wp-content\/uploads\/2022\/05\/gunita-eksk-150x150.jpg\" class=\"attachment-thumbnail size-thumbnail\" alt=\"\" \/><\/a>\n\t\t\t<\/div><\/figure><figure class='gallery-item'>\n\t\t\t<div class='gallery-icon portrait'>\n\t\t\t\t<a href='https:\/\/www.kuldigastehnikums.lv\/index.php\/macibu-komandejums-turisma-un-viesmilibas-audzekniem\/gunita-ekskurs\/'><img decoding=\"async\" width=\"150\" height=\"150\" src=\"https:\/\/www.kuldigastehnikums.lv\/wp-content\/uploads\/2022\/05\/gunita-ekskurs-150x150.jpg\" class=\"attachment-thumbnail size-thumbnail\" alt=\"\" \/><\/a>\n\t\t\t<\/div><\/figure><figure class='gallery-item'>\n\t\t\t<div class='gallery-icon portrait'>\n\t\t\t\t<a href='https:\/\/www.kuldigastehnikums.lv\/index.php\/macibu-komandejums-turisma-un-viesmilibas-audzekniem\/gunita-ekurs\/'><img decoding=\"async\" width=\"150\" height=\"150\" src=\"https:\/\/www.kuldigastehnikums.lv\/wp-content\/uploads\/2022\/05\/gunita-ekurs-150x150.jpg\" class=\"attachment-thumbnail size-thumbnail\" alt=\"\" \/><\/a>\n\t\t\t<\/div><\/figure><figure class='gallery-item'>\n\t\t\t<div class='gallery-icon landscape'>\n\t\t\t\t<a href='https:\/\/www.kuldigastehnikums.lv\/index.php\/macibu-komandejums-turisma-un-viesmilibas-audzekniem\/gunita\/'><img loading=\"lazy\" decoding=\"async\" width=\"150\" height=\"150\" src=\"https:\/\/www.kuldigastehnikums.lv\/wp-content\/uploads\/2022\/05\/gunita-150x150.jpg\" class=\"attachment-thumbnail size-thumbnail\" alt=\"\" \/><\/a>\n\t\t\t<\/div><\/figure><figure class='gallery-item'>\n\t\t\t<div class='gallery-icon landscape'>\n\t\t\t\t<a href='https:\/\/www.kuldigastehnikums.lv\/index.php\/macibu-komandejums-turisma-un-viesmilibas-audzekniem\/gunitaeksku\/'><img loading=\"lazy\" decoding=\"async\" width=\"150\" height=\"150\" src=\"https:\/\/www.kuldigastehnikums.lv\/wp-content\/uploads\/2022\/05\/gunitaeksku-150x150.jpg\" class=\"attachment-thumbnail size-thumbnail\" alt=\"\" \/><\/a>\n\t\t\t<\/div><\/figure><figure class='gallery-item'>\n\t\t\t<div class='gallery-icon portrait'>\n\t\t\t\t<a href='https:\/\/www.kuldigastehnikums.lv\/index.php\/macibu-komandejums-turisma-un-viesmilibas-audzekniem\/gunitaekskurs\/'><img loading=\"lazy\" decoding=\"async\" width=\"150\" height=\"150\" src=\"https:\/\/www.kuldigastehnikums.lv\/wp-content\/uploads\/2022\/05\/gunitaekskurs-150x150.jpg\" class=\"attachment-thumbnail size-thumbnail\" alt=\"\" \/><\/a>\n\t\t\t<\/div><\/figure><figure class='gallery-item'>\n\t\t\t<div class='gallery-icon portrait'>\n\t\t\t\t<a href='https:\/\/www.kuldigastehnikums.lv\/index.php\/macibu-komandejums-turisma-un-viesmilibas-audzekniem\/gunitaeksursi\/'><img loading=\"lazy\" decoding=\"async\" width=\"150\" height=\"150\" src=\"https:\/\/www.kuldigastehnikums.lv\/wp-content\/uploads\/2022\/05\/gunitaeksursi-150x150.jpg\" class=\"attachment-thumbnail size-thumbnail\" alt=\"\" \/><\/a>\n\t\t\t<\/div><\/figure><figure class='gallery-item'>\n\t\t\t<div class='gallery-icon landscape'>\n\t\t\t\t<a href='https:\/\/www.kuldigastehnikums.lv\/index.php\/literarais-pargajiens-12-un-13-grupai\/literarais-pargajiens\/'><img loading=\"lazy\" decoding=\"async\" width=\"150\" height=\"150\" src=\"https:\/\/www.kuldigastehnikums.lv\/wp-content\/uploads\/2022\/05\/literarais-pargajiens-150x150.jpg\" class=\"attachment-thumbnail size-thumbnail\" alt=\"\" \/><\/a>\n\t\t\t<\/div><\/figure><figure class='gallery-item'>\n\t\t\t<div class='gallery-icon landscape'>\n\t\t\t\t<a href='https:\/\/www.kuldigastehnikums.lv\/index.php\/literarais-pargajiens-12-un-13-grupai\/literarais-pargajiens-2\/'><img loading=\"lazy\" decoding=\"async\" width=\"150\" height=\"150\" src=\"https:\/\/www.kuldigastehnikums.lv\/wp-content\/uploads\/2022\/05\/literarais-pargajiens-1-150x150.jpg\" class=\"attachment-thumbnail size-thumbnail\" alt=\"\" \/><\/a>\n\t\t\t<\/div><\/figure>\n\t\t<\/div>\n\n<\/div>\n<div id=\"eml-cke__signature_top\" title=\"Paraksts\">\n<div id=\"eml-cke__signature_top-wrap\" class=\"eml-cke__signature\" title=\"\">\u00a0<\/div>\n<\/div>\n","protected":false},"excerpt":{"rendered":"<p>13.oktobr\u012b tehnikuma darbinieki dev\u0101s ikgad\u0113j\u0101 pieredzes apmai\u0146as un kult\u016brizgl\u012bt\u012bbas braucien\u0101 pa Zemgali. Kolekt\u012bvs apmekl\u0113ja dzejnieku Ed.Virzas un E.St\u0113rstes dzimtas m\u0101jas &#8220;Bill\u012btes&#8221; Salgales pagast\u0101, Jelgavas Amatu vidusskolu un Baldones observatoriju. \u200b\u201cCilv\u0113kam ir divi svar\u012bgi atbalsta punkti \u2013 vi\u0146\u0161 pats pasaul\u0113 un pasaule vi\u0146\u0101.\u00a0 Jo vair\u0101k vi\u0146\u0161 redz, jo vair\u0101k vi\u0146\u0161 sp\u0113j p\u0101rdom\u0101t, jo viegl\u0101k vi\u0146am ir<a class=\"moretag\" href=\"https:\/\/www.kuldigastehnikums.lv\/index.php\/jaunumi\/jaunumi-arhivs\/pieredzes-apmainas-brauciens-skolotajiem\/\"> Vair\u0101k<\/a> [&#8230;]<\/p>\n<p><a class=\"btn btn-secondary understrap-read-more-link\" href=\"https:\/\/www.kuldigastehnikums.lv\/index.php\/jaunumi\/jaunumi-arhivs\/pieredzes-apmainas-brauciens-skolotajiem\/\">Vair\u0101k&#8230;<\/a><\/p>\n","protected":false},"author":2,"featured_media":0,"parent":5791,"menu_order":0,"comment_status":"open","ping_status":"open","template":"","meta":{"footnotes":""},"class_list":["post-6195","page","type-page","status-publish","hentry"],"_links":{"self":[{"href":"https:\/\/www.kuldigastehnikums.lv\/index.php\/wp-json\/wp\/v2\/pages\/6195","targetHints":{"allow":["GET"]}}],"collection":[{"href":"https:\/\/www.kuldigastehnikums.lv\/index.php\/wp-json\/wp\/v2\/pages"}],"about":[{"href":"https:\/\/www.kuldigastehnikums.lv\/index.php\/wp-json\/wp\/v2\/types\/page"}],"author":[{"embeddable":true,"href":"https:\/\/www.kuldigastehnikums.lv\/index.php\/wp-json\/wp\/v2\/users\/2"}],"replies":[{"embeddable":true,"href":"https:\/\/www.kuldigastehnikums.lv\/index.php\/wp-json\/wp\/v2\/comments?post=6195"}],"version-history":[{"count":0,"href":"https:\/\/www.kuldigastehnikums.lv\/index.php\/wp-json\/wp\/v2\/pages\/6195\/revisions"}],"up":[{"embeddable":true,"href":"https:\/\/www.kuldigastehnikums.lv\/index.php\/wp-json\/wp\/v2\/pages\/5791"}],"wp:attachment":[{"href":"https:\/\/www.kuldigastehnikums.lv\/index.php\/wp-json\/wp\/v2\/media?parent=6195"}],"curies":[{"name":"wp","href":"https:\/\/api.w.org\/{rel}","templated":true}]}}