{"id":6196,"date":"2019-12-22T21:19:08","date_gmt":"2019-12-22T21:19:08","guid":{"rendered":"http:\/\/www.kuldigastehnikums.lv\/jaunumi\/jaunumi-2018\/domnicas-praktikums-zemgale\/"},"modified":"2019-12-22T21:19:08","modified_gmt":"2019-12-22T21:19:08","slug":"domnicas-praktikums-zemgale","status":"publish","type":"page","link":"https:\/\/www.kuldigastehnikums.lv\/index.php\/jaunumi\/jaunumi-arhivs\/domnicas-praktikums-zemgale\/","title":{"rendered":"Domn\u012bcas praktikums Zemgal\u0113"},"content":{"rendered":"<div id=\"eml-cke__body\" title=\"\"><span style=\"font-size: 12pt;\">25.august\u0101 tehnikuma skolot\u0101ja\u00a0Zanda \u0160legelmilha organiz\u0113ja\u00a0profesion\u0101l\u0101s izgl\u012bt\u012bbas iest\u0101\u017eu latvie\u0161u valodas un literat\u016bras skolot\u0101jiem profesion\u0101l\u0101s kompetences pilnveides kursus un domn\u012bcas praktikumu Zemgal\u0113.<\/span><\/p>\n<p><span style=\"font-size: 12pt;\"> Praktikuma ietvaros kursu dal\u012bbnieki apmekl\u0113ja dzejnieku Edvarta Virzas un Elzas St\u0113rstes memori\u0101l\u0101s m\u0101jas \u201eBill\u012btes\u201d, tik\u0101s ar dzejnieku mazmeitu Annu \u017d\u012bguri, mazmazmeitu Di\u0101nu Janci, klaus\u012bj\u0101s abu interesantajos st\u0101stos par savu dzimtu, k\u0101 ar\u012b izstaig\u0101ja Dzejnieku taku un apl\u016bkoja E.Virzas dai\u013crad\u0113 noz\u012bm\u012bgos kokus, taj\u0101 skait\u0101 \u00a0\u201eBill\u012b\u0161u\u201d kasta\u0146u- di\u017ekoku, kas min\u0113ts ar\u012b &#8220;Straum\u0113nos&#8221;.<\/span><\/p>\n<p><span style=\"font-size: 12pt;\"> T\u0101l\u0101k ce\u013c\u0161 veda uz pirm\u0101 Latvijas valsts prezidenta J\u0101\u0146a \u010cakstes memori\u0101lo muzeju \u201eAu\u010dos\u201d Ozolnieku novada Salgales pagast\u0101, pa\u0161\u0101 Lielupes krast\u0101. &#8220;Au\u010dos&#8221; visliel\u0101ko iev\u0113r\u012bbu guva \u0122. Eliasa Jelgavas V\u0113stures un m\u0101kslas muzeja iek\u0101rtot\u0101 ekspoz\u012bcija un gides Inetas Freimanes st\u0101st\u012bjums, kas \u013c\u0101va iepaz\u012bt J. \u010caksti k\u0101 person\u012bbu, sabiedrisko darbinieku, kuplas un draudz\u012bgas \u0123imenes galvu un izsekot \u010cakstes dzimtas likte\u0146iem.<\/span><\/p>\n<p><span style=\"font-size: 12pt;\"> Skolot\u0101ji p\u0113c vieso\u0161an\u0101s muzejos piedal\u012bj\u0101s meistarklas\u0113 uz\u0146\u0113mum\u0101 &#8220;Karame\u013cu darbn\u012bca&#8221;, kur var\u0113ja gan degust\u0113t, gan v\u0113rot karame\u013cu tap\u0161anu, gan rad\u012bt savu personaliz\u0113to karameli.<\/span><\/p>\n<p><span style=\"font-size: 12pt;\"> Praktikuma ietvaros tika apmekl\u0113ti Za\u013cenieki, kura atrodas ar\u012b dzejnieces Aspazijas dzimt\u0101s m\u0101jas &#8220;Dauk\u0161as&#8221;. Lai ar\u012b \u201cDauk\u0161as\u201d ir priv\u0101t\u012bpa\u0161ums, taj\u0101 saimnieki iek\u0101rtoju\u0161i Aspazijas memori\u0101lo istabi\u0146u, ko ar saimnieces Madl\u0113nas Bratkus at\u013cauju skolot\u0101ji ar\u012b izp\u0113t\u012bja. Istabi\u0146\u0101 autentiskas lietas no Aspazijas b\u0113rn\u012bbas nav saglab\u0101ju\u0161\u0101s, un m\u0113beles un citi priek\u0161meti ir saimnieku pa\u0161u g\u0101d\u0101ti vai uzd\u0101vin\u0101ti \u2013 gan maz\u0101 gulti\u0146a, gan senatn\u012bgie plaukti, kr\u0113sli un kumode. Pa Za\u013cenieku pils gaite\u0146iem skolot\u0101jus izvad\u0101ja un ar pils le\u0123end\u0101m iepaz\u012bstin\u0101ja Za\u013cenieku komerci\u0101l\u0101s un amatniec\u012bbas vidusskolas skolot\u0101ja L\u012bga Andronova. P\u0113c tam skolot\u0101ji viesoj\u0101s Za\u013cenieku bazn\u012bc\u0101 un kapos.<\/span><\/p>\n<p><span style=\"font-size: 12pt;\"> Praktikums nosl\u0113dz\u0101s ar gard\u0101m vakari\u0146\u0101m Smuku mui\u017e\u0101, kur laik\u0101 no 1895. l\u012bdz 1896. gadam par rakstvedi, kl\u0113tnieku un lopu uzraugu str\u0101d\u0101jis J\u0101nis Jaunsudrabi\u0146\u0161, Tie\u0161i \u0161eit J.Jaunsudrabi\u0146\u0161 s\u0101ka gleznot un dzejot. Smuku mui\u017eas notikumi esot pamat\u0101 vair\u0101kiem vi\u0146a turpm\u0101kajiem darbiem: \u201eN\u0101ve un dz\u012bv\u012bba&#8221;, \u201eMe\u017ekungs Laucis&#8221;, \u201eZiemas baltum\u0101&#8221; u.c., bet V\u012bti\u0146u kapu st\u016bris ir att\u0113lots Rasmas un Spodra m\u012blest\u012bbas st\u0101st\u0101 \u201eV\u0113ja ziedi&#8221;.\u00a0<\/span><\/p>\n<p><span style=\"font-size: 12pt;\"> Materi\u0101lu sagatavoja skolot\u0101ja Zanda \u0160legelmilha.<\/span><\/div>\n<div title=\"\">\u00a0<\/div>\n<div title=\"\">\n<div id='gallery-1' class='gallery galleryid-6196 gallery-columns-4 gallery-size-thumbnail'><figure class='gallery-item'>\n\t\t\t<div class='gallery-icon portrait'>\n\t\t\t\t<a href='https:\/\/www.kuldigastehnikums.lv\/index.php\/turisma-audzekniem-praktiskas-macibas-daba\/velo1\/'><img decoding=\"async\" width=\"150\" height=\"150\" src=\"https:\/\/www.kuldigastehnikums.lv\/wp-content\/uploads\/2022\/05\/velo1-150x150.jpg\" class=\"attachment-thumbnail size-thumbnail\" alt=\"\" \/><\/a>\n\t\t\t<\/div><\/figure><figure class='gallery-item'>\n\t\t\t<div class='gallery-icon landscape'>\n\t\t\t\t<a href='https:\/\/www.kuldigastehnikums.lv\/index.php\/turisma-audzekniem-praktiskas-macibas-daba\/velo2\/'><img decoding=\"async\" width=\"150\" height=\"150\" src=\"https:\/\/www.kuldigastehnikums.lv\/wp-content\/uploads\/2022\/05\/velo2-150x150.jpg\" class=\"attachment-thumbnail size-thumbnail\" alt=\"\" \/><\/a>\n\t\t\t<\/div><\/figure><figure class='gallery-item'>\n\t\t\t<div class='gallery-icon landscape'>\n\t\t\t\t<a href='https:\/\/www.kuldigastehnikums.lv\/index.php\/turisma-audzekniem-praktiskas-macibas-daba\/velo4\/'><img decoding=\"async\" width=\"150\" height=\"150\" src=\"https:\/\/www.kuldigastehnikums.lv\/wp-content\/uploads\/2022\/05\/velo4-150x150.jpg\" class=\"attachment-thumbnail size-thumbnail\" alt=\"\" \/><\/a>\n\t\t\t<\/div><\/figure><figure class='gallery-item'>\n\t\t\t<div class='gallery-icon portrait'>\n\t\t\t\t<a href='https:\/\/www.kuldigastehnikums.lv\/index.php\/turisma-audzekniem-praktiskas-macibas-daba\/velo5\/'><img loading=\"lazy\" decoding=\"async\" width=\"150\" height=\"150\" src=\"https:\/\/www.kuldigastehnikums.lv\/wp-content\/uploads\/2022\/05\/velo5-150x150.jpg\" class=\"attachment-thumbnail size-thumbnail\" alt=\"\" \/><\/a>\n\t\t\t<\/div><\/figure><figure class='gallery-item'>\n\t\t\t<div class='gallery-icon landscape'>\n\t\t\t\t<a href='https:\/\/www.kuldigastehnikums.lv\/index.php\/metodiskais-darbs\/turisma-viesnicu-un-skaistumkopsanas-nodala\/spa-2\/'><img loading=\"lazy\" decoding=\"async\" width=\"150\" height=\"150\" src=\"https:\/\/www.kuldigastehnikums.lv\/wp-content\/uploads\/2022\/05\/spa-150x150.jpg\" class=\"attachment-thumbnail size-thumbnail\" alt=\"\" \/><\/a>\n\t\t\t<\/div><\/figure><figure class='gallery-item'>\n\t\t\t<div class='gallery-icon landscape'>\n\t\t\t\t<a href='https:\/\/www.kuldigastehnikums.lv\/index.php\/metodiskais-darbs\/turisma-viesnicu-un-skaistumkopsanas-nodala\/spa1-2\/'><img loading=\"lazy\" decoding=\"async\" width=\"150\" height=\"150\" src=\"https:\/\/www.kuldigastehnikums.lv\/wp-content\/uploads\/2022\/05\/spa1-150x150.jpg\" class=\"attachment-thumbnail size-thumbnail\" alt=\"\" \/><\/a>\n\t\t\t<\/div><\/figure><figure class='gallery-item'>\n\t\t\t<div class='gallery-icon landscape'>\n\t\t\t\t<a href='https:\/\/www.kuldigastehnikums.lv\/index.php\/metodiskais-darbs\/turisma-viesnicu-un-skaistumkopsanas-nodala\/spa2-3\/'><img loading=\"lazy\" decoding=\"async\" width=\"150\" height=\"150\" src=\"https:\/\/www.kuldigastehnikums.lv\/wp-content\/uploads\/2022\/05\/spa2-150x150.jpg\" class=\"attachment-thumbnail size-thumbnail\" alt=\"\" \/><\/a>\n\t\t\t<\/div><\/figure><figure class='gallery-item'>\n\t\t\t<div class='gallery-icon landscape'>\n\t\t\t\t<a href='https:\/\/www.kuldigastehnikums.lv\/index.php\/turisma-jomas-audzeknu-macibu-ekskursija\/tur-2\/'><img loading=\"lazy\" decoding=\"async\" width=\"150\" height=\"150\" src=\"https:\/\/www.kuldigastehnikums.lv\/wp-content\/uploads\/2022\/05\/tur-1-150x150.jpg\" class=\"attachment-thumbnail size-thumbnail\" alt=\"\" \/><\/a>\n\t\t\t<\/div><\/figure><figure class='gallery-item'>\n\t\t\t<div class='gallery-icon landscape'>\n\t\t\t\t<a href='https:\/\/www.kuldigastehnikums.lv\/index.php\/turisma-jomas-audzeknu-macibu-ekskursija\/turi\/'><img loading=\"lazy\" decoding=\"async\" width=\"150\" height=\"150\" src=\"https:\/\/www.kuldigastehnikums.lv\/wp-content\/uploads\/2022\/05\/turi-150x150.jpg\" class=\"attachment-thumbnail size-thumbnail\" alt=\"\" \/><\/a>\n\t\t\t<\/div><\/figure><figure class='gallery-item'>\n\t\t\t<div class='gallery-icon landscape'>\n\t\t\t\t<a href='https:\/\/www.kuldigastehnikums.lv\/index.php\/turisma-jomas-audzeknu-macibu-ekskursija\/turist\/'><img loading=\"lazy\" decoding=\"async\" width=\"150\" height=\"150\" src=\"https:\/\/www.kuldigastehnikums.lv\/wp-content\/uploads\/2022\/05\/turist-150x150.jpg\" class=\"attachment-thumbnail size-thumbnail\" alt=\"\" \/><\/a>\n\t\t\t<\/div><\/figure><figure class='gallery-item'>\n\t\t\t<div class='gallery-icon landscape'>\n\t\t\t\t<a href='https:\/\/www.kuldigastehnikums.lv\/index.php\/turisma-jomas-audzeknu-macibu-ekskursija\/turisti-3\/'><img loading=\"lazy\" decoding=\"async\" width=\"150\" height=\"150\" src=\"https:\/\/www.kuldigastehnikums.lv\/wp-content\/uploads\/2022\/05\/turisti-150x150.jpg\" class=\"attachment-thumbnail size-thumbnail\" alt=\"\" \/><\/a>\n\t\t\t<\/div><\/figure>\n\t\t<\/div>\n\n<\/div>\n<div id=\"eml-cke__signature_top\" title=\"Paraksts\">\n<div id=\"eml-cke__signature_top-wrap\" class=\"eml-cke__signature\" title=\"\">\u00a0<\/div>\n<\/div>\n","protected":false},"excerpt":{"rendered":"<p>25.august\u0101 tehnikuma skolot\u0101ja\u00a0Zanda \u0160legelmilha organiz\u0113ja\u00a0profesion\u0101l\u0101s izgl\u012bt\u012bbas iest\u0101\u017eu latvie\u0161u valodas un literat\u016bras skolot\u0101jiem profesion\u0101l\u0101s kompetences pilnveides kursus un domn\u012bcas praktikumu Zemgal\u0113. Praktikuma ietvaros kursu dal\u012bbnieki apmekl\u0113ja dzejnieku Edvarta Virzas un Elzas St\u0113rstes memori\u0101l\u0101s m\u0101jas \u201eBill\u012btes\u201d, tik\u0101s ar dzejnieku mazmeitu Annu \u017d\u012bguri, mazmazmeitu Di\u0101nu Janci, klaus\u012bj\u0101s abu interesantajos st\u0101stos par savu dzimtu, k\u0101 ar\u012b izstaig\u0101ja Dzejnieku taku<a class=\"moretag\" href=\"https:\/\/www.kuldigastehnikums.lv\/index.php\/jaunumi\/jaunumi-arhivs\/domnicas-praktikums-zemgale\/\"> Vair\u0101k<\/a> [&#8230;]<\/p>\n<p><a class=\"btn btn-secondary understrap-read-more-link\" href=\"https:\/\/www.kuldigastehnikums.lv\/index.php\/jaunumi\/jaunumi-arhivs\/domnicas-praktikums-zemgale\/\">Vair\u0101k&#8230;<\/a><\/p>\n","protected":false},"author":2,"featured_media":0,"parent":5791,"menu_order":0,"comment_status":"open","ping_status":"open","template":"","meta":{"footnotes":""},"class_list":["post-6196","page","type-page","status-publish","hentry"],"_links":{"self":[{"href":"https:\/\/www.kuldigastehnikums.lv\/index.php\/wp-json\/wp\/v2\/pages\/6196","targetHints":{"allow":["GET"]}}],"collection":[{"href":"https:\/\/www.kuldigastehnikums.lv\/index.php\/wp-json\/wp\/v2\/pages"}],"about":[{"href":"https:\/\/www.kuldigastehnikums.lv\/index.php\/wp-json\/wp\/v2\/types\/page"}],"author":[{"embeddable":true,"href":"https:\/\/www.kuldigastehnikums.lv\/index.php\/wp-json\/wp\/v2\/users\/2"}],"replies":[{"embeddable":true,"href":"https:\/\/www.kuldigastehnikums.lv\/index.php\/wp-json\/wp\/v2\/comments?post=6196"}],"version-history":[{"count":0,"href":"https:\/\/www.kuldigastehnikums.lv\/index.php\/wp-json\/wp\/v2\/pages\/6196\/revisions"}],"up":[{"embeddable":true,"href":"https:\/\/www.kuldigastehnikums.lv\/index.php\/wp-json\/wp\/v2\/pages\/5791"}],"wp:attachment":[{"href":"https:\/\/www.kuldigastehnikums.lv\/index.php\/wp-json\/wp\/v2\/media?parent=6196"}],"curies":[{"name":"wp","href":"https:\/\/api.w.org\/{rel}","templated":true}]}}